{"id":1566,"date":"2024-04-07T06:26:05","date_gmt":"2024-04-07T06:26:05","guid":{"rendered":"https:\/\/nfc-readers.com\/?post_type=product&#038;p=1566"},"modified":"2024-10-16T06:20:36","modified_gmt":"2024-10-16T06:20:36","slug":"acm1281s-c7-serial-contactless-reader-module-with-sam-slot","status":"publish","type":"product","link":"https:\/\/nfc-readers.com\/eo\/ic-reader\/acm1281s-c7-serial-contactless-reader-module-with-sam-slot\/","title":{"rendered":"ACM1281S-C7 Seria Senkontakta Leganto-Modulo kun SAM-Slot"},"content":{"rendered":"<h1>ACM1281S-C7 Seria Senkontakta Leganto-Modulo kun SAM-Slot<\/h1>\n<p>La ACM1281S-C7 reprezentas altnivelan Serian Senkontaktan Smart Card Legilon kun altrapidaj kaj porteblaj atributoj, ta\u016dga por vasta aro de aplikoj postulantaj rapidajn, fidindajn kaj sekurajn interagojn. \u011cia kapablo subteni plilongigitan APDU, kune kun sia facileco de uzo, igas \u0109i tiun leganton fortika solvo por amba\u016d moveblaj kaj fiksaj medioj.<\/p>\n<ul>\n<li>\n<h2>Seria RS232-Interfaco<\/h2>\n<\/li>\n<li>\n<h2>USB-interfaco por nutrado<\/h2>\n<\/li>\n<li>\n<h2>CCID-simila kadroformato (binara formato)<\/h2>\n<\/li>\n<li>\n<h2>USB Firmware \u011cisdatigebleco<\/h2>\n<\/li>\n<li>\n<h2>Leganto de inteligentaj kartoj:<\/h2>\n<ul>\n<li>\n<h3>Senkontakta Interfaco:<\/h3>\n<ul>\n<li>\n<h4>Legado\/skriba rapideco \u011dis 848 kbps<\/h4>\n<\/li>\n<li>\n<h4>Enkonstruita anteno por senkontakta aliro de etikedoj, kun kartlega distanco de \u011dis 50 mm (depende de etikedo-tipo)<\/h4>\n<\/li>\n<li>\n<h4>Elportas ISO 14443 Parto 4-Tipo A kaj B-kartojn kaj MIFARE\u00ae Classic-serion<\/h4>\n<\/li>\n<li>\n<h4>Enkonstruita kontra\u016dkolizio funkcio (nur 1 etikedo estas alirebla iam ajn)<\/h4>\n<\/li>\n<li>\n<h4>Elportas plilongigitan APDU (maks. 64 kbajtoj)<\/h4>\n<\/li>\n<\/ul>\n<\/li>\n<li>\n<h3>SAM-Interfaco:<\/h3>\n<ul>\n<li>\n<h4>ISO 7816-konforma SAM-fendeto, Klaso A (5V)<\/h4>\n<\/li>\n<\/ul>\n<\/li>\n<\/ul>\n<\/li>\n<li>\n<h2>Ekstercentraloj:<\/h2>\n<ul>\n<li>\n<h3>Uzant-regebla dukolora LED<\/h3>\n<\/li>\n<li>\n<h3>Uzant-regebla zumilo<\/h3>\n<\/li>\n<li>\n<div>\n<table width=\"551\">\n<tbody>\n<tr>\n<td colspan=\"2\" width=\"551\">Fizikaj Karakteriza\u0135oj<\/td>\n<\/tr>\n<tr>\n<td width=\"226\">Dimensioj (mm)<\/td>\n<td width=\"325\">106,6 mm (L) x 67,0 g (L) x 16,0 g (H)<\/td>\n<\/tr>\n<tr>\n<td width=\"226\">Pezo (g)<\/td>\n<td width=\"325\">20,8 g<\/td>\n<\/tr>\n<tr>\n<td colspan=\"2\" width=\"551\">Seria Interfaco<\/td>\n<\/tr>\n<tr>\n<td width=\"226\">Protokolo<\/td>\n<td width=\"325\">RS-232<\/td>\n<\/tr>\n<tr>\n<td width=\"226\">Konektilo Tipo<\/td>\n<td width=\"325\">Konektilo DB-9<\/td>\n<\/tr>\n<tr>\n<td width=\"226\">Elektrofonto<\/td>\n<td width=\"325\">Per kablo USB<\/td>\n<\/tr>\n<tr>\n<td width=\"226\">Longo de kablo<\/td>\n<td width=\"325\">1.5 m, Forprenebla (La\u016dvola)<\/td>\n<\/tr>\n<tr>\n<td colspan=\"2\" width=\"551\">Senkontakta Smart Card-Interfaco<\/td>\n<\/tr>\n<tr>\n<td width=\"226\">Normo<\/td>\n<td width=\"325\">ISO 14443 A kaj B Partoj 1-4<\/td>\n<\/tr>\n<tr>\n<td rowspan=\"2\" width=\"226\">Protokolo<\/td>\n<td width=\"325\">ISO14443-4 Konformaj Kartoj, T=CL<\/td>\n<\/tr>\n<tr>\n<td width=\"325\">MIFARE\u00ae Klasika Karto-Protokolo, T=CL<\/td>\n<\/tr>\n<tr>\n<td width=\"226\">Anteno<\/td>\n<td width=\"325\">65 mm x 60 mm<\/td>\n<\/tr>\n<tr>\n<td colspan=\"2\" width=\"551\">SAM-Karta Interfaco<\/td>\n<\/tr>\n<tr>\n<td width=\"226\">Nombro de Slots<\/td>\n<td width=\"325\">1<\/td>\n<\/tr>\n<tr>\n<td width=\"226\">Normo<\/td>\n<td width=\"325\">ISO 7816 Partoj 1-3, Klaso A (5 V)<\/td>\n<\/tr>\n<tr>\n<td width=\"226\">Protokolo<\/td>\n<td width=\"325\">T=0; T=1<\/td>\n<\/tr>\n<tr>\n<td colspan=\"2\" width=\"551\">Enkonstruitaj Ekstercentraloj<\/td>\n<\/tr>\n<tr>\n<td width=\"226\">LED<\/td>\n<td width=\"325\">2 unukoloraj: Ru\u011da kaj Verda<\/td>\n<\/tr>\n<tr>\n<td width=\"226\">Zumilo<\/td>\n<td width=\"325\">Monotona<\/td>\n<\/tr>\n<tr>\n<td colspan=\"2\" width=\"551\">Aliaj Trajtoj<\/td>\n<\/tr>\n<tr>\n<td width=\"226\">Firmware \u011cisdatigo<\/td>\n<td width=\"325\">Subtenita<\/td>\n<\/tr>\n<tr>\n<td colspan=\"2\" width=\"551\">Atestoj\/Konformo<\/td>\n<\/tr>\n<tr>\n<td rowspan=\"6\" width=\"226\">Atestoj\/Konformo<\/td>\n<td width=\"325\">ISO 7816 (SAM-fendeto)<\/td>\n<\/tr>\n<tr>\n<td width=\"325\">ISO 14443<\/td>\n<\/tr>\n<tr>\n<td width=\"325\">CE<\/td>\n<\/tr>\n<tr>\n<td width=\"325\">FCC<\/td>\n<\/tr>\n<tr>\n<td width=\"325\">RoHS<\/td>\n<\/tr>\n<tr>\n<td width=\"325\">atingu<\/td>\n<\/tr>\n<tr>\n<td colspan=\"2\" width=\"551\">Subteno de Operaciumo-\u015coforo de Aparato<\/td>\n<\/tr>\n<tr>\n<td rowspan=\"2\" width=\"226\">Subteno de Operaciumo-\u015coforo de Aparato<\/td>\n<td width=\"325\">Vindozo\u00ae<\/td>\n<\/tr>\n<tr>\n<td width=\"325\">Linukso\u00ae<\/td>\n<\/tr>\n<\/tbody>\n<\/table>\n<\/div>\n<\/li>\n<\/ul>\n<\/li>\n<\/ul>","protected":false},"excerpt":{"rendered":"<p>La ACM1281S-C7 estas kompakta Seria Senkontakta Leganto kun SAM-modulo, ofertanta altrapidan agadon kaj facilan integri\u011don por diversaj enkonstruitaj aplikoj.<\/p>","protected":false},"featured_media":1567,"template":"","meta":[],"product_brand":[],"product_cat":[45,41],"product_tag":[],"class_list":{"0":"post-1566","1":"product","2":"type-product","3":"status-publish","4":"has-post-thumbnail","6":"product_cat-contactless-nfc-reader","7":"product_cat-module-ic-reader","9":"first","10":"instock","11":"shipping-taxable","12":"product-type-simple"},"_links":{"self":[{"href":"https:\/\/nfc-readers.com\/eo\/wp-json\/wp\/v2\/product\/1566","targetHints":{"allow":["GET"]}}],"collection":[{"href":"https:\/\/nfc-readers.com\/eo\/wp-json\/wp\/v2\/product"}],"about":[{"href":"https:\/\/nfc-readers.com\/eo\/wp-json\/wp\/v2\/types\/product"}],"wp:featuredmedia":[{"embeddable":true,"href":"https:\/\/nfc-readers.com\/eo\/wp-json\/wp\/v2\/media\/1567"}],"wp:attachment":[{"href":"https:\/\/nfc-readers.com\/eo\/wp-json\/wp\/v2\/media?parent=1566"}],"wp:term":[{"taxonomy":"product_brand","embeddable":true,"href":"https:\/\/nfc-readers.com\/eo\/wp-json\/wp\/v2\/product_brand?post=1566"},{"taxonomy":"product_cat","embeddable":true,"href":"https:\/\/nfc-readers.com\/eo\/wp-json\/wp\/v2\/product_cat?post=1566"},{"taxonomy":"product_tag","embeddable":true,"href":"https:\/\/nfc-readers.com\/eo\/wp-json\/wp\/v2\/product_tag?post=1566"}],"curies":[{"name":"wp","href":"https:\/\/api.w.org\/{rel}","templated":true}]}}