{"id":1572,"date":"2024-04-07T06:32:56","date_gmt":"2024-04-07T06:32:56","guid":{"rendered":"https:\/\/nfc-readers.com\/?post_type=product&#038;p=1572"},"modified":"2024-10-16T06:13:06","modified_gmt":"2024-10-16T06:13:06","slug":"acm1252u-z2-small-nfc-reader-module","status":"publish","type":"product","link":"https:\/\/nfc-readers.com\/eo\/ic-reader\/acm1252u-z2-small-nfc-reader-module\/","title":{"rendered":"ACM1252U-Z2 Malgranda NFC-Leganto-Modulo"},"content":{"rendered":"<h1>ACM1252U-Z2 Malgranda NFC-Leganto-Modulo<\/h1>\n<p>la ACM1252U-Z2 estas diverstalenta kaj fortika NFC-leganto-modulo kreita por enigita sistema integri\u011do, prezentante valoran miksa\u0135on de lar\u011da protokola subteno kaj efika funkcieco. \u011cia kontra\u016d-kolizio trajto aldonas utilecon en multkartaj scenaroj, plifirmigante sian rolon kiel kostefika solvo en la pejza\u011do de NFC-teknologio.<\/p>\n<ul>\n<li>\n<h2>USB 2.0 Plenrapida Interfaco<\/h2>\n<\/li>\n<li>\n<h2>CCID Konformeco<\/h2>\n<\/li>\n<li>\n<h2>Senkontakta Karta Subteno:<\/h2>\n<ul>\n<li>\n<h3>Lego\/skriba rapideco de \u011dis 424 kbps<\/h3>\n<\/li>\n<li>\n<h3>Enkonstruita anteno por senkontakta aliro de etikedoj, kun kartlega distanco de \u011dis 30 mm (depende de etikedo-tipo)<\/h3>\n<\/li>\n<li>\n<h3>Elportas ISO 14443 Parto 4-Tipo A kaj B-kartojn, MIFARE\u00ae, FeliCa kaj \u0109iujn kvar specojn de NFC (ISO 18092-etikedoj)<\/h3>\n<\/li>\n<li>\n<h3>Enkonstruita kontra\u016dkolizio funkcio (nur unu etikedo estas alirebla iam ajn)<\/h3>\n<\/li>\n<\/ul>\n<\/li>\n<li>\n<h2>Aplika Programado-Interfaco<\/h2>\n<ul>\n<li>\n<h3>Subtenas PC\/SC<\/h3>\n<\/li>\n<\/ul>\n<\/li>\n<li>\n<h2>USB Firmware \u011cisdatigebleco<\/h2>\n<\/li>\n<li>\n<div>\n<table width=\"574\">\n<tbody>\n<tr>\n<td colspan=\"2\" width=\"574\">Fizikaj Karakteriza\u0135oj<\/td>\n<\/tr>\n<tr>\n<td width=\"204\">Dimensioj (mm)<\/td>\n<td width=\"370\">52.0 mm (L) x 20.0 mm (L) x 6.0 mm (H)<\/td>\n<\/tr>\n<tr>\n<td width=\"204\">Pezo (g)<\/td>\n<td width=\"370\">3,65 g<\/td>\n<\/tr>\n<tr>\n<td colspan=\"2\" width=\"574\">USB-Interfaco<\/td>\n<\/tr>\n<tr>\n<td width=\"204\">Protokolo<\/td>\n<td width=\"370\">USB CCID<\/td>\n<\/tr>\n<tr>\n<td width=\"204\">Konektilo Tipo<\/td>\n<td width=\"370\">Mikro USB<\/td>\n<\/tr>\n<tr>\n<td width=\"204\">Elektrofonto<\/td>\n<td width=\"370\">De USB-haveno<\/td>\n<\/tr>\n<tr>\n<td width=\"204\">Rapido<\/td>\n<td width=\"370\">USB Plena Rapido (12 Mbps)<\/td>\n<\/tr>\n<tr>\n<td width=\"204\">Longo de kablo<\/td>\n<td width=\"370\">1.0 m, Forprenebla (La\u016dvola)<\/td>\n<\/tr>\n<tr>\n<td colspan=\"2\" width=\"574\">Senkontakta Smart Card-Interfaco<\/td>\n<\/tr>\n<tr>\n<td width=\"204\">Normo<\/td>\n<td width=\"370\">ISO\/IEC 18092 NFC, ISO 14443 Tipo A &amp; B, MIFARE\u00ae, FeliCa<\/td>\n<\/tr>\n<tr>\n<td rowspan=\"4\" width=\"204\">Protokolo<\/td>\n<td width=\"370\">ISO14443-4 Konformaj Kartoj, T=CL<\/td>\n<\/tr>\n<tr>\n<td width=\"370\">MIFARE\u00ae Klasika Karto-Protokolo, T=CL<\/td>\n<\/tr>\n<tr>\n<td width=\"370\">ISO 18092, NFC-Etikedoj<\/td>\n<\/tr>\n<tr>\n<td width=\"370\">FeliCa<\/td>\n<\/tr>\n<tr>\n<td width=\"204\">Anteno<\/td>\n<td width=\"370\">20 mm x 22 mm<\/td>\n<\/tr>\n<tr>\n<td colspan=\"2\" width=\"574\">Enkonstruitaj Ekstercentraloj<\/td>\n<\/tr>\n<tr>\n<td width=\"204\">LED<\/td>\n<td width=\"370\">1 bi-kolora: Ru\u011da kaj Verda<\/td>\n<\/tr>\n<tr>\n<td colspan=\"2\" width=\"574\">Aliaj Trajtoj<\/td>\n<\/tr>\n<tr>\n<td width=\"204\">Firmware \u011cisdatigo<\/td>\n<td width=\"370\">Subtenita<\/td>\n<\/tr>\n<tr>\n<td colspan=\"2\" width=\"574\">Atestoj\/Konformo<\/td>\n<\/tr>\n<tr>\n<td rowspan=\"10\" width=\"204\">Atestoj\/Konformo<\/td>\n<td width=\"370\">ISO 14443<\/td>\n<\/tr>\n<tr>\n<td width=\"370\">ISO 18092<\/td>\n<\/tr>\n<tr>\n<td width=\"370\">USB Plena Rapido<\/td>\n<\/tr>\n<tr>\n<td width=\"370\">PC\/SC<\/td>\n<\/tr>\n<tr>\n<td width=\"370\">CCID<\/td>\n<\/tr>\n<tr>\n<td width=\"370\">CE<\/td>\n<\/tr>\n<tr>\n<td width=\"370\">FCC<\/td>\n<\/tr>\n<tr>\n<td width=\"370\">RoHS<\/td>\n<\/tr>\n<tr>\n<td width=\"370\">atingu<\/td>\n<\/tr>\n<tr>\n<td width=\"370\">Microsoft\u00ae WHQL<\/td>\n<\/tr>\n<tr>\n<td colspan=\"2\" width=\"574\">Subteno de Operaciumo-\u015coforo de Aparato<\/td>\n<\/tr>\n<tr>\n<td rowspan=\"5\" width=\"204\">Subteno de Operaciumo-\u015coforo de Aparato<\/td>\n<td width=\"370\">Vindozo\u00ae<\/td>\n<\/tr>\n<tr>\n<td width=\"370\">Linukso\u00ae<\/td>\n<\/tr>\n<tr>\n<td width=\"370\">MAC OS\u00ae<\/td>\n<\/tr>\n<tr>\n<td width=\"370\">Solaris<\/td>\n<\/tr>\n<tr>\n<td width=\"370\">Android\u2122<\/td>\n<\/tr>\n<\/tbody>\n<\/table>\n<\/div>\n<\/li>\n<\/ul>","protected":false},"excerpt":{"rendered":"<p>La ACM1252U-Z2 estas alt-efikeca NFC USB-modulo funkcianta je 13.56M, subtenanta ISO 14443 kaj 18092, igante \u011din ideala por enkonstruitaj NFC-aplikoj.<\/p>","protected":false},"featured_media":1573,"template":"","meta":[],"product_brand":[],"product_cat":[45,41,40],"product_tag":[],"class_list":{"0":"post-1572","1":"product","2":"type-product","3":"status-publish","4":"has-post-thumbnail","6":"product_cat-contactless-nfc-reader","7":"product_cat-module-ic-reader","8":"product_cat-rfid-nfc-reader","10":"first","11":"instock","12":"shipping-taxable","13":"product-type-simple"},"_links":{"self":[{"href":"https:\/\/nfc-readers.com\/eo\/wp-json\/wp\/v2\/product\/1572","targetHints":{"allow":["GET"]}}],"collection":[{"href":"https:\/\/nfc-readers.com\/eo\/wp-json\/wp\/v2\/product"}],"about":[{"href":"https:\/\/nfc-readers.com\/eo\/wp-json\/wp\/v2\/types\/product"}],"wp:featuredmedia":[{"embeddable":true,"href":"https:\/\/nfc-readers.com\/eo\/wp-json\/wp\/v2\/media\/1573"}],"wp:attachment":[{"href":"https:\/\/nfc-readers.com\/eo\/wp-json\/wp\/v2\/media?parent=1572"}],"wp:term":[{"taxonomy":"product_brand","embeddable":true,"href":"https:\/\/nfc-readers.com\/eo\/wp-json\/wp\/v2\/product_brand?post=1572"},{"taxonomy":"product_cat","embeddable":true,"href":"https:\/\/nfc-readers.com\/eo\/wp-json\/wp\/v2\/product_cat?post=1572"},{"taxonomy":"product_tag","embeddable":true,"href":"https:\/\/nfc-readers.com\/eo\/wp-json\/wp\/v2\/product_tag?post=1572"}],"curies":[{"name":"wp","href":"https:\/\/api.w.org\/{rel}","templated":true}]}}