{"id":1579,"date":"2024-04-07T06:47:40","date_gmt":"2024-04-07T06:47:40","guid":{"rendered":"https:\/\/nfc-readers.com\/?post_type=product&#038;p=1579"},"modified":"2024-10-16T03:17:58","modified_gmt":"2024-10-16T03:17:58","slug":"acm1252u-z6-small-nfc-reader-module","status":"publish","type":"product","link":"https:\/\/nfc-readers.com\/eo\/ic-reader\/acm1252u-z6-small-nfc-reader-module\/","title":{"rendered":"ACM1252U-Z6 Malgranda NFC-Leganto-Modulo"},"content":{"rendered":"<h1>ACM1252U-Z6 Malgranda NFC-Leganto-Modulo<\/h1>\n<p>La ACM1252U-Z6-modulo prezentas kompaktan kaj efikan NFC-kartan legadon de teknologio, ta\u016dga por senjunta integri\u011do en enkonstruitajn sistemojn, dum li provizas kompleksan solvon por senkontaktaj komunikadaj bezonoj. \u011ci certigas kongruecon kun lar\u011da aro de NFC-ebligitaj aparatoj kombinitaj kun la praktikeco kaj fleksebleco postulataj de spac-sentemaj aplikoj.<\/p>\n<ul>\n<li>\n<h2><span class=\"s1\">USB Plenrapida Interfaco per 6-pingla FFC-Konektilo<\/span><\/h2>\n<\/li>\n<li>\n<h2><span class=\"s1\">CCID Konformeco<\/span><\/h2>\n<\/li>\n<li>\n<h2><span class=\"s1\">USB Firmware \u011cisdatigebleco<\/span><\/h2>\n<\/li>\n<li>\n<h2><span class=\"s1\">Leganto de inteligentaj kartoj:<\/span><\/h2>\n<ul>\n<li>\n<h3>Senkontakta Interfaco:<\/h3>\n<ul>\n<li>\n<h4>Lego\/skriba rapideco \u011dis 424 kbps<\/h4>\n<\/li>\n<li>\n<h4>Enkonstruita Anteno por senkontakta aliro al etikedoj, kun kartlega distanco de \u011dis 30 mm (depende de la tipo de etikedo)<\/h4>\n<\/li>\n<li>\n<h4>Elportas ISO 14443 Parto 4-Tipo A kaj B-kartojn, MIFARE\u00ae, FeliCa kaj \u0109iujn kvar specojn de NFC (ISO 18092-etikedoj)<\/h4>\n<\/li>\n<li>\n<h4>Enkonstruita kontra\u016dkolizio funkcio (nur 1 etikedo estas alirebla iam ajn)<\/h4>\n<\/li>\n<li>\n<h4>Subteno NFC:<\/h4>\n<ul>\n<li>\n<h5>Kartleganto\/Verkista Re\u011dimo<\/h5>\n<\/li>\n<li>\n<h5>Samulo-al-kunula Re\u011dimo<\/h5>\n<\/li>\n<li>\n<h5>Karta Emulada Re\u011dimo<\/h5>\n<\/li>\n<\/ul>\n<\/li>\n<\/ul>\n<\/li>\n<\/ul>\n<\/li>\n<li>\n<h2>Enkonstruitaj Ekstercentraloj:<\/h2>\n<ul>\n<li>\n<h3><span class=\"s1\">Uzant-regebla dukolora LED<\/span><\/h3>\n<\/li>\n<\/ul>\n<\/li>\n<li>\n<h2>Interfaco de Programado de Apliko:<\/h2>\n<ul>\n<li>\n<h3><span class=\"s1\">Subtenas PC\/SC<\/span><\/h3>\n<\/li>\n<li>\n<h3><span class=\"s1\">Subtenas CT-API (tra envolva\u0135o supre de komputilo\/SC)<\/span><\/h3>\n<\/li>\n<\/ul>\n<\/li>\n<li>\n<h2>Elportas Android\u2122 3.1 kaj postajn<\/h2>\n<\/li>\n<li>\n<div>\n<table width=\"536\">\n<tbody>\n<tr>\n<td colspan=\"2\" width=\"536\">Fizikaj Karakteriza\u0135oj<\/td>\n<\/tr>\n<tr>\n<td width=\"182\">Dimensioj (mm)<\/td>\n<td width=\"354\">52.0 mm (L) x 20.0 mm (L) x 6.0 mm (H)<\/td>\n<\/tr>\n<tr>\n<td width=\"182\">Pezo (g)<\/td>\n<td width=\"354\">3,45 g<\/td>\n<\/tr>\n<tr>\n<td colspan=\"2\" width=\"536\">USB-Interfaco<\/td>\n<\/tr>\n<tr>\n<td width=\"182\">Protokolo<\/td>\n<td width=\"354\">USB CCID<\/td>\n<\/tr>\n<tr>\n<td width=\"182\">Konektilo Tipo<\/td>\n<td width=\"354\">6-pingla FFC<\/td>\n<\/tr>\n<tr>\n<td width=\"182\">Elektrofonto<\/td>\n<td width=\"354\">De FFC-Konektilo<\/td>\n<\/tr>\n<tr>\n<td width=\"182\">Rapido<\/td>\n<td width=\"354\">USB Plena Rapido (12 Mbps)<\/td>\n<\/tr>\n<tr>\n<td colspan=\"2\" width=\"536\">Senkontakta Smart Card-Interfaco<\/td>\n<\/tr>\n<tr>\n<td width=\"182\">Normo<\/td>\n<td width=\"354\">ISO\/IEC 18092 NFC, ISO 14443 Tipo A &amp; B, MIFARE\u00ae, FeliCa<\/td>\n<\/tr>\n<tr>\n<td rowspan=\"4\" width=\"182\">Protokolo<\/td>\n<td width=\"354\">ISO14443-4 Konformaj Kartoj, T=CL<\/td>\n<\/tr>\n<tr>\n<td width=\"354\">MIFARE\u00ae Klasika Karto-Protokolo, T=CL<\/td>\n<\/tr>\n<tr>\n<td width=\"354\">ISO 18092, NFC-Etikedoj<\/td>\n<\/tr>\n<tr>\n<td width=\"354\">FeliCa<\/td>\n<\/tr>\n<tr>\n<td width=\"182\">Anteno<\/td>\n<td width=\"354\">20 mm x 22 mm<\/td>\n<\/tr>\n<tr>\n<td colspan=\"2\" width=\"536\">Enkonstruitaj Ekstercentraloj<\/td>\n<\/tr>\n<tr>\n<td width=\"182\">LED<\/td>\n<td width=\"354\">1 bi-kolora: Ru\u011da kaj Verda<\/td>\n<\/tr>\n<tr>\n<td colspan=\"2\" width=\"536\">Aliaj Trajtoj<\/td>\n<\/tr>\n<tr>\n<td width=\"182\">Firmware \u011cisdatigo<\/td>\n<td width=\"354\">Subtenita<\/td>\n<\/tr>\n<tr>\n<td colspan=\"2\" width=\"536\">Atestoj\/Konformo<\/td>\n<\/tr>\n<tr>\n<td rowspan=\"10\" width=\"182\">Atestoj\/Konformo<\/td>\n<td width=\"354\">ISO 18092<\/td>\n<\/tr>\n<tr>\n<td width=\"354\">ISO 14443<\/td>\n<\/tr>\n<tr>\n<td width=\"354\">USB Plena Rapido<\/td>\n<\/tr>\n<tr>\n<td width=\"354\">PC\/SC<\/td>\n<\/tr>\n<tr>\n<td width=\"354\">CCID<\/td>\n<\/tr>\n<tr>\n<td width=\"354\">CE<\/td>\n<\/tr>\n<tr>\n<td width=\"354\">FCC<\/td>\n<\/tr>\n<tr>\n<td width=\"354\">RoHS<\/td>\n<\/tr>\n<tr>\n<td width=\"354\">atingu<\/td>\n<\/tr>\n<tr>\n<td width=\"354\">Microsoft\u00ae WHQL<\/td>\n<\/tr>\n<tr>\n<td colspan=\"2\" width=\"536\">Subteno de Operaciumo-\u015coforo de Aparato<\/td>\n<\/tr>\n<tr>\n<td rowspan=\"5\" width=\"182\">Subteno de Operaciumo-\u015coforo de Aparato<\/td>\n<td width=\"354\">Vindozo\u00ae<\/td>\n<\/tr>\n<tr>\n<td width=\"354\">Linukso\u00ae<\/td>\n<\/tr>\n<tr>\n<td width=\"354\">MAC OS\u00ae<\/td>\n<\/tr>\n<tr>\n<td width=\"354\">Solaris<\/td>\n<\/tr>\n<tr>\n<td width=\"354\">Android\u2122<\/td>\n<\/tr>\n<\/tbody>\n<\/table>\n<\/div>\n<\/li>\n<\/ul>","protected":false},"excerpt":{"rendered":"<p>La ACM1252U-Z6 estas multflanka NFC-USB Leganto kaj RFID-modulo, konforma al CCID kaj PC\/SC, subtenanta ISO 14443 kaj 18092 por efikaj sa\u011dkartaj operacioj.<\/p>","protected":false},"featured_media":1580,"template":"","meta":[],"product_brand":[],"product_cat":[41,40],"product_tag":[],"class_list":{"0":"post-1579","1":"product","2":"type-product","3":"status-publish","4":"has-post-thumbnail","6":"product_cat-module-ic-reader","7":"product_cat-rfid-nfc-reader","9":"first","10":"instock","11":"shipping-taxable","12":"product-type-simple"},"_links":{"self":[{"href":"https:\/\/nfc-readers.com\/eo\/wp-json\/wp\/v2\/product\/1579","targetHints":{"allow":["GET"]}}],"collection":[{"href":"https:\/\/nfc-readers.com\/eo\/wp-json\/wp\/v2\/product"}],"about":[{"href":"https:\/\/nfc-readers.com\/eo\/wp-json\/wp\/v2\/types\/product"}],"wp:featuredmedia":[{"embeddable":true,"href":"https:\/\/nfc-readers.com\/eo\/wp-json\/wp\/v2\/media\/1580"}],"wp:attachment":[{"href":"https:\/\/nfc-readers.com\/eo\/wp-json\/wp\/v2\/media?parent=1579"}],"wp:term":[{"taxonomy":"product_brand","embeddable":true,"href":"https:\/\/nfc-readers.com\/eo\/wp-json\/wp\/v2\/product_brand?post=1579"},{"taxonomy":"product_cat","embeddable":true,"href":"https:\/\/nfc-readers.com\/eo\/wp-json\/wp\/v2\/product_cat?post=1579"},{"taxonomy":"product_tag","embeddable":true,"href":"https:\/\/nfc-readers.com\/eo\/wp-json\/wp\/v2\/product_tag?post=1579"}],"curies":[{"name":"wp","href":"https:\/\/api.w.org\/{rel}","templated":true}]}}