{"id":1598,"date":"2024-04-07T07:36:03","date_gmt":"2024-04-07T07:36:03","guid":{"rendered":"https:\/\/nfc-readers.com\/?post_type=product&#038;p=1598"},"modified":"2024-10-16T03:12:59","modified_gmt":"2024-10-16T03:12:59","slug":"acr1552u-m1-nfc-rfid-reader-writer","status":"publish","type":"product","link":"https:\/\/nfc-readers.com\/eo\/ic-reader\/acr1552u-m1-nfc-rfid-reader-writer\/","title":{"rendered":"ACR1552U-M1 NFC RFID-legilo\/verkisto"},"content":{"rendered":"<h1>ACR1552U-M1 NFC RFID-legilo\/verkisto<\/h1>\n<p>La ACR1552U-M1 USB-C NFC-Leganto enkapsuligas potencan, multfacetan aparaton, kiu servas multajn funkciojn de inteligenta karto. \u011ci trankviligas uzantojn per altnivelaj funkcioj, kiuj emfazas sekurecon, adapteblecon kaj ampleksan sa\u011dkartan kongruon, igante \u011din nemalhavebla ilo tra diversaj industrioj.<\/p>\n<ul>\n<li>\n<h2>USB 2.0 Plenrapida Interfaco<\/h2>\n<\/li>\n<li>\n<h2>CCID Konformeco<\/h2>\n<\/li>\n<li>\n<h2>Senkontakta Smart Card Legilo:<\/h2>\n<ul>\n<li>\n<h3>Legado\/Skriba rapideco \u011dis 848 kbps<\/h3>\n<\/li>\n<li>\n<h3>Enkonstruita anteno por senkontakta aliro de etikedoj, kun kartlega distanco de \u011dis 70 mm (depende de etikedo-tipo)<\/h3>\n<\/li>\n<li>\n<h3>Elportas ISO 14443 Tipo A kaj B-kartojn, ISO 15693 Kartojn kaj ISO18092 NFC<\/h3>\n<\/li>\n<li>\n<h3>Subtenas MIFARE\u00ae (T=CL), FeliCa, NFC-etikedojn, SRI\/SRIX, CTS, Innovatron, Picopass, Topaz Card<\/h3>\n<\/li>\n<li>\n<h3>Enkonstruita kontra\u016d-kolizio trajto<\/h3>\n<\/li>\n<li>\n<h3>Elportas plilongigitan APDU (maks. 64 kbajtoj)<\/h3>\n<\/li>\n<li>\n<h3>Unu SAM-fendeto konforma al ISO7816 (Klaso A)<\/h3>\n<\/li>\n<li>\n<h3>NFC Subteno<\/h3>\n<ul>\n<li>\n<h4>\u00a0 \u00a0Smart Card Reader\/Writer Mode<\/h4>\n<\/li>\n<li>\n<h4>\u00a0 \u00a0Karta Emulada Re\u011dimo<\/h4>\n<\/li>\n<li>\n<h4>\u00a0 \u00a0Klavara Emulada Re\u011dimo<\/h4>\n<\/li>\n<\/ul>\n<\/li>\n<\/ul>\n<\/li>\n<li>\n<h2>Interfaco de Programado de Apliko:<\/h2>\n<ul>\n<li>\n<h3>Subtenas PC\/SC<\/h3>\n<\/li>\n<li>\n<h3>Subtenas CT-API (tra envolva\u0135o supre de komputilo\/SC)<\/h3>\n<\/li>\n<\/ul>\n<\/li>\n<li>\n<h2>Ekstercentraloj:<\/h2>\n<ul>\n<li>\n<h3>Uzant-regebla dukolora LED (Blua &amp; Verda)<\/h3>\n<\/li>\n<li>\n<h3>Uzant-regebla zumilo (Monotono)<\/h3>\n<\/li>\n<li>\n<h3>Unu SAM-fendo<\/h3>\n<\/li>\n<\/ul>\n<\/li>\n<li>\n<h2>USB Firmware \u011cisdatigebleco<\/h2>\n<\/li>\n<li>\n<div>\n<table width=\"528\">\n<tbody>\n<tr>\n<td colspan=\"2\" width=\"528\">Fizikaj Karakteriza\u0135oj<\/td>\n<\/tr>\n<tr>\n<td rowspan=\"2\" width=\"215\">Dimensioj (mm)<\/td>\n<td width=\"313\">\u0108efa Korpo: 98 x 65 x 12,8 mm<\/td>\n<\/tr>\n<tr>\n<td width=\"313\">Grandeco de anteno: 50 x 40 mm<\/td>\n<\/tr>\n<tr>\n<td width=\"215\">Pezo (g)<\/td>\n<td width=\"313\">89 g<\/td>\n<\/tr>\n<tr>\n<td colspan=\"2\" width=\"528\">USB-Interfaco<\/td>\n<\/tr>\n<tr>\n<td width=\"215\">Protokolo<\/td>\n<td width=\"313\">USB CCID<\/td>\n<\/tr>\n<tr>\n<td width=\"215\">Konektilo Tipo<\/td>\n<td width=\"313\">USB-Tipo-A (ACR1552U-M1), USB-Tipo-C (ACR1552U-MF)<\/td>\n<\/tr>\n<tr>\n<td width=\"215\">Elektrofonto<\/td>\n<td width=\"313\">De USB-haveno<\/td>\n<\/tr>\n<tr>\n<td width=\"215\">Rapido<\/td>\n<td width=\"313\">USB Plena Rapido (12 Mbps)<\/td>\n<\/tr>\n<tr>\n<td width=\"215\">Longo de kablo<\/td>\n<td width=\"313\">1m, Neforigebla<\/td>\n<\/tr>\n<tr>\n<td colspan=\"2\" width=\"528\">Senkontakta Smart Card-Interfaco<\/td>\n<\/tr>\n<tr>\n<td width=\"215\">Normo<\/td>\n<td width=\"313\">ISO\/IEC 18092 NFC, ISO 14443 Tipo A &amp; B, ISO 15693, MIFARE\u00ae, FeliCa<\/td>\n<\/tr>\n<tr>\n<td rowspan=\"5\" width=\"215\">Protokolo<\/td>\n<td width=\"313\">ISO 14443-4 Konforma Karto, T=CL<\/td>\n<\/tr>\n<tr>\n<td width=\"313\">MIFARE\u00ae Klasika Karto, T=CL<\/td>\n<\/tr>\n<tr>\n<td width=\"313\">ISO 15693<\/td>\n<\/tr>\n<tr>\n<td width=\"313\">ISO 18092 NFC-Etikedoj<\/td>\n<\/tr>\n<tr>\n<td width=\"313\">FeliCa<\/td>\n<\/tr>\n<tr>\n<td colspan=\"2\" width=\"528\">SAM-Karta Interfaco<\/td>\n<\/tr>\n<tr>\n<td width=\"215\">Nombro de Slots<\/td>\n<td width=\"313\">1 Norma SIM-granda Kartfendo<\/td>\n<\/tr>\n<tr>\n<td width=\"215\">Normo<\/td>\n<td width=\"313\">ISO 7816 Klaso A (5V)<\/td>\n<\/tr>\n<tr>\n<td width=\"215\">Protokolo<\/td>\n<td width=\"313\">T=0; T=1<\/td>\n<\/tr>\n<tr>\n<td colspan=\"2\" width=\"528\">Enkonstruitaj Ekstercentraloj<\/td>\n<\/tr>\n<tr>\n<td width=\"215\">LED<\/td>\n<td width=\"313\">1 dukolora: Blua kaj Verda<\/td>\n<\/tr>\n<tr>\n<td width=\"215\">Zumilo<\/td>\n<td width=\"313\">Jes<\/td>\n<\/tr>\n<tr>\n<td colspan=\"2\" width=\"528\">Aliaj Trajtoj<\/td>\n<\/tr>\n<tr>\n<td rowspan=\"4\" width=\"215\">Aliaj Trajtoj<\/td>\n<td width=\"313\">Subtenataj Kartaj Tipoj:<\/td>\n<\/tr>\n<tr>\n<td width=\"313\">ISO 14443 Tipo A &amp; B Partoj 1-4, ISO 15693, ISO 18092 NFC, MIFARE\u00ae, FeliCa, SRI\/SRIX, CTS, Innovatron, Picopass, Topaz Card<\/td>\n<\/tr>\n<tr>\n<td width=\"313\">\u00a0 Trajtoj de NFC:<\/td>\n<\/tr>\n<tr>\n<td width=\"313\">Smart Card Legilo\/Verkisto, Klavaro-Emulado, Karto-Emulado<\/td>\n<\/tr>\n<tr>\n<td width=\"215\">Firmware \u011cisdatigo<\/td>\n<td width=\"313\">Subtenita<\/td>\n<\/tr>\n<tr>\n<td colspan=\"2\" width=\"528\">Atestoj\/Konformo<\/td>\n<\/tr>\n<tr>\n<td rowspan=\"4\" width=\"215\">Atestoj\/Konformo<\/td>\n<td width=\"313\">Atestiloj:<\/td>\n<\/tr>\n<tr>\n<td width=\"313\">IEC\/EN 62368, CE, UKCA, FCC, VCCI, KC, J-LIS, RoHS, REACH, WEEE, Microsoft\u00ae WHQL<\/td>\n<\/tr>\n<tr>\n<td width=\"313\">Konformeco:<\/td>\n<\/tr>\n<tr>\n<td width=\"313\">USB CCID, PC\/SC<\/td>\n<\/tr>\n<tr>\n<td colspan=\"2\" width=\"528\">Subteno de Operaciumo-\u015coforo de Aparato<\/td>\n<\/tr>\n<tr>\n<td width=\"215\">Subteno de Operaciumo-\u015coforo de Aparato<\/td>\n<td width=\"313\">Vindozo\u00ae, Linukso\u00ae, macOS, Android\u2122, iOS\/iPadOS (16 a\u016d pli)<\/td>\n<\/tr>\n<\/tbody>\n<\/table>\n<\/div>\n<\/li>\n<\/ul>","protected":false},"excerpt":{"rendered":"<p>La ACR1552U estas altrapida NFC USB-Leganto konforma al CCID kaj PC\/SC, subtenanta ISO 14443 kaj 15693, ideala por diversaj sa\u011dkartaj aplikoj.<\/p>","protected":false},"featured_media":1599,"template":"","meta":[],"product_brand":[],"product_cat":[45,40],"product_tag":[],"class_list":{"0":"post-1598","1":"product","2":"type-product","3":"status-publish","4":"has-post-thumbnail","6":"product_cat-contactless-nfc-reader","7":"product_cat-rfid-nfc-reader","9":"first","10":"instock","11":"shipping-taxable","12":"product-type-simple"},"_links":{"self":[{"href":"https:\/\/nfc-readers.com\/eo\/wp-json\/wp\/v2\/product\/1598","targetHints":{"allow":["GET"]}}],"collection":[{"href":"https:\/\/nfc-readers.com\/eo\/wp-json\/wp\/v2\/product"}],"about":[{"href":"https:\/\/nfc-readers.com\/eo\/wp-json\/wp\/v2\/types\/product"}],"wp:featuredmedia":[{"embeddable":true,"href":"https:\/\/nfc-readers.com\/eo\/wp-json\/wp\/v2\/media\/1599"}],"wp:attachment":[{"href":"https:\/\/nfc-readers.com\/eo\/wp-json\/wp\/v2\/media?parent=1598"}],"wp:term":[{"taxonomy":"product_brand","embeddable":true,"href":"https:\/\/nfc-readers.com\/eo\/wp-json\/wp\/v2\/product_brand?post=1598"},{"taxonomy":"product_cat","embeddable":true,"href":"https:\/\/nfc-readers.com\/eo\/wp-json\/wp\/v2\/product_cat?post=1598"},{"taxonomy":"product_tag","embeddable":true,"href":"https:\/\/nfc-readers.com\/eo\/wp-json\/wp\/v2\/product_tag?post=1598"}],"curies":[{"name":"wp","href":"https:\/\/api.w.org\/{rel}","templated":true}]}}