{"id":1608,"date":"2024-04-07T07:46:35","date_gmt":"2024-04-07T07:46:35","guid":{"rendered":"https:\/\/nfc-readers.com\/?post_type=product&#038;p=1608"},"modified":"2024-10-16T02:43:39","modified_gmt":"2024-10-16T02:43:39","slug":"acr1251t-usb-token-nfc-reader-ii","status":"publish","type":"product","link":"https:\/\/nfc-readers.com\/eo\/ic-reader\/acr1251t-usb-token-nfc-reader-ii\/","title":{"rendered":"ACR1251T USB Token NFC Leganto II"},"content":{"rendered":"<h1>ACR1251T USB Token NFC Leganto II<\/h1>\n<p>La ACR1251T estas altnivela kaj altrapida NFC Smart Card Reader, ideala por entreprenoj ser\u0109antaj porteblan kaj efikan solvon. Kun kontra\u016d-kolizio-funkcio, lar\u011da kongruo kaj pliaj uzant-amikaj funkcioj, \u011di staras kiel fortika elekto por sekuraj kaj rapidaj NFC-transakcioj en diversaj labormedioj.<\/p>\n<ul>\n<li>\n<h2>USB Plenrapida Interfaco<\/h2>\n<\/li>\n<li>\n<h2>CCID Konformeco<\/h2>\n<\/li>\n<li>\n<h2>Leganto de inteligentaj kartoj:<\/h2>\n<ul>\n<li>\n<h3>Senkontakta Interfaco:<\/h3>\n<ul>\n<li>Lego\/skriba rapideco \u011dis 424 kbps<\/li>\n<li>Enkonstruita Anteno por senkontakta aliro al etikedoj, kun kartlega distanco de \u011dis 30 mm (depende de la tipo de etikedo)<\/li>\n<li>Elportas ISO 14443 Tipo A kaj B-kartojn, MIFARE\u00ae, FeliCa, kaj \u0109iujn 4 specojn de NFC (ISO\/IEC 18092) etikedoj<\/li>\n<li>Enkonstruita kontra\u016dkolizio funkcio (nur 1 etikedo estas alirebla iam ajn)<\/li>\n<li>NFC Subteno<\/li>\n<li>Kartleganto\/Verkista Re\u011dimo<\/li>\n<\/ul>\n<\/li>\n<\/ul>\n<\/li>\n<li>\n<h2>Enkonstruitaj Ekstercentraloj:<\/h2>\n<ul>\n<li>\n<h3>LED-oj:<\/h3>\n<ul>\n<li>Uzant-regebla Du-kolora LED<\/li>\n<\/ul>\n<\/li>\n<\/ul>\n<\/li>\n<li>\n<h2>Interfaco de Programado de Apliko:<\/h2>\n<ul>\n<li>\n<h3>Subtenas PC\/SC<\/h3>\n<\/li>\n<li>\n<h3>Subtenas CT-API (tra envolva\u0135o supre de komputilo\/SC)<\/h3>\n<\/li>\n<\/ul>\n<\/li>\n<li>\n<h2>USB Firmware \u011cisdatigebleco<\/h2>\n<\/li>\n<li>\n<h2>Elportas Android\u2122 3.1 kaj postajn<\/h2>\n<\/li>\n<li>\n<div>\n<table width=\"582\">\n<tbody>\n<tr>\n<td colspan=\"2\" width=\"582\">Fizikaj Karakteriza\u0135oj<\/td>\n<\/tr>\n<tr>\n<td width=\"215\">Dimensioj (mm)<\/td>\n<td width=\"367\">75.0 mm (L) x 30.0 mm (L) x 12.7 mm (H)<\/td>\n<\/tr>\n<tr>\n<td width=\"215\">Pezo (g)<\/td>\n<td width=\"367\">15,8 g<\/td>\n<\/tr>\n<tr>\n<td colspan=\"2\" width=\"582\">USB-Interfaco<\/td>\n<\/tr>\n<tr>\n<td width=\"215\">Protokolo<\/td>\n<td width=\"367\">USB CCID<\/td>\n<\/tr>\n<tr>\n<td width=\"215\">Konektilo Tipo<\/td>\n<td width=\"367\">Norma Tipo A<\/td>\n<\/tr>\n<tr>\n<td width=\"215\">Elektrofonto<\/td>\n<td width=\"367\">De USBa Haveno<\/td>\n<\/tr>\n<tr>\n<td width=\"215\">Rapido<\/td>\n<td width=\"367\">USB Plena Rapido (12 Mbps)<\/td>\n<\/tr>\n<tr>\n<td colspan=\"2\" width=\"582\">Senkontakta Smart Card-Interfaco<\/td>\n<\/tr>\n<tr>\n<td width=\"215\">Normo<\/td>\n<td width=\"367\">ISO\/IEC 18092 NFC, ISO 14443 Tipo A &amp; B, MIFARE\u00ae, FeliCa<\/td>\n<\/tr>\n<tr>\n<td rowspan=\"4\" width=\"215\">Protokolo<\/td>\n<td width=\"367\">ISO14443-4 Konformaj Kartoj, T=CL<\/td>\n<\/tr>\n<tr>\n<td width=\"367\">MIFARE\u00ae Klasika Karto-Protokolo, T=CL<\/td>\n<\/tr>\n<tr>\n<td width=\"367\">ISO 18092, NFC-Etikedoj<\/td>\n<\/tr>\n<tr>\n<td width=\"367\">FeliCa<\/td>\n<\/tr>\n<tr>\n<td colspan=\"2\" width=\"582\">Enkonstruitaj Ekstercentraloj<\/td>\n<\/tr>\n<tr>\n<td width=\"215\">LED<\/td>\n<td width=\"367\">1 Dukolora: Verda kaj Ru\u011da<\/td>\n<\/tr>\n<tr>\n<td colspan=\"2\" width=\"582\">Aliaj Trajtoj<\/td>\n<\/tr>\n<tr>\n<td width=\"215\">Firmware \u011cisdatigo<\/td>\n<td width=\"367\">Subtenita<\/td>\n<\/tr>\n<tr>\n<td colspan=\"2\" width=\"582\">Atestoj\/Konformo<\/td>\n<\/tr>\n<tr>\n<td rowspan=\"13\" width=\"215\">Atestoj\/Konformo<\/td>\n<td width=\"367\">EN 60950\/IEC 60950<\/td>\n<\/tr>\n<tr>\n<td width=\"367\">ISO 18092<\/td>\n<\/tr>\n<tr>\n<td width=\"367\">ISO 14443<\/td>\n<\/tr>\n<tr>\n<td width=\"367\">USB Plena Rapido<\/td>\n<\/tr>\n<tr>\n<td width=\"367\">PC\/SC<\/td>\n<\/tr>\n<tr>\n<td width=\"367\">CCID<\/td>\n<\/tr>\n<tr>\n<td width=\"367\">VCCI (Japanio)<\/td>\n<\/tr>\n<tr>\n<td width=\"367\">MIC (Japanio)<\/td>\n<\/tr>\n<tr>\n<td width=\"367\">Microsoft\u00ae WHQL<\/td>\n<\/tr>\n<tr>\n<td width=\"367\">CE<\/td>\n<\/tr>\n<tr>\n<td width=\"367\">FCC<\/td>\n<\/tr>\n<tr>\n<td width=\"367\">RoHS<\/td>\n<\/tr>\n<tr>\n<td width=\"367\">atingu<\/td>\n<\/tr>\n<tr>\n<td colspan=\"2\" width=\"582\">Subteno de Operaciumo-\u015coforo de Aparato<\/td>\n<\/tr>\n<tr>\n<td rowspan=\"6\" width=\"215\">Subteno de Operaciumo-\u015coforo de Aparato<\/td>\n<td width=\"367\">Windows\u00ae CE<\/td>\n<\/tr>\n<tr>\n<td width=\"367\">Vindozo\u00ae<\/td>\n<\/tr>\n<tr>\n<td width=\"367\">Linukso\u00ae<\/td>\n<\/tr>\n<tr>\n<td width=\"367\">MAC OS\u00ae 10.7 kaj poste<\/td>\n<\/tr>\n<tr>\n<td width=\"367\">Solaris<\/td>\n<\/tr>\n<tr>\n<td width=\"367\">Android\u2122 3.1 kaj poste<\/td>\n<\/tr>\n<\/tbody>\n<\/table>\n<\/div>\n<\/li>\n<\/ul>","protected":false},"excerpt":{"rendered":"<p>La ACR1251T estas altrapida portebla NFC Smart Card Reader, kongrua kun NFC &amp; ISO\/IEC 18092, certigante efikan kartlegadon tra diversaj sistemoj.<\/p>","protected":false},"featured_media":1609,"template":"","meta":[],"product_brand":[],"product_cat":[45,40],"product_tag":[],"class_list":{"0":"post-1608","1":"product","2":"type-product","3":"status-publish","4":"has-post-thumbnail","6":"product_cat-contactless-nfc-reader","7":"product_cat-rfid-nfc-reader","9":"first","10":"instock","11":"shipping-taxable","12":"product-type-simple"},"_links":{"self":[{"href":"https:\/\/nfc-readers.com\/eo\/wp-json\/wp\/v2\/product\/1608","targetHints":{"allow":["GET"]}}],"collection":[{"href":"https:\/\/nfc-readers.com\/eo\/wp-json\/wp\/v2\/product"}],"about":[{"href":"https:\/\/nfc-readers.com\/eo\/wp-json\/wp\/v2\/types\/product"}],"wp:featuredmedia":[{"embeddable":true,"href":"https:\/\/nfc-readers.com\/eo\/wp-json\/wp\/v2\/media\/1609"}],"wp:attachment":[{"href":"https:\/\/nfc-readers.com\/eo\/wp-json\/wp\/v2\/media?parent=1608"}],"wp:term":[{"taxonomy":"product_brand","embeddable":true,"href":"https:\/\/nfc-readers.com\/eo\/wp-json\/wp\/v2\/product_brand?post=1608"},{"taxonomy":"product_cat","embeddable":true,"href":"https:\/\/nfc-readers.com\/eo\/wp-json\/wp\/v2\/product_cat?post=1608"},{"taxonomy":"product_tag","embeddable":true,"href":"https:\/\/nfc-readers.com\/eo\/wp-json\/wp\/v2\/product_tag?post=1608"}],"curies":[{"name":"wp","href":"https:\/\/api.w.org\/{rel}","templated":true}]}}