{"id":1613,"date":"2024-04-07T07:49:24","date_gmt":"2024-04-07T07:49:24","guid":{"rendered":"https:\/\/nfc-readers.com\/?post_type=product&#038;p=1613"},"modified":"2024-10-16T02:39:20","modified_gmt":"2024-10-16T02:39:20","slug":"acm1552u-y3-nfc-module-reader","status":"publish","type":"product","link":"https:\/\/nfc-readers.com\/eo\/ic-reader\/acm1552u-y3-nfc-module-reader\/","title":{"rendered":"ACM1552U-Y3 NFC MODULA LEGILO"},"content":{"rendered":"<h1>ACM1552U-Y3 NFC MODULA LEGILO<\/h1>\n<p>La ACM1552U-Y3 staras kiel multflanka kaj potenca NFC-leganto-modulo, ofertante altnivelan rapidecon kaj lar\u011dan funkcian gamon. \u011cia kongruo kun multoblaj NFC kaj ISO-protokoloj, kombinita kun \u011diaj uzeblaj re\u011dimoj, poziciigas \u011din kiel ideala solvo por efektivigi NFC-bazitajn transakciojn en diversaj aplika\u0135areoj.<\/p>\n<ul>\n<li>\n<h2>USB 2.0 Plenrapida Interfaco<\/h2>\n<\/li>\n<li>\n<h2>CCID Konformeco<\/h2>\n<\/li>\n<li>\n<h2>Senkontakta Smart Card Legilo:<\/h2>\n<ul>\n<li>\n<h3>Legado\/Skriba rapideco \u011dis 848 kbps<\/h3>\n<\/li>\n<li>\n<h3>Enkonstruita anteno por senkontakta aliro de etikedoj, kun kartlega distanco de \u011dis 70 mm (depende de etikedo-tipo)<\/h3>\n<\/li>\n<li>\n<h3>Elportas ISO 14443 Tipo A kaj B-kartojn, ISO 15693 Kartojn kaj ISO18092 NFC<\/h3>\n<\/li>\n<li>\n<h3>Subtenas MIFARE Classic\u00ae, MIFARE\u00ae Mini, MIFARE Ultralight\u00ae (T=CL), FeliCa kaj Topaz Card<\/h3>\n<\/li>\n<li>\n<h3>Enkonstruita kontra\u016d-kolizio trajto<\/h3>\n<\/li>\n<li>\n<h3>Elportas plilongigitan APDU (maks. 64 kbajtoj)<\/h3>\n<\/li>\n<li>\n<h3>Unu SAM-fendeto konforma al ISO7816 (Klaso A) (La\u016d Peto)<\/h3>\n<\/li>\n<\/ul>\n<\/li>\n<li>\n<h2>NFC Subteno<\/h2>\n<ul>\n<li>\n<h3>Smart Card Reader\/Writer Mode<\/h3>\n<\/li>\n<li>\n<h3>Karta Emulada Re\u011dimo<\/h3>\n<\/li>\n<li>\n<h3>Klavara Emulada Re\u011dimo<\/h3>\n<\/li>\n<\/ul>\n<\/li>\n<li>\n<h2>Interfaco de Programado de Apliko:<\/h2>\n<ul>\n<li>\n<h3>Subtenas PC\/SC<\/h3>\n<\/li>\n<li>\n<h3>Subtenas CT-API (tra envolva\u0135o supre de komputilo\/SC)<\/h3>\n<\/li>\n<\/ul>\n<\/li>\n<li>\n<h2>Ekstercentraloj:<\/h2>\n<ul>\n<li>\n<h3>Uzant-regebla dukolora LED (Blua &amp; Verda)<\/h3>\n<\/li>\n<li>\n<h3>Uzant-regebla zumilo (Monotono)<\/h3>\n<\/li>\n<li>\n<h3>Unu SAM-fendeto (La\u016d Peto)<\/h3>\n<\/li>\n<\/ul>\n<\/li>\n<li>\n<h2>USB Firmware \u011cisdatigebleco<\/h2>\n<\/li>\n<li>\n<div>\n<table width=\"640\">\n<tbody>\n<tr>\n<td colspan=\"2\" width=\"640\">Fizikaj Karakteriza\u0135oj<\/td>\n<\/tr>\n<tr>\n<td rowspan=\"2\" width=\"257\">Dimensioj (mm)<\/td>\n<td width=\"383\">\u0108efa Tabulo: 55,0 x 45,0 x 6,5<\/td>\n<\/tr>\n<tr>\n<td width=\"383\">Antena Tabulo: 91.0 x 49.5 x 5.0<\/td>\n<\/tr>\n<tr>\n<td width=\"257\">Pezo (g)<\/td>\n<td width=\"383\">27.7<\/td>\n<\/tr>\n<tr>\n<td colspan=\"2\" width=\"640\">USB-Interfaco<\/td>\n<\/tr>\n<tr>\n<td width=\"257\">Protokolo<\/td>\n<td width=\"383\">USB CCID<\/td>\n<\/tr>\n<tr>\n<td width=\"257\">Konektilo Tipo<\/td>\n<td width=\"383\">USB-Tipo-A<\/td>\n<\/tr>\n<tr>\n<td width=\"257\">Elektrofonto<\/td>\n<td width=\"383\">De USB-haveno<\/td>\n<\/tr>\n<tr>\n<td width=\"257\">Rapido<\/td>\n<td width=\"383\">USB Plena Rapido (12 Mbps)<\/td>\n<\/tr>\n<tr>\n<td width=\"257\">Longo de kablo<\/td>\n<td width=\"383\">1m, Forprenebla (La\u016dvola)<\/td>\n<\/tr>\n<tr>\n<td colspan=\"2\" width=\"640\">Senkontakta Smart Card-Interfaco<\/td>\n<\/tr>\n<tr>\n<td width=\"257\">Normo<\/td>\n<td width=\"383\">ISO 18092 NFC, ISO 14443 Tipo A &amp; B, ISO 15693, MIFARE\u00ae, FeliCa<\/td>\n<\/tr>\n<tr>\n<td rowspan=\"5\" width=\"257\">Protokolo<\/td>\n<td width=\"383\">ISO 14443-4 Konforma Karto, T=CL<\/td>\n<\/tr>\n<tr>\n<td width=\"383\">MIFARE\u00ae Klasika Karto, T=CL<\/td>\n<\/tr>\n<tr>\n<td width=\"383\">ISO 15693<\/td>\n<\/tr>\n<tr>\n<td width=\"383\">ISO 18092 NFC-Etikedoj<\/td>\n<\/tr>\n<tr>\n<td width=\"383\">FeliCa<\/td>\n<\/tr>\n<tr>\n<td colspan=\"2\" width=\"640\">Enkonstruitaj Ekstercentraloj<\/td>\n<\/tr>\n<tr>\n<td width=\"257\">LED<\/td>\n<td width=\"383\">1 dukolora: Blua kaj Verda<\/td>\n<\/tr>\n<tr>\n<td width=\"257\">Zumilo<\/td>\n<td width=\"383\">Monotona<\/td>\n<\/tr>\n<tr>\n<td colspan=\"2\" width=\"640\">Aliaj Trajtoj<\/td>\n<\/tr>\n<tr>\n<td rowspan=\"4\" width=\"257\">Aliaj Trajtoj<\/td>\n<td width=\"383\">Subtenataj Kartaj Tipoj:<\/td>\n<\/tr>\n<tr>\n<td width=\"383\">ISO 14443 Tipo A &amp; B Partoj 1-4, ISO 15693, ISO 18092 NFC, MIFARE Classic\u00ae, MIFARE\u00ae Mini, MIFARE Ultralight\u00ae (T=CL), FeliCa kaj Topaz Card<\/td>\n<\/tr>\n<tr>\n<td width=\"383\">Aliaj NFC-Trajtoj:<\/td>\n<\/tr>\n<tr>\n<td width=\"383\">Smart Card Legilo\/Verkisto, Klavaro-Emulado, Karto-Emulado<\/td>\n<\/tr>\n<tr>\n<td width=\"257\">Firmware \u011cisdatigo<\/td>\n<td width=\"383\">Subtenita<\/td>\n<\/tr>\n<tr>\n<td colspan=\"2\" width=\"640\">Atestoj\/Konformo<\/td>\n<\/tr>\n<tr>\n<td rowspan=\"4\" width=\"257\">Atestoj\/Konformo<\/td>\n<td width=\"383\">Atestiloj:<\/td>\n<\/tr>\n<tr>\n<td width=\"383\">IEC\/EN 62368, CE, UKCA, FCC, VCCI, RoHS, REACH, WEEE, Microsoft\u00ae WHQL<\/td>\n<\/tr>\n<tr>\n<td width=\"383\">Konformeco:<\/td>\n<\/tr>\n<tr>\n<td width=\"383\">USB CCID, PC\/SC<\/td>\n<\/tr>\n<tr>\n<td colspan=\"2\" width=\"640\">Subteno de Operaciumo-\u015coforo de Aparato<\/td>\n<\/tr>\n<tr>\n<td width=\"257\">Subteno de Operaciumo-\u015coforo de Aparato<\/td>\n<td width=\"383\">Vindozo\u00ae, Linukso\u00ae, macOS, Android\u2122<\/td>\n<\/tr>\n<\/tbody>\n<\/table>\n<\/div>\n<\/li>\n<\/ul>","protected":false},"excerpt":{"rendered":"<p>La ACM1552U-Y3 estas altrapida USB-NFC-modulo subtenanta diversajn teknologiojn, inkluzive de Karto-Emulado, ideala por diversaj NFC-aplikoj.<\/p>","protected":false},"featured_media":1614,"template":"","meta":[],"product_brand":[],"product_cat":[41,40],"product_tag":[],"class_list":{"0":"post-1613","1":"product","2":"type-product","3":"status-publish","4":"has-post-thumbnail","6":"product_cat-module-ic-reader","7":"product_cat-rfid-nfc-reader","9":"first","10":"instock","11":"shipping-taxable","12":"product-type-simple"},"_links":{"self":[{"href":"https:\/\/nfc-readers.com\/eo\/wp-json\/wp\/v2\/product\/1613","targetHints":{"allow":["GET"]}}],"collection":[{"href":"https:\/\/nfc-readers.com\/eo\/wp-json\/wp\/v2\/product"}],"about":[{"href":"https:\/\/nfc-readers.com\/eo\/wp-json\/wp\/v2\/types\/product"}],"wp:featuredmedia":[{"embeddable":true,"href":"https:\/\/nfc-readers.com\/eo\/wp-json\/wp\/v2\/media\/1614"}],"wp:attachment":[{"href":"https:\/\/nfc-readers.com\/eo\/wp-json\/wp\/v2\/media?parent=1613"}],"wp:term":[{"taxonomy":"product_brand","embeddable":true,"href":"https:\/\/nfc-readers.com\/eo\/wp-json\/wp\/v2\/product_brand?post=1613"},{"taxonomy":"product_cat","embeddable":true,"href":"https:\/\/nfc-readers.com\/eo\/wp-json\/wp\/v2\/product_cat?post=1613"},{"taxonomy":"product_tag","embeddable":true,"href":"https:\/\/nfc-readers.com\/eo\/wp-json\/wp\/v2\/product_tag?post=1613"}],"curies":[{"name":"wp","href":"https:\/\/api.w.org\/{rel}","templated":true}]}}