{"id":1619,"date":"2024-04-07T07:56:40","date_gmt":"2024-04-07T07:56:40","guid":{"rendered":"https:\/\/nfc-readers.com\/?post_type=product&#038;p=1619"},"modified":"2024-10-16T02:33:14","modified_gmt":"2024-10-16T02:33:14","slug":"acm39u-y3-smart-card-reader-module","status":"publish","type":"product","link":"https:\/\/nfc-readers.com\/eo\/ic-reader\/acm39u-y3-smart-card-reader-module\/","title":{"rendered":"ACM39U-Y3 Smart Card Reader Module"},"content":{"rendered":"<h1>ACM39U-Y3 Smart Card Reader Module<\/h1>\n<p>La ACM39U-Y3 estas fleksebla, facile instalebla modulo, kiu subtenas ampleksan gamon de platformoj kaj interfacoj, igante \u011din ideala por enkonstruitaj sa\u011dkartaj solvoj. \u011ci anka\u016d ofertas la eblon integri Secure Access Module (SAM) por plibonigita sekureco.<\/p>\n<ul>\n<li>\n<h2>USB 2.0 Plenrapida Interfaco<\/h2>\n<\/li>\n<li>\n<h2>Plug and Play - CCID-subteno alportas plej grandan movi\u011deblon<\/h2>\n<\/li>\n<li>\n<h2>Leganto de inteligentaj kartoj:<\/h2>\n<ul>\n<li>\n<h3>Elportas kartojn ISO 7816 Klaso A, B kaj C (5 V, 3 V, 1.8 V).<\/h3>\n<\/li>\n<li>\n<h3>Subtenas CAC (Komuna Alirkarto)<\/h3>\n<\/li>\n<li>\n<h3>Elportas SIPRNET-Karton<\/h3>\n<\/li>\n<li>\n<h3>Elportas J-LIS-karton<\/h3>\n<\/li>\n<li>\n<h3>Subtenas mikroprocesorajn kartojn kun T=0 a\u016d T=1 protokolo<\/h3>\n<\/li>\n<li>\n<h3>Elportas memorkartojn<\/h3>\n<\/li>\n<li>\n<h3>Subtenas PPS (Protokolo kaj Parametro-Selektado)<\/h3>\n<\/li>\n<li>\n<h3>Trajtoj Mallonga Cirkvito Protekto<\/h3>\n<\/li>\n<\/ul>\n<\/li>\n<li>\n<h2>Interfaco de Programado de Apliko:<\/h2>\n<ul>\n<li>\n<h3>Subtenas PC\/SC<\/h3>\n<\/li>\n<li>\n<h3>Subtenas CT-API (tra envolva\u0135o supre de komputilo\/SC)<\/h3>\n<\/li>\n<\/ul>\n<\/li>\n<li>\n<h2>Elportas Android\u2122 3.1 kaj postajn<\/h2>\n<\/li>\n<li>\n<div>\n<table width=\"491\">\n<tbody>\n<tr>\n<td colspan=\"2\" width=\"491\">Fizikaj Karakteriza\u0135oj<\/td>\n<\/tr>\n<tr>\n<td width=\"172\">Dimensioj (mm)<\/td>\n<td width=\"319\">70.0 mm (L) \u00d7 82.0 mm (W) \u00d7 10.0 mm (H)<\/td>\n<\/tr>\n<tr>\n<td width=\"172\">Pezo (g)<\/td>\n<td width=\"319\">32 g<\/td>\n<\/tr>\n<tr>\n<td colspan=\"2\" width=\"491\">USB-Interfaco<\/td>\n<\/tr>\n<tr>\n<td width=\"172\">Protokolo<\/td>\n<td width=\"319\">USB CCID<\/td>\n<\/tr>\n<tr>\n<td rowspan=\"2\" width=\"172\">Konektilo Tipo<\/td>\n<td width=\"319\">1 x 5 Pins Header Konektilo;<\/td>\n<\/tr>\n<tr>\n<td width=\"319\">2 x 3 Stiftoj Header Konektilo<\/td>\n<\/tr>\n<tr>\n<td width=\"172\">Elektrofonto<\/td>\n<td width=\"319\">De USBa Haveno<\/td>\n<\/tr>\n<tr>\n<td width=\"172\">Rapido<\/td>\n<td width=\"319\">USB Plena Rapido (12 Mbps)<\/td>\n<\/tr>\n<tr>\n<td colspan=\"2\" width=\"491\">Kontaktu Smart Card Interface<\/td>\n<\/tr>\n<tr>\n<td width=\"172\">Nombro de Slots<\/td>\n<td width=\"319\">1 Plengranda Kartfendo<\/td>\n<\/tr>\n<tr>\n<td width=\"172\">Normo<\/td>\n<td width=\"319\">ISO 7816 Partoj 1-4, Klaso A, B, C (5 V, 3 V, 1.8 V)<\/td>\n<\/tr>\n<tr>\n<td width=\"172\">Protokolo<\/td>\n<td width=\"319\">T=0; T=1; Subteno de Memorkarto<\/td>\n<\/tr>\n<tr>\n<td width=\"172\">Aliaj<\/td>\n<td width=\"319\">CAC, PIV, SIPRNET, J-LIS Smart Cards<\/td>\n<\/tr>\n<tr>\n<td colspan=\"2\" width=\"491\">Atestoj\/Konformo<\/td>\n<\/tr>\n<tr>\n<td rowspan=\"12\" width=\"172\">Atestoj\/Konformo<\/td>\n<td width=\"319\">EN60950\/IEC 60950<\/td>\n<\/tr>\n<tr>\n<td width=\"319\">ISO 7816<\/td>\n<\/tr>\n<tr>\n<td width=\"319\">USB Plena Rapido<\/td>\n<\/tr>\n<tr>\n<td width=\"319\">EMV\u2122 Nivelo 1 (Kontakto)<\/td>\n<\/tr>\n<tr>\n<td width=\"319\">PC\/SC<\/td>\n<\/tr>\n<tr>\n<td width=\"319\">CCID<\/td>\n<\/tr>\n<tr>\n<td width=\"319\">CE<\/td>\n<\/tr>\n<tr>\n<td width=\"319\">FCC<\/td>\n<\/tr>\n<tr>\n<td width=\"319\">WEEE<\/td>\n<\/tr>\n<tr>\n<td width=\"319\">RoHS<\/td>\n<\/tr>\n<tr>\n<td width=\"319\">atingu<\/td>\n<\/tr>\n<tr>\n<td width=\"319\">Microsoft\u00ae WHQL<\/td>\n<\/tr>\n<tr>\n<td colspan=\"2\" width=\"491\">Subteno de Operaciumo-\u015coforo de Aparato<\/td>\n<\/tr>\n<tr>\n<td rowspan=\"5\" width=\"172\">Subteno de Operaciumo-\u015coforo de Aparato<\/td>\n<td width=\"319\">Vindozo\u00ae<\/td>\n<\/tr>\n<tr>\n<td width=\"319\">Linukso\u00ae<\/td>\n<\/tr>\n<tr>\n<td width=\"319\">MAC OS\u00ae<\/td>\n<\/tr>\n<tr>\n<td width=\"319\">Android\u2122<\/td>\n<\/tr>\n<tr>\n<td width=\"319\">Solaris<\/td>\n<\/tr>\n<\/tbody>\n<\/table>\n<\/div>\n<\/li>\n<\/ul>","protected":false},"excerpt":{"rendered":"<p>ACM39U-Y3 estas altrapida USB-kontakta leganto-modulo por sa\u011dkartaj aplikoj, subtenanta diversajn operaciumojn kaj la\u016dvolan SAM-kartlegilon.<\/p>","protected":false},"featured_media":1620,"template":"","meta":[],"product_brand":[],"product_cat":[41],"product_tag":[],"class_list":{"0":"post-1619","1":"product","2":"type-product","3":"status-publish","4":"has-post-thumbnail","6":"product_cat-module-ic-reader","8":"first","9":"instock","10":"shipping-taxable","11":"product-type-simple"},"_links":{"self":[{"href":"https:\/\/nfc-readers.com\/eo\/wp-json\/wp\/v2\/product\/1619","targetHints":{"allow":["GET"]}}],"collection":[{"href":"https:\/\/nfc-readers.com\/eo\/wp-json\/wp\/v2\/product"}],"about":[{"href":"https:\/\/nfc-readers.com\/eo\/wp-json\/wp\/v2\/types\/product"}],"wp:featuredmedia":[{"embeddable":true,"href":"https:\/\/nfc-readers.com\/eo\/wp-json\/wp\/v2\/media\/1620"}],"wp:attachment":[{"href":"https:\/\/nfc-readers.com\/eo\/wp-json\/wp\/v2\/media?parent=1619"}],"wp:term":[{"taxonomy":"product_brand","embeddable":true,"href":"https:\/\/nfc-readers.com\/eo\/wp-json\/wp\/v2\/product_brand?post=1619"},{"taxonomy":"product_cat","embeddable":true,"href":"https:\/\/nfc-readers.com\/eo\/wp-json\/wp\/v2\/product_cat?post=1619"},{"taxonomy":"product_tag","embeddable":true,"href":"https:\/\/nfc-readers.com\/eo\/wp-json\/wp\/v2\/product_tag?post=1619"}],"curies":[{"name":"wp","href":"https:\/\/api.w.org\/{rel}","templated":true}]}}