{"id":1623,"date":"2024-04-07T07:59:43","date_gmt":"2024-04-07T07:59:43","guid":{"rendered":"https:\/\/nfc-readers.com\/?post_type=product&#038;p=1623"},"modified":"2024-09-29T07:34:42","modified_gmt":"2024-09-29T07:34:42","slug":"acr40t-type-a-usb-sim-sized-smart-card-reader","status":"publish","type":"product","link":"https:\/\/nfc-readers.com\/eo\/ic-reader\/acr40t-type-a-usb-sim-sized-smart-card-reader\/","title":{"rendered":"ACR40T-Tipo-A USB-SIM-granda Smart Card Legilo (Enkonstruita Butono kaj Buklo\u015dnuro inkluzivita)"},"content":{"rendered":"<h1>ACR40T-Tipo-A USB-SIM-granda Smart Card Legilo (Enkonstruita Butono kaj Buklo\u015dnuro inkluzivita)<\/h1>\n<p>La ACR40T estas tre efika kaj \u011disdatigebla sa\u011dkarto leganto kiu ofertas lar\u011dan kongruon kun ISO 7816 inteligentaj kartoj kaj diversaj memorkartoj, havante uzantamikan sa\u011dkartfendeton en precipe malgranda dezajno.<\/p>\n<ul>\n<li>\n<h2><strong>Subtenas Diversajn Tipojn de Kontaktaj Kartoj<\/strong><\/h2>\n<ul>\n<li>\n<h3>ISO 7816 Klaso A, B kaj C (5 V, 3 V kaj 1.8 V)<\/h3>\n<\/li>\n<li>\n<h3>Mikroprocesora Karto (T=0, T=1)<\/h3>\n<\/li>\n<li>\n<h3>Memorkarto<\/h3>\n<\/li>\n<li>\n<h3>Trajtoj Mallonga Cirkvito Protekto<\/h3>\n<\/li>\n<\/ul>\n<\/li>\n<li>\n<h2><strong>Interfaco de Programado de Apliko:<\/strong><\/h2>\n<ul>\n<li>\n<h3>Subtenas PC\/SC<\/h3>\n<\/li>\n<\/ul>\n<\/li>\n<li>\n<h2><strong>Enkonstruitaj Ekstercentraloj<\/strong><\/h2>\n<ul>\n<li>\n<h3>1 x Programebla LED (Verda)<\/h3>\n<\/li>\n<li>\n<table width=\"591\">\n<tbody>\n<tr>\n<td colspan=\"2\" width=\"591\">Fizikaj Karakteriza\u0135oj<\/td>\n<\/tr>\n<tr>\n<td rowspan=\"2\" width=\"266\">Dimensioj (mm)<\/td>\n<td width=\"325\">ACR40T-A1: 48.9mm (L) \u00d7 17.7mm (W) \u00d7 8.0mm (H)<\/td>\n<\/tr>\n<tr>\n<td width=\"325\">ACR40T-A5: 44.7mm (L) \u00d7 17.7mm (W) \u00d7 8.0mm (H)<\/td>\n<\/tr>\n<tr>\n<td rowspan=\"2\" width=\"266\">Pezo (g)<\/td>\n<td width=\"325\">ACR40T-A1: 6,8 g \u00b1 1,0 g<\/td>\n<\/tr>\n<tr>\n<td width=\"325\">ACR40T-A5: 5,3 g \u00b1 1,0 g<\/td>\n<\/tr>\n<tr>\n<td colspan=\"2\" width=\"591\">USB-Interfaco<\/td>\n<\/tr>\n<tr>\n<td width=\"266\">Protokolo<\/td>\n<td width=\"325\">USB CCID<\/td>\n<\/tr>\n<tr>\n<td rowspan=\"2\" width=\"266\">Konektilo Tipo<\/td>\n<td width=\"325\">USB-Tipo-A<\/td>\n<\/tr>\n<tr>\n<td width=\"325\">USB Tipo-C<\/td>\n<\/tr>\n<tr>\n<td width=\"266\">Elektrofonto<\/td>\n<td width=\"325\">De USBa Haveno<\/td>\n<\/tr>\n<tr>\n<td width=\"266\">Rapido<\/td>\n<td width=\"325\">USB Plena Rapido (12 Mbps)<\/td>\n<\/tr>\n<tr>\n<td colspan=\"2\" width=\"591\">Kontaktu Smart Card Interface<\/td>\n<\/tr>\n<tr>\n<td width=\"266\">Nombro de Slots<\/td>\n<td width=\"325\">1 SIM-granda Kartfendo (2FF)<\/td>\n<\/tr>\n<tr>\n<td width=\"266\">Protokolo<\/td>\n<td width=\"325\">T=0; T=1<\/td>\n<\/tr>\n<tr>\n<td colspan=\"2\" width=\"591\">Enkonstruitaj Ekstercentraloj<\/td>\n<\/tr>\n<tr>\n<td width=\"266\">LED<\/td>\n<td width=\"325\">Verda<\/td>\n<\/tr>\n<tr>\n<td colspan=\"2\" width=\"591\">Aliaj Trajtoj<\/td>\n<\/tr>\n<tr>\n<td width=\"266\">Aliaj Trajtoj<\/td>\n<td width=\"325\">Elportas Firmware-\u011disdatigon<\/td>\n<\/tr>\n<tr>\n<td colspan=\"2\" width=\"591\">Atestoj\/Konformo<\/td>\n<\/tr>\n<tr>\n<td rowspan=\"12\" width=\"266\">Atestoj\/Konformo<\/td>\n<td width=\"325\">Atestiloj:<\/td>\n<\/tr>\n<tr>\n<td width=\"325\">UL 62368<\/td>\n<\/tr>\n<tr>\n<td width=\"325\">CE<\/td>\n<\/tr>\n<tr>\n<td width=\"325\">UKCA<\/td>\n<\/tr>\n<tr>\n<td width=\"325\">FCC<\/td>\n<\/tr>\n<tr>\n<td width=\"325\">RoHS<\/td>\n<\/tr>\n<tr>\n<td width=\"325\">atingu<\/td>\n<\/tr>\n<tr>\n<td width=\"325\">VCCI<\/td>\n<\/tr>\n<tr>\n<td width=\"325\">Microsoft\u00ae WHQL<\/td>\n<\/tr>\n<tr>\n<td width=\"325\">Konformecoj:<\/td>\n<\/tr>\n<tr>\n<td width=\"325\">USB CCID<\/td>\n<\/tr>\n<tr>\n<td width=\"325\">PC\/SC<\/td>\n<\/tr>\n<tr>\n<td colspan=\"2\" width=\"591\">Subteno de Operaciumo-\u015coforo de Aparato<\/td>\n<\/tr>\n<tr>\n<td rowspan=\"4\" width=\"266\">Subteno de Operaciumo-\u015coforo de Aparato<\/td>\n<td width=\"325\">Vindozo\u00ae<\/td>\n<\/tr>\n<tr>\n<td width=\"325\">Linukso\u00ae<\/td>\n<\/tr>\n<tr>\n<td width=\"325\">macOS<\/td>\n<\/tr>\n<tr>\n<td width=\"325\">Android\u2122<\/td>\n<\/tr>\n<\/tbody>\n<\/table>\n<\/li>\n<\/ul>\n<\/li>\n<\/ul>","protected":false},"excerpt":{"rendered":"<p>La ACR40T estas altrapida USB-kontakta leganto adaptita por SIM-grandaj kartoj, ofertanta firmvarajn \u011disdatigojn kaj kongruon kun diversaj inteligentaj kaj memorkartoj.<\/p>","protected":false},"featured_media":1624,"template":"","meta":[],"product_brand":[],"product_cat":[39],"product_tag":[],"class_list":{"0":"post-1623","1":"product","2":"type-product","3":"status-publish","4":"has-post-thumbnail","6":"product_cat-usb-ic-smartcard-reader","8":"first","9":"instock","10":"shipping-taxable","11":"product-type-simple"},"_links":{"self":[{"href":"https:\/\/nfc-readers.com\/eo\/wp-json\/wp\/v2\/product\/1623","targetHints":{"allow":["GET"]}}],"collection":[{"href":"https:\/\/nfc-readers.com\/eo\/wp-json\/wp\/v2\/product"}],"about":[{"href":"https:\/\/nfc-readers.com\/eo\/wp-json\/wp\/v2\/types\/product"}],"wp:featuredmedia":[{"embeddable":true,"href":"https:\/\/nfc-readers.com\/eo\/wp-json\/wp\/v2\/media\/1624"}],"wp:attachment":[{"href":"https:\/\/nfc-readers.com\/eo\/wp-json\/wp\/v2\/media?parent=1623"}],"wp:term":[{"taxonomy":"product_brand","embeddable":true,"href":"https:\/\/nfc-readers.com\/eo\/wp-json\/wp\/v2\/product_brand?post=1623"},{"taxonomy":"product_cat","embeddable":true,"href":"https:\/\/nfc-readers.com\/eo\/wp-json\/wp\/v2\/product_cat?post=1623"},{"taxonomy":"product_tag","embeddable":true,"href":"https:\/\/nfc-readers.com\/eo\/wp-json\/wp\/v2\/product_tag?post=1623"}],"curies":[{"name":"wp","href":"https:\/\/api.w.org\/{rel}","templated":true}]}}