{"id":1909,"date":"2024-10-15T13:42:27","date_gmt":"2024-10-15T13:42:27","guid":{"rendered":"https:\/\/nfc-readers.com\/?post_type=product&#038;p=1909"},"modified":"2024-10-28T15:36:29","modified_gmt":"2024-10-28T15:36:29","slug":"acr1222l-contactless-rfid-nfc-reader-writer","status":"publish","type":"product","link":"https:\/\/nfc-readers.com\/eo\/ic-reader\/acr1222l-contactless-rfid-nfc-reader-writer\/","title":{"rendered":"ACR1222L Senkontakta RFID NFC-Leganto-Verkisto"},"content":{"rendered":"<p><iframe loading=\"lazy\" title=\"ACR1222L NFC-Leganto\" width=\"1020\" height=\"765\" src=\"https:\/\/www.youtube.com\/embed\/i-7zrKP8WJo?feature=oembed\" frameborder=\"0\" allow=\"accelerometer; autoplay; clipboard-write; encrypted-media; gyroscope; picture-in-picture; web-share\" referrerpolicy=\"strict-origin-when-cross-origin\" allowfullscreen><\/iframe><\/p>\n<div>\n<h1><strong>ACR1222L Senkontakta RFID NFC-Leganto-Verkisto<\/strong><\/h1>\n<p>La\u00a0<strong>ACR1222L Senkontakta RFID NFC-Leganto-Verkisto<\/strong>\u00a0estas altkvalita aparato desegnita por faciligi senjuntan interagadon kun lar\u011da gamo de senkontaktaj inteligentaj kartoj kaj NFC-etikedoj. Kun altnivela teknologia integri\u011do kaj uzant-amika funkcioj, \u0109i tio\u00a0<strong>NFC-leganto<\/strong>\u00a0estas ideala por diversaj aplikoj, inkluzive de sekura alirkontrolo, senkontaktaj pagoj kaj datumkolektado. Se vi ser\u0109as plibonigi viajn operaciojn kun fidinda kaj efika\u00a0<strong>kartlegilo<\/strong>, la ACR1222L estas konsiderinda.<\/p>\n<p>\u0108i tiu aparato ofertas esceptan kongruon kun pluraj NFC-etikedoj kaj inteligentaj kartoj, helpante entreprenojn atingi simpligitajn transakciojn kaj plibonigitan enga\u011di\u011don de uzantoj. La avanta\u011doj de investado en la ACR1222L inkluzivas \u011diajn altnivelajn sekurecajn funkciojn, interagan interfacon kun enkonstruita LCD kaj ampleksa subteno por diversaj kartoj. Lernu pli pri kial \u0109i tiu aparato estas necesa por entreprenoj ser\u0109antaj utiligi la potencon de\u00a0<strong>RFID<\/strong>\u00a0teknologio.<\/p>\n<h3>1. Ampleksa Kongrueco kun Multoblaj NFC-Teknologioj<\/h3>\n<p>La ACR1222L estas konstruita sur la progresinta\u00a0<strong>13.56 MHz RFID teknologio<\/strong>, certigante kongruon kun lar\u011da spektro de kontaktaj kartoj kaj\u00a0<strong>NFC<\/strong>\u00a0etikedoj. \u0108i tio inkluzivas\u00a0<strong>ISO 14443 Tipo A kaj B-kartoj, MIFARE<\/strong>, FeliCa, kaj \u0109iuj kvar specoj de NFC-etikedoj. Tia \u0109iuflankeco igas la ACR1222L esenca ilo por entreprenoj ser\u0109antaj integri senkontaktan teknologion en siaj operacioj.<\/p>\n<p>Cetere, la\u00a0<strong>ACR1222L<\/strong>\u00a0subtenas\u00a0<strong>NFC-funkcioj<\/strong>\u00a0kiuj permesas al \u011di legi kaj skribi NFC-etikedojn efike. \u0108i tiu kapablo povas esti speciale utila por entreprenoj kiuj uzas\u00a0<strong>inteligenta telefono<\/strong>\u00a0transakcioj, kiel ekzemple\u00a0<strong>Google Pay<\/strong>, ebligante glatan pagtraktadon per NFC-ebligitaj aparatoj. \u0108u vi laboras kun tradiciaj RFID-kartoj a\u016d la plej nova\u00a0<strong>NFC-blatoj<\/strong>, \u0109i tiu aparato elstaras kiel plej alta elekto en la merkato.<\/p>\n<h3>2. Plibonigitaj Sekurecaj Trajtoj por Sekuraj Transakcioj<\/h3>\n<p>Sekureco estas plej grava zorgo por iu ajn organizo traktanta sentemajn datumojn. La ACR1222L ecoj\u00a0<strong>tri ISO 7816-konformaj Sekura Aliro-Modulo (SAM)<\/strong>\u00a0fendoj, provizante plifortigitan sekurecon por senkontaktaj operacioj. \u0108i tiuj SAM-fendoj permesas sekuran administradon de \u0109ifrikaj \u015dlosiloj kaj certigas, ke nur rajtigitaj transakcioj estas prilaboritaj.<\/p>\n<p>Kun enkonstruita kontra\u016d-kolizio teknologio, la ACR1222L povas manipuli plurajn NFC-kartojn samtempe, certigante ke nur unu etikedo estas alirita \u0109iufoje. \u0108i tiu funkcio plibonigas datuman integrecon kaj reduktas la riskon de nea\u016dtorizita aliro, kritika konsidero por alirkontrolsistemoj kaj financaj transakcioj. Kiel rezulto, \u0109i tio\u00a0<strong>NFC-leganto<\/strong>\u00a0ne nur renkontas sed superas industriajn normojn por sekureco.<\/p>\n<h3>3. Intuicia Uzantinterfaco por Senjunta Interago<\/h3>\n<p>La ACR1222L estas ekipita per a\u00a0<strong>dulinia grafika LCD<\/strong>\u00a0kiu subtenas plurajn lingvojn, inkluzive de la \u0109ina, la angla, la japana kaj pluraj e\u016dropaj lingvoj. \u0108i tiu plurlingva subteno faciligas interagojn por diversa uzantbazo, certigante ke \u0109iuj uzantoj povas kompreni la aparaton kaj \u011diajn funkciojn.<\/p>\n<p>Aldone, la interaga LCD permesas al uzantoj rulumi tra opcioj kaj facile aliri diversajn agordojn. Kunigita kun\u00a0<strong>kvar uzant-regeblaj LED-oj<\/strong>\u00a0kaj a\u016ddebla zumilo por statusaj sciigoj, la ACR1222L garantias klaran kaj allogan sperton de uzanto. \u0108i tiu intuicia interfaco estas desegnita por plibonigi la komprenon de la uzanto kaj plifaciligi funkciajn laborfluojn, igante \u011din bonega aldono al iu ajn teknologia stako.<\/p>\n<h3>4. Versatilaj Aplikoj Tra Industrioj<\/h3>\n<p>La ACR1222L Senkontakta RFID NFC-Leganto-Verkilo povas esti uzata tra diversaj industrioj, inkluzive de podetala komerco, kuracado kaj transportado. En podetala komerco, la kapablo legi kaj skribi NFC-etikedojn ebligas entreprenojn fluliniigi transakciojn kaj plibonigi klientenga\u011di\u011don.\u00a0<strong>NFC-iloj<\/strong>\u00a0povas esti integrita por administri lojalecprogramojn a\u016d faciligi senkontaktajn pagojn, plibonigante \u011deneralan klientkontenton.<\/p>\n<p>En kuracado, la ACR1222L povas helpi plifaciligi paciencajn enskribojn, konservi sekuran aliron al sentemaj informoj kaj certigi, ke medicina dungitaro havu rapidan aliron al datumoj. Aldone, \u011dia kongruo kun RFID-kartoj igas \u011din ideala por kontroli aliron al limigitaj areoj, plibonigante sekurecon ene de transportaj naboj.<\/p>\n<h3>5. Teknikaj Specifoj kaj Efikeco-Metrikoj<\/h3>\n<p>La teknika lerteco de la ACR1222L estas evidentigita per siaj imponaj specifoj:<\/p>\n<\/div>\n<div>\n<table width=\"702\">\n<tbody>\n<tr>\n<td colspan=\"2\" width=\"702\">Fizikaj Karakteriza\u0135oj<\/td>\n<\/tr>\n<tr>\n<td rowspan=\"2\" width=\"250\">Dimensioj (mm)<\/td>\n<td width=\"452\">\u0108efa korpo: 133.5 mm (L) x 88.5 mm (W) x 21.0 mm (H)<\/td>\n<\/tr>\n<tr>\n<td width=\"452\">Kun Stando: 158.0 mm (L) x 95.0 mm (L) x 95.0 mm (H)<\/td>\n<\/tr>\n<tr>\n<td rowspan=\"2\" width=\"250\">Pezo (g)<\/td>\n<td width=\"452\">\u0108efa Korpo: 173 g<\/td>\n<\/tr>\n<tr>\n<td width=\"452\">Kun Stando: 415 g<\/td>\n<\/tr>\n<tr>\n<td colspan=\"2\" width=\"702\">USB-Interfaco<\/td>\n<\/tr>\n<tr>\n<td width=\"250\">Protokolo<\/td>\n<td width=\"452\">USB CCID<\/td>\n<\/tr>\n<tr>\n<td width=\"250\">Konektilo Tipo<\/td>\n<td width=\"452\">Norma Tipo A<\/td>\n<\/tr>\n<tr>\n<td width=\"250\">Elektrofonto<\/td>\n<td width=\"452\">De USBa Haveno<\/td>\n<\/tr>\n<tr>\n<td width=\"250\">Rapido<\/td>\n<td width=\"452\">USB Plena Rapido (12 Mbps)<\/td>\n<\/tr>\n<tr>\n<td width=\"250\">Longo de kablo<\/td>\n<td width=\"452\">1,5 m, Fiksa<\/td>\n<\/tr>\n<tr>\n<td colspan=\"2\" width=\"702\">Senkontakta Smart Card-Interfaco<\/td>\n<\/tr>\n<tr>\n<td width=\"250\">Normo<\/td>\n<td width=\"452\">ISO\/IEC 18092 NFC, ISO 14443 Tipo A &amp; B, MIFARE\u00ae, FeliCa<\/td>\n<\/tr>\n<tr>\n<td rowspan=\"4\" width=\"250\">Protokolo<\/td>\n<td width=\"452\">ISO 14443-4 Konforma Karto, T=CL<\/td>\n<\/tr>\n<tr>\n<td width=\"452\">MIFARE\u00ae Klasika Karto, T=CL<\/td>\n<\/tr>\n<tr>\n<td width=\"452\">ISO18092, NFC-Etikedoj<\/td>\n<\/tr>\n<tr>\n<td width=\"452\">FeliCa<\/td>\n<\/tr>\n<tr>\n<td colspan=\"2\" width=\"702\">SAM-Karta Interfaco<\/td>\n<\/tr>\n<tr>\n<td width=\"250\">Nombro de Slots<\/td>\n<td width=\"452\">3 Normaj SIM-grandaj Kartfendoj<\/td>\n<\/tr>\n<tr>\n<td width=\"250\">Normo<\/td>\n<td width=\"452\">ISO 7816 Klaso A (5 V)<\/td>\n<\/tr>\n<tr>\n<td width=\"250\">Protokolo<\/td>\n<td width=\"452\">T=0; T=1<\/td>\n<\/tr>\n<tr>\n<td colspan=\"2\" width=\"702\">Enkonstruitaj Ekstercentraloj<\/td>\n<\/tr>\n<tr>\n<td rowspan=\"3\" width=\"250\">LCD<\/td>\n<td width=\"452\">Grafika LCD kun Flava-Verda Retrolumo<\/td>\n<\/tr>\n<tr>\n<td width=\"452\">Rezolucio: 128 x 32 pikseloj<\/td>\n<\/tr>\n<tr>\n<td width=\"452\">Nombro da Signoj: 16 signoj x 2 linioj<\/td>\n<\/tr>\n<tr>\n<td width=\"250\">LED<\/td>\n<td width=\"452\">4 unukoloraj: Verda, Blua, Oran\u011da kaj Ru\u011da<\/td>\n<\/tr>\n<tr>\n<td width=\"250\">Zumilo<\/td>\n<td width=\"452\">Monotona<\/td>\n<\/tr>\n<tr>\n<td colspan=\"2\" width=\"702\">Aliaj Trajtoj<\/td>\n<\/tr>\n<tr>\n<td width=\"250\">Firmware \u011cisdatigo<\/td>\n<td width=\"452\">Subtenita<\/td>\n<\/tr>\n<tr>\n<td colspan=\"2\" width=\"702\">Atestoj\/Konformo<\/td>\n<\/tr>\n<tr>\n<td rowspan=\"13\" width=\"250\">Atestoj\/Konformo<\/td>\n<td width=\"452\">ISO 18092<\/td>\n<\/tr>\n<tr>\n<td width=\"452\">ISO 14443<\/td>\n<\/tr>\n<tr>\n<td width=\"452\">ISO 7816 (SAM-fendeto)<\/td>\n<\/tr>\n<tr>\n<td width=\"452\">USB Plena Rapido<\/td>\n<\/tr>\n<tr>\n<td width=\"452\">PC\/SC<\/td>\n<\/tr>\n<tr>\n<td width=\"452\">CCID<\/td>\n<\/tr>\n<tr>\n<td width=\"452\">VCCI (Japanio)<\/td>\n<\/tr>\n<tr>\n<td width=\"452\">KC (Koreio)<\/td>\n<\/tr>\n<tr>\n<td width=\"452\">Microsoft\u00ae WHQL<\/td>\n<\/tr>\n<tr>\n<td width=\"452\">CE<\/td>\n<\/tr>\n<tr>\n<td width=\"452\">FCC<\/td>\n<\/tr>\n<tr>\n<td width=\"452\">RoHS<\/td>\n<\/tr>\n<tr>\n<td width=\"452\">atingu<\/td>\n<\/tr>\n<tr>\n<td colspan=\"2\" width=\"702\">Subteno de Operaciumo-\u015coforo de Aparato<\/td>\n<\/tr>\n<tr>\n<td rowspan=\"5\" width=\"250\">Subteno de Operaciumo-\u015coforo de Aparato<\/td>\n<td width=\"452\">Vindozo\u00ae<\/td>\n<\/tr>\n<tr>\n<td width=\"452\">Linukso\u00ae<\/td>\n<\/tr>\n<tr>\n<td width=\"452\">MAC OS\u00ae<\/td>\n<\/tr>\n<tr>\n<td width=\"452\">Solaris<\/td>\n<\/tr>\n<tr>\n<td width=\"452\">Android\u2122<\/td>\n<\/tr>\n<\/tbody>\n<\/table>\n<\/div>\n<div><\/div>\n<div>\n<p>Kun siaj altrapidaj legaj kapabloj kaj fleksebleco en administrado de diversaj kartoj, la ACR1222L elstaras kiel potenca.\u00a0<strong>leganto de sa\u011dkartoj<\/strong>.<\/p>\n<h3>6. Uzant-amika Agordo kaj Integri\u011do<\/h3>\n<p>Agordo de la ACR1222L estas simpla, farante \u011din alirebla por kaj teknikaj kaj ne-teknikaj uzantoj. La aparato povas esti facile integrita en ekzistantajn sistemojn per\u00a0<strong>USB<\/strong>, certigante kongruon kun popularaj operaciumoj inkluzive de Vindozo, Linukso kaj macOS. Krome, la\u00a0<strong>USB-firmware \u011disdatigebleco<\/strong>\u00a0trajto permesas al uzantoj konservi siajn aparatojn \u011disdatigitaj kun la plej novaj plibonigoj kaj sekurecaj funkcioj.<\/p>\n<p>\u0108i tiu facileco de agordo estas precipe utila por entreprenoj ser\u0109antaj rapide efektivigi\u00a0<strong>senkontaktaj solvoj<\/strong>\u00a0sen ampleksa malfunkcio a\u016d komplikaj instala\u0135oj.<\/p>\n<h3>7. Media Efiko kaj Da\u016drigebla Uzado<\/h3>\n<p>\u0108ar entreprenoj kreskas \u0109iam pli konsciaj pri sia media efiko, la ACR1222L ali\u011das al da\u016drigeblaj uzadoprincipoj. Kun malalta energikonsumo, la aparato ne nur reduktas energikostojn sed anka\u016d kontribuas al pli malgranda karbonspuro.<\/p>\n<p>Aldone, la aparato estas desegnita por da\u016drema agado, minimumigante la bezonon de oftaj anstata\u016da\u0135oj kaj reduktante elektronikan mal\u015dparon la\u016dlonge de la tempo. \u0108i tiu alvoko pri da\u016dripovo estas esenca faktoro por organizoj ser\u0109antaj anta\u016denigi verdajn iniciatojn ene de siaj operacioj.<\/p>\n<h3>8. Klientaj Recenzoj kaj Reago<\/h3>\n<p>Klienta retrosciigo pri la ACR1222L elstarigas \u011dian fidindecon, facilecon de uzado kaj ampleksajn funkciojn. Uzantoj aprezas la senjuntan agadon dum legado kaj skribado de NFC-etikedoj, kune kun \u011diaj fortikaj sekurecaj funkcioj.<\/p>\n<p>Unu uzanto deklaris, &quot;La ACR1222L transformis niajn transakciajn procezojn. \u011ci estas rapida, sekura, kaj la enkonstruita ekrano estas nekredeble utila por informi niajn klientojn.&quot;<\/p>\n<\/div>\n<div><\/div>\n<div><\/div>","protected":false},"excerpt":{"rendered":"<p>ACR1222L Senkontakta RFID NFC Reader Writer povas esti uzata tra diversaj industrioj, inkluzive de podetala komerco, kuracado kaj transportado. En podetala komerco, la kapablo legi kaj skribi NFC-etikedojn ebligas entreprenojn fluliniigi transakciojn kaj plibonigi klientan enga\u011di\u011don. <strong>NFC-iloj<\/strong>\u00a0povas esti integrita por administri lojalecprogramojn a\u016d faciligi senkontaktajn pagojn, plibonigante \u011deneralan klientkontenton.<\/p>","protected":false},"featured_media":1563,"template":"","meta":[],"product_brand":[],"product_cat":[45,40],"product_tag":[],"class_list":{"0":"post-1909","1":"product","2":"type-product","3":"status-publish","4":"has-post-thumbnail","6":"product_cat-contactless-nfc-reader","7":"product_cat-rfid-nfc-reader","9":"first","10":"instock","11":"shipping-taxable","12":"product-type-simple"},"_links":{"self":[{"href":"https:\/\/nfc-readers.com\/eo\/wp-json\/wp\/v2\/product\/1909","targetHints":{"allow":["GET"]}}],"collection":[{"href":"https:\/\/nfc-readers.com\/eo\/wp-json\/wp\/v2\/product"}],"about":[{"href":"https:\/\/nfc-readers.com\/eo\/wp-json\/wp\/v2\/types\/product"}],"wp:featuredmedia":[{"embeddable":true,"href":"https:\/\/nfc-readers.com\/eo\/wp-json\/wp\/v2\/media\/1563"}],"wp:attachment":[{"href":"https:\/\/nfc-readers.com\/eo\/wp-json\/wp\/v2\/media?parent=1909"}],"wp:term":[{"taxonomy":"product_brand","embeddable":true,"href":"https:\/\/nfc-readers.com\/eo\/wp-json\/wp\/v2\/product_brand?post=1909"},{"taxonomy":"product_cat","embeddable":true,"href":"https:\/\/nfc-readers.com\/eo\/wp-json\/wp\/v2\/product_cat?post=1909"},{"taxonomy":"product_tag","embeddable":true,"href":"https:\/\/nfc-readers.com\/eo\/wp-json\/wp\/v2\/product_tag?post=1909"}],"curies":[{"name":"wp","href":"https:\/\/api.w.org\/{rel}","templated":true}]}}