{"id":2020,"date":"2024-04-19T13:15:51","date_gmt":"2024-04-19T13:15:51","guid":{"rendered":"https:\/\/nfc-readers.com\/?post_type=product&#038;p=2020"},"modified":"2024-09-29T07:28:08","modified_gmt":"2024-09-29T07:28:08","slug":"cr100-bluetooth-emv-nfc-reader-writer","status":"publish","type":"product","link":"https:\/\/nfc-readers.com\/eo\/ic-reader\/cr100-bluetooth-emv-nfc-reader-writer\/","title":{"rendered":"CR100 Bluetooth EMV nfc-leganto-verkisto"},"content":{"rendered":"<h1>CR100 Bluetooth EMV nfc-leganto-verkisto<\/h1>\n<p>la CR100 estas potenca kaj fleksebla mPOS-aparato kiu ofertas fidindecon kaj facilecon de integri\u011do por entreprenoj, ebligante EMV kaj NFC-pagpretigon sur la irado. \u011cia kongruo kun diversaj operaciumoj kaj konekteblecoj kiel Bluetooth kaj USB igas \u011din multflanka elekto por modernaj pagaj aplikoj.<\/p>\n<p><iframe loading=\"lazy\" title=\"CR100 EMV NFC-Leganto\" width=\"1020\" height=\"574\" src=\"https:\/\/www.youtube.com\/embed\/oXxrfqKoQoM?feature=oembed\" frameborder=\"0\" allow=\"accelerometer; autoplay; clipboard-write; encrypted-media; gyroscope; picture-in-picture; web-share\" referrerpolicy=\"strict-origin-when-cross-origin\" allowfullscreen><\/iframe><\/p>\n<table width=\"730\">\n<tbody>\n<tr>\n<td width=\"336\">EMV Kartolegilo<\/td>\n<td width=\"394\">EMV\/PBOC Chip Card Reader, ISO 7816 Konforma Klaso A, B, C<\/td>\n<\/tr>\n<tr>\n<td width=\"336\">NFC-leganto<\/td>\n<td width=\"394\">Senkontakta EMV, ISO 14443A\/B<\/td>\n<\/tr>\n<tr>\n<td width=\"336\">Komunikado<\/td>\n<td width=\"394\">Bluetooth\u00ae v3.0, Bluetooth\u00ae v4.0 kaj USB<\/td>\n<\/tr>\n<tr>\n<td width=\"336\">Indikilo<\/td>\n<td width=\"394\">LED-Statusa indikilo &amp; Buzzer<\/td>\n<\/tr>\n<tr>\n<td rowspan=\"3\" width=\"336\">\u015closila Administrado<\/td>\n<td width=\"394\">DUKPT<\/td>\n<\/tr>\n<tr>\n<td width=\"394\">Fiksa \u015closilo<\/td>\n<\/tr>\n<tr>\n<td width=\"394\">MK\/SK<\/td>\n<\/tr>\n<tr>\n<td rowspan=\"5\" width=\"336\">\u0108ifrada Algoritmo<\/td>\n<td width=\"394\">DES<\/td>\n<\/tr>\n<tr>\n<td width=\"394\">3DES<\/td>\n<\/tr>\n<tr>\n<td width=\"394\">AES<\/td>\n<\/tr>\n<tr>\n<td width=\"394\">RSA<\/td>\n<\/tr>\n<tr>\n<td width=\"394\">SHA-256<\/td>\n<\/tr>\n<tr>\n<td rowspan=\"4\" width=\"336\">Subtena Operaciumo<\/td>\n<td width=\"394\">Android 2.1 a\u016d pli<\/td>\n<\/tr>\n<tr>\n<td width=\"394\">iOS 6.0 a\u016d pli<\/td>\n<\/tr>\n<tr>\n<td width=\"394\">Windows Phone 8<\/td>\n<\/tr>\n<tr>\n<td width=\"394\">MS Vindozo<\/td>\n<\/tr>\n<tr>\n<td rowspan=\"12\" width=\"336\">Atestiloj<\/td>\n<td width=\"394\">EMV L1 &amp; L2<\/td>\n<\/tr>\n<tr>\n<td width=\"394\">EMV senkontakta L1<\/td>\n<\/tr>\n<tr>\n<td width=\"394\">PBOC L1&amp;L2<\/td>\n<\/tr>\n<tr>\n<td width=\"394\">MasterCard PayPass<\/td>\n<\/tr>\n<tr>\n<td width=\"394\">Vizo PayWave<\/td>\n<\/tr>\n<tr>\n<td width=\"394\">VISA Preta<\/td>\n<\/tr>\n<tr>\n<td width=\"394\">PCI-PTS 5.x kun SRED<\/td>\n<\/tr>\n<tr>\n<td width=\"394\">MasterCard TQM<\/td>\n<\/tr>\n<tr>\n<td width=\"394\">AMEX Pagu<\/td>\n<\/tr>\n<tr>\n<td width=\"394\">Bluetooth BQB<\/td>\n<\/tr>\n<tr>\n<td width=\"394\">FCC<\/td>\n<\/tr>\n<tr>\n<td width=\"394\">CE<\/td>\n<\/tr>\n<tr>\n<td width=\"336\">\u015carga Metodo<\/td>\n<td width=\"394\">Mikro USB<\/td>\n<\/tr>\n<tr>\n<td width=\"336\">Baterio<\/td>\n<td width=\"394\">Litia polimero re\u015dargebla baterio 3.7V, pli granda ol 250mAh<\/td>\n<\/tr>\n<tr>\n<td width=\"336\">Dimensioj<\/td>\n<td width=\"394\">66 x 66 x 9.8 mm (LxHxD)<\/td>\n<\/tr>\n<tr>\n<td rowspan=\"2\" width=\"336\">Akcesora\u0135oj<\/td>\n<td width=\"394\">Mikro USB-kablo<\/td>\n<\/tr>\n<tr>\n<td width=\"394\">\u015carga Doko<\/td>\n<\/tr>\n<\/tbody>\n<\/table>","protected":false},"excerpt":{"rendered":"<p>La CR100 mPOS-aparato liveras bonegan rendimenton per EMV-leganto kaj RFID-leganto, certigante fidindan pagpretigon tra pluraj platformoj.<\/p>","protected":false},"featured_media":2021,"template":"","meta":[],"product_brand":[],"product_cat":[15,45,40],"product_tag":[],"class_list":{"0":"post-2020","1":"product","2":"type-product","3":"status-publish","4":"has-post-thumbnail","6":"product_cat-pos-machine","7":"product_cat-contactless-nfc-reader","8":"product_cat-rfid-nfc-reader","10":"first","11":"instock","12":"shipping-taxable","13":"product-type-simple"},"_links":{"self":[{"href":"https:\/\/nfc-readers.com\/eo\/wp-json\/wp\/v2\/product\/2020","targetHints":{"allow":["GET"]}}],"collection":[{"href":"https:\/\/nfc-readers.com\/eo\/wp-json\/wp\/v2\/product"}],"about":[{"href":"https:\/\/nfc-readers.com\/eo\/wp-json\/wp\/v2\/types\/product"}],"wp:featuredmedia":[{"embeddable":true,"href":"https:\/\/nfc-readers.com\/eo\/wp-json\/wp\/v2\/media\/2021"}],"wp:attachment":[{"href":"https:\/\/nfc-readers.com\/eo\/wp-json\/wp\/v2\/media?parent=2020"}],"wp:term":[{"taxonomy":"product_brand","embeddable":true,"href":"https:\/\/nfc-readers.com\/eo\/wp-json\/wp\/v2\/product_brand?post=2020"},{"taxonomy":"product_cat","embeddable":true,"href":"https:\/\/nfc-readers.com\/eo\/wp-json\/wp\/v2\/product_cat?post=2020"},{"taxonomy":"product_tag","embeddable":true,"href":"https:\/\/nfc-readers.com\/eo\/wp-json\/wp\/v2\/product_tag?post=2020"}],"curies":[{"name":"wp","href":"https:\/\/api.w.org\/{rel}","templated":true}]}}