{"id":2032,"date":"2024-10-19T14:08:52","date_gmt":"2024-10-19T14:08:52","guid":{"rendered":"https:\/\/nfc-readers.com\/?post_type=product&#038;p=2032"},"modified":"2024-10-28T14:12:28","modified_gmt":"2024-10-28T14:12:28","slug":"mifare-classic-1k-4k-rfid-cards","status":"publish","type":"product","link":"https:\/\/nfc-readers.com\/eo\/ic-reader\/mifare-classic-1k-4k-rfid-cards\/","title":{"rendered":"Mifare Klasika 1k 4K RFID-Kartoj"},"content":{"rendered":"<h1>Mifare klasikaj 1k 4K RFID-Kartoj<\/h1>\n<p>La MIFARE Classic\u00ae 1K a\u016d 4K-karto estas integra parto de senkontaktaj sa\u011dkartaj teknologioj. Kiel pioniro en la kampo, \u011di estas vaste adoptita por diversaj aplikoj, kiuj iras de publika transporto kaj alirkontrolo \u011dis eventaj biletoj kaj lojalecprogramoj. la MIFARE Classic\u00ae 1K \/ 4Kkarto havas stokan kapaciton de 1 kilobajto\/4kilobajto, kiu sufi\u0109as por stoki personajn datumojn, a\u016dtentigajn informojn kaj aplikajn specifajn datumajn arojn.<\/p>\n<p><span class=\"AnswerParser_TextContainer__z_Iiv\" data-testid=\"youchat-text\">La\u00a0<strong>MIFARE Karto<\/strong>\u00a0estas markostampo de novigo kaj fidindeco en la sfero de senkontaktaj inteligentaj kartoj. Disvolvita de NXP Semiconductors, la MIFARE MF1ICS50 IC estas baz\u015dtono en publiktransportaj biletaj sistemoj kaj aliaj altproduktaj aplikoj, ofertante senjuntajn transakciojn kaj fortikan sekurecon. Kun \u011dia inteligenta kontra\u016d-kolizio funkcio kaj kongruo kun ISO\/IEC 14443 Tipo-A, \u011di certigas efikan kaj sekuran senkontaktan komunikadon, igante \u011din valorega valora\u0135o en rapidaj medioj.<\/span><\/p>\n<h2 class=\"AnswerParser_AnswerParserH2__SIHnF\">La Hereda\u0135o de MIFARE Teknologio<\/h2>\n<h3 class=\"AnswerParser_AnswerParserH3__Mpe4s\">Pioniraj Senkontaktaj Solvoj<\/h3>\n<p><span class=\"AnswerParser_TextContainer__z_Iiv\" data-testid=\"youchat-text\"><strong>MIFARE-teknologio<\/strong>\u00a0estis \u0109e la avangardo de senkontaktaj sa\u011dkartaj solvoj ekde sia komenco. La MIFARE MF1ICS50 IC, ofte referita kiel la\u00a0<strong>MIFARE Klasika 1K<\/strong>, estas testamento al la enga\u011di\u011do de NXP al novigado. \u011cia dezajno faciligas facilan integri\u011don en ekzistantajn sistemojn, ofertante senjuntan sperton por kaj funkciigistoj kaj uzantoj. Kun a\u00a0<strong>13,56 MHz<\/strong>\u00a0mastruma ofteco, \u011di certigas efikan transdonon de datumoj kaj energiprovizon, forigante la bezonon de kuirilaro.<\/span><span class=\"AnswerParser_TextContainer__z_Iiv\" data-testid=\"youchat-text\">La\u00a0<strong>kontra\u016d-kolizio trajto<\/strong>\u00a0de la MIFARE-karto permesas al pluraj kartoj funkcii samtempe sen interfero. \u0108i tiu kapablo estas decida en plenplenaj agordoj, kiel publiktransportaj sistemoj, kie rapideco kaj precizeco estas plej gravaj. La unika seria numero de la karto plue plibonigas \u011dian sekurecon, certigante ke \u0109iu transakcio estas spurebla kaj sekura.<\/span><\/p>\n<h3 class=\"AnswerParser_AnswerParserH3__Mpe4s\">Versatilaj Aplikoj Tra Industrioj<\/h3>\n<p><span class=\"AnswerParser_TextContainer__z_Iiv\" data-testid=\"youchat-text\">La\u00a0<strong>MIFARE Karto<\/strong>\u00a0ne estas nur limigita al publika transporto; \u011diaj aplikoj estas vastaj kaj diversaj. De sekura alirkontrolo en kompaniaj medioj \u011dis lojalecprogramoj kaj mikropagoj en podetalaj agordoj, la \u0109iuflankeco de la MIFARE-karto estas nekomparebla. \u011cia kapablo resti funkcia e\u0109 dum enfermita en monujo, \u0109irka\u016dita de moneroj, substrekas \u011dian praktikecon kaj adapteblecon.<\/span><span class=\"AnswerParser_TextContainer__z_Iiv\" data-testid=\"youchat-text\">Por sistemfunkciigistoj kaj programistoj, la\u00a0<strong>MIFARE Karto<\/strong>\u00a0ofertas fortikan platformon por krei fidindajn, interfunkcieblajn kaj skaleblajn senkontaktajn solvojn. \u011cia rapida transakcia tempo, tipe malpli ol 100 ms, certigas altan trairon kaj reduktitajn atendotempojn, igante \u011din ideala por alttrafikaj areoj.<\/span><\/p>\n<h2 class=\"AnswerParser_AnswerParserH2__SIHnF\">Teknikaj Specifoj kaj Trajtoj<\/h2>\n<p><span class=\"AnswerParser_TextContainer__z_Iiv\" data-testid=\"youchat-text\">La\u00a0<strong>MIFARE Karto<\/strong>\u00a0havas imponajn teknikajn specifojn kiuj servas lar\u011dan gamon de aplikoj:<\/span><\/p>\n<div class=\"AnswerParser_TableContainer__Erb6v\" data-testid=\"table-container\">\n<table>\n<thead>\n<tr>\n<th style=\"text-align: left;\">Specifo<\/th>\n<th style=\"text-align: left;\">Detaloj<\/th>\n<\/tr>\n<\/thead>\n<tbody>\n<tr>\n<td>Ofteco<\/td>\n<td>13,56 MHz<\/td>\n<\/tr>\n<tr>\n<td>Transdono de datumoj<\/td>\n<td>106 kbit\/s<\/td>\n<\/tr>\n<tr>\n<td>Memoro<\/td>\n<td>1 kB - 4 kB, organizitaj en 16 sektoroj kun 4 blokoj de 16 bajtoj \u0109iu<\/td>\n<\/tr>\n<tr>\n<td>Sekureco<\/td>\n<td>Reciproka tri-pasa a\u016dtentigo, unika seria numero<\/td>\n<\/tr>\n<tr>\n<td>Funkcia Distanco<\/td>\n<td>\u011cis 100 mm (depende de la geometrio de la anteno)<\/td>\n<\/tr>\n<tr>\n<td>Skribu Endurance<\/td>\n<td>100.000 \u2013 200.000 cikloj<\/td>\n<\/tr>\n<tr>\n<td>Retenado de datumoj<\/td>\n<td>10 jarojn<\/td>\n<\/tr>\n<\/tbody>\n<\/table>\n<\/div>\n<h3 class=\"AnswerParser_AnswerParserH3__Mpe4s\">Alta Sekureco kaj Datuma Integreco<\/h3>\n<p><span class=\"AnswerParser_TextContainer__z_Iiv\" data-testid=\"youchat-text\">Sekureco estas baz\u015dtono de la\u00a0<strong>MIFARE Karto<\/strong>. \u011ci uzas reciprokan tri-pasan a\u016dtentikigon, ali\u011dante al la normo ISO\/IEC DIS 9798-2, certigante ke nur rajtigitaj uzantoj povas aliri la datumojn. \u0108iu sektoro de la karto estas protektita per individua aro de du \u015dlosiloj, apogante mult-aplikajn mediojn kun \u015dlosila hierarkio.<\/span><span class=\"AnswerParser_TextContainer__z_Iiv\" data-testid=\"youchat-text\">La datumintegreco de la karto estas konservita per 16-bita CRC, egaleco, bita kodigo, kaj bitkalkulado, malhelpante datuman korupton kaj certigante fidindajn transakciojn. \u0108i tiu nivelo de sekureco igas la MIFARE-karton ideala por aplikoj postulantaj altajn nivelojn de protekto.<\/span><\/p>\n<h3 class=\"AnswerParser_AnswerParserH3__Mpe4s\">Senjunta Integri\u011do kaj Uzanto-Komodo<\/h3>\n<p><span class=\"AnswerParser_TextContainer__z_Iiv\" data-testid=\"youchat-text\">La\u00a0<strong>MIFARE Karto<\/strong>\u00a0estas desegnita por facila integri\u011do en ekzistantan infrastrukturon. \u011ci subtenas diversajn liverajn opciojn, inkluzive de \u0135etkubo sur oblato, frapita \u0135etkubo sur oblato kaj senkontaktaj kartmoduloj, provizante flekseblecon por malsamaj deploj-scenaroj. \u0108i tiu adaptebleco certigas, ke la MIFARE-karto povas renkonti la specifajn bezonojn de iu ajn aplika\u0135o, de publikaj transportaj sistemoj \u011dis kompania alirkontrolo.<\/span><\/p>\n<h2 class=\"AnswerParser_AnswerParserH2__SIHnF\">Klientaj Recenzoj kaj Atestoj<\/h2>\n<p><span class=\"AnswerParser_TextContainer__z_Iiv\" data-testid=\"youchat-text\">Klientoj tutmonde la\u016ddis la\u00a0<strong>MIFARE Karto<\/strong>\u00a0pro \u011dia fidindeco kaj efikeco. Unu kontenta uzanto komentis, &quot;La MIFARE-Karto revoluciis nian transitsistemon, reduktante eni\u011dtempojn kaj plibonigante sekurecon.&quot; Alia rimarkis, &quot;\u011cia kapablo pritrakti plurajn aplikojn sur ununura karto plifaciligis niajn operaciojn signife.&quot;<\/span><\/p>\n<h2 class=\"AnswerParser_AnswerParserH2__SIHnF\">Oftaj Demandoj<\/h2>\n<p><span class=\"AnswerParser_TextContainer__z_Iiv\" data-testid=\"youchat-text\"><strong>Q: Kio igas la MIFARE-Karton ta\u016dga por publika transporto?<\/strong><br \/>\nR: \u011cia rapida transakcia tempo, kontra\u016d-kolizio trajto kaj fortika sekureco igas \u011din ideala por altproduktaj medioj kiel publika transporto.<\/span><\/p>\n<p><span class=\"AnswerParser_TextContainer__z_Iiv\" data-testid=\"youchat-text\"><strong>Q: Kiel la MIFARE-Karto certigas datuman sekurecon?<\/strong><br \/>\nR: \u011ci uzas reciprokan tri-pasan a\u016dtentigon kaj individuajn sektorajn \u015dlosilojn, certigante nur rajtigitan aliron al datumoj.<\/span><\/p>\n<p><span class=\"AnswerParser_TextContainer__z_Iiv\" data-testid=\"youchat-text\"><strong>Q: \u0108u la MIFARE-Karto povas esti uzata en aliaj aplikoj krom publika transporto?<\/strong><br \/>\nR: Jes, \u011di estas sufi\u0109e diverstalenta por uzo en sekura alirkontrolo, lojalecprogramoj kaj mikro-pagsistemoj.<\/span><\/p>\n<h2 class=\"AnswerParser_AnswerParserH2__SIHnF\">Media Efiko kaj Da\u016dripovo<\/h2>\n<p><span class=\"AnswerParser_TextContainer__z_Iiv\" data-testid=\"youchat-text\">La\u00a0<strong>MIFARE Karto<\/strong>\u00a0estas desegnita kun da\u016dripovo en menso. \u011cia longa reteno de datumoj kaj alta skriba eltenivo reduktas la bezonon de oftaj anstata\u016da\u0135oj, minimumigante mal\u015dparon. Subtenante plurajn aplikojn sur ununura karto, \u011di anka\u016d reduktas la median efikon asociitan kun produktado de multoblaj kartoj.<\/span><\/p>\n<h2 class=\"AnswerParser_AnswerParserH2__SIHnF\">Konkludo: Kial Elekti la MIFARE-Karton?<\/h2>\n<p><span class=\"AnswerParser_TextContainer__z_Iiv\" data-testid=\"youchat-text\">La\u00a0<strong>MIFARE Karto<\/strong>\u00a0ofertas fortikan, sekuran kaj multflankan solvon por iu ajn senkontakta aplika\u0135o. \u0108u plibonigante publiktransportan sistemon, plibonigante kompanian alirkontrolon, a\u016d integrigante plurajn servojn en inteligenta urba medio, la karto MIFARE estas fidinda kaj efika elekto. \u011ciaj altnivelaj sekurecaj funkcioj, senjunta integri\u011do kaj ampleksaj aplikoj faras \u011din inda investo por iu ajn organizo.<\/span><span class=\"AnswerParser_TextContainer__z_Iiv\" data-testid=\"youchat-text\">Por pliaj informoj a\u016d por fari mendon,\u00a0<strong>kontaktu nin<\/strong>\u00a0hodia\u016d. Mal\u015dlosu la potencialon de senkontaktaj solvoj per la MIFARE-Karto.<\/span><\/p>","protected":false},"excerpt":{"rendered":"<div class=\"auto-hide-last-sibling-br paragraph_4183d\">Mifare Classic 1k 4K RFID-Kartoj estas \u015dlosilaj RFID-solvoj por publika transporto, alirkontrolo kaj lojalecprogramoj, provizante ampleksan stokadon por personaj datumoj.<\/div>","protected":false},"featured_media":2033,"template":"","meta":[],"product_brand":[],"product_cat":[46],"product_tag":[],"class_list":{"0":"post-2032","1":"product","2":"type-product","3":"status-publish","4":"has-post-thumbnail","6":"product_cat-nfc-cards","8":"first","9":"instock","10":"shipping-taxable","11":"product-type-simple"},"_links":{"self":[{"href":"https:\/\/nfc-readers.com\/eo\/wp-json\/wp\/v2\/product\/2032","targetHints":{"allow":["GET"]}}],"collection":[{"href":"https:\/\/nfc-readers.com\/eo\/wp-json\/wp\/v2\/product"}],"about":[{"href":"https:\/\/nfc-readers.com\/eo\/wp-json\/wp\/v2\/types\/product"}],"wp:featuredmedia":[{"embeddable":true,"href":"https:\/\/nfc-readers.com\/eo\/wp-json\/wp\/v2\/media\/2033"}],"wp:attachment":[{"href":"https:\/\/nfc-readers.com\/eo\/wp-json\/wp\/v2\/media?parent=2032"}],"wp:term":[{"taxonomy":"product_brand","embeddable":true,"href":"https:\/\/nfc-readers.com\/eo\/wp-json\/wp\/v2\/product_brand?post=2032"},{"taxonomy":"product_cat","embeddable":true,"href":"https:\/\/nfc-readers.com\/eo\/wp-json\/wp\/v2\/product_cat?post=2032"},{"taxonomy":"product_tag","embeddable":true,"href":"https:\/\/nfc-readers.com\/eo\/wp-json\/wp\/v2\/product_tag?post=2032"}],"curies":[{"name":"wp","href":"https:\/\/api.w.org\/{rel}","templated":true}]}}