{"id":2038,"date":"2024-04-19T14:36:49","date_gmt":"2024-04-19T14:36:49","guid":{"rendered":"https:\/\/nfc-readers.com\/?post_type=product&#038;p=2038"},"modified":"2024-09-29T07:24:42","modified_gmt":"2024-09-29T07:24:42","slug":"d20-smart-mpos","status":"publish","type":"product","link":"https:\/\/nfc-readers.com\/eo\/ic-reader\/d20-smart-mpos\/","title":{"rendered":"D20 inteligenta mpos"},"content":{"rendered":"<h1>D20 inteligenta mpos<\/h1>\n<div class=\"p\">Ergonomia desegnita Android-inteligenta POS, kiu ta\u016dgas perfekte en la mano. Tu\u015dekrano de 4&quot;, QR-koda skanilo kaj lar\u011da gamo de konekteblecoj bonvenigas vin kun pli komforta pagsperto.<\/div>\n<div><\/div>\n<div class=\"p_list\">\n<div class=\"span clearfix\">Alta rendimento<\/div>\n<div><\/div>\n<div class=\"span clearfix\">Multkonektebleco: 4G\/3G\/2G\/WIFI\/BT<\/div>\n<div><\/div>\n<div class=\"span clearfix\">Kompleta pago subteno: MSR\/IC\/NFC<\/div>\n<div><\/div>\n<\/div>\n<table width=\"539\">\n<tbody>\n<tr>\n<td width=\"166\">OS<\/td>\n<td width=\"373\">Androido 10<\/td>\n<\/tr>\n<tr>\n<td width=\"166\"><\/td>\n<td rowspan=\"2\" width=\"373\">Aplika CPU: 4*A53@ 1.8GHz Sekureca CPU: 32-bita ARM 192MHz<\/td>\n<\/tr>\n<tr>\n<td width=\"166\">Procesoro<\/td>\n<\/tr>\n<tr>\n<td rowspan=\"2\" width=\"166\">Memoro<\/td>\n<td width=\"373\">1GB + 16GB<\/td>\n<\/tr>\n<tr>\n<td width=\"373\">2GB + 16GB (La\u016dvola)<\/td>\n<\/tr>\n<tr>\n<td width=\"166\"><\/td>\n<td width=\"373\">4.0&quot; 480 * 800 TFT IPS Ekrano<\/td>\n<\/tr>\n<tr>\n<td width=\"166\">Montru<\/td>\n<td width=\"373\">Tu\u015dekrana ekrano<\/td>\n<\/tr>\n<tr>\n<td width=\"166\"><\/td>\n<td width=\"373\">LTE kaj WCDMA kaj GSM<\/td>\n<\/tr>\n<tr>\n<td width=\"166\">Komunikadoj<\/td>\n<td width=\"373\">Bluetooth 5.0 I WiFi: 802.11 a\/b\/g\/n\/ac, 2.4GHz&amp;5G, Subtenas AP<\/td>\n<\/tr>\n<tr>\n<td width=\"166\">Satelita Pozicio<\/td>\n<td width=\"373\">GPS | A-GPS | GLONASS<\/td>\n<\/tr>\n<tr>\n<td width=\"166\">Fotilo<\/td>\n<td width=\"373\">Malanta\u016da: 0.3M FF-pikseloj<\/td>\n<\/tr>\n<tr>\n<td width=\"166\">EMV Kartolegilo<\/td>\n<td width=\"373\">EMV L1 &amp; L2<\/td>\n<\/tr>\n<tr>\n<td width=\"166\">NFC-leganto<\/td>\n<td width=\"373\">EMV Senkontakta L1<\/td>\n<\/tr>\n<tr>\n<td width=\"166\">Magneta Stria Kartoleganto<\/td>\n<td width=\"373\">ISO-7811\/7813\/7810<\/td>\n<\/tr>\n<tr>\n<td width=\"166\"><\/td>\n<td width=\"373\">PCI PTS 5.x SRED<\/td>\n<\/tr>\n<tr>\n<td width=\"166\"><\/td>\n<td width=\"373\">EMV L1&amp;L2, EMV Senkontakta L1<\/td>\n<\/tr>\n<tr>\n<td width=\"166\">Atestiloj<\/td>\n<td width=\"373\">Visa Paywave, MasterCard Paypass, Amex Expresspay Discovery D-PAS, Rupay qSPARC<\/td>\n<\/tr>\n<tr>\n<td width=\"166\"><\/td>\n<td width=\"373\">Sekureco de PCI PIN, MasterCard TQM CE, FCC, BQB, RoHS, WEEE<\/td>\n<\/tr>\n<tr>\n<td width=\"166\">Adaptilo<\/td>\n<td width=\"373\">DC 5V\/1A<\/td>\n<\/tr>\n<tr>\n<td width=\"166\">Baterio<\/td>\n<td width=\"373\">4.35V\/2450mAh<\/td>\n<\/tr>\n<tr>\n<td width=\"166\">A\u016ddio<\/td>\n<td width=\"373\">Parolanto<\/td>\n<\/tr>\n<tr>\n<td width=\"166\"><\/td>\n<td width=\"373\">1 Tipo-C (OTG)<\/td>\n<\/tr>\n<tr>\n<td width=\"166\">Ekstercentraj Havenoj<\/td>\n<td width=\"373\">1 Nano SIM + 1 Mini SIM + 1 Mini SAM<\/td>\n<\/tr>\n<tr>\n<td width=\"166\"><\/td>\n<td width=\"373\">1 Mikro-SD-Karto-Slopo, Subtenas \u011cis 32 GB<\/td>\n<\/tr>\n<tr>\n<td width=\"166\"><\/td>\n<td width=\"373\">Funkcia temperaturo: 0 \u2103 \u011dis + 45 \u2103<\/td>\n<\/tr>\n<tr>\n<td width=\"166\">Mediaj Kondi\u0109oj<\/td>\n<td width=\"373\">Stoka temperaturo: 0 \u2103 \u011dis + 50 \u2103<\/td>\n<\/tr>\n<tr>\n<td width=\"166\"><\/td>\n<td width=\"373\">Relativa humideco: 10% al 90% senkondensa<\/td>\n<\/tr>\n<tr>\n<td width=\"166\">Dimensioj<\/td>\n<td width=\"373\">129mm x 68.5mm x 17.4mm, 168g (Inkluzive de Baterio)<\/td>\n<\/tr>\n<\/tbody>\n<\/table>","protected":false},"excerpt":{"rendered":"<p>\u0108i tiu ergonomia Android mPOS havas 4\u2033 tu\u015dekranon kaj QR-kodan skanilon, certigante senjuntan pagsperton kun fortikaj konekteblecoj.<\/p>","protected":false},"featured_media":2039,"template":"","meta":[],"product_brand":[],"product_cat":[15],"product_tag":[],"class_list":{"0":"post-2038","1":"product","2":"type-product","3":"status-publish","4":"has-post-thumbnail","6":"product_cat-pos-machine","8":"first","9":"instock","10":"shipping-taxable","11":"product-type-simple"},"_links":{"self":[{"href":"https:\/\/nfc-readers.com\/eo\/wp-json\/wp\/v2\/product\/2038","targetHints":{"allow":["GET"]}}],"collection":[{"href":"https:\/\/nfc-readers.com\/eo\/wp-json\/wp\/v2\/product"}],"about":[{"href":"https:\/\/nfc-readers.com\/eo\/wp-json\/wp\/v2\/types\/product"}],"wp:featuredmedia":[{"embeddable":true,"href":"https:\/\/nfc-readers.com\/eo\/wp-json\/wp\/v2\/media\/2039"}],"wp:attachment":[{"href":"https:\/\/nfc-readers.com\/eo\/wp-json\/wp\/v2\/media?parent=2038"}],"wp:term":[{"taxonomy":"product_brand","embeddable":true,"href":"https:\/\/nfc-readers.com\/eo\/wp-json\/wp\/v2\/product_brand?post=2038"},{"taxonomy":"product_cat","embeddable":true,"href":"https:\/\/nfc-readers.com\/eo\/wp-json\/wp\/v2\/product_cat?post=2038"},{"taxonomy":"product_tag","embeddable":true,"href":"https:\/\/nfc-readers.com\/eo\/wp-json\/wp\/v2\/product_tag?post=2038"}],"curies":[{"name":"wp","href":"https:\/\/api.w.org\/{rel}","templated":true}]}}