{"id":2046,"date":"2024-04-20T12:17:56","date_gmt":"2024-04-20T12:17:56","guid":{"rendered":"https:\/\/nfc-readers.com\/?post_type=product&#038;p=2046"},"modified":"2024-09-29T07:20:59","modified_gmt":"2024-09-29T07:20:59","slug":"fudan-f08-nfc-card","status":"publish","type":"product","link":"https:\/\/nfc-readers.com\/eo\/ic-reader\/fudan-f08-nfc-card\/","title":{"rendered":"Fudan F08 NFC-karto"},"content":{"rendered":"<h1>Fudan F08 NFC-karto<\/h1>\n<p>La Fudan F08 NFC-karto estas altfrekvenca senkontakta sa\u011dkarto evoluigita de la Fudan Microelectronics Group bazita en \u015canhajo, \u0108inio. \u011ci inkluzivas altnivelajn sekurecajn teknologiojn kaj \u0109ifrajn algoritmojn, ofertante sekuran kaj fidindan identeckonfirmon kaj transdonon de datumoj por diversaj aplikoj. La Fudan F08 estas \u0109efe utiligita en alirkontrolsistemoj, partoprensistemoj, transportbiletoj, kampuskartoj, kaj pli. la karto Fudan F08 kongruas kun aplikoj de la karto MIFARE Classic\u00ae 1K, provizante al uzantoj pliajn elektojn.<\/p>\n<table width=\"388\">\n<tbody>\n<tr style=\"font-style: inherit; font-weight: inherit;\">\n<td style=\"font-style: inherit;\" width=\"137\">\n<p data-spm-anchor-id=\"a2700.details.0.i74.641d36fcHPDT7G\">Materialo<\/p>\n<\/td>\n<td style=\"font-style: inherit;\" width=\"251\">PVC, PETG<\/td>\n<\/tr>\n<tr style=\"font-style: inherit; font-weight: inherit;\">\n<td style=\"font-style: inherit;\" width=\"137\">Grandeco<\/td>\n<td style=\"font-style: inherit;\" width=\"251\">\n<p data-spm-anchor-id=\"a2700.details.0.i69.641d36fcHPDT7G\">CR80 85.5 * 54mm kiel kreditkarto a\u016d personecigita grandeco a\u016d neregula formo<\/p>\n<\/td>\n<\/tr>\n<tr style=\"font-style: inherit; font-weight: inherit;\">\n<td style=\"font-style: inherit;\" width=\"137\">Dikeco<\/td>\n<td style=\"font-style: inherit;\" width=\"251\">0.84mm kiel kreditkarto a\u016d personecigita dikeco<\/td>\n<\/tr>\n<tr style=\"font-style: inherit; font-weight: inherit;\">\n<td style=\"font-style: inherit;\" width=\"137\">Presado<\/td>\n<td style=\"font-style: inherit;\" width=\"251\">Heidelberg-ofseta presado \/ Pantone kolora presado \/ Ekranpreso: 100%-kongrua kliento bezonata koloro a\u016d specimeno<\/td>\n<\/tr>\n<tr style=\"font-style: inherit; font-weight: inherit;\">\n<td style=\"font-style: inherit;\" width=\"137\">Surfaco<\/td>\n<td style=\"font-style: inherit;\" width=\"251\">Brila, mata, brileta, metala, lasera, a\u016d kun tega\u0135o por termika presilo a\u016d kun speciala lako por ink\u015dpruca presilo Epson<\/td>\n<\/tr>\n<tr style=\"font-style: inherit; font-weight: inherit;\">\n<td style=\"font-style: inherit;\" rowspan=\"10\" width=\"137\">Personigo a\u016d speciala metio<\/td>\n<td style=\"font-style: inherit;\" width=\"251\">Magneta strio: Loco 300oe, Hico 2750oe, 2 a\u016d 3 trakoj, nigra\/ora\/ar\u011denta revuo<\/td>\n<\/tr>\n<tr>\n<td width=\"251\">Strekkodo: EAN-13, EAN-128, CODE128, CODE39, QR-strekkodo, ktp.<\/td>\n<\/tr>\n<tr>\n<td width=\"251\">Reliefado de nombroj a\u016d literoj en ar\u011denta a\u016d ora koloro<\/td>\n<\/tr>\n<tr>\n<td width=\"251\">Metala presado en ora a\u016d ar\u011denta fono<\/td>\n<\/tr>\n<tr>\n<td width=\"251\">Subskribo-panelo \/ Scratch-off panelo<\/td>\n<\/tr>\n<tr>\n<td width=\"251\">Lasergravuraj nombroj<\/td>\n<\/tr>\n<tr>\n<td width=\"251\">Ora\/ar\u011denta folio stampanta<\/td>\n<\/tr>\n<tr>\n<td width=\"251\">UV-punkta presado<\/td>\n<\/tr>\n<tr>\n<td width=\"251\">Sako ronda a\u016d ovala truo<\/td>\n<\/tr>\n<tr>\n<td width=\"251\">Sekureca presado: Hologramo, OVI-sekuriga presado, Brajlo, Fluoreska kontra\u016d-nombrilo, Mikroteksta presado<\/td>\n<\/tr>\n<tr style=\"font-style: inherit; font-weight: inherit;\">\n<td style=\"font-style: inherit;\" width=\"137\">13.56Mhz Peceto Havebla<\/td>\n<td style=\"font-style: inherit;\" width=\"251\">NTAG213, NTAG215, NTAG216 ktp.<\/td>\n<\/tr>\n<tr style=\"font-style: inherit; font-weight: inherit;\">\n<td style=\"font-style: inherit;\" rowspan=\"2\" width=\"137\">Aplikoj<\/td>\n<td style=\"font-style: inherit;\" width=\"251\">\n<p data-spm-anchor-id=\"a2700.details.0.i70.641d36fcHPDT7G\">Entreprenoj, lernejo, klubo, reklamado, trafiko, supermerkato, parkado, banko, registaro, asekuro, medicina prizorgo, reklamado,<\/p>\n<\/td>\n<\/tr>\n<tr>\n<td width=\"251\">vizitado ktp.<\/td>\n<\/tr>\n<\/tbody>\n<\/table>","protected":false},"excerpt":{"rendered":"<p>La Fudan F08 NFC-blato estas sekura inteligenta karto ideala por alirkontrolo kaj bileto, kongrua kun RFID MIFARE Classic\u00ae 1K-aplikoj por plia fleksebleco.<\/p>","protected":false},"featured_media":2047,"template":"","meta":[],"product_brand":[],"product_cat":[46],"product_tag":[],"class_list":{"0":"post-2046","1":"product","2":"type-product","3":"status-publish","4":"has-post-thumbnail","6":"product_cat-nfc-cards","8":"first","9":"instock","10":"shipping-taxable","11":"product-type-simple"},"_links":{"self":[{"href":"https:\/\/nfc-readers.com\/eo\/wp-json\/wp\/v2\/product\/2046","targetHints":{"allow":["GET"]}}],"collection":[{"href":"https:\/\/nfc-readers.com\/eo\/wp-json\/wp\/v2\/product"}],"about":[{"href":"https:\/\/nfc-readers.com\/eo\/wp-json\/wp\/v2\/types\/product"}],"wp:featuredmedia":[{"embeddable":true,"href":"https:\/\/nfc-readers.com\/eo\/wp-json\/wp\/v2\/media\/2047"}],"wp:attachment":[{"href":"https:\/\/nfc-readers.com\/eo\/wp-json\/wp\/v2\/media?parent=2046"}],"wp:term":[{"taxonomy":"product_brand","embeddable":true,"href":"https:\/\/nfc-readers.com\/eo\/wp-json\/wp\/v2\/product_brand?post=2046"},{"taxonomy":"product_cat","embeddable":true,"href":"https:\/\/nfc-readers.com\/eo\/wp-json\/wp\/v2\/product_cat?post=2046"},{"taxonomy":"product_tag","embeddable":true,"href":"https:\/\/nfc-readers.com\/eo\/wp-json\/wp\/v2\/product_tag?post=2046"}],"curies":[{"name":"wp","href":"https:\/\/api.w.org\/{rel}","templated":true}]}}