{"id":2052,"date":"2024-10-20T12:32:11","date_gmt":"2024-10-20T12:32:11","guid":{"rendered":"https:\/\/nfc-readers.com\/?post_type=product&#038;p=2052"},"modified":"2024-10-28T13:56:29","modified_gmt":"2024-10-28T13:56:29","slug":"mifare-desfire-ev2-2k-4k-8k-card","status":"publish","type":"product","link":"https:\/\/nfc-readers.com\/eo\/ic-reader\/mifare-desfire-ev2-2k-4k-8k-card\/","title":{"rendered":"\u00a0MIFARE Desfire EV2 2K 4K 8K Karto\u00a0"},"content":{"rendered":"<h1><span class=\"AnswerParser_TextContainer__z_Iiv\" data-testid=\"youchat-text\">\u00a0<strong>MIFARE Desfire EV2 2K 4K 8K Karto<\/strong>\u00a0<\/span><\/h1>\n<p><span class=\"AnswerParser_TextContainer__z_Iiv\" data-testid=\"youchat-text\"><strong>MIFARE Desfire EV2 2K 4K 8K Karto<\/strong>\u00a0elstaras kiel signo de novigo kaj fidindeco. Desegnita de NXP, \u0109i tiu karto estas la dua evoluo en la familio MIFARE DESFire, ofertante plifortigitan sekurecon, superan rendimenton kaj plur-aplikan subtenon. \u0108u temas pri biletoj pri publika transporto, sekura aliradministrado a\u016d mikropagoj, MIFARE Desfire EV2 estas la ideala elekto por sistemfunkciigistoj kaj programistoj ser\u0109antaj skaleblajn kaj kunfunkcieblajn senkontaktajn solvojn.<\/span><\/p>\n<h2 class=\"AnswerParser_AnswerParserH2__SIHnF\">Nekomparebla Sekureco kaj Efikeco<\/h2>\n<p><span class=\"AnswerParser_TextContainer__z_Iiv\" data-testid=\"youchat-text\">La\u00a0<strong>MIFARE Desfire EV2<\/strong>\u00a0estas konstruita sur malfermaj tutmondaj normoj, certigante kongruecon kaj sekurecon tra diversaj aplikoj. \u011ci subtenas DES, 2K3DES, 3K3DES, kaj AES-hardvarajn \u0109ifradalgoritmojn, provizante fortikan protekton por transdono de datumoj. \u0108i tiu karto estas atestita por Komunaj Kriterioj EAL5+, sekureca nivelo komparebla al tiu uzata en bankkartoj kaj elektronikaj pasportoj, certigante ke viaj transakcioj estas sekuraj kaj fidindaj.<\/span><\/p>\n<h3 class=\"AnswerParser_AnswerParserH3__Mpe4s\">Multi-Aplikaj Kapabloj<\/h3>\n<p><span class=\"AnswerParser_TextContainer__z_Iiv\" data-testid=\"youchat-text\">Unu el la elstaraj trajtoj de la\u00a0<strong>MIFARE Desfire EV2<\/strong>\u00a0estas \u011dia kapablo subteni plurajn aplikojn sur ununura karto. \u0108i tiu fleksebleco ebligas la integri\u011don de diversaj servoj, kiel publika transporto, a\u016dto a\u016d biciklo-kundivido, kaj aliro al urbaj vidinda\u0135oj, \u0109io sur unu karto. \u0108i tiu kapablo ne nur simpligas uzantan sperton sed anka\u016d subtenas novajn komercajn modelojn kombinante servojn kiel fermitciklajn e-pagajn aplikojn kaj lokajn lojalecprogramojn.\u00a0<\/span><\/p>\n<h3 class=\"AnswerParser_AnswerParserH3__Mpe4s\">Teknikaj Specifoj<\/h3>\n<p><span class=\"AnswerParser_TextContainer__z_Iiv\" data-testid=\"youchat-text\">La\u00a0<strong>MIFARE Desfire EV2<\/strong>\u00a0ofertas gamon da memoropcioj, inkluzive de 2K, 4K kaj 8K bajtoj, ebligante ampleksan datumstokadon kaj aplika\u0135administradon. \u011ci konformas al ISO\/IEC 14443A normoj kaj subtenas la\u016dvolajn ISO\/IEC 7816-4-komandojn, certigante kunfunkcieblecon kun ekzistanta NFC-leginfrastrukturo. La rapidaj transdono de datumoj de la karto, de 106 kbit\/s \u011dis 848 kbit\/s, certigas efikajn kaj rapidajn transakciojn.<\/span><\/p>\n<div class=\"AnswerParser_TableContainer__Erb6v\" data-testid=\"table-container\">\n<table style=\"height: 195px;\" width=\"657\">\n<thead>\n<tr>\n<th>\n<p style=\"text-align: left;\">Specifo<\/p>\n<\/th>\n<th style=\"text-align: left;\">Detaloj<\/th>\n<\/tr>\n<\/thead>\n<tbody>\n<tr>\n<td>Memoraj Opcioj<\/td>\n<td>2K, 4K, 8K bajtoj<\/td>\n<\/tr>\n<tr>\n<td>\u0108ifrado<\/td>\n<td>DES, 2K3DES, 3K3DES, AES<\/td>\n<\/tr>\n<tr>\n<td>Atestado<\/td>\n<td>Komunaj Kriterioj EAL5+<\/td>\n<\/tr>\n<tr>\n<td>Transdono de datumoj<\/td>\n<td>106 kbit\/s \u011dis 848 kbit\/s<\/td>\n<\/tr>\n<tr>\n<td>Normoj<\/td>\n<td>ISO\/IEC 14443A, ISO\/IEC 7816-4<\/td>\n<\/tr>\n<\/tbody>\n<\/table>\n<\/div>\n<h2 class=\"AnswerParser_AnswerParserH2__SIHnF\">Versatilaj Aplikoj<\/h2>\n<h3 class=\"AnswerParser_AnswerParserH3__Mpe4s\">Sekura Publika Transporta Bileto<\/h3>\n<p><span class=\"AnswerParser_TextContainer__z_Iiv\" data-testid=\"youchat-text\">La\u00a0<strong>MIFARE Desfire EV2<\/strong>\u00a0estas ideala por sekura publiktransporta bileto, ofertante fidindan kaj efikan solvon por administri biletkolekton kaj alirkontrolon. \u011ciaj fortikaj sekurecaj trajtoj certigas, ke transakcioj estas protektitaj kontra\u016d fra\u016ddo, provizante trankvilon por amba\u016d funkciigistoj kaj uzantoj.<\/span><\/p>\n<h3 class=\"AnswerParser_AnswerParserH3__Mpe4s\">Multi-Aplika Smart City kaj Movebla Karto<\/h3>\n<p><span class=\"AnswerParser_TextContainer__z_Iiv\" data-testid=\"youchat-text\">En inteligentaj urbaj medioj, la\u00a0<strong>MIFARE Desfire EV2<\/strong>\u00a0funkcias kiel mult-aplika karto, integrante diversajn servojn kiel publika transporto, parkado kaj aliro al urbaj instala\u0135oj. \u0108i tiu integri\u011do simpligas la uzantan sperton kaj plibonigas la efikecon de urbaj moveblaj solvoj.<\/span><\/p>\n<h3 class=\"AnswerParser_AnswerParserH3__Mpe4s\">Administrado de Sekura Aliro<\/h3>\n<p><span class=\"AnswerParser_TextContainer__z_Iiv\" data-testid=\"youchat-text\">Por organizoj postulantaj sekuran aliradministradon, la\u00a0<strong>MIFARE Desfire EV2<\/strong>\u00a0provizas fidindan solvon. \u011ciaj altnivelaj \u0109ifradaj kaj a\u016dtentikigmetodoj certigas, ke nur rajtigitaj individuoj povas aliri sentemajn areojn, plibonigante sekurecon kaj operacian efikecon.<\/span><\/p>\n<h2 class=\"AnswerParser_AnswerParserH2__SIHnF\">Klientaj Recenzoj kaj Atestoj<\/h2>\n<p><span class=\"AnswerParser_TextContainer__z_Iiv\" data-testid=\"youchat-text\"><strong>Uzantoj de la MIFARE Desfire EV2<\/strong>\u00a0konstante la\u016ddis \u011dian fidindecon kaj \u0109iuflankecon. Unu kliento rimarkis, &quot;La kapablo integri plurajn aplikojn sur ununura karto plifaciligis niajn operaciojn signife.&quot; Alia uzanto emfazis la sekurecajn funkciojn de la karto, deklarante, &quot;La fortika \u0109ifrado donas al ni fidon pri la sekureco de niaj transakcioj.&quot;<\/span><\/p>\n<h2 class=\"AnswerParser_AnswerParserH2__SIHnF\">Oftaj Demandoj<\/h2>\n<p><span class=\"AnswerParser_TextContainer__z_Iiv\" data-testid=\"youchat-text\"><strong>Q: Kio faras la MIFARE Desfire EV2 ta\u016dga por plur-aplika\u0135o?<\/strong><br \/>\nR: \u011cia kapablo subteni plurajn aplikojn sur ununura karto, kombinita kun fortikaj sekurecaj funkcioj, igas \u011din ideala por integri diversajn servojn.<\/span><span class=\"AnswerParser_TextContainer__z_Iiv\" data-testid=\"youchat-text\"><strong>Q: Kiel MIFARE Desfire EV2 certigas sekurecon de datumoj?<\/strong><br \/>\nR: La karto uzas altnivelajn \u0109ifradajn algoritmojn, inkluzive de AES, kaj estas atestita por Komunaj Kriterioj EAL5+, certigante altajn nivelojn de datumprotekto.<\/span><span class=\"AnswerParser_TextContainer__z_Iiv\" data-testid=\"youchat-text\"><strong>Q: \u0108u MIFARE Desfire EV2 povas esti uzata kun ekzistanta NFC-infrastrukturo?<\/strong><br \/>\nR: Jes, \u011di estas plene kunfunkciebla kun ekzistanta NFC-leginfrastrukturo, certigante senjuntan integri\u011don.<\/span><\/p>\n<h2 class=\"AnswerParser_AnswerParserH2__SIHnF\">Media Efiko kaj Da\u016dripovo<\/h2>\n<p><span class=\"AnswerParser_TextContainer__z_Iiv\" data-testid=\"youchat-text\">La\u00a0<strong>MIFARE Desfire EV2<\/strong>\u00a0estas desegnita kun da\u016dripovo en menso. \u011cia da\u016dra konstruo certigas longan produktan vivon, reduktante mal\u015dparon kaj la bezonon de oftaj anstata\u016da\u0135oj. Subtenante plurajn aplikojn sur ununura karto, \u011di anka\u016d minimumigas la median efikon asociitan kun produktado kaj forigo de multoblaj kartoj.\u00a0<\/span><\/p>\n<h2 class=\"AnswerParser_AnswerParserH2__SIHnF\">Konkludo: Kial Elekti MIFARE Desfire EV2?<\/h2>\n<p><span class=\"AnswerParser_TextContainer__z_Iiv\" data-testid=\"youchat-text\">La\u00a0<strong>MIFARE Desfire EV2 2K 4K 8K Karto<\/strong>\u00a0ofertas perfektan miksa\u0135on de sekureco, rendimento kaj \u0109iuflankeco por iu ajn senkontakta solvo. \u0108u vi ser\u0109as plibonigi vian publikan transportsistemon, sekurigi aliradministradon a\u016d integri plurajn servojn en inteligenta urba medio, \u0109i tiu karto provizas fortikan kaj fidindan opcion. \u011ciaj altnivelaj \u0109ifradaj kapabloj kaj plur-aplika subteno faras \u011din inda investo por organizoj prioritatantaj sekurecon kaj efikecon.<\/span><span class=\"AnswerParser_TextContainer__z_Iiv\" data-testid=\"youchat-text\">Por pliaj informoj a\u016d por fari mendon,\u00a0<strong>kontaktu nin<\/strong>\u00a0hodia\u016d. Mal\u015dlosu venontan nivelon sekurecon kaj efikecon kun MIFARE Desfire EV2.<\/span><\/p>","protected":false},"excerpt":{"rendered":"<p><span class=\"AnswerParser_TextContainer__z_Iiv\" data-testid=\"youchat-text\">\u00a0<strong>MIFARE Desfire EV2 2K 4K 8K Karto<\/strong> <\/span>estas multflanka NFC-blato, kiu disponigas altan sekurecon, igante \u011din ta\u016dga por RFID-aplikoj en transportado, alirkontrolo kaj pagoj.<\/p>","protected":false},"featured_media":2054,"template":"","meta":[],"product_brand":[],"product_cat":[46],"product_tag":[],"class_list":{"0":"post-2052","1":"product","2":"type-product","3":"status-publish","4":"has-post-thumbnail","6":"product_cat-nfc-cards","8":"first","9":"instock","10":"shipping-taxable","11":"product-type-simple"},"_links":{"self":[{"href":"https:\/\/nfc-readers.com\/eo\/wp-json\/wp\/v2\/product\/2052","targetHints":{"allow":["GET"]}}],"collection":[{"href":"https:\/\/nfc-readers.com\/eo\/wp-json\/wp\/v2\/product"}],"about":[{"href":"https:\/\/nfc-readers.com\/eo\/wp-json\/wp\/v2\/types\/product"}],"wp:featuredmedia":[{"embeddable":true,"href":"https:\/\/nfc-readers.com\/eo\/wp-json\/wp\/v2\/media\/2054"}],"wp:attachment":[{"href":"https:\/\/nfc-readers.com\/eo\/wp-json\/wp\/v2\/media?parent=2052"}],"wp:term":[{"taxonomy":"product_brand","embeddable":true,"href":"https:\/\/nfc-readers.com\/eo\/wp-json\/wp\/v2\/product_brand?post=2052"},{"taxonomy":"product_cat","embeddable":true,"href":"https:\/\/nfc-readers.com\/eo\/wp-json\/wp\/v2\/product_cat?post=2052"},{"taxonomy":"product_tag","embeddable":true,"href":"https:\/\/nfc-readers.com\/eo\/wp-json\/wp\/v2\/product_tag?post=2052"}],"curies":[{"name":"wp","href":"https:\/\/api.w.org\/{rel}","templated":true}]}}