{"id":2081,"date":"2024-10-22T01:16:34","date_gmt":"2024-10-22T01:16:34","guid":{"rendered":"https:\/\/nfc-readers.com\/?post_type=product&#038;p=2081"},"modified":"2024-10-28T14:02:37","modified_gmt":"2024-10-28T14:02:37","slug":"mifare-plus-s-2k-4k-rfid-cards","status":"publish","type":"product","link":"https:\/\/nfc-readers.com\/eo\/ic-reader\/mifare-plus-s-2k-4k-rfid-cards\/","title":{"rendered":"\u00a0MIFARE Plus\u00ae S 2k 4k RFID-Kartoj"},"content":{"rendered":"<h1>\u00a0MIFARE Plus\u00ae S 2k 4k RFID-Kartoj<\/h1>\n<table style=\"height: 505px;\" width=\"655\">\n<tbody>\n<tr style=\"font-style: inherit; font-weight: inherit;\">\n<td style=\"font-style: inherit;\" width=\"172\">\n<p data-spm-anchor-id=\"a2700.details.0.i71.17213ba4RCuUOM\">Ero<\/p>\n<\/td>\n<td style=\"font-style: inherit;\" width=\"252\">\u00a0MIFARE Plus\u00ae S 2k 4k RFID-Karto<\/td>\n<\/tr>\n<tr style=\"font-style: inherit; font-weight: inherit;\">\n<td style=\"font-style: inherit;\" width=\"172\">Specialaj Trajtoj<\/td>\n<td style=\"font-style: inherit;\" width=\"252\">Akvorezista \/ Veterrezista<\/td>\n<\/tr>\n<tr style=\"font-style: inherit; font-weight: inherit;\">\n<td style=\"font-style: inherit;\" width=\"172\">Komunika Interfaco<\/td>\n<td style=\"font-style: inherit;\" width=\"252\">RFID<\/td>\n<\/tr>\n<tr style=\"font-style: inherit; font-weight: inherit;\">\n<td style=\"font-style: inherit;\" width=\"172\">Loko de Origino<\/td>\n<td style=\"font-style: inherit;\" width=\"252\">Guangdong, \u0108inio<\/td>\n<\/tr>\n<tr style=\"font-style: inherit; font-weight: inherit;\">\n<td style=\"font-style: inherit;\" width=\"172\">Ofteco<\/td>\n<td style=\"font-style: inherit;\" width=\"252\">13.56 MHz<\/td>\n<\/tr>\n<tr style=\"font-style: inherit; font-weight: inherit;\">\n<td style=\"font-style: inherit;\" width=\"172\">Blato<\/td>\n<td style=\"font-style: inherit;\" width=\"252\">MIFARE Plus\u00ae S 2K (MIFARE\u00ae kaj MIFARE Plus\u00ae estas registritaj varmarkoj de NXP BV kaj estas uzataj la\u016d licenco.)<\/td>\n<\/tr>\n<tr style=\"font-style: inherit; font-weight: inherit;\">\n<td style=\"font-style: inherit;\" width=\"172\">Materialo<\/td>\n<td style=\"font-style: inherit;\" width=\"252\">PVC<\/td>\n<\/tr>\n<tr style=\"font-style: inherit; font-weight: inherit;\">\n<td style=\"font-style: inherit;\" width=\"172\">Apliko<\/td>\n<td style=\"font-style: inherit;\" width=\"252\">Alirkontrola Sistemo<\/td>\n<\/tr>\n<tr style=\"font-style: inherit; font-weight: inherit;\">\n<td style=\"font-style: inherit;\" width=\"172\">Protokolo<\/td>\n<td style=\"font-style: inherit;\" width=\"252\">ISO 14443A<\/td>\n<\/tr>\n<tr style=\"font-style: inherit; font-weight: inherit;\">\n<td style=\"font-style: inherit;\" width=\"172\">Dikeco<\/td>\n<td style=\"font-style: inherit;\" width=\"252\">0.84mm\/Personigita<\/td>\n<\/tr>\n<tr style=\"font-style: inherit; font-weight: inherit;\">\n<td style=\"font-style: inherit;\" width=\"172\">Surfaca Fino<\/td>\n<td style=\"font-style: inherit;\" width=\"252\">Brila.frostita.mata<\/td>\n<\/tr>\n<tr style=\"font-style: inherit; font-weight: inherit;\">\n<td style=\"font-style: inherit;\" width=\"172\">Eniga kapacitanco [pF]<\/td>\n<td style=\"font-style: inherit;\" width=\"252\">17\/70 PF<\/td>\n<\/tr>\n<tr style=\"font-style: inherit; font-weight: inherit;\">\n<td style=\"font-style: inherit;\" width=\"172\">\u015closillongo<\/td>\n<td style=\"font-style: inherit;\" width=\"252\">48-bita Crypto-1, 128-bita AES<\/td>\n<\/tr>\n<tr style=\"font-style: inherit; font-weight: inherit;\">\n<td style=\"font-style: inherit;\" width=\"172\">Memormodelo<\/td>\n<td style=\"font-style: inherit;\" width=\"252\">Kompaktaj, sektoroj kaj 16-bajtaj blokoj<\/td>\n<\/tr>\n<tr style=\"font-style: inherit; font-weight: inherit;\">\n<td style=\"font-style: inherit;\" width=\"172\">NFC-konformeco<\/td>\n<td style=\"font-style: inherit;\" width=\"252\">NFC kapabla en SL3<\/td>\n<\/tr>\n<\/tbody>\n<\/table>\n<p>&nbsp;<\/p>\n<p><span class=\"AnswerParser_TextContainer__z_Iiv\" data-testid=\"youchat-text\"><strong>MIFARE Plus\u00ae S 2k 4k RFID-Kartoj<\/strong>\u00a0estas la solvo de la industrio por anta\u016denigi viajn ekzistantajn sistemojn al la sekva nivelo. \u0108i tiuj kartoj provizas senjuntan migradon de MIFARE Classic, certigante pli altan sekurecon per AES-128-\u0109ifrado kaj konservante kongruon kun via nuna infrastrukturo. Kun supera datuma integreco kaj sekura komunikado, ili estas la plej bona elekto por plibonigi viajn RFID-aplikojn.<\/span><\/p>\n<h2 class=\"AnswerParser_AnswerParserH2__SIHnF\">Mal\u015dlosu Altsekurecajn Solvojn kun MIFARE Plus\u00ae S<\/h2>\n<p><span class=\"AnswerParser_TextContainer__z_Iiv\" data-testid=\"youchat-text\">La\u00a0<strong>MIFARE Plus\u00ae S 2k 4k RFID-Kartoj<\/strong>\u00a0elstaras kiel multflanka opcio por organizoj, kiuj volas \u011disdatigi siajn sistemojn. Projektitaj kun fokuso pri sekureco, \u0109i tiuj kartoj efektivigas \u0109ifradon AES-128, certigante, ke viaj datumoj restas protektitaj kontra\u016d nea\u016dtorizita aliro. La uzo de altnivelaj kriptaj metodoj garantias, ke viaj informoj konservas sian integrecon kaj konfidencon.<\/span><span class=\"AnswerParser_TextContainer__z_Iiv\" data-testid=\"youchat-text\">\u0108i tiuj sa\u011dkartoj estas kongruaj kun la MIFARE Klasika, faciligante la transiron de entreprenoj sen anstata\u016digi sian ekzistantan aparataron. \u0108i tiu kongruo permesas kostefikan \u011disdatigon, provizante plibonigitajn sekurecajn funkciojn sen interrompi viajn operaciojn.<\/span><\/p>\n<h3 class=\"AnswerParser_AnswerParserH3__Mpe4s\">Fortika RFID Teknologio<\/h3>\n<p><span class=\"AnswerParser_TextContainer__z_Iiv\" data-testid=\"youchat-text\">Kun ofteco de 13.56MHz, la\u00a0<strong>MIFARE Plus\u00ae S 2k 4k RFID-Kartoj<\/strong>\u00a0proponi fidindan kaj efikan komunikadon. La kartoj estas konstruitaj por elteni diversajn mediajn kondi\u0109ojn, danke al sia akvorezista kaj veterrezista konstruo. Kreitaj el da\u016dra PVC-materialo, ili estas dezajnitaj por longtempa uzo en ajna medio.<\/span><span class=\"AnswerParser_TextContainer__z_Iiv\" data-testid=\"youchat-text\">La kompakta dezajno de \u0109i tiuj RFID-kartoj, havante dikecon de 0.84mm, certigas facilan integri\u011don en viaj nunaj sistemoj. Iliaj agordeblaj surfacaj finpoluroj, inkluzive de brila, frostita kaj mate, ofertas plian flekseblecon por plenumi viajn specifajn dezajnbezonojn.<\/span><\/p>\n<h3 class=\"AnswerParser_AnswerParserH3__Mpe4s\">Altnivelaj Sekurecaj Trajtoj<\/h3>\n<p><span class=\"AnswerParser_TextContainer__z_Iiv\" data-testid=\"youchat-text\">Sekureco estas en la koro de la\u00a0<strong>MIFARE Plus\u00ae S 2k 4k RFID-Kartoj<\/strong>. Enkorpigante AES-128-\u0109ifradon, \u0109i tiuj kartoj ofertas altnivelan protekton. \u0108i tiu \u0109ifrika metodo ne nur a\u016dtentikigas uzantojn, sed anka\u016d certigas datuman integrecon kaj \u0109ifradon, protektante sentemajn informojn kontra\u016d eblaj minacoj.<\/span><span class=\"AnswerParser_TextContainer__z_Iiv\" data-testid=\"youchat-text\">La kartoj subtenas 48-bitajn Crypto-1 kaj 128-bitajn AES-\u015dlosillongojn, provizante multoblajn tavolojn de sekureco. \u0108i tio igas ilin idealaj por aplikoj postulantaj altajn nivelojn de protekto, kiel kompaniaj alirkontrolaj sistemoj, publika transporto kaj financaj transakcioj.<\/span><\/p>\n<h3 class=\"AnswerParser_AnswerParserH3__Mpe4s\">Senjunta Integri\u011do kaj Kongrueco<\/h3>\n<p><span class=\"AnswerParser_TextContainer__z_Iiv\" data-testid=\"youchat-text\">Unu el la signifaj avanta\u011doj de la\u00a0<strong>MIFARE Plus\u00ae S 2k 4k RFID-Kartoj<\/strong>\u00a0estas ilia senjunta integri\u011do kun ekzistantaj sistemoj. \u0108i tiuj kartoj ne nur kongruas kun MIFARE Classic, sed anka\u016d ali\u011das al ISO 14443A protokola normoj, certigante glatan enkorpi\u011don al via nuna infrastrukturo. La NFC-konformeco en SL3 plu plibonigas ilian aplikeblecon en lar\u011da gamo de medioj.<\/span><\/p>\n<h3 class=\"AnswerParser_AnswerParserH3__Mpe4s\">Klientaj Recenzoj kaj Atestoj<\/h3>\n<p><span class=\"AnswerParser_TextContainer__z_Iiv\" data-testid=\"youchat-text\"><strong>Klientoj la\u016ddis la MIFARE Plus\u00ae S 2k 4k RFID-Kartojn<\/strong>\u00a0pro ilia fidindeco kaj facileco de uzo. Unu uzanto rimarkis, &quot;\u011cisdatigi nian alirkontrolsistemon per \u0109i tiuj kartoj estis senjunta. La plibonigitaj sekurecaj funkcioj donas al ni trankvilon.&quot; Alia aldonis, &quot;Ni aprezas la fortikecon kaj konsekvencan agadon de \u0109i tiuj kartoj en diversaj medioj.&quot;<\/span><\/p>\n<h3 class=\"AnswerParser_AnswerParserH3__Mpe4s\">Oftaj Demandoj<\/h3>\n<p><span class=\"AnswerParser_TextContainer__z_Iiv\" data-testid=\"youchat-text\"><strong>Q: Kiel la MIFARE Plus\u00ae S 2k 4k RFID-Kartoj plibonigas sekurecon?<\/strong><br \/>\nR: \u0108i tiuj kartoj utiligas AES-128-\u0109ifradon, certigante datuman integrecon kaj protekton kontra\u016d nea\u016dtorizita aliro.<\/span><\/p>\n<p><span class=\"AnswerParser_TextContainer__z_Iiv\" data-testid=\"youchat-text\"><strong>Q: \u0108u \u0109i tiuj kartoj estas kongruaj kun ekzistantaj MIFARE Classic-sistemoj?<\/strong><br \/>\nR: Jes, ili ofertas kongruon kun MIFARE Classic, ebligante glatan transiron sen bezono de nova aparataro.<\/span><\/p>\n<p><span class=\"AnswerParser_TextContainer__z_Iiv\" data-testid=\"youchat-text\"><strong>Q: Kio estas la tipa apliko por \u0109i tiuj RFID-kartoj?<\/strong><br \/>\nR: Ili estas idealaj por alirkontrolaj sistemoj, kompaniaj medioj kaj publikaj transportaj sistemoj postulantaj altan sekurecon.<\/span><\/p>\n<h3 class=\"AnswerParser_AnswerParserH3__Mpe4s\">Media Efiko kaj Da\u016dripovo<\/h3>\n<p><span class=\"AnswerParser_TextContainer__z_Iiv\" data-testid=\"youchat-text\">La\u00a0<strong>MIFARE Plus\u00ae S 2k 4k RFID-Kartoj<\/strong>\u00a0estas dizajnitaj kun da\u016dripovo en menso. Ilia da\u016dra PVC-konstruo certigas longan produktan vivon, reduktante mal\u015dparon kaj la bezonon de oftaj anstata\u016da\u0135oj. \u011cisdatigante al MIFARE Plus, organizoj anka\u016d povas minimumigi sian median spuron plilongigante la vivon de ekzistantaj sistemoj prefere ol anstata\u016digante ilin tute.<\/span><\/p>\n<h3 class=\"AnswerParser_AnswerParserH3__Mpe4s\">Konkludo: Kial Elekti MIFARE Plus\u00ae S 2k 4k RFID-Kartojn?<\/h3>\n<p><span class=\"AnswerParser_TextContainer__z_Iiv\" data-testid=\"youchat-text\">La\u00a0<strong>MIFARE Plus\u00ae S 2k 4k RFID-Kartoj<\/strong>\u00a0proponas perfektan ekvilibron de sekureco, kongruo kaj fortikeco por iu ajn alirkontrola sistemo. \u0108u vi ser\u0109as \u011disdatigi vian nunan infrastrukturon a\u016d ser\u0109as fidindan solvon por novaj instala\u0135oj, \u0109i tiuj kartoj provizas fortikan kaj sekuran opcion. Iliaj altnivelaj \u0109ifradaj kapabloj kaj senjunta integri\u011do faras ilin inda investo por organizoj prioritatantaj sekurecon kaj efikecon.<\/span><span class=\"AnswerParser_TextContainer__z_Iiv\" data-testid=\"youchat-text\">Por pliaj informoj a\u016d por fari mendon,\u00a0<strong>kontaktu nin<\/strong>\u00a0hodia\u016d. Mal\u015dlosu venontan nivelon sekurecon kaj efikecon kun MIFARE Plus.<\/span><\/p>","protected":false},"excerpt":{"rendered":"<p>La karto MIFARE Plus de NXP estas sekura NFC-\u0109ipsolvo konforma al RFID-normoj, ideala por publika transporto, alirkontrolo kaj pagaplikoj.<\/p>","protected":false},"featured_media":2082,"template":"","meta":[],"product_brand":[],"product_cat":[46],"product_tag":[],"class_list":{"0":"post-2081","1":"product","2":"type-product","3":"status-publish","4":"has-post-thumbnail","6":"product_cat-nfc-cards","8":"first","9":"instock","10":"shipping-taxable","11":"product-type-simple"},"_links":{"self":[{"href":"https:\/\/nfc-readers.com\/eo\/wp-json\/wp\/v2\/product\/2081","targetHints":{"allow":["GET"]}}],"collection":[{"href":"https:\/\/nfc-readers.com\/eo\/wp-json\/wp\/v2\/product"}],"about":[{"href":"https:\/\/nfc-readers.com\/eo\/wp-json\/wp\/v2\/types\/product"}],"wp:featuredmedia":[{"embeddable":true,"href":"https:\/\/nfc-readers.com\/eo\/wp-json\/wp\/v2\/media\/2082"}],"wp:attachment":[{"href":"https:\/\/nfc-readers.com\/eo\/wp-json\/wp\/v2\/media?parent=2081"}],"wp:term":[{"taxonomy":"product_brand","embeddable":true,"href":"https:\/\/nfc-readers.com\/eo\/wp-json\/wp\/v2\/product_brand?post=2081"},{"taxonomy":"product_cat","embeddable":true,"href":"https:\/\/nfc-readers.com\/eo\/wp-json\/wp\/v2\/product_cat?post=2081"},{"taxonomy":"product_tag","embeddable":true,"href":"https:\/\/nfc-readers.com\/eo\/wp-json\/wp\/v2\/product_tag?post=2081"}],"curies":[{"name":"wp","href":"https:\/\/api.w.org\/{rel}","templated":true}]}}