{"id":2109,"date":"2024-04-22T02:26:55","date_gmt":"2024-04-22T02:26:55","guid":{"rendered":"https:\/\/nfc-readers.com\/?post_type=product&#038;p=2109"},"modified":"2024-09-29T01:56:55","modified_gmt":"2024-09-29T01:56:55","slug":"nfc-stickers-ntag213216","status":"publish","type":"product","link":"https:\/\/nfc-readers.com\/eo\/ic-reader\/nfc-stickers-ntag213216\/","title":{"rendered":"NFC-glumarkoj NTAG213 215 216"},"content":{"rendered":"<h1>NFC-glumarkoj NTAG213 215 216<\/h1>\n<table width=\"534\">\n<tbody>\n<tr style=\"font-style: inherit; font-weight: inherit;\">\n<td style=\"font-style: inherit;\" width=\"215\">\n<p data-spm-anchor-id=\"a2700.pc-decorate.0.i49.7c5c3333IeSDv6\">ero<\/p>\n<\/td>\n<td width=\"319\">Specifa\u0135oj<\/td>\n<\/tr>\n<tr style=\"font-style: inherit; font-weight: inherit;\">\n<td style=\"font-style: inherit;\" width=\"215\">\n<p data-spm-anchor-id=\"a2700.pc-decorate.0.i22.bd1b3333wXnVY0\">Loko de Origino<\/p>\n<\/td>\n<td width=\"319\">\u0108inio<\/td>\n<\/tr>\n<tr style=\"font-style: inherit; font-weight: inherit;\">\n<td style=\"font-style: inherit;\" width=\"215\">\n<p data-spm-anchor-id=\"0.0.0.i10.277b4f05XiiaMd\">Atestado<\/p>\n<\/td>\n<td width=\"319\">\n<p data-spm-anchor-id=\"a2700.pc-decorate.0.i10.bd1b3333wXnVY0\">CE\/ROHS<\/p>\n<\/td>\n<\/tr>\n<tr style=\"font-style: inherit; font-weight: inherit;\">\n<td style=\"font-style: inherit;\" width=\"215\">Materialo<\/td>\n<td width=\"319\">\n<p data-spm-anchor-id=\"a2700.pc-decorate.0.i50.7c5c3333IeSDv6\">PET, kovrita papero, epoksio, termika papero, ktp.<\/p>\n<\/td>\n<\/tr>\n<tr style=\"font-style: inherit; font-weight: inherit;\">\n<td style=\"font-style: inherit;\" width=\"215\">Blato<\/td>\n<td width=\"319\">\n<p data-spm-anchor-id=\"a2700.pc-decorate.0.i50.bd1b3333wXnVY0\">NTAG 213\/ NTAG 215\/Ntag 216\/Fudan F08 a\u016d agordu<\/p>\n<\/td>\n<\/tr>\n<tr style=\"font-style: inherit; font-weight: inherit;\">\n<td style=\"font-style: inherit;\" width=\"215\">Ofteco<\/td>\n<td width=\"319\">\n<p data-spm-anchor-id=\"0.0.0.i5.277b4f05QIK8KU\">13.56 MHz<\/p>\n<\/td>\n<\/tr>\n<tr style=\"font-style: inherit; font-weight: inherit;\">\n<td style=\"font-style: inherit;\" width=\"215\">\n<p data-spm-anchor-id=\"a2700.pc-decorate.0.i90.6e273333nK6FqH\">Protokolo<\/p>\n<\/td>\n<td width=\"319\">\n<p data-spm-anchor-id=\"a2700.pc-decorate.0.i51.bd1b3333wXnVY0\">ISO 14443A<\/p>\n<\/td>\n<\/tr>\n<tr style=\"font-style: inherit; font-weight: inherit;\">\n<td style=\"font-style: inherit;\" rowspan=\"3\" width=\"215\">Grandeco<\/td>\n<td width=\"319\">\n<p data-spm-anchor-id=\"a2700.pc-decorate.0.i53.bd1b3333wXnVY0\">Rondaj 18,25, 30, 35,40mm<\/p>\n<\/td>\n<\/tr>\n<tr>\n<td width=\"319\">\n<p data-spm-anchor-id=\"a2700.pc-decorate.0.i53.bd1b3333wXnVY0\">Kvadrato 86*54,40*25,55*18,10*20,18*18,30*15<\/p>\n<\/td>\n<\/tr>\n<tr>\n<td width=\"319\">\n<p data-spm-anchor-id=\"a2700.pc-decorate.0.i53.bd1b3333wXnVY0\">a\u016d personecigita grandeco<\/p>\n<\/td>\n<\/tr>\n<tr style=\"font-style: inherit; font-weight: inherit;\">\n<td style=\"font-style: inherit;\" width=\"215\">\n<p data-spm-anchor-id=\"0.0.0.i1.277b4f05XiiaMd\">Karakteriza\u0135o<\/p>\n<\/td>\n<td width=\"319\">\n<p data-spm-anchor-id=\"a2700.pc-decorate.0.i47.bd1b3333wXnVY0\">bone kunhavigi datumojn per nfc-ebligita telefono, pli rapide kaj pli oportuna ol normalaj etikedoj<\/p>\n<\/td>\n<\/tr>\n<tr style=\"font-style: inherit; font-weight: inherit;\">\n<td style=\"font-style: inherit;\" width=\"215\">\n<p data-spm-anchor-id=\"0.0.0.i8.277b4f05XiiaMd\">Specimeno<\/p>\n<\/td>\n<td width=\"319\">\n<p data-spm-anchor-id=\"a2700.pc-decorate.0.i39.6e273333nK6FqH\">senpage disponebla<\/p>\n<\/td>\n<\/tr>\n<tr style=\"font-style: inherit; font-weight: inherit;\">\n<td style=\"font-style: inherit;\" width=\"215\">\n<p data-spm-anchor-id=\"a2700.pc-decorate.0.i95.6e273333nK6FqH\">Legu distancon<\/p>\n<\/td>\n<td width=\"319\">\n<p data-spm-anchor-id=\"a2700.pc-decorate.0.i89.6e273333nK6FqH\">0-10 cm<\/p>\n<\/td>\n<\/tr>\n<tr style=\"font-style: inherit; font-weight: inherit;\">\n<td style=\"font-style: inherit;\" width=\"215\">\n<p data-spm-anchor-id=\"a2700.pc-decorate.0.i35.6e273333nK6FqH\">Produkta nomo<\/p>\n<\/td>\n<td width=\"319\">\n<p data-spm-anchor-id=\"a2700.pc-decorate.0.i12.bd1b3333wXnVY0\">Propraj NTAG 213 NFC-glumarkoj Rondaj 18mm Blanka Blanka Etikedo NTAG 213 Etikedoj Funkcias Perfekte kun NFC-Ebligita Po\u015dtelefono<\/p>\n<\/td>\n<\/tr>\n<tr style=\"font-style: inherit; font-weight: inherit;\">\n<td style=\"font-style: inherit;\" rowspan=\"3\" width=\"215\">Personigo<\/td>\n<td style=\"font-style: inherit;\" width=\"319\">-propra emblemo, koloro presita por surfaca papero<\/td>\n<\/tr>\n<tr>\n<td width=\"319\">-propra surfaca materialo<\/td>\n<\/tr>\n<tr>\n<td width=\"319\">-adaptitaj datumoj skribeblaj en la blato, kiel url (retejo), seriaj numeroj, ktp.<\/td>\n<\/tr>\n<tr style=\"font-style: inherit; font-weight: inherit;\">\n<td style=\"font-style: inherit;\" rowspan=\"3\" width=\"215\">Apliko<\/td>\n<td style=\"font-style: inherit;\" width=\"319\">NFC-sociaj amaskomunikiloj, Lo\u011distiko, administrado, aktivadministrado, provizo\u0109enadministrado, veturila administrado, produktadkontrolo,<\/td>\n<\/tr>\n<tr>\n<td width=\"319\">stokadministrado, produktadministrado, produkta konfirmo, aktiva\u0135ospurado, spurado de baga\u011dmanipulado, stokregistradadministrado,<\/td>\n<\/tr>\n<tr>\n<td width=\"319\">ktp.<\/td>\n<\/tr>\n<\/tbody>\n<\/table>\n<p>&nbsp;<\/p>\n<p><img loading=\"lazy\" decoding=\"async\" class=\"alignnone wp-image-2110\" src=\"https:\/\/nfc-readers.com\/wp-content\/uploads\/2024\/04\/H13e28f218c5e4df380794f87c5769ff4e-300x252.jpg\" alt=\"\" width=\"573\" height=\"481\" srcset=\"https:\/\/nfc-readers.com\/wp-content\/uploads\/2024\/04\/H13e28f218c5e4df380794f87c5769ff4e-300x252.jpg 300w, https:\/\/nfc-readers.com\/wp-content\/uploads\/2024\/04\/H13e28f218c5e4df380794f87c5769ff4e-600x503.jpg 600w, https:\/\/nfc-readers.com\/wp-content\/uploads\/2024\/04\/H13e28f218c5e4df380794f87c5769ff4e.jpg 750w\" sizes=\"auto, (max-width: 573px) 100vw, 573px\" \/><\/p>\n<div class=\"J_module\">\n<div class=\"detail-decorate-json-renderer-container\">\n<div class=\"magic-1\">\n<div class=\"magic-2\">\n<div class=\"magic-3\">\n<div class=\"magic-4\">\n<div class=\"magic-5\" data-spm-anchor-id=\"a2700.details.0.i69.2c8dabc3vwGabt\"><b class=\"magic-6\"><span class=\"magic-7\">Propraj NTAG 213 NFC-glumarkoj Rondaj 18mm Blanka Blanka Etikedo NTAG 213 Etikedoj Funkcias Perfekte kun NFC-Ebligita Po\u015dtelefono<\/span><\/b><\/div>\n<div>\n<div><\/div>\n<\/div>\n<\/div>\n<\/div>\n<\/div>\n<\/div>\n<\/div>\n<\/div>\n<div class=\"J_module\">\n<div class=\"detail-decorate-json-renderer-container\">\n<div class=\"magic-1\">\n<div class=\"magic-2\">\n<div class=\"magic-3\">\n<div class=\"magic-4\"><b><span class=\"magic-8\">Kio Estas NFC-etikedo kaj Kiel \u011ci Funkcias <\/span><\/b><br \/>\nNFC, Near Field Communication, etikedoj estas malgrandaj integraj cirkvitoj dizajnitaj por stoki informojn per kiuj povas esti prenitaj<br \/>\nNFC-ebligitaj aparatoj kiel la sa\u011dtelefonoj kaj tablojdoj. Ili estas malgrandaj glumarkoj, en ronda a\u016d kvadrata formo kaj estas proksimume la grandeco de granda monero. \u0108i tiuj malgrandaj glumarkoj de sendrata teknologio anka\u016d permesas transdonon de datumoj inter du NFC-ebligitaj aparatoj.<\/p>\n<div>\n<div>NFC-etikedoj povas havi malsamajn memorkapablojn; vi povas konservi telefonnumeron a\u016d URL (ret-adreso) kaj por aldoni protekton, NFC-etikedoj povas esti \u015dlositaj tiel ke post kiam datumoj estas skribitaj, \u011di ne povas esti \u015dan\u011dita. Tamen ili povas esti rekoditaj plurfoje \u011dis ili estas \u015dlositaj kaj unufoje \u015dlositaj, NFC-etikedoj ne povas esti mal\u015dlositaj.<\/div>\n<div><\/div>\n<div>Por uzi NFC-etikedojn, vi a\u016d devas frapeti la glumarkon per via NFC-ebligita aparato a\u016d vi devas proksimigi vian aparaton sufi\u0109e (eble unu colo dise) por ke la aparato faru vian programitan oferton.<\/div>\n<\/div>\n<\/div>\n<\/div>\n<\/div>\n<\/div>\n<\/div>\n<\/div>\n<div class=\"J_module\">\n<div class=\"detail-decorate-json-renderer-container\">\n<div class=\"magic-1\">\n<div class=\"magic-2\">\n<div class=\"magic-3\">\n<div class=\"magic-4\"><span class=\"magic-9\"><span class=\"magic-10\"><b>13.56mhz RFID-etikedo, nfc-etikedo estas facile programebla, kiel URL-kodita, por ke \u011di povu funkcii kun Andriod\/IOS-sa\u011dtelefono kun NFC.<br \/>\nKiam NFC-etikedo fermi\u011das al NFC-pozicio sur la sa\u011dtelefono, programita reteja ligo tuj aperas. \u011ci estas \u0109efe uzata por multaj aplikoj kiel vizitkarto, kompania reklamado, inteligenta afi\u015do, eventaj biletoj, industria uzado ktp.<\/b><\/span><\/span><\/p>\n<div><b><span class=\"magic-9\">\u00a0<\/span><\/b><\/div>\n<div><span class=\"magic-10\"><b class=\"magic-9\">Niaj Trajtoj:<br \/>\n<\/b><span class=\"magic-11\" style=\"font-family: Arial;\">1.Personigita<br \/>\n2.Rapida rapido de livero<br \/>\n3.RFID-etikedstrukturo : RFID-Breto + RFID Anteno + Surfacaj Materialoj<br \/>\n4.Profesia provizanto de rfid-produktoj<\/span><\/span><\/div>\n<\/div>\n<\/div>\n<\/div>\n<\/div>\n<\/div>\n<\/div>\n<p>&nbsp;<\/p>\n<p>&nbsp;<\/p>","protected":false},"excerpt":{"rendered":"<p>Kompaktaj NFC-glumarkoj kun NTAG213 215 216 blatoj ebligas inteligentan reklamadon, produktan a\u016dtentikigon kaj rapidan pari\u011don, farante RFID-solvojn alireblajn kaj efikajn.<\/p>","protected":false},"featured_media":2111,"template":"","meta":[],"product_brand":[],"product_cat":[48],"product_tag":[],"class_list":{"0":"post-2109","1":"product","2":"type-product","3":"status-publish","4":"has-post-thumbnail","6":"product_cat-nfc-stickers","8":"first","9":"instock","10":"shipping-taxable","11":"product-type-simple"},"_links":{"self":[{"href":"https:\/\/nfc-readers.com\/eo\/wp-json\/wp\/v2\/product\/2109","targetHints":{"allow":["GET"]}}],"collection":[{"href":"https:\/\/nfc-readers.com\/eo\/wp-json\/wp\/v2\/product"}],"about":[{"href":"https:\/\/nfc-readers.com\/eo\/wp-json\/wp\/v2\/types\/product"}],"wp:featuredmedia":[{"embeddable":true,"href":"https:\/\/nfc-readers.com\/eo\/wp-json\/wp\/v2\/media\/2111"}],"wp:attachment":[{"href":"https:\/\/nfc-readers.com\/eo\/wp-json\/wp\/v2\/media?parent=2109"}],"wp:term":[{"taxonomy":"product_brand","embeddable":true,"href":"https:\/\/nfc-readers.com\/eo\/wp-json\/wp\/v2\/product_brand?post=2109"},{"taxonomy":"product_cat","embeddable":true,"href":"https:\/\/nfc-readers.com\/eo\/wp-json\/wp\/v2\/product_cat?post=2109"},{"taxonomy":"product_tag","embeddable":true,"href":"https:\/\/nfc-readers.com\/eo\/wp-json\/wp\/v2\/product_tag?post=2109"}],"curies":[{"name":"wp","href":"https:\/\/api.w.org\/{rel}","templated":true}]}}