{"id":2117,"date":"2024-04-22T02:40:43","date_gmt":"2024-04-22T02:40:43","guid":{"rendered":"https:\/\/nfc-readers.com\/?post_type=product&#038;p=2117"},"modified":"2024-09-24T06:42:23","modified_gmt":"2024-09-24T06:42:23","slug":"nfc-wet-inlay-ntag213216","status":"publish","type":"product","link":"https:\/\/nfc-readers.com\/eo\/ic-reader\/nfc-wet-inlay-ntag213216\/","title":{"rendered":"NFC seka\/malseka inkrusta\u0135o NTAG213 215 216"},"content":{"rendered":"<h1>NFC seka\/malseka inkrusta\u0135o NTAG213 215 216<\/h1>\n<table width=\"504\">\n<tbody>\n<tr style=\"font-style: inherit; font-weight: inherit;\">\n<td style=\"font-style: inherit;\" width=\"149\">\n<p data-spm-anchor-id=\"a2700.details.0.i60.4f6d26e9ifeROs\">Produkto<\/p>\n<\/td>\n<td style=\"font-style: inherit;\" width=\"355\">Fabrikprovizo 13.56 MHz RFID-glumarketikedoj NFC seka\/malseka inkrusta\u0135o NTAG213 215 216<\/td>\n<\/tr>\n<tr style=\"font-style: inherit; font-weight: inherit;\">\n<td style=\"font-style: inherit;\" width=\"149\">Antena Materialo<\/td>\n<td style=\"font-style: inherit;\" width=\"355\">Aluminio Al (30\u03bcm) + PET (38\u03bcm) + Al-ponto (10\u03bcm)<\/td>\n<\/tr>\n<tr style=\"font-style: inherit; font-weight: inherit;\">\n<td style=\"font-style: inherit;\" width=\"149\">\n<p data-spm-anchor-id=\"a2700.details.0.i59.4f6d26e9ifeROs\">Formo de Anteno<\/p>\n<\/td>\n<td style=\"font-style: inherit;\" width=\"355\">Ronda a\u016d kvadrata<\/td>\n<\/tr>\n<tr style=\"font-style: inherit; font-weight: inherit;\">\n<td style=\"font-style: inherit;\" width=\"149\">Dikeco<\/td>\n<td style=\"font-style: inherit;\" width=\"355\">0.07mm (pecetoloko: 0.23mm)<\/td>\n<\/tr>\n<tr style=\"font-style: inherit; font-weight: inherit;\">\n<td style=\"font-style: inherit;\" width=\"149\">Ofteco<\/td>\n<td style=\"font-style: inherit;\" width=\"355\">13.56MHz<\/td>\n<\/tr>\n<tr style=\"font-style: inherit; font-weight: inherit;\">\n<td style=\"font-style: inherit;\" width=\"149\">Seka inkrusta\u0135o<\/td>\n<td style=\"font-style: inherit;\" width=\"355\">12*18mm, 14.5*14.5mm, 76*45mm, dia 20mm, 40mm, ktp<\/td>\n<\/tr>\n<tr style=\"font-style: inherit; font-weight: inherit;\">\n<td style=\"font-style: inherit;\" width=\"149\">Labortemperaturo<\/td>\n<td style=\"font-style: inherit;\" width=\"355\">-20\u2103 \u011dis +60\u2103<\/td>\n<\/tr>\n<tr style=\"font-style: inherit; font-weight: inherit;\">\n<td style=\"font-style: inherit;\" width=\"149\">Stoka temperaturo<\/td>\n<td style=\"font-style: inherit;\" width=\"355\">-25 \u2103 \u011dis +65 \u2103<\/td>\n<\/tr>\n<tr style=\"font-style: inherit; font-weight: inherit;\">\n<td style=\"font-style: inherit;\" width=\"149\">Laborvivo<\/td>\n<td style=\"font-style: inherit;\" width=\"355\">100000 fojojn \/ 10 jaroj<\/td>\n<\/tr>\n<tr style=\"font-style: inherit; font-weight: inherit;\">\n<td style=\"font-style: inherit;\" width=\"149\">Nominala Lega Gamo<\/td>\n<td style=\"font-style: inherit;\" width=\"355\">2~6cm depende de antena geometrio kaj agordo de leganto<\/td>\n<\/tr>\n<tr style=\"font-style: inherit; font-weight: inherit;\">\n<td style=\"font-style: inherit;\" width=\"149\">Apliko<\/td>\n<td width=\"355\">Identigo, Karto, Lo\u011distiko, Biblioteko, Aktivadministrado, Pago, Aliro<\/td>\n<\/tr>\n<\/tbody>\n<\/table>\n<p>&nbsp;<\/p>\n<p><span style=\"font-size: medium;\"><b>Por kia dozo RFID inkrusta\u0135o uzas?<\/b><\/span><\/p>\n<p><span style=\"color: #0000ff;\">\u2606<\/span>\u00a0 Unue ni devas eltrovi kio estas RFID-seka inkrusto. RFID seka inkrusta\u0135o kunmetita de 3 partoj: Aluminio, pecetaro kaj PET. RFID-seka inkrusta\u0135o estas duonfinita RFID, \u011di povas esti HF a\u016d UHF, kaj povas esti legita de la leganto. \u0108iu RFID seka inkrusta\u0135o havas sian propran unikan ID-numeron.<\/p>\n<p><span style=\"color: #0000ff;\">\u2606<\/span>\u00a0 La seka inkrusta\u0135o RFID povas esti uzata en kartoj, glumarkoj, inteligenta hejma lo\u011dejo ktp.<br \/>\n<span style=\"color: #0000ff;\">\u2606\u00a0<\/span>\u00a0Faktaj aplikoj kiel ekzemple alirkontrolo, administrado de valora\u0135oj, administrado de \u0109eesto, sistemo de identigo de besto, parkumadsistemo, lo\u011distika administrado, industria a\u016dtomatigo, superbazaro, administrado de vendejoj, sekureca sistemo, administrado de medicinaj institucioj ktp.<\/p>\n<p><img loading=\"lazy\" decoding=\"async\" class=\"alignnone wp-image-2119\" src=\"https:\/\/nfc-readers.com\/wp-content\/uploads\/2024\/04\/HTB1wkZ8X6DuK1Rjy1zjq6zraFXae-300x164.jpg\" alt=\"\" width=\"561\" height=\"307\" srcset=\"https:\/\/nfc-readers.com\/wp-content\/uploads\/2024\/04\/HTB1wkZ8X6DuK1Rjy1zjq6zraFXae-300x164.jpg 300w, https:\/\/nfc-readers.com\/wp-content\/uploads\/2024\/04\/HTB1wkZ8X6DuK1Rjy1zjq6zraFXae-600x329.jpg 600w, https:\/\/nfc-readers.com\/wp-content\/uploads\/2024\/04\/HTB1wkZ8X6DuK1Rjy1zjq6zraFXae.jpg 730w\" sizes=\"auto, (max-width: 561px) 100vw, 561px\" \/><\/p>\n<p><img loading=\"lazy\" decoding=\"async\" class=\"alignnone wp-image-2120\" src=\"https:\/\/nfc-readers.com\/wp-content\/uploads\/2024\/04\/HTB1IBVIDTtYBeNjy1Xdq6xXyVXaq-300x300.jpg\" alt=\"\" width=\"561\" height=\"561\" srcset=\"https:\/\/nfc-readers.com\/wp-content\/uploads\/2024\/04\/HTB1IBVIDTtYBeNjy1Xdq6xXyVXaq-300x300.jpg 300w, https:\/\/nfc-readers.com\/wp-content\/uploads\/2024\/04\/HTB1IBVIDTtYBeNjy1Xdq6xXyVXaq-150x150.jpg 150w, https:\/\/nfc-readers.com\/wp-content\/uploads\/2024\/04\/HTB1IBVIDTtYBeNjy1Xdq6xXyVXaq-600x600.jpg 600w, https:\/\/nfc-readers.com\/wp-content\/uploads\/2024\/04\/HTB1IBVIDTtYBeNjy1Xdq6xXyVXaq-100x100.jpg 100w, https:\/\/nfc-readers.com\/wp-content\/uploads\/2024\/04\/HTB1IBVIDTtYBeNjy1Xdq6xXyVXaq.jpg 750w\" sizes=\"auto, (max-width: 561px) 100vw, 561px\" \/><\/p>","protected":false},"excerpt":{"rendered":"<p>NFC-sekaj\/malsekaj inkrusta\u0135oj NTAG213 havas NFC-peceton por multflankaj aplikoj, kun sekaj inkrusta\u0135oj havantaj nur gluajn strukturojn kaj malsekaj inkrusta\u0135oj proponantaj ekstran protekton.<\/p>","protected":false},"featured_media":2122,"template":"","meta":[],"product_brand":[],"product_cat":[48],"product_tag":[],"class_list":{"0":"post-2117","1":"product","2":"type-product","3":"status-publish","4":"has-post-thumbnail","6":"product_cat-nfc-stickers","8":"first","9":"instock","10":"shipping-taxable","11":"product-type-simple"},"_links":{"self":[{"href":"https:\/\/nfc-readers.com\/eo\/wp-json\/wp\/v2\/product\/2117","targetHints":{"allow":["GET"]}}],"collection":[{"href":"https:\/\/nfc-readers.com\/eo\/wp-json\/wp\/v2\/product"}],"about":[{"href":"https:\/\/nfc-readers.com\/eo\/wp-json\/wp\/v2\/types\/product"}],"wp:featuredmedia":[{"embeddable":true,"href":"https:\/\/nfc-readers.com\/eo\/wp-json\/wp\/v2\/media\/2122"}],"wp:attachment":[{"href":"https:\/\/nfc-readers.com\/eo\/wp-json\/wp\/v2\/media?parent=2117"}],"wp:term":[{"taxonomy":"product_brand","embeddable":true,"href":"https:\/\/nfc-readers.com\/eo\/wp-json\/wp\/v2\/product_brand?post=2117"},{"taxonomy":"product_cat","embeddable":true,"href":"https:\/\/nfc-readers.com\/eo\/wp-json\/wp\/v2\/product_cat?post=2117"},{"taxonomy":"product_tag","embeddable":true,"href":"https:\/\/nfc-readers.com\/eo\/wp-json\/wp\/v2\/product_tag?post=2117"}],"curies":[{"name":"wp","href":"https:\/\/api.w.org\/{rel}","templated":true}]}}