{"id":2133,"date":"2024-04-22T03:16:50","date_gmt":"2024-04-22T03:16:50","guid":{"rendered":"https:\/\/nfc-readers.com\/?post_type=product&#038;p=2133"},"modified":"2024-09-24T06:04:13","modified_gmt":"2024-09-24T06:04:13","slug":"silicone-rfid-nfc-wristbands","status":"publish","type":"product","link":"https:\/\/nfc-readers.com\/eo\/ic-reader\/silicone-rfid-nfc-wristbands\/","title":{"rendered":"Silikonaj RFID NFC-Pojnbendoj"},"content":{"rendered":"<table width=\"476\">\n<tbody>\n<tr style=\"font-style: inherit; font-weight: inherit;\">\n<td style=\"font-style: inherit;\" width=\"187\"><span style=\"font-style: inherit; font-weight: inherit;\" data-spm-anchor-id=\"a2700.details.0.i62.23d334f5zYksZe\">Produkto<\/span><\/td>\n<td style=\"font-style: inherit;\" width=\"289\"><span style=\"font-style: inherit; font-weight: inherit;\">\u00a0RFID silikona pojno\u00a0<\/span><\/td>\n<\/tr>\n<tr style=\"font-style: inherit; font-weight: inherit;\">\n<td style=\"font-style: inherit;\" width=\"187\"><span style=\"font-style: inherit; font-weight: inherit;\">\u00a0Materialo\u00a0<\/span><\/td>\n<td style=\"font-style: inherit;\" width=\"289\"><span style=\"font-style: inherit; font-weight: inherit;\">\u00a0Silicono<\/span><\/td>\n<\/tr>\n<tr style=\"font-style: inherit; font-weight: inherit;\">\n<td style=\"font-style: inherit;\" width=\"187\"><span style=\"font-style: inherit; font-weight: inherit;\">\u00a0Grandeco<\/span><\/td>\n<td style=\"font-style: inherit;\" width=\"289\"><span style=\"font-style: inherit; font-weight: inherit;\">\u00a0Personigita<\/span><\/td>\n<\/tr>\n<tr style=\"font-style: inherit; font-weight: inherit;\">\n<td style=\"font-style: inherit;\" width=\"187\"><span style=\"font-style: inherit; font-weight: inherit;\">\u00a0Koloro<\/span><\/td>\n<td style=\"font-style: inherit;\" width=\"289\"><span style=\"font-style: inherit; font-weight: inherit;\">\u00a0Blua \/ ru\u011da \/ nigra \/ blanka \/ flava \/ griza \/ verda \/ rozo, ktp, a\u016d personecigita<\/span><\/td>\n<\/tr>\n<tr style=\"font-style: inherit; font-weight: inherit;\">\n<td style=\"font-style: inherit;\" width=\"187\"><span style=\"font-style: inherit; font-weight: inherit;\">\u00a0Protokolo<\/span><\/td>\n<td width=\"289\"><span style=\"font-style: inherit; font-weight: inherit;\">\u00a0ISO14443A, ISO15693<\/span><\/td>\n<\/tr>\n<tr style=\"font-style: inherit; font-weight: inherit;\">\n<td style=\"font-style: inherit;\" width=\"187\"><span style=\"font-style: inherit; font-weight: inherit;\">\u00a0HF\u0109ipo (13,56 MHz)\u00a0<\/span><\/td>\n<td style=\"font-style: inherit;\" width=\"289\"><span style=\"font-style: inherit; font-weight: inherit;\">\u00a0FM11RF08, S50, S70, M1K, nfc-etikedo213\/216 ktp<\/span><\/td>\n<\/tr>\n<tr style=\"font-style: inherit; font-weight: inherit;\">\n<td style=\"font-style: inherit;\" rowspan=\"4\" width=\"187\"><span style=\"font-style: inherit; font-weight: inherit;\">\u00a0Metio<\/span><\/td>\n<td style=\"font-style: inherit;\" width=\"289\"><span style=\"font-style: inherit; font-weight: inherit;\">\u00a0Agordu presadon<\/span><\/td>\n<\/tr>\n<tr>\n<td width=\"289\"><span style=\"font-style: inherit; font-weight: inherit;\">\u00a0Servo de kodigo disponebla<\/span><\/td>\n<\/tr>\n<tr>\n<td width=\"289\">\u00a0Lasero\/presa UID a\u016d seria numero sur karto<\/td>\n<\/tr>\n<tr>\n<td width=\"289\">\u00a0UID kaj seria numero povas esti provizitaj en Excel-formato<\/td>\n<\/tr>\n<tr style=\"font-style: inherit; font-weight: inherit;\">\n<td style=\"font-style: inherit;\" width=\"187\"><span style=\"font-style: inherit; font-weight: inherit;\">\u00a0Karakteriza\u0135oj<\/span><\/td>\n<td style=\"font-style: inherit;\" width=\"289\"><span style=\"font-style: inherit; font-weight: inherit;\">\u00a0Facila por porti kaj uzi, alta rendimento, malalta kosto, Ekologia amika, Ne-toksa<\/span><\/td>\n<\/tr>\n<tr style=\"font-style: inherit; font-weight: inherit;\">\n<td style=\"font-style: inherit;\" width=\"187\"><span style=\"font-style: inherit; font-weight: inherit;\">\u00a0Apliko\u00a0<\/span><\/td>\n<td style=\"font-style: inherit;\" width=\"289\"><span style=\"font-style: inherit; font-weight: inherit;\">\u00a0Vaste aplikata en festoj, sporta evento, gimnazio, restoracio, maratono ktp, kiel alirkontrolo kaj pago<\/span><\/td>\n<\/tr>\n<\/tbody>\n<\/table>\n<div>Silikonaj RFID-Pojnoj<\/div>\n<div><\/div>\n<div>RFID-BRANDULOJ POR VR-PARKOJ &amp; KAMPGOJN Sekura Komforto. Uzu RFID-pojnojn \u0109e via RV-parko a\u016d kampadejoj por permesi sekuran alirkontrolon al malsamaj areoj de via retejo kaj krei senkontan poseda\u0135on kie \u0109io estas pritraktata per frapeto. Senkontantaj A\u0109etoj.<\/div>\n<div><\/div>\n<div>RFID Pojnetoj por Familiaj Distraj Centroj. Uzu niajn RFID-brajnojn por sekura debeto, NFC kaj POS-transakcioj \u0109e familiaj distraj centroj, arkadoj, kazinoj kaj ludcentroj.<\/div>\n<div><\/div>\n<div>Por ajna Apliko. Deploji niajn akvorezistajn silikonajn RFID-pojnojn ie ajn: la gimnastikejon, na\u011dejon, banurbon, akvoparkon a\u016d hotelon. Pagu man\u011da\u0135ojn, servojn kaj agrabla\u0135ojn per unu frapeto sur nia sistemo a\u016d sur via POS-terminalo. Silikonaj RFID-pojnoj anka\u016d ta\u016dgas por RFID alirkontrolo, \u015dlosado kaj kunlaborantaro monitorado de aplikoj \u0109e via konstrua\u0135o, oficejo, laboratorio a\u016d magazeno.<\/div>\n<div><\/div>\n<div><img loading=\"lazy\" decoding=\"async\" class=\"alignnone wp-image-2134\" src=\"https:\/\/nfc-readers.com\/wp-content\/uploads\/2024\/04\/H41cec2b20d6746e4bf71ea249b81ff01N-300x246.jpg\" alt=\"\" width=\"525\" height=\"431\" srcset=\"https:\/\/nfc-readers.com\/wp-content\/uploads\/2024\/04\/H41cec2b20d6746e4bf71ea249b81ff01N-300x246.jpg 300w, https:\/\/nfc-readers.com\/wp-content\/uploads\/2024\/04\/H41cec2b20d6746e4bf71ea249b81ff01N-1024x839.jpg 1024w, https:\/\/nfc-readers.com\/wp-content\/uploads\/2024\/04\/H41cec2b20d6746e4bf71ea249b81ff01N-768x629.jpg 768w, https:\/\/nfc-readers.com\/wp-content\/uploads\/2024\/04\/H41cec2b20d6746e4bf71ea249b81ff01N-1536x1258.jpg 1536w, https:\/\/nfc-readers.com\/wp-content\/uploads\/2024\/04\/H41cec2b20d6746e4bf71ea249b81ff01N-2048x1678.jpg 2048w, https:\/\/nfc-readers.com\/wp-content\/uploads\/2024\/04\/H41cec2b20d6746e4bf71ea249b81ff01N-600x491.jpg 600w\" sizes=\"auto, (max-width: 525px) 100vw, 525px\" \/><\/div>\n<div><img loading=\"lazy\" decoding=\"async\" class=\"alignnone wp-image-2135\" src=\"https:\/\/nfc-readers.com\/wp-content\/uploads\/2024\/04\/HTB1OdAhDr9YBuNjy0Fgq6AxcXXaH-300x300.jpg\" alt=\"\" width=\"527\" height=\"527\" srcset=\"https:\/\/nfc-readers.com\/wp-content\/uploads\/2024\/04\/HTB1OdAhDr9YBuNjy0Fgq6AxcXXaH-300x300.jpg 300w, https:\/\/nfc-readers.com\/wp-content\/uploads\/2024\/04\/HTB1OdAhDr9YBuNjy0Fgq6AxcXXaH-150x150.jpg 150w, https:\/\/nfc-readers.com\/wp-content\/uploads\/2024\/04\/HTB1OdAhDr9YBuNjy0Fgq6AxcXXaH-600x600.jpg 600w, https:\/\/nfc-readers.com\/wp-content\/uploads\/2024\/04\/HTB1OdAhDr9YBuNjy0Fgq6AxcXXaH-100x100.jpg 100w, https:\/\/nfc-readers.com\/wp-content\/uploads\/2024\/04\/HTB1OdAhDr9YBuNjy0Fgq6AxcXXaH.jpg 750w\" sizes=\"auto, (max-width: 527px) 100vw, 527px\" \/><\/div>\n<div><\/div>\n<div>\n<p>OFTAJ DEMANDOJ:<\/p>\n<p><strong>1. \u0108U VI \u0108U OFFERTI AL NI KELKAN EKSIMENojn ?<\/strong><\/p>\n<p>Post kiam ni scias klare, kiajn produktojn vi bezonas, tiam ni povas proponi similan ekzistantan specimenon por via referenco.<\/p>\n<p>Specimeno senpage kun senda kosto, kiun vi pagis.<\/p>\n<p>Se vi bezonas personigitan etikedan specimenon bazitan sur via dezajno kaj postulo, estas akceptebla specimenkosto \u015dargita la\u016de.<\/p>\n<p>&nbsp;<\/p>\n<p><strong>2. NI NE ESTAS ESPERTA ACHETANTO EN VIA TEKNOLOGIO, KIUN INFORMOJN VI BEZONAS DE NI POR CITI?<\/strong><\/p>\n<p>Kara amiko, bonvolu informi nin klare la aplika\u0135on de la etikedo, kian celon vi volas atingi,<\/p>\n<p>ni proponus al vi la ta\u016dgan produkton en bona prezo<\/p>\n<p>&nbsp;<\/p>\n<p><strong>3. \u0108U NI \u0108U \u0108U VIZITI VIAN FABRIKON ?<\/strong><\/p>\n<p>Jes, kore bonvenigu vian fabrikon. Kaj estas honore esti via gvidisto en via voja\u011do al \u0108inio.<\/p>\n<p>&nbsp;<\/p>\n<\/div>\n<p>&nbsp;<\/p>","protected":false},"excerpt":{"rendered":"<p>Silikonaj RFID-Pojnoj kun NFC-\u0109ipeta teknologio ebligas senkontaktan identigon por biletoj, alirkontrolo kaj administrado de eventoj efike.<\/p>","protected":false},"featured_media":2136,"template":"","meta":[],"product_brand":[],"product_cat":[50],"product_tag":[],"class_list":{"0":"post-2133","1":"product","2":"type-product","3":"status-publish","4":"has-post-thumbnail","6":"product_cat-silicone-rfid-nfc-wristbands","8":"first","9":"instock","10":"shipping-taxable","11":"product-type-simple"},"_links":{"self":[{"href":"https:\/\/nfc-readers.com\/eo\/wp-json\/wp\/v2\/product\/2133","targetHints":{"allow":["GET"]}}],"collection":[{"href":"https:\/\/nfc-readers.com\/eo\/wp-json\/wp\/v2\/product"}],"about":[{"href":"https:\/\/nfc-readers.com\/eo\/wp-json\/wp\/v2\/types\/product"}],"wp:featuredmedia":[{"embeddable":true,"href":"https:\/\/nfc-readers.com\/eo\/wp-json\/wp\/v2\/media\/2136"}],"wp:attachment":[{"href":"https:\/\/nfc-readers.com\/eo\/wp-json\/wp\/v2\/media?parent=2133"}],"wp:term":[{"taxonomy":"product_brand","embeddable":true,"href":"https:\/\/nfc-readers.com\/eo\/wp-json\/wp\/v2\/product_brand?post=2133"},{"taxonomy":"product_cat","embeddable":true,"href":"https:\/\/nfc-readers.com\/eo\/wp-json\/wp\/v2\/product_cat?post=2133"},{"taxonomy":"product_tag","embeddable":true,"href":"https:\/\/nfc-readers.com\/eo\/wp-json\/wp\/v2\/product_tag?post=2133"}],"curies":[{"name":"wp","href":"https:\/\/api.w.org\/{rel}","templated":true}]}}