{"id":2144,"date":"2024-04-22T03:53:51","date_gmt":"2024-04-22T03:53:51","guid":{"rendered":"https:\/\/nfc-readers.com\/?post_type=product&#038;p=2144"},"modified":"2024-09-24T06:02:28","modified_gmt":"2024-09-24T06:02:28","slug":"nfc-smart-ring","status":"publish","type":"product","link":"https:\/\/nfc-readers.com\/eo\/ic-reader\/nfc-smart-ring\/","title":{"rendered":"NFC Smart Ring"},"content":{"rendered":"<table width=\"443\">\n<tbody>\n<tr style=\"font-style: inherit; font-weight: inherit;\">\n<td style=\"font-style: inherit;\" width=\"152\">Produkta Nomo<\/td>\n<td style=\"font-style: inherit;\" width=\"291\">NFC Ringo<\/td>\n<\/tr>\n<tr style=\"font-style: inherit; font-weight: inherit;\">\n<td style=\"font-style: inherit;\" width=\"152\">Materialo<\/td>\n<td style=\"font-style: inherit;\" width=\"291\">Zirconia ceramiko de \u0109efa korpo, epoksia rezino de surfaco<\/td>\n<\/tr>\n<tr style=\"font-style: inherit; font-weight: inherit;\">\n<td style=\"font-style: inherit;\" width=\"152\">Interna diametro de ringo<\/td>\n<td style=\"font-style: inherit;\" width=\"291\">16mm, 17mm, 18mm, 19mm, 20mm, 21mm, 22mm, 23mm<\/td>\n<\/tr>\n<tr style=\"font-style: inherit; font-weight: inherit;\">\n<td style=\"font-style: inherit;\" width=\"152\">Blato<\/td>\n<td style=\"font-style: inherit;\" width=\"291\">NFC 215 213 216, IC (UID), ID (EM4305)<\/td>\n<\/tr>\n<tr style=\"font-style: inherit; font-weight: inherit;\">\n<td style=\"font-style: inherit;\" width=\"152\">Protokolo<\/td>\n<td style=\"font-style: inherit;\" width=\"291\">NFC Foruma Tipo 2 ISO14443A<\/td>\n<\/tr>\n<tr style=\"font-style: inherit; font-weight: inherit;\">\n<td style=\"font-style: inherit;\" width=\"152\">Ofteco<\/td>\n<td style=\"font-style: inherit;\" width=\"291\">13.56MHz<\/td>\n<\/tr>\n<tr style=\"font-style: inherit; font-weight: inherit;\">\n<td style=\"font-style: inherit;\" width=\"152\">Sentante direkton<\/td>\n<td style=\"font-style: inherit;\" width=\"291\">\u0108iodirekta sentado<\/td>\n<\/tr>\n<tr style=\"font-style: inherit; font-weight: inherit;\">\n<td style=\"font-style: inherit;\" width=\"152\">Senta distanco<\/td>\n<td style=\"font-style: inherit;\" width=\"291\">0-10 cm (Dependas de leganto)<\/td>\n<\/tr>\n<tr style=\"font-style: inherit; font-weight: inherit;\">\n<td style=\"font-style: inherit;\" width=\"152\">Pako<\/td>\n<td style=\"font-style: inherit;\" width=\"291\">NFC Ring + manlibro<\/td>\n<\/tr>\n<\/tbody>\n<\/table>\n<p>&nbsp;<\/p>\n<p>Karakteriza\u0135o:<br \/>\nLa inteligenta ringo estas porteblaj aparatoj komponantoj, funkciigas magiajn funkciojn sur po\u015dtelefono kaj funkciigas la moveblan funkcion kaj kundividas la datumojn per NFC sendrata frekvenca komunikado teknologio, la funkcioj de la altnivela dezajno jene: APP-\u015dlosado, A\u016dtomata Kurado, APP-ka\u015da\u0135o, Kunhavigi vizitkarton, Kunhavigi interretan ligon, Kunhavigi la tekston kaj Kunhavigi interretan dosieron. La produkta formo estas desegnita la\u016d la internaciaj popularaj elementoj, kreitaj de la pura medicina titanio, ne necesas \u015dargi, alta akvorezista kaj ta\u016dga por iu ajn homoj iam ajn.<\/p>\n<p>&nbsp;<\/p>\n<p><iframe loading=\"lazy\" title=\"NFC Ringo\" width=\"1020\" height=\"574\" src=\"https:\/\/www.youtube.com\/embed\/rflL5fkvj6c?feature=oembed\" frameborder=\"0\" allow=\"accelerometer; autoplay; clipboard-write; encrypted-media; gyroscope; picture-in-picture; web-share\" referrerpolicy=\"strict-origin-when-cross-origin\" allowfullscreen><\/iframe><\/p>\n<p>&nbsp;<\/p>\n<p><span class=\"magic-26\"><b data-spm-anchor-id=\"a2700.details.0.i59.2acc580aDAbgjP\">A) Kiel mi povus akiri specimenon? <\/b><\/span><\/p>\n<div><span class=\"magic-26\">Anta\u016d ol ni ricevis la unuan mendon, bonvolu pagi la specimenan koston kaj espriman kotizon. Ni resendos la<br \/>\nspecimena kosto reen al vi en via unua mendo. <\/span><\/div>\n<div><\/div>\n<div><\/div>\n<div><\/div>\n<div><span class=\"magic-26\"><b>B) \u0108u vi povus fari nian markon sur viaj produktoj?<\/b><\/span><\/div>\n<div><span class=\"magic-26\">Jes. Ni povas presi vian Logoon sur amba\u016d la produktoj kaj la paka\u0135oj se vi povas renkonti nian MOQ. <\/span><\/div>\n<div><span class=\"magic-26\">\u00a0<\/span><\/div>\n<div><span class=\"magic-26\"><b>C) \u0108u vi povus fari viajn produktojn la\u016d nia koloro? <\/b><\/span><\/div>\n<div><span class=\"magic-26\">Jes, La koloro de produktoj povas esti personecigita se vi povas renkonti nian MOQ. <\/span><\/div>\n<div><span class=\"magic-26\">\u00a0<\/span><\/div>\n<div><span class=\"magic-26\"><b>D) Kiel garantii la kvaliton de viaj produktoj? <\/b><\/span><\/div>\n<div><span class=\"magic-26\" data-spm-anchor-id=\"a2700.details.0.i60.2acc580aDAbgjP\">1) Strikta detekto dum produktado. <\/span><\/div>\n<div><span class=\"magic-26\">2) Strikta specimena inspektado pri produktoj anta\u016d sendo kaj nerompita produkto-paka\u0135o certigas<\/span><\/div>","protected":false},"excerpt":{"rendered":"<p>La NFC Smart Ring, kun NFC-blato kaj RFID-teknologio je 13.56M, ofertas elegantan manieron sendrate interagi kun sa\u011dtelefonoj kaj alirsistemoj.<\/p>","protected":false},"featured_media":2145,"template":"","meta":[],"product_brand":[],"product_cat":[52],"product_tag":[],"class_list":{"0":"post-2144","1":"product","2":"type-product","3":"status-publish","4":"has-post-thumbnail","6":"product_cat-nfc-smart-ring","8":"first","9":"instock","10":"shipping-taxable","11":"product-type-simple"},"_links":{"self":[{"href":"https:\/\/nfc-readers.com\/eo\/wp-json\/wp\/v2\/product\/2144","targetHints":{"allow":["GET"]}}],"collection":[{"href":"https:\/\/nfc-readers.com\/eo\/wp-json\/wp\/v2\/product"}],"about":[{"href":"https:\/\/nfc-readers.com\/eo\/wp-json\/wp\/v2\/types\/product"}],"wp:featuredmedia":[{"embeddable":true,"href":"https:\/\/nfc-readers.com\/eo\/wp-json\/wp\/v2\/media\/2145"}],"wp:attachment":[{"href":"https:\/\/nfc-readers.com\/eo\/wp-json\/wp\/v2\/media?parent=2144"}],"wp:term":[{"taxonomy":"product_brand","embeddable":true,"href":"https:\/\/nfc-readers.com\/eo\/wp-json\/wp\/v2\/product_brand?post=2144"},{"taxonomy":"product_cat","embeddable":true,"href":"https:\/\/nfc-readers.com\/eo\/wp-json\/wp\/v2\/product_cat?post=2144"},{"taxonomy":"product_tag","embeddable":true,"href":"https:\/\/nfc-readers.com\/eo\/wp-json\/wp\/v2\/product_tag?post=2144"}],"curies":[{"name":"wp","href":"https:\/\/api.w.org\/{rel}","templated":true}]}}