{"id":2249,"date":"2024-04-26T07:56:44","date_gmt":"2024-04-26T07:56:44","guid":{"rendered":"https:\/\/nfc-readers.com\/?post_type=product&#038;p=2249"},"modified":"2024-09-24T06:00:37","modified_gmt":"2024-09-24T06:00:37","slug":"contactless-acr1281u-c2-uid-card-reader","status":"publish","type":"product","link":"https:\/\/nfc-readers.com\/eo\/ic-reader\/contactless-acr1281u-c2-uid-card-reader\/","title":{"rendered":"ACR1281U-C2 UID-kartlegilo"},"content":{"rendered":"<h1>ACR1281U-C2 UID-kartlegilo<\/h1>\n<p>La ACR1281U-C2 Karto UID-Leganto estas ideala solvo por senpena integri\u011do en komputilaj medioj, libera de la \u011denoj de instalo de \u015doforoj (Pos Neniu stirado bezonata), kaj dizajnita por funkcii efike tra pluraj sistemoj. Kunigita kun \u011dia kapablo Legi la karton malproksime, uzantcentra dezajno kaj da\u016drema konstruo, \u011di liveras fidindan, rapidan kaj uzant-amikan operacion, tre ta\u016dga por diversaj aplikoj kie sekura kaj rapida identigo estas plej grava.<\/p>\n<ul>\n<li>\n<h2>USB 2.0 Plenrapida Interfaco<\/h2>\n<\/li>\n<li>\n<h2>Klaso por USB HID Klavaro<\/h2>\n<\/li>\n<li>\n<h2>Senkontakta Karta Subteno:<\/h2>\n<ul>\n<li>\n<h3>Lego\/skriba rapideco de \u011dis 848 kbps<\/h3>\n<\/li>\n<li>\n<h3>Enkonstruita anteno por senkontakta aliro de etikedoj, kun kartlega distanco de \u011dis 50 mm (depende de etikedo-tipo)<\/h3>\n<\/li>\n<li>\n<h3>Elportas ISO 14443 Parto 4 Tipo A kaj B-kartojn kaj MIFARE\u00ae-seriojn<\/h3>\n<\/li>\n<li>\n<h3>Enkonstruita kontra\u016dkolizio funkcio (nur unu etikedo estas alirebla iam ajn)<\/h3>\n<\/li>\n<\/ul>\n<\/li>\n<li>\n<h2>USB Firmware \u011cisdatigebleco<\/h2>\n<\/li>\n<li>\n<table width=\"498\">\n<tbody>\n<tr>\n<td colspan=\"2\" width=\"498\">Fizikaj Karakteriza\u0135oj<\/td>\n<\/tr>\n<tr>\n<td width=\"209\">Dimensioj (mm)<\/td>\n<td width=\"289\">120.5 mm (L) x 72.0 mm (L) x 20.4 mm (H)<\/td>\n<\/tr>\n<tr>\n<td width=\"209\">Pezo (g)<\/td>\n<td width=\"289\">140 g<\/td>\n<\/tr>\n<tr>\n<td colspan=\"2\" width=\"498\">USB-Interfaco<\/td>\n<\/tr>\n<tr>\n<td width=\"209\">Protokolo<\/td>\n<td width=\"289\">Klaso por USB HID Klavaro<\/td>\n<\/tr>\n<tr>\n<td width=\"209\">Konektilo Tipo<\/td>\n<td width=\"289\">Norma Tipo A<\/td>\n<\/tr>\n<tr>\n<td width=\"209\">Elektrofonto<\/td>\n<td width=\"289\">De USB-haveno<\/td>\n<\/tr>\n<tr>\n<td width=\"209\">Rapido<\/td>\n<td width=\"289\">USB Plena Rapido (12 Mbps)<\/td>\n<\/tr>\n<tr>\n<td width=\"209\">Longo de kablo<\/td>\n<td width=\"289\">2,0 m, Fiksa<\/td>\n<\/tr>\n<tr>\n<td colspan=\"2\" width=\"498\">Senkontakta Smart Card-Interfaco<\/td>\n<\/tr>\n<tr>\n<td width=\"209\">Normo<\/td>\n<td width=\"289\">ISO 14443 A &amp; B Partoj 1-4, MIFARE\u00ae<\/td>\n<\/tr>\n<tr>\n<td rowspan=\"2\" width=\"209\">Protokolo<\/td>\n<td width=\"289\">ISO 14443-4 Konforma Karto, T=CL<\/td>\n<\/tr>\n<tr>\n<td width=\"289\">MIFARE\u00ae Klasika Karto, T=CL<\/td>\n<\/tr>\n<tr>\n<td colspan=\"2\" width=\"498\">Enkonstruitaj Ekstercentraloj<\/td>\n<\/tr>\n<tr>\n<td width=\"209\">LED<\/td>\n<td width=\"289\">2 unukoloraj: Ru\u011da kaj Verda<\/td>\n<\/tr>\n<tr>\n<td width=\"209\">Zumilo<\/td>\n<td width=\"289\">Monotona<\/td>\n<\/tr>\n<tr>\n<td colspan=\"2\" width=\"498\">Aliaj Trajtoj<\/td>\n<\/tr>\n<tr>\n<td width=\"209\">Firmware \u011cisdatigo<\/td>\n<td width=\"289\">Subtenita<\/td>\n<\/tr>\n<tr>\n<td colspan=\"2\" width=\"498\">Atestoj\/Konformo<\/td>\n<\/tr>\n<tr>\n<td rowspan=\"6\" width=\"209\">Atestoj\/Konformo<\/td>\n<td width=\"289\">ISO 14443<\/td>\n<\/tr>\n<tr>\n<td width=\"289\">USB Plena Rapido<\/td>\n<\/tr>\n<tr>\n<td width=\"289\">USB-HID<\/td>\n<\/tr>\n<tr>\n<td width=\"289\">CE<\/td>\n<\/tr>\n<tr>\n<td width=\"289\">FCC<\/td>\n<\/tr>\n<tr>\n<td width=\"289\">RoHS<\/td>\n<\/tr>\n<tr>\n<td colspan=\"2\" width=\"498\">Subteno de Operaciumo-\u015coforo de Aparato<\/td>\n<\/tr>\n<tr>\n<td rowspan=\"4\" width=\"209\">Subteno de Operaciumo-\u015coforo de Aparato<\/td>\n<td width=\"289\">Vindozo\u00ae<\/td>\n<\/tr>\n<tr>\n<td width=\"289\">Linukso\u00ae<\/td>\n<\/tr>\n<tr>\n<td width=\"289\">MAC OS\u00ae<\/td>\n<\/tr>\n<tr>\n<td width=\"289\">Android\u2122<\/td>\n<\/tr>\n<\/tbody>\n<\/table>\n<\/li>\n<li><iframe loading=\"lazy\" title=\"ACR1281U-C2 Karto UID-Leganto - Demo (kun Agorda Ilo)\" width=\"1020\" height=\"574\" src=\"https:\/\/www.youtube.com\/embed\/1UjSlask-OY?feature=oembed\" frameborder=\"0\" allow=\"accelerometer; autoplay; clipboard-write; encrypted-media; gyroscope; picture-in-picture; web-share\" referrerpolicy=\"strict-origin-when-cross-origin\" allowfullscreen><\/iframe><\/li>\n<\/ul>","protected":false},"excerpt":{"rendered":"<p>La ACR1281U-C2 UID-Kartlegilo simpligas agordon, kaptante RFID-kartajn UID-ojn je 13.56M sen \u015doforoj, idealaj por identeckontrolo kaj alirkontrolo.<\/p>","protected":false},"featured_media":2250,"template":"","meta":[],"product_brand":[],"product_cat":[45,40],"product_tag":[],"class_list":{"0":"post-2249","1":"product","2":"type-product","3":"status-publish","4":"has-post-thumbnail","6":"product_cat-contactless-nfc-reader","7":"product_cat-rfid-nfc-reader","9":"first","10":"instock","11":"shipping-taxable","12":"product-type-simple"},"_links":{"self":[{"href":"https:\/\/nfc-readers.com\/eo\/wp-json\/wp\/v2\/product\/2249","targetHints":{"allow":["GET"]}}],"collection":[{"href":"https:\/\/nfc-readers.com\/eo\/wp-json\/wp\/v2\/product"}],"about":[{"href":"https:\/\/nfc-readers.com\/eo\/wp-json\/wp\/v2\/types\/product"}],"wp:featuredmedia":[{"embeddable":true,"href":"https:\/\/nfc-readers.com\/eo\/wp-json\/wp\/v2\/media\/2250"}],"wp:attachment":[{"href":"https:\/\/nfc-readers.com\/eo\/wp-json\/wp\/v2\/media?parent=2249"}],"wp:term":[{"taxonomy":"product_brand","embeddable":true,"href":"https:\/\/nfc-readers.com\/eo\/wp-json\/wp\/v2\/product_brand?post=2249"},{"taxonomy":"product_cat","embeddable":true,"href":"https:\/\/nfc-readers.com\/eo\/wp-json\/wp\/v2\/product_cat?post=2249"},{"taxonomy":"product_tag","embeddable":true,"href":"https:\/\/nfc-readers.com\/eo\/wp-json\/wp\/v2\/product_tag?post=2249"}],"curies":[{"name":"wp","href":"https:\/\/api.w.org\/{rel}","templated":true}]}}