{"id":2259,"date":"2024-04-26T08:18:30","date_gmt":"2024-04-26T08:18:30","guid":{"rendered":"https:\/\/nfc-readers.com\/?post_type=product&#038;p=2259"},"modified":"2024-09-24T02:58:25","modified_gmt":"2024-09-24T02:58:25","slug":"apple-pay-mobile-walletmate-vas-nfc-reader","status":"publish","type":"product","link":"https:\/\/nfc-readers.com\/eo\/ic-reader\/apple-pay-mobile-walletmate-vas-nfc-reader\/","title":{"rendered":"Apple Pay Mobile WalletMate VAS NFC-Leganto"},"content":{"rendered":"<h1>Apple Pay Mobile WalletMate VAS NFC-Leganto<\/h1>\n<p>La WalletMate Mobile Wallet NFC Reader staras kiel avangarda ilo, enkorpigante VAS-protokolojn kaj nfc-alirkontrolajn legantojn por oferti optimumigitan senkartan sperton. Kun la aldono de posterminalo kun nfc-leganto, pliigita sekureco kaj lar\u011da aplika kongruo, \u011di enkondukas novan epokon de oportuno kaj efikeco. \u0108i tio faras \u011din esenca valora\u0135o por uzantoj kaj entreprenoj celantaj utiligi la potencon de NFC-teknologio por senjuntaj, sekuraj kaj rapidaj transakcioj.<\/p>\n<p><iframe loading=\"lazy\" title=\"ACS WalletMate Apple\/Google VAS Testilo - Demo\" width=\"1020\" height=\"574\" src=\"https:\/\/www.youtube.com\/embed\/aOWbdgwvHDg?feature=oembed\" frameborder=\"0\" allow=\"accelerometer; autoplay; clipboard-write; encrypted-media; gyroscope; picture-in-picture; web-share\" referrerpolicy=\"strict-origin-when-cross-origin\" allowfullscreen><\/iframe><\/p>\n<ul>\n<li>\n<h2>USB 2.0 Plenrapida Interfaco<\/h2>\n<\/li>\n<li>\n<h2>CCID Konformeco<\/h2>\n<\/li>\n<li>\n<h2>Po\u015dtelefona Monujo kaj Senkontakta Smart Card Legilo:<\/h2>\n<ul>\n<li>\n<h3>Apple VAS kaj Google Smart Tap Certified (WalletMate estas VAS Nur, ne pagterminaloj)<\/h3>\n<\/li>\n<\/ul>\n<\/li>\n<li>\n<h3>Lego\/skriba rapideco \u011dis 424 kbps<\/h3>\n<\/li>\n<li>\n<h3>Enkonstruita anteno por senkontakta aliro de etikedoj, kun kartlega distanco de \u011dis 50 mm (depende de etikedo-tipo)<\/h3>\n<\/li>\n<li>\n<h3>Elportas kartojn ISO 14443 Tipo A kaj B, MIFARE\u00ae, FeliCa kaj \u0109iujn 4 specojn de NFC (ISO\/IEC 18092) etikedoj<\/h3>\n<\/li>\n<li>\n<h3>Elportas MIFARE\u00ae 7-bajtan UID, MIFARE\u00ae Plus kaj MIFARE\u00ae DESfire<\/h3>\n<\/li>\n<li>\n<h3>Enkonstruita kontra\u016dkolizio funkcio (nur 1 etikedo estas alirebla iam ajn)<\/h3>\n<\/li>\n<li>\n<h2>Subteno NFC:<\/h2>\n<ul>\n<li>\n<h3>NFC Leganto\/Verkista Re\u011dimo<\/h3>\n<\/li>\n<li>\n<h3>Samulo-al-kunula Re\u011dimo<\/h3>\n<\/li>\n<li>\n<h3>Karta Emulada Re\u011dimo<\/h3>\n<\/li>\n<\/ul>\n<\/li>\n<li>\n<h2>Interfaco de Programado de Apliko:<\/h2>\n<ul>\n<li>\n<h3>Apple VAS kaj Google Smart Tap API por Vindozo kaj Linukso platformoj<\/h3>\n<\/li>\n<li>\n<h3>Subtenas PC\/SC<\/h3>\n<\/li>\n<li>\n<h3>Subtenas CT-API (tra envolva\u0135o supre de komputilo\/SC)<\/h3>\n<\/li>\n<\/ul>\n<\/li>\n<li>\n<h2>Ekstercentraloj:<\/h2>\n<ul>\n<li>\n<h3>Uzant-regebla dukolora LED<\/h3>\n<\/li>\n<li>\n<h3>Uzant-regebla zumilo<\/h3>\n<\/li>\n<\/ul>\n<\/li>\n<li>\n<h2>USB Firmware \u011cisdatigebleco<\/h2>\n<\/li>\n<li>\n<table width=\"559\">\n<tbody>\n<tr>\n<td colspan=\"2\" width=\"559\">Fizikaj Karakteriza\u0135oj<\/td>\n<\/tr>\n<tr>\n<td width=\"214\">Dimensioj (mm)<\/td>\n<td width=\"345\">98.0 mm (L) x 65.0 mm (L) x 12.8 mm (H)<\/td>\n<\/tr>\n<tr>\n<td width=\"214\">Pezo (g)<\/td>\n<td width=\"345\">81 g<\/td>\n<\/tr>\n<tr>\n<td colspan=\"2\" width=\"559\">USB-Interfaco<\/td>\n<\/tr>\n<tr>\n<td width=\"214\">Protokolo<\/td>\n<td width=\"345\">USB CCID<\/td>\n<\/tr>\n<tr>\n<td width=\"214\">Konektilo Tipo<\/td>\n<td width=\"345\">USB-Tipo-A (ACR1252U-MW)<\/td>\n<\/tr>\n<tr>\n<td width=\"214\">Elektrofonto<\/td>\n<td width=\"345\">De USB-haveno<\/td>\n<\/tr>\n<tr>\n<td width=\"214\">Rapido<\/td>\n<td width=\"345\">USB Plena Rapido (12 Mbps)<\/td>\n<\/tr>\n<tr>\n<td width=\"214\">Longo de kablo<\/td>\n<td width=\"345\">1,0 m, Neforigebla<\/td>\n<\/tr>\n<tr>\n<td colspan=\"2\" width=\"559\">Senkontakta Smart Card-Interfaco<\/td>\n<\/tr>\n<tr>\n<td width=\"214\">Normo<\/td>\n<td width=\"345\">ISO\/IEC 18092 NFC, ISO 14443 Tipo A &amp; B, MIFARE\u00ae, FeliCa<\/td>\n<\/tr>\n<tr>\n<td rowspan=\"4\" width=\"214\">Protokolo<\/td>\n<td width=\"345\">ISO 14443-4 Konforma Karto, T=CL<\/td>\n<\/tr>\n<tr>\n<td width=\"345\">MIFARE\u00ae Klasika Karto, T=CL<\/td>\n<\/tr>\n<tr>\n<td width=\"345\">ISO18092, NFC-Etikedoj<\/td>\n<\/tr>\n<tr>\n<td width=\"345\">FeliCa<\/td>\n<\/tr>\n<tr>\n<td colspan=\"2\" width=\"559\">Enkonstruitaj Ekstercentraloj<\/td>\n<\/tr>\n<tr>\n<td width=\"214\">LED<\/td>\n<td width=\"345\">1 bi-kolora: Ru\u011da kaj Verda<\/td>\n<\/tr>\n<tr>\n<td width=\"214\">Zumilo<\/td>\n<td width=\"345\">Monotona<\/td>\n<\/tr>\n<tr>\n<td colspan=\"2\" width=\"559\">Aliaj Trajtoj<\/td>\n<\/tr>\n<tr>\n<td width=\"214\">Firmware \u011cisdatigo<\/td>\n<td width=\"345\">Subtenita<\/td>\n<\/tr>\n<tr>\n<td colspan=\"2\" width=\"559\">Atestoj\/Konformo<\/td>\n<\/tr>\n<tr>\n<td rowspan=\"4\" width=\"214\">Atestoj\/Konformo<\/td>\n<td width=\"345\">Atestiloj:<\/td>\n<\/tr>\n<tr>\n<td width=\"345\">Apple VAS, Google Smart Tap, NFC Forum Certification Mark, IEC\/EN 62368, CE, FCC, UKCA, J-LIS, VCCI, TELEC, KC, BIS, RoHS, REACH, WEEE<\/td>\n<\/tr>\n<tr>\n<td width=\"345\">Konformecoj:<\/td>\n<\/tr>\n<tr>\n<td width=\"345\">USB CCID, PC\/SC<\/td>\n<\/tr>\n<tr>\n<td colspan=\"2\" width=\"559\">Subteno de Operaciumo-\u015coforo de Aparato<\/td>\n<\/tr>\n<tr>\n<td width=\"214\">Subteno de Operaciumo-\u015coforo de Aparato<\/td>\n<td width=\"345\">Vindozo\u00ae, Linukso\u00ae, macOS (Evolua), Android\u2122 (Evolua)<\/td>\n<\/tr>\n<\/tbody>\n<\/table>\n<\/li>\n<\/ul>","protected":false},"excerpt":{"rendered":"<div>La WalletMate, Noviga NFC-Leganto subtenas senpagan enga\u011di\u011don kun ciferecaj enirpermesiloj, subtenataj de VAS Apple kaj Google VAS por iOS kaj Android-aparatoj.<\/div>","protected":false},"featured_media":2260,"template":"","meta":[],"product_brand":[],"product_cat":[45,40],"product_tag":[],"class_list":{"0":"post-2259","1":"product","2":"type-product","3":"status-publish","4":"has-post-thumbnail","6":"product_cat-contactless-nfc-reader","7":"product_cat-rfid-nfc-reader","9":"first","10":"instock","11":"shipping-taxable","12":"product-type-simple"},"_links":{"self":[{"href":"https:\/\/nfc-readers.com\/eo\/wp-json\/wp\/v2\/product\/2259","targetHints":{"allow":["GET"]}}],"collection":[{"href":"https:\/\/nfc-readers.com\/eo\/wp-json\/wp\/v2\/product"}],"about":[{"href":"https:\/\/nfc-readers.com\/eo\/wp-json\/wp\/v2\/types\/product"}],"wp:featuredmedia":[{"embeddable":true,"href":"https:\/\/nfc-readers.com\/eo\/wp-json\/wp\/v2\/media\/2260"}],"wp:attachment":[{"href":"https:\/\/nfc-readers.com\/eo\/wp-json\/wp\/v2\/media?parent=2259"}],"wp:term":[{"taxonomy":"product_brand","embeddable":true,"href":"https:\/\/nfc-readers.com\/eo\/wp-json\/wp\/v2\/product_brand?post=2259"},{"taxonomy":"product_cat","embeddable":true,"href":"https:\/\/nfc-readers.com\/eo\/wp-json\/wp\/v2\/product_cat?post=2259"},{"taxonomy":"product_tag","embeddable":true,"href":"https:\/\/nfc-readers.com\/eo\/wp-json\/wp\/v2\/product_tag?post=2259"}],"curies":[{"name":"wp","href":"https:\/\/api.w.org\/{rel}","templated":true}]}}