{"id":2730,"date":"2024-06-07T08:01:07","date_gmt":"2024-06-07T08:01:07","guid":{"rendered":"https:\/\/nfc-readers.com\/?post_type=product&#038;p=2730"},"modified":"2024-09-24T02:54:03","modified_gmt":"2024-09-24T02:54:03","slug":"wallet-mate-nfc-reader-writer-support-apple-pay-and-google-vas","status":"publish","type":"product","link":"https:\/\/nfc-readers.com\/eo\/ic-reader\/wallet-mate-nfc-reader-writer-support-apple-pay-and-google-vas\/","title":{"rendered":"Wallet Mate NFC Reader Writer - Subtenu Apple Pay kaj Google VAS"},"content":{"rendered":"<h1>Wallet Mate NFC Reader Writer - Subtenu Apple Pay kaj Google VAS<\/h1>\n<div><\/div>\n<div class=\"auto-hide-last-sibling-br paragraph_1252f paragraph-element\"><strong>La Wallet Mate NFC-Leganto-Verkisto<\/strong> aperas kiel pintnivela aparato, integranta VAS-protokolojn kaj NFC-alirkontrolajn legantojn por plibonigita senkarta interago. Akompanita de POS-terminalo kun NFC-leganto, fortikaj sekurecaj mezuroj kaj ampleksa aplika\u0135o-kongruo, \u011di iniciatas novan normon de komforto kaj efikeco. \u011cia dezajno kaj funkcieco faras \u011din nemalhavebla ekipa\u0135o por tiuj, kiuj volas uzi la fortojn de NFC-teknologio por sekuraj, glataj kaj rapidaj transakcioj.<\/div>\n<div><\/div>\n<h2 class=\"auto-hide-last-sibling-br paragraph_1252f paragraph-element\">USB 2.0 Altrapida Interfaco<\/h2>\n<h3 class=\"auto-hide-last-sibling-br paragraph_1252f paragraph-element\"><br class=\"container_e695a wrapper_ad07b undefined\" \/>Konformeco kun CCID-normoj<br class=\"container_e695a wrapper_ad07b undefined\" \/>Po\u015dtelefona Monujo kaj Senkontakta Smart Card Legilo:<br class=\"container_e695a wrapper_ad07b undefined\" \/>Atestita de Apple VAS kaj Google Smart Tap (Noto: WalletMate estas atestita nur por VAS, ne por pagterminaloj) Transdono de datumoj atingantaj 424 kbps<br class=\"container_e695a wrapper_ad07b undefined\" \/>Enkonstruita anteno por senkontakta alirebleco de etikedoj, proponante kartolegan distancon \u011dis 50 mm (depende de etikedo-tipo)<br class=\"container_e695a wrapper_ad07b undefined\" \/>Kongruo kun ISO 14443 Tipo A kaj B-kartoj, MIFARE\u00ae, FeliCa, kaj \u0109iuj kvar specoj de NFC (ISO\/IEC 18092) etikedoj<br class=\"container_e695a wrapper_ad07b undefined\" \/>Subteno por MIFARE\u00ae 7-bajta UID, MIFARE\u00ae Plus kaj MIFARE\u00ae DESfire<br class=\"container_e695a wrapper_ad07b undefined\" \/>Integrita kontra\u016d-kolizio-funkcio (nur ununura etikedo estas alirebla en ajna momento)<\/h3>\n<h2 class=\"auto-hide-last-sibling-br paragraph_1252f paragraph-element\"><br class=\"container_e695a wrapper_ad07b undefined\" \/>Subteno NFC:<\/h2>\n<h3 class=\"auto-hide-last-sibling-br paragraph_1252f paragraph-element\"><br class=\"container_e695a wrapper_ad07b undefined\" \/>Funkcio en Leganto\/Verkista Re\u011dimo<br class=\"container_e695a wrapper_ad07b undefined\" \/>Samulo-al-kunula Re\u011dimo<br class=\"container_e695a wrapper_ad07b undefined\" \/>Karta Emulada Re\u011dimo<\/h3>\n<h2 class=\"auto-hide-last-sibling-br paragraph_1252f paragraph-element\"><br class=\"container_e695a wrapper_ad07b undefined\" \/>Interfaco de Programado de Apliko:<\/h2>\n<h3 class=\"auto-hide-last-sibling-br paragraph_1252f paragraph-element\"><br class=\"container_e695a wrapper_ad07b undefined\" \/>Apple VAS kaj Google Smart Tap API kongruo kun Vindozo kaj Linukso platformoj<br class=\"container_e695a wrapper_ad07b undefined\" \/>Subteno por PC\/SC<br class=\"container_e695a wrapper_ad07b undefined\" \/>Subteno por CT-API (faciligita de komputilo\/SC-bazita envolva\u0135o)<\/h3>\n<h2 class=\"auto-hide-last-sibling-br paragraph_1252f paragraph-element\">Pliaj Trajtoj:<\/h2>\n<h3 class=\"auto-hide-last-sibling-br paragraph_1252f paragraph-element\"><br class=\"container_e695a wrapper_ad07b undefined\" \/>Uzant-regebla dukolora LED<br class=\"container_e695a wrapper_ad07b undefined\" \/>Uzant-regebla a\u016ddebla alarmsistemo<br class=\"container_e695a wrapper_ad07b undefined\" \/>Kapablo por USB-Firmware \u011cisdatigoj<\/h3>\n<p>&nbsp;<\/p>\n<ul>\n<li>\n<table width=\"559\">\n<tbody>\n<tr>\n<td colspan=\"2\" width=\"559\">Fizikaj Karakteriza\u0135oj<\/td>\n<\/tr>\n<tr>\n<td width=\"214\">Dimensioj (mm)<\/td>\n<td width=\"345\">98.0 mm (L) x 65.0 mm (L) x 12.8 mm (H)<\/td>\n<\/tr>\n<tr>\n<td width=\"214\">Pezo (g)<\/td>\n<td width=\"345\">81 g<\/td>\n<\/tr>\n<tr>\n<td colspan=\"2\" width=\"559\">USB-Interfaco<\/td>\n<\/tr>\n<tr>\n<td width=\"214\">Protokolo<\/td>\n<td width=\"345\">USB CCID<\/td>\n<\/tr>\n<tr>\n<td width=\"214\">Konektilo Tipo<\/td>\n<td width=\"345\">USB-Tipo-A (ACR1252U-MW)<\/td>\n<\/tr>\n<tr>\n<td width=\"214\">Elektrofonto<\/td>\n<td width=\"345\">De USB-haveno<\/td>\n<\/tr>\n<tr>\n<td width=\"214\">Rapido<\/td>\n<td width=\"345\">USB Plena Rapido (12 Mbps)<\/td>\n<\/tr>\n<tr>\n<td width=\"214\">Longo de kablo<\/td>\n<td width=\"345\">1,0 m, Neforigebla<\/td>\n<\/tr>\n<tr>\n<td colspan=\"2\" width=\"559\">Senkontakta Smart Card-Interfaco<\/td>\n<\/tr>\n<tr>\n<td width=\"214\">Normo<\/td>\n<td width=\"345\">ISO\/IEC 18092 NFC, ISO 14443 Tipo A &amp; B, MIFARE\u00ae, FeliCa<\/td>\n<\/tr>\n<tr>\n<td rowspan=\"4\" width=\"214\">Protokolo<\/td>\n<td width=\"345\">ISO 14443-4 Konforma Karto, T=CL<\/td>\n<\/tr>\n<tr>\n<td width=\"345\">MIFARE\u00ae Klasika Karto, T=CL<\/td>\n<\/tr>\n<tr>\n<td width=\"345\">ISO18092, NFC-Etikedoj<\/td>\n<\/tr>\n<tr>\n<td width=\"345\">FeliCa<\/td>\n<\/tr>\n<tr>\n<td colspan=\"2\" width=\"559\">Enkonstruitaj Ekstercentraloj<\/td>\n<\/tr>\n<tr>\n<td width=\"214\">LED<\/td>\n<td width=\"345\">1 bi-kolora: Ru\u011da kaj Verda<\/td>\n<\/tr>\n<tr>\n<td width=\"214\">Zumilo<\/td>\n<td width=\"345\">Monotona<\/td>\n<\/tr>\n<tr>\n<td colspan=\"2\" width=\"559\">Aliaj Trajtoj<\/td>\n<\/tr>\n<tr>\n<td width=\"214\">Firmware \u011cisdatigo<\/td>\n<td width=\"345\">Subtenita<\/td>\n<\/tr>\n<tr>\n<td colspan=\"2\" width=\"559\">Atestoj\/Konformo<\/td>\n<\/tr>\n<tr>\n<td rowspan=\"4\" width=\"214\">Atestoj\/Konformo<\/td>\n<td width=\"345\">Atestiloj:<\/td>\n<\/tr>\n<tr>\n<td width=\"345\">Apple VAS, Google Smart Tap, NFC Forum Certification Mark, IEC\/EN 62368, CE, FCC, UKCA, J-LIS, VCCI, TELEC, KC, BIS, RoHS, REACH, WEEE<\/td>\n<\/tr>\n<tr>\n<td width=\"345\">Konformecoj:<\/td>\n<\/tr>\n<tr>\n<td width=\"345\">USB CCID, PC\/SC<\/td>\n<\/tr>\n<tr>\n<td colspan=\"2\" width=\"559\">Subteno de Operaciumo-\u015coforo de Aparato<\/td>\n<\/tr>\n<tr>\n<td width=\"214\">Subteno de Operaciumo-\u015coforo de Aparato<\/td>\n<td width=\"345\">Vindozo\u00ae, Linukso\u00ae, macOS (Evolua), Android\u2122 (Evolua)<\/td>\n<\/tr>\n<\/tbody>\n<\/table>\n<\/li>\n<\/ul>","protected":false},"excerpt":{"rendered":"<div>La Po\u015dtelefona Monujo, Noviga NFC-Leganto subtenas senpagan enga\u011di\u011don kun ciferecaj enirpermesiloj, subtenataj de VAS Apple kaj Google VAS por iOS kaj Android-aparatoj.<\/div>\n<div><\/div>","protected":false},"featured_media":2731,"template":"","meta":[],"product_brand":[],"product_cat":[45,40],"product_tag":[],"class_list":{"0":"post-2730","1":"product","2":"type-product","3":"status-publish","4":"has-post-thumbnail","6":"product_cat-contactless-nfc-reader","7":"product_cat-rfid-nfc-reader","9":"first","10":"instock","11":"shipping-taxable","12":"product-type-simple"},"_links":{"self":[{"href":"https:\/\/nfc-readers.com\/eo\/wp-json\/wp\/v2\/product\/2730","targetHints":{"allow":["GET"]}}],"collection":[{"href":"https:\/\/nfc-readers.com\/eo\/wp-json\/wp\/v2\/product"}],"about":[{"href":"https:\/\/nfc-readers.com\/eo\/wp-json\/wp\/v2\/types\/product"}],"wp:featuredmedia":[{"embeddable":true,"href":"https:\/\/nfc-readers.com\/eo\/wp-json\/wp\/v2\/media\/2731"}],"wp:attachment":[{"href":"https:\/\/nfc-readers.com\/eo\/wp-json\/wp\/v2\/media?parent=2730"}],"wp:term":[{"taxonomy":"product_brand","embeddable":true,"href":"https:\/\/nfc-readers.com\/eo\/wp-json\/wp\/v2\/product_brand?post=2730"},{"taxonomy":"product_cat","embeddable":true,"href":"https:\/\/nfc-readers.com\/eo\/wp-json\/wp\/v2\/product_cat?post=2730"},{"taxonomy":"product_tag","embeddable":true,"href":"https:\/\/nfc-readers.com\/eo\/wp-json\/wp\/v2\/product_tag?post=2730"}],"curies":[{"name":"wp","href":"https:\/\/api.w.org\/{rel}","templated":true}]}}