{"id":2732,"date":"2024-10-07T08:34:31","date_gmt":"2024-10-07T08:34:31","guid":{"rendered":"https:\/\/nfc-readers.com\/?post_type=product&#038;p=2732"},"modified":"2024-10-28T14:32:27","modified_gmt":"2024-10-28T14:32:27","slug":"nfc-reader-writer-support-apple-pay-and-google-vas","status":"publish","type":"product","link":"https:\/\/nfc-readers.com\/eo\/ic-reader\/nfc-reader-writer-support-apple-pay-and-google-vas\/","title":{"rendered":"NFC Reader Writer Subteno Apple Pay kaj Google VAS"},"content":{"rendered":"<div class=\"auto-hide-last-sibling-br paragraph_1252f paragraph-element\">\n<h1>NFC Reader Writer Subteno Apple Pay kaj Google VAS<\/h1>\n<p>Enigu la\u00a0<strong>NFC-leganto<\/strong>, altnivela peco de teknologio dizajnita por plibonigi senkontaktajn transakciojn kaj fluliniigi alirkontrolon kun senekzempla efikeco. \u0108u vi celas fari viajn transakciojn pli rapide, plifortigi sekurecon a\u016d simple altgradigi vian teknologion, NFC-Leganto estas esenca ilo en via arsenalo. Kun kapablo legi kaj skribi\u00a0<strong>NFC-etikedoj<\/strong>\u00a0kaj kartoj, inkluzive de popularaj formatoj kiel\u00a0<strong>MIFARE<\/strong>, \u0109i tiu aparato estas \u0109e la avangardo de novigaj pagaj solvoj.<\/p>\n<h2>Avanta\u011doj de Elektado de la NFC-Leganto<\/h2>\n<p>Investi en NFC-Leganto ne estas nur a\u0109eto; \u011di estas \u011disdatigo al viaj pagkapabloj, kiu ofertas multajn avanta\u011dojn. Unue kaj \u0109efe, \u011di plibonigas sekurecon per ebligado\u00a0<strong>senkontakte<\/strong>\u00a0pagoj, reduktante la riskon asociitan kun kontanttransakcioj. \u011ci anka\u016d estas desegnita por facileco de uzado, fanfaronante pri simpla aran\u011doprocezo kiu povas konekti per USB al lar\u011da gamo de aparatoj, permesante integri\u011don kun viaj ekzistantaj sistemoj. La kompakta kaj portebla dezajno certigas, ke vi povas preni vian NFC-kapablon kien ajn vi iras, igante \u011din ideala por komercistoj kaj individuoj.<\/p>\n<h3>1.\u00a0<strong>Ampleksa NFC-Subteno<\/strong><\/h3>\n<p>La\u00a0<strong>NFC-leganto<\/strong>\u00a0subtenas multoblajn NFC-funkciojn, inkluzive de Leganto\/Verkista Re\u011dimo, Kunulo-al-kunula Re\u011dimo kaj Karta Emulada Re\u011dimo. \u0108i tiu versatileco certigas kongruon kun diversaj transakcioj, de legado\u00a0<strong>NFC-kartoj<\/strong>\u00a0por faciligi po\u015dtelefonajn pagojn per\u00a0<strong>Google Pay<\/strong>\u00a0kaj\u00a0<strong>Apple Pay<\/strong>.<\/p>\n<h4>Re\u011dimo Leganto\/Verkisto<\/h4>\n<p>Kun Leganto\/Verkista Re\u011dimo, uzantoj povas senpene\u00a0<strong>legi kaj skribi<\/strong>\u00a0datumoj al NFC-etikedoj, igante la aparaton perfekta por aplikoj en stokregistrado kaj merkatigokampanjoj.<\/p>\n<h4>Samulo-al-kunula Re\u011dimo<\/h4>\n<p>Peer-to-Peer Mode faciligas datumdividon inter du NFC-ebligitaj aparatoj, ebligante senjuntajn transakciojn a\u016d translokigojn de informoj, plibonigante oportunon por uzantoj.<\/p>\n<h3>2.\u00a0<strong>Altaj Kongruaj Normoj<\/strong><\/h3>\n<p>\u0108i tiu NFC-Leganto estas kongrua kun ampleksa aro de inteligentaj kartoj, inkluzive de kartoj ISO 14443 Tipo A kaj B, igante \u011din universala solvo por entreprenoj kiuj postulas.\u00a0<strong>kartlegilo<\/strong>\u00a0por multoblaj karttipoj.<\/p>\n<h4>Elportas Diversajn NFC-Etikedojn<\/h4>\n<p>Krom ISO-normoj, la aparato anka\u016d akomodas formatojn kiel MIFARE\u00ae kaj FeliCa, certigante ampleksan subtenon por preska\u016d \u0109iuj uzantoj.<\/p>\n<h4>USB-Konektebleco<\/h4>\n<p>Kun altrapida interfaco USB 2.0, vi povas facile konekti la NFC-legilon al inteligentaj telefonoj a\u016d tablojdoj por rapidaj datumoj-translokigoj\u2014\u0109io estas preta por uzi.\u00a0<strong>per USB<\/strong>.<\/p>\n<h3>3.\u00a0<strong>Fortika Sekurecaj Trajtoj<\/strong><\/h3>\n<p>Sekureco estas plej grava por iu ajn transakcia aparato, kaj la NFC-Leganto elstaras per sia integra kontra\u016d-kolizio trajto, certigante ke nur unu etikedo estas legita samtempe, signife reduktante la eblecojn de datumkorupto a\u016d fra\u016ddo.<\/p>\n<h4>Altnivela \u0108ifrado<\/h4>\n<p>La NFC-Leganto subtenas diversajn \u0109ifrajn teknikojn por sekura transdono de datumoj, certigante, ke sentemaj informoj restas protektitaj dum la transakcia procezo.<\/p>\n<h4>Atentigoj de uzantoj<\/h4>\n<p>Provizite per uzant-regebla a\u016ddebla atentiga sistemo, uzantoj povas ricevi tujajn sugestojn dum operacioj, plibonigante uzeblon kaj certigante, ke uzantoj konscias pri sukcesaj legadoj.<\/p>\n<h3>4.\u00a0<strong>Media Efiko<\/strong><\/h3>\n<p>\u0108ar entreprenoj i\u011das \u0109iam pli konsciaj pri sia media spuro, la NFC-Leganto estas dizajnita kun da\u016dripovo en menso. La aparato uzas minimuman potencon kaj povas esti alkro\u0109ita al ekzistantaj sistemoj sen ampleksaj aparataj \u011disdatigoj, reduktante mal\u015dparon.<\/p>\n<h4>Efika Potenca Uzo<\/h4>\n<p>Funkcianta \u0109e 13.56 MHz, la NFC-Leganto estas energi-efika, ebligante ampleksan uzon sen altaj elektrokostoj. Firmaoj povas uzi \u0109i tiun teknologion sen timi plii\u011don de energipostuloj.<\/p>\n<h3>5.\u00a0<strong>Uzant-amika Dezajno<\/strong><\/h3>\n<p>La NFC-Leganto havas kompaktan kaj elegantan dezajnon, kiu integri\u011das perfekte en vian laborfluon. La uzant-regebla dukolora LED provizas tujan vidan retrosciigon dum operacio, sciigante uzantojn pri transakciaj statusoj efike.<\/p>\n<h4>Portebleco<\/h4>\n<p>\u011cia malpeza kadro faras \u011din ideala solvo por entreprenoj survoje, de podetalaj butikoj \u011dis man\u011dkamionoj, ebligante rapidan deplojon kie ajn necesas, tiel igante \u011din tre efika por kaj provizoraj kaj permanentaj instala\u0135oj.<\/p>\n<h3>6.\u00a0<strong>Ekosistemkongruo<\/strong><\/h3>\n<p>La NFC-Leganto estas kongrua kun diversaj operaciumoj kiel Vindozo, Linukso kaj Android, ebligante lar\u011dan aplikon en diversaj medioj.<\/p>\n<h4>Facila Integri\u011do kun Establitaj Sistemoj<\/h4>\n<p>Pliigu viajn ekzistantajn POS-sistemojn uzante la NFC-Leganton utiligante \u011dian kongruon kun vaste uzataj app-butikoj por el\u015duti koncernajn aplikojn por viaj komercaj bezonoj.<\/p>\n<\/div>\n<table width=\"559\">\n<tbody>\n<tr>\n<td colspan=\"2\" width=\"559\">Fizikaj Karakteriza\u0135oj<\/td>\n<\/tr>\n<tr>\n<td width=\"214\">Dimensioj (mm)<\/td>\n<td width=\"345\">98.0 mm (L) x 65.0 mm (L) x 12.8 mm (H)<\/td>\n<\/tr>\n<tr>\n<td width=\"214\">Pezo (g)<\/td>\n<td width=\"345\">81 g<\/td>\n<\/tr>\n<tr>\n<td colspan=\"2\" width=\"559\">USB-Interfaco<\/td>\n<\/tr>\n<tr>\n<td width=\"214\">Protokolo<\/td>\n<td width=\"345\">USB CCID<\/td>\n<\/tr>\n<tr>\n<td width=\"214\">Konektilo Tipo<\/td>\n<td width=\"345\">USB-Tipo-A (ACR1252U-MW)<\/td>\n<\/tr>\n<tr>\n<td width=\"214\">Elektrofonto<\/td>\n<td width=\"345\">De USB-haveno<\/td>\n<\/tr>\n<tr>\n<td width=\"214\">Rapido<\/td>\n<td width=\"345\">USB Plena Rapido (12 Mbps)<\/td>\n<\/tr>\n<tr>\n<td width=\"214\">Longo de kablo<\/td>\n<td width=\"345\">1,0 m, Neforigebla<\/td>\n<\/tr>\n<tr>\n<td colspan=\"2\" width=\"559\">Senkontakta Smart Card-Interfaco<\/td>\n<\/tr>\n<tr>\n<td width=\"214\">Normo<\/td>\n<td width=\"345\">ISO\/IEC 18092 NFC, ISO 14443 Tipo A &amp; B, MIFARE\u00ae, FeliCa<\/td>\n<\/tr>\n<tr>\n<td rowspan=\"4\" width=\"214\">Protokolo<\/td>\n<td width=\"345\">ISO 14443-4 Konforma Karto, T=CL<\/td>\n<\/tr>\n<tr>\n<td width=\"345\">MIFARE\u00ae Klasika Karto, T=CL<\/td>\n<\/tr>\n<tr>\n<td width=\"345\">ISO18092, NFC-Etikedoj<\/td>\n<\/tr>\n<tr>\n<td width=\"345\">FeliCa<\/td>\n<\/tr>\n<tr>\n<td colspan=\"2\" width=\"559\">Enkonstruitaj Ekstercentraloj<\/td>\n<\/tr>\n<tr>\n<td width=\"214\">LED<\/td>\n<td width=\"345\">1 bi-kolora: Ru\u011da kaj Verda<\/td>\n<\/tr>\n<tr>\n<td width=\"214\">Zumilo<\/td>\n<td width=\"345\">Monotona<\/td>\n<\/tr>\n<tr>\n<td colspan=\"2\" width=\"559\">Aliaj Trajtoj<\/td>\n<\/tr>\n<tr>\n<td width=\"214\">Firmware \u011cisdatigo<\/td>\n<td width=\"345\">Subtenita<\/td>\n<\/tr>\n<tr>\n<td colspan=\"2\" width=\"559\">Atestoj\/Konformo<\/td>\n<\/tr>\n<tr>\n<td rowspan=\"4\" width=\"214\">Atestoj\/Konformo<\/td>\n<td width=\"345\">Atestiloj:<\/td>\n<\/tr>\n<tr>\n<td width=\"345\">Apple VAS, Google Smart Tap, NFC Forum Certification Mark, IEC\/EN 62368, CE, FCC, UKCA, J-LIS, VCCI, TELEC, KC, BIS, RoHS, REACH, WEEE<\/td>\n<\/tr>\n<tr>\n<td width=\"345\">Konformecoj:<\/td>\n<\/tr>\n<tr>\n<td width=\"345\">USB CCID, PC\/SC<\/td>\n<\/tr>\n<tr>\n<td colspan=\"2\" width=\"559\">Subteno de Operaciumo-\u015coforo de Aparato<\/td>\n<\/tr>\n<tr>\n<td width=\"214\">Subteno de Operaciumo-\u015coforo de Aparato<\/td>\n<td width=\"345\">Vindozo\u00ae, Linukso\u00ae, macOS (Evolua), Android\u2122 (Evolua)<\/td>\n<\/tr>\n<\/tbody>\n<\/table>\n<h2>Klientaj Recenzoj<\/h2>\n<blockquote><p>&quot;La NFC-Leganto transformis kiel ni prilaboras pagojn. \u011ci estas rapida, sekura kaj nekredeble facila integri\u011di kun niaj ekzistantaj sistemoj!\u201d \u2013\u00a0<strong>James T.<\/strong>, Retail Manager<\/p><\/blockquote>\n<blockquote><p>\u201cMi amas kiom portebla \u0109i tiu NFC-Leganto estas! \u011ci estas perfekta por mia man\u011dkamiono komerco.&quot; \u2013\u00a0<strong>Sandra W.<\/strong>, Malgranda Komercisto<\/p><\/blockquote>\n<h2>Oftaj Demandoj (FAQs)<\/h2>\n<p><strong>1. Kiajn kartojn povas legi la NFC-Leganto?<\/strong><br \/>\nLa NFC-Leganto subtenas ISO 14443 Tipo A kaj B-kartojn, MIFARE\u00ae, FeliCa, kaj \u0109iujn NFC-etikedojn kiuj konformas al ISO\/IEC 18092-normoj.<\/p>\n<p><strong>2. \u0108u la NFC-Leganto estas kongrua kun sa\u011dtelefonoj?<\/strong><br \/>\nJes, vi povas facile konekti la NFC-Leganton al plej multaj sa\u011dtelefonoj per USB por faciligi rapidajn transakciojn kaj kundividon de datumoj.<\/p>\n<p><strong>3. \u0108u mi povas \u011disdatigi la firmware?<\/strong><br \/>\nJes, la NFC-Leganto subtenas USB-firmaran \u011disdatigojn, certigante ke vi havas la plej novajn funkciojn kaj sekurecajn \u011disdatigojn.<\/p>\n<p><strong>4. Kiom longe mi povas legi NFC-etikedojn?<\/strong><br \/>\nLa NFC-Leganto havas legan distancon de \u011dis 50 mm, depende de la etikedo-tipo kaj \u011diaj specifaj kapabloj.<\/p>\n<hr \/>\n<p>Elektante la NFC-Leganton, vi ne nur investas en produkto; vi adoptas pli lertan manieron komerci. \u0108u vi integras \u011din por persona uzo a\u016d por komerco, la efikeco, kongruo kaj sekureco de \u0109i tiu aparato faras \u011din vere nemalhavebla. Spertu la sekvan generacion de senkontaktaj pagoj kaj malkovru la diferencon, kiun \u011di povas fari en viaj transakcioj hodia\u016d!<\/p>","protected":false},"excerpt":{"rendered":"<div>NFC Reader Writer Subteno Apple Pay kaj Google VAS, Apogita per VAS<strong>\u00a0Apple kaj Google VAS (Aldonita Servo) <\/strong> protokoloj de industriaj gigantoj Apple kaj Google, \u0109i tiu aparato malfermas la vojon al revolucia senkarta enga\u011di\u011do apogante lar\u011dan aron da ciferecaj enirpermesiloj, inkluzive de sed ne limigitaj al lojalecskemoj, alirbiletoj kaj identigaj akredita\u0135oj por individuoj en kompaniaj a\u016d edukaj agordoj tra iOS. kaj Android-aparatoj.<\/div>\n<div><\/div>","protected":false},"featured_media":2731,"template":"","meta":[],"product_brand":[],"product_cat":[45,40],"product_tag":[],"class_list":{"0":"post-2732","1":"product","2":"type-product","3":"status-publish","4":"has-post-thumbnail","6":"product_cat-contactless-nfc-reader","7":"product_cat-rfid-nfc-reader","9":"first","10":"instock","11":"shipping-taxable","12":"product-type-simple"},"_links":{"self":[{"href":"https:\/\/nfc-readers.com\/eo\/wp-json\/wp\/v2\/product\/2732","targetHints":{"allow":["GET"]}}],"collection":[{"href":"https:\/\/nfc-readers.com\/eo\/wp-json\/wp\/v2\/product"}],"about":[{"href":"https:\/\/nfc-readers.com\/eo\/wp-json\/wp\/v2\/types\/product"}],"wp:featuredmedia":[{"embeddable":true,"href":"https:\/\/nfc-readers.com\/eo\/wp-json\/wp\/v2\/media\/2731"}],"wp:attachment":[{"href":"https:\/\/nfc-readers.com\/eo\/wp-json\/wp\/v2\/media?parent=2732"}],"wp:term":[{"taxonomy":"product_brand","embeddable":true,"href":"https:\/\/nfc-readers.com\/eo\/wp-json\/wp\/v2\/product_brand?post=2732"},{"taxonomy":"product_cat","embeddable":true,"href":"https:\/\/nfc-readers.com\/eo\/wp-json\/wp\/v2\/product_cat?post=2732"},{"taxonomy":"product_tag","embeddable":true,"href":"https:\/\/nfc-readers.com\/eo\/wp-json\/wp\/v2\/product_tag?post=2732"}],"curies":[{"name":"wp","href":"https:\/\/api.w.org\/{rel}","templated":true}]}}