{"id":2740,"date":"2024-06-11T01:53:04","date_gmt":"2024-06-11T01:53:04","guid":{"rendered":"https:\/\/nfc-readers.com\/?post_type=product&#038;p=2740"},"modified":"2024-09-24T02:48:08","modified_gmt":"2024-09-24T02:48:08","slug":"acr123u-nfc-lcd-contactless-reader-writer","status":"publish","type":"product","link":"https:\/\/nfc-readers.com\/eo\/ic-reader\/acr123u-nfc-lcd-contactless-reader-writer\/","title":{"rendered":"ACR123U NFC LCD Senkontakta Leganto Verkisto"},"content":{"rendered":"<h1>ACR123U NFC LCD Senkontakta Leganto Verkisto<\/h1>\n<p>La ACR123U, USB-varia\u0135o de la ACR123S, funkcias kiel pagebla, fleksebla kaj inteligenta senkontakta leganto. \u011ci povas esti perfekte integrigita en ekzistantajn Vendopunktojn (POS) sistemojn a\u016d kasregistrilojn, transformante ilin en senpagajn pagterminalojn. La enkonduko de la ACR123U akcelas la kasprocezon \u0109ar \u011di permesas al klientoj fini siajn pagojn per simpla frapeto de siaj kartoj. \u0108i tiu senkontakta leganto prezentas efikan solvon por plibonigi la efikecon de pagsistemoj.<\/p>\n<ul>\n<li>\n<h2>USB-interfaco por Datuma Komunikado kaj nutrado<\/h2>\n<\/li>\n<li>\n<h2>ARM 32-bita CortexTM-M3-Procesoro<\/h2>\n<\/li>\n<li>\n<h2>Leganto de inteligentaj kartoj:<\/h2>\n<ul>\n<li>\n<h3>Legado\/Skriba rapideco de \u011dis 848 kbps<\/h3>\n<\/li>\n<li>\n<h3>Enkonstruita anteno por senkontakta karta aliro, kun kartlega distanco de \u011dis 50 mm (depende de etikedo-tipo)<\/h3>\n<\/li>\n<li>\n<h3>Subteno por ISO 14443 Parto 4 Tipo A kaj B-kartoj kaj MIFARE-serio<\/h3>\n<\/li>\n<li>\n<h3>Enkonstruita kontra\u016d-kolizio trajto<\/h3>\n<\/li>\n<li>\n<h3>Tri ISO 7816-konformaj SAM-fendoj<\/h3>\n<\/li>\n<\/ul>\n<\/li>\n<li>\n<h2>Enkonstruitaj Ekstercentraloj:<\/h2>\n<ul>\n<li>\n<h3>16 alfanombraj signoj x 8 linioj Grafika LCD (128 x 64 pikseloj)<\/h3>\n<\/li>\n<li>\n<h3>Kvar uzant-regeblaj LEDoj (Blua, Flava, Verda kaj Ru\u011da)<\/h3>\n<\/li>\n<li>\n<h3>Uzant-regebla frapeta regiono retrolumo (Ru\u011da, Verda kaj Blua)<\/h3>\n<\/li>\n<li>\n<h3>Uzant-regebla la\u016dtparolilo (Audiotonindiko)<\/h3>\n<\/li>\n<\/ul>\n<\/li>\n<\/ul>\n<table style=\"height: 1395px;\" width=\"611\">\n<tbody>\n<tr>\n<td colspan=\"2\" width=\"511\">Fizikaj Karakteriza\u0135oj<\/td>\n<\/tr>\n<tr>\n<td rowspan=\"2\" width=\"215\">Dimensioj (mm)<\/td>\n<td width=\"296\">\u0108efa korpo: 159.0 mm (L) x 100.0 mm (W) x 21.0 mm (H)<\/td>\n<\/tr>\n<tr>\n<td width=\"296\">Kun Stando: 177,4 mm (L) x 100,0 mm (L) x 94,5 mm (H)<\/td>\n<\/tr>\n<tr>\n<td rowspan=\"2\" width=\"215\">Pezo (g)<\/td>\n<td width=\"296\">\u0108efa Korpo: 281 g<\/td>\n<\/tr>\n<tr>\n<td width=\"296\">Kun Stando: 506 g<\/td>\n<\/tr>\n<tr>\n<td colspan=\"2\" width=\"511\">USB-Interfaco<\/td>\n<\/tr>\n<tr>\n<td width=\"215\">Protokolo<\/td>\n<td width=\"296\">USB CCID<\/td>\n<\/tr>\n<tr>\n<td width=\"215\">Konektilo Tipo<\/td>\n<td width=\"296\">Norma Tipo A<\/td>\n<\/tr>\n<tr>\n<td width=\"215\">Elektrofonto<\/td>\n<td width=\"296\">De USBa Haveno<\/td>\n<\/tr>\n<tr>\n<td width=\"215\">Rapido<\/td>\n<td width=\"296\">USB Plena Rapido (12 Mbps)<\/td>\n<\/tr>\n<tr>\n<td width=\"215\">Longo de kablo<\/td>\n<td width=\"296\">1,5 m, Fiksa<\/td>\n<\/tr>\n<tr>\n<td colspan=\"2\" width=\"511\">Senkontakta Smart Card-Interfaco<\/td>\n<\/tr>\n<tr>\n<td width=\"215\">Normo<\/td>\n<td width=\"296\">ISO 14443 A &amp; B Partoj 1-4<\/td>\n<\/tr>\n<tr>\n<td rowspan=\"2\" width=\"215\">Protokolo<\/td>\n<td width=\"296\">ISO 14443-4 Konforma Karto, T=CL<\/td>\n<\/tr>\n<tr>\n<td width=\"296\">MIFARE\u00ae Klasika Karto, T=CL<\/td>\n<\/tr>\n<tr>\n<td colspan=\"2\" width=\"511\">SAM-Karta Interfaco<\/td>\n<\/tr>\n<tr>\n<td width=\"215\">Nombro de Slots<\/td>\n<td width=\"296\">3 Normaj SIM-grandaj Kartfendoj<\/td>\n<\/tr>\n<tr>\n<td width=\"215\">Normo<\/td>\n<td width=\"296\">ISO 7816 Klaso A, B, C (5 V, 3 V, 1.8 V)<\/td>\n<\/tr>\n<tr>\n<td width=\"215\">Protokolo<\/td>\n<td width=\"296\">T=0; T=1<\/td>\n<\/tr>\n<tr>\n<td colspan=\"2\" width=\"511\">Enkonstruitaj Ekstercentraloj<\/td>\n<\/tr>\n<tr>\n<td rowspan=\"3\" width=\"215\">LCD<\/td>\n<td width=\"296\">Grafika LCD kun Blanka Retrolumo<\/td>\n<\/tr>\n<tr>\n<td width=\"296\">Rezolucio: 128 x 64 pikseloj<\/td>\n<\/tr>\n<tr>\n<td width=\"296\">Nombro da Signoj: 16 signoj x 8 linioj<\/td>\n<\/tr>\n<tr>\n<td width=\"215\">LED<\/td>\n<td width=\"296\">4 unukoloraj: Blua, Flava, Verda kaj Ru\u011da<\/td>\n<\/tr>\n<tr>\n<td width=\"215\">Frapeta Regiono<\/td>\n<td width=\"296\">Tri-kolora kontra\u016dlumo: Ru\u011da, Verda kaj Blua<\/td>\n<\/tr>\n<tr>\n<td width=\"215\">Parolanto<\/td>\n<td width=\"296\">A\u016ddio-Tona Indiko<\/td>\n<\/tr>\n<tr>\n<td colspan=\"2\" width=\"511\">Aliaj Trajtoj<\/td>\n<\/tr>\n<tr>\n<td width=\"215\">Sekureco<\/td>\n<td width=\"296\">Tamper Switch (Internaj kontra\u016d-entrudaj detektoj kaj protekto)<\/td>\n<\/tr>\n<tr>\n<td width=\"215\">Firmware \u011cisdatigo<\/td>\n<td width=\"296\">Subtenita<\/td>\n<\/tr>\n<tr>\n<td width=\"215\">Realtempa Horlo\u011do<\/td>\n<td width=\"296\">Subtenita<\/td>\n<\/tr>\n<tr>\n<td colspan=\"2\" width=\"511\">Atestoj\/Konformo<\/td>\n<\/tr>\n<tr>\n<td rowspan=\"12\" width=\"215\">Atestoj\/Konformo<\/td>\n<td width=\"296\">ISO 14443<\/td>\n<\/tr>\n<tr>\n<td width=\"296\">ISO 7816 (SAM-fendeto)<\/td>\n<\/tr>\n<tr>\n<td width=\"296\">USB Plena Rapido<\/td>\n<\/tr>\n<tr>\n<td width=\"296\">PC\/SC<\/td>\n<\/tr>\n<tr>\n<td width=\"296\">CCID<\/td>\n<\/tr>\n<tr>\n<td width=\"296\">VCCI (Japanio)<\/td>\n<\/tr>\n<tr>\n<td width=\"296\">KC (Koreio)<\/td>\n<\/tr>\n<tr>\n<td width=\"296\">Microsoft\u00ae WHQL<\/td>\n<\/tr>\n<tr>\n<td width=\"296\">CE<\/td>\n<\/tr>\n<tr>\n<td width=\"296\">FCC<\/td>\n<\/tr>\n<tr>\n<td width=\"296\">RoHS 2<\/td>\n<\/tr>\n<tr>\n<td width=\"296\">atingu<\/td>\n<\/tr>\n<tr>\n<td colspan=\"2\" width=\"511\">Subteno de Operaciumo-\u015coforo de Aparato<\/td>\n<\/tr>\n<tr>\n<td rowspan=\"4\" width=\"215\">Subteno de Operaciumo-\u015coforo de Aparato<\/td>\n<td width=\"296\">Windows\u00ae CE<\/td>\n<\/tr>\n<tr>\n<td width=\"296\">Vindozo\u00ae<\/td>\n<\/tr>\n<tr>\n<td width=\"296\">Linukso\u00ae<\/td>\n<\/tr>\n<tr>\n<td width=\"296\">Solaris<\/td>\n<\/tr>\n<\/tbody>\n<\/table>","protected":false},"excerpt":{"rendered":"<div class=\"auto-hide-last-sibling-br paragraph_1252f paragraph-element\">\n<div class=\"auto-hide-last-sibling-br paragraph_1252f paragraph-element\">ACR123U, malaltekosta LCD-USB-Legilo por senkontentaj pagoj, plibonigante kasan efikecon per intuicia dezajno kaj kongruo kun ISO 14443-4-kartoj.<\/div>\n<\/div>","protected":false},"featured_media":2741,"template":"","meta":[],"product_brand":[],"product_cat":[45],"product_tag":[],"class_list":{"0":"post-2740","1":"product","2":"type-product","3":"status-publish","4":"has-post-thumbnail","6":"product_cat-contactless-nfc-reader","8":"first","9":"instock","10":"shipping-taxable","11":"product-type-simple"},"_links":{"self":[{"href":"https:\/\/nfc-readers.com\/eo\/wp-json\/wp\/v2\/product\/2740","targetHints":{"allow":["GET"]}}],"collection":[{"href":"https:\/\/nfc-readers.com\/eo\/wp-json\/wp\/v2\/product"}],"about":[{"href":"https:\/\/nfc-readers.com\/eo\/wp-json\/wp\/v2\/types\/product"}],"wp:featuredmedia":[{"embeddable":true,"href":"https:\/\/nfc-readers.com\/eo\/wp-json\/wp\/v2\/media\/2741"}],"wp:attachment":[{"href":"https:\/\/nfc-readers.com\/eo\/wp-json\/wp\/v2\/media?parent=2740"}],"wp:term":[{"taxonomy":"product_brand","embeddable":true,"href":"https:\/\/nfc-readers.com\/eo\/wp-json\/wp\/v2\/product_brand?post=2740"},{"taxonomy":"product_cat","embeddable":true,"href":"https:\/\/nfc-readers.com\/eo\/wp-json\/wp\/v2\/product_cat?post=2740"},{"taxonomy":"product_tag","embeddable":true,"href":"https:\/\/nfc-readers.com\/eo\/wp-json\/wp\/v2\/product_tag?post=2740"}],"curies":[{"name":"wp","href":"https:\/\/api.w.org\/{rel}","templated":true}]}}