{"id":2744,"date":"2024-06-11T02:10:05","date_gmt":"2024-06-11T02:10:05","guid":{"rendered":"https:\/\/nfc-readers.com\/?post_type=product&#038;p=2744"},"modified":"2024-09-23T08:58:36","modified_gmt":"2024-09-23T08:58:36","slug":"acr123s-rs232-nfc-lcd-contactless-reader-writer","status":"publish","type":"product","link":"https:\/\/nfc-readers.com\/eo\/ic-reader\/acr123s-rs232-nfc-lcd-contactless-reader-writer\/","title":{"rendered":"ACR123S RS232 NFC LCD Senkontakta Leganto Verkisto"},"content":{"rendered":"<h1>ACR123S RS232 NFC LCD Senkontakta Leganto Verkisto<\/h1>\n<div><\/div>\n<div class=\"auto-hide-last-sibling-br paragraph_1252f paragraph-element\">La plii\u011do de senkontakta teknologio transformas la a\u0109etan konduton de konsumantoj tra la mondo, pliigante la bezonon de fortika solvo, kiu povas subteni senpagajn pagajn aplikojn. La ACR123S estis specife evoluigita por renkonti \u0109i tiun kreskantan postulon.<\/div>\n<div class=\"auto-hide-last-sibling-br paragraph_1252f paragraph-element\">La ACR123S Inteligenta Senkontakta Leganto estas ekonomia, diverstalenta kaj inteligenta senkontakta leganto, kiu povas esti senpene integrita en anta\u016dekzistantajn POS (Point-of-Sale) sistemojn a\u016d kasregistrilojn, tiel disponigante la avanta\u011dojn de senkontakta pagsistemo. Konstruita sur la 13.56 MHz-senkontakta (RFID) teknologio, \u011di estas kongrua kun iu ajn senkontakta karto, kiu sekvas la normon ISO 14443-4.<\/div>\n<div>\n<ul>\n<li>\n<h2>Seria RS232-Interfaco kun RJ45-konektilo<\/h2>\n<\/li>\n<li>\n<h2>USB-interfaco por nutrado<\/h2>\n<\/li>\n<li>\n<h2>ARM 32-bita CortexTM-M3-Procesoro<\/h2>\n<\/li>\n<li>\n<h2>Leganto de inteligentaj kartoj:<\/h2>\n<ul>\n<li>\n<h3>Legado\/Skriba rapideco de \u011dis 848 kbps<\/h3>\n<\/li>\n<li>\n<h3>Enkonstruita anteno por senkontakta karta aliro, kun kartlega distanco de \u011dis 50 mm (depende de etikedo-tipo)<\/h3>\n<\/li>\n<li>\n<h3>Subteno por ISO 14443 Parto 4 Tipo A kaj B-kartoj kaj MIFARE-serio<\/h3>\n<\/li>\n<li>\n<h3>Enkonstruita kontra\u016d-kolizio trajto<\/h3>\n<\/li>\n<li>\n<h3>Tri ISO 7816-konformaj SAM-fendoj<\/h3>\n<\/li>\n<\/ul>\n<\/li>\n<li>\n<h2>Enkonstruitaj Ekstercentraloj:<\/h2>\n<ul>\n<li>\n<h3>16 alfanombraj signoj x 8 linioj Grafika LCD (128 x 64 pikseloj)<\/h3>\n<\/li>\n<li>\n<h3>Kvar uzant-regeblaj LEDoj (Blua, Flava, Verda kaj Ru\u011da)<\/h3>\n<\/li>\n<li>\n<h3>Uzant-regebla frapeta regiono retrolumo (Ru\u011da, Verda kaj Blua)<\/h3>\n<\/li>\n<li>\n<h3>Uzant-regebla la\u016dtparolilo (Audiotonindiko)<\/h3>\n<\/li>\n<\/ul>\n<\/li>\n<\/ul>\n<table width=\"514\">\n<tbody>\n<tr>\n<td colspan=\"2\" width=\"514\">Fizikaj Karakteriza\u0135oj<\/td>\n<\/tr>\n<tr>\n<td rowspan=\"2\" width=\"233\">Dimensioj (mm)<\/td>\n<td width=\"281\">\u0108efa korpo: 159.0 mm (L) x 100.0 mm (W) x 21.0 mm (H)<\/td>\n<\/tr>\n<tr>\n<td width=\"281\">Kun Stando: 177,4 mm (L) x 100,0 mm (L) x 94,5 mm (H)<\/td>\n<\/tr>\n<tr>\n<td rowspan=\"2\" width=\"233\">Pezo (g)<\/td>\n<td width=\"281\">\u0108efa Korpo: 281 g<\/td>\n<\/tr>\n<tr>\n<td width=\"281\">Kun Stando: 506 g<\/td>\n<\/tr>\n<tr>\n<td colspan=\"2\" width=\"514\">Seria Interfaco<\/td>\n<\/tr>\n<tr>\n<td width=\"233\">Protokolo<\/td>\n<td width=\"281\">RS-232<\/td>\n<\/tr>\n<tr>\n<td width=\"233\">Konektilo Tipo<\/td>\n<td width=\"281\">Konektilo RJ45<\/td>\n<\/tr>\n<tr>\n<td width=\"233\">Elektrofonto<\/td>\n<td width=\"281\">De USBa Haveno<\/td>\n<\/tr>\n<tr>\n<td width=\"233\">Longo de kablo<\/td>\n<td width=\"281\">1.5 m, Fiksa (RJ45 + USB)<\/td>\n<\/tr>\n<tr>\n<td colspan=\"2\" width=\"514\">Senkontakta Smart Card-Interfaco<\/td>\n<\/tr>\n<tr>\n<td width=\"233\">Normo<\/td>\n<td width=\"281\">ISO 14443 A &amp; B Partoj 1-4<\/td>\n<\/tr>\n<tr>\n<td rowspan=\"2\" width=\"233\">Protokolo<\/td>\n<td width=\"281\">ISO 14443-4 Konforma Karto, T=CL<\/td>\n<\/tr>\n<tr>\n<td width=\"281\">MIFARE\u00ae Klasika Karto, T=CL<\/td>\n<\/tr>\n<tr>\n<td colspan=\"2\" width=\"514\">SAM-Karta Interfaco<\/td>\n<\/tr>\n<tr>\n<td width=\"233\">Nombro de Slots<\/td>\n<td width=\"281\">3 Normaj SIM-grandaj Kartfendoj<\/td>\n<\/tr>\n<tr>\n<td width=\"233\">Normo<\/td>\n<td width=\"281\">ISO 7816 Klaso A, B, C (5 V, 3 V, 1.8 V)<\/td>\n<\/tr>\n<tr>\n<td width=\"233\">Protokolo<\/td>\n<td width=\"281\">T=0; T=1<\/td>\n<\/tr>\n<tr>\n<td colspan=\"2\" width=\"514\">Enkonstruitaj Ekstercentraloj<\/td>\n<\/tr>\n<tr>\n<td rowspan=\"3\" width=\"233\">LCD<\/td>\n<td width=\"281\">Grafika LCD kun Blanka Retrolumo<\/td>\n<\/tr>\n<tr>\n<td width=\"281\">Rezolucio: 128 x 64 pikseloj<\/td>\n<\/tr>\n<tr>\n<td width=\"281\">Nombro da Signoj: 16 signoj x 8 linioj<\/td>\n<\/tr>\n<tr>\n<td width=\"233\">LED<\/td>\n<td width=\"281\">4 unukoloraj: Blua, Flava, Verda kaj Ru\u011da<\/td>\n<\/tr>\n<tr>\n<td width=\"233\">Frapeta Regiono<\/td>\n<td width=\"281\">Tri-kolora kontra\u016dlumo: Ru\u011da, Verda kaj Blua<\/td>\n<\/tr>\n<tr>\n<td width=\"233\">Parolanto<\/td>\n<td width=\"281\">A\u016ddio-Tona Indiko<\/td>\n<\/tr>\n<tr>\n<td colspan=\"2\" width=\"514\">Aliaj Trajtoj<\/td>\n<\/tr>\n<tr>\n<td width=\"233\">Sekureco<\/td>\n<td width=\"281\">Tamper Switch (Internaj kontra\u016d-entrudaj detektoj kaj protekto)<\/td>\n<\/tr>\n<tr>\n<td width=\"233\">Firmware \u011cisdatigo<\/td>\n<td width=\"281\">Subtenita<\/td>\n<\/tr>\n<tr>\n<td width=\"233\">Realtempa Horlo\u011do<\/td>\n<td width=\"281\">Subtenita<\/td>\n<\/tr>\n<tr>\n<td colspan=\"2\" width=\"514\">Atestoj\/Konformo<\/td>\n<\/tr>\n<tr>\n<td rowspan=\"8\" width=\"233\">Atestoj\/Konformo<\/td>\n<td width=\"281\">ISO 14443<\/td>\n<\/tr>\n<tr>\n<td width=\"281\">ISO 7816 (SAM-fendeto)<\/td>\n<\/tr>\n<tr>\n<td width=\"281\">VCCI (Japanio)<\/td>\n<\/tr>\n<tr>\n<td width=\"281\">KC (Koreio)<\/td>\n<\/tr>\n<tr>\n<td width=\"281\">CE<\/td>\n<\/tr>\n<tr>\n<td width=\"281\">FCC<\/td>\n<\/tr>\n<tr>\n<td width=\"281\">RoHS 2<\/td>\n<\/tr>\n<tr>\n<td width=\"281\">atingu<\/td>\n<\/tr>\n<tr>\n<td colspan=\"2\" width=\"514\">Subteno de Operaciumo-\u015coforo de Aparato<\/td>\n<\/tr>\n<tr>\n<td rowspan=\"3\" width=\"233\">Subteno de Operaciumo-\u015coforo de Aparato<\/td>\n<td width=\"281\">Windows\u00ae CE<\/td>\n<\/tr>\n<tr>\n<td width=\"281\">Vindozo\u00ae<\/td>\n<\/tr>\n<tr>\n<td width=\"281\">Linukso\u00ae<\/td>\n<\/tr>\n<\/tbody>\n<\/table>\n<\/div>","protected":false},"excerpt":{"rendered":"<div class=\"auto-hide-last-sibling-br paragraph_1252f paragraph-element\">La ACR123S estas pionira LCD-USB 13.56 Mhz RFID-Leganto, kiu plibonigas POS-sistemojn kun senjuntaj senkontaktaj pagkapabloj por pli glata kasa sperto.<\/div>","protected":false},"featured_media":2745,"template":"","meta":[],"product_brand":[],"product_cat":[45],"product_tag":[],"class_list":{"0":"post-2744","1":"product","2":"type-product","3":"status-publish","4":"has-post-thumbnail","6":"product_cat-contactless-nfc-reader","8":"first","9":"instock","10":"shipping-taxable","11":"product-type-simple"},"_links":{"self":[{"href":"https:\/\/nfc-readers.com\/eo\/wp-json\/wp\/v2\/product\/2744","targetHints":{"allow":["GET"]}}],"collection":[{"href":"https:\/\/nfc-readers.com\/eo\/wp-json\/wp\/v2\/product"}],"about":[{"href":"https:\/\/nfc-readers.com\/eo\/wp-json\/wp\/v2\/types\/product"}],"wp:featuredmedia":[{"embeddable":true,"href":"https:\/\/nfc-readers.com\/eo\/wp-json\/wp\/v2\/media\/2745"}],"wp:attachment":[{"href":"https:\/\/nfc-readers.com\/eo\/wp-json\/wp\/v2\/media?parent=2744"}],"wp:term":[{"taxonomy":"product_brand","embeddable":true,"href":"https:\/\/nfc-readers.com\/eo\/wp-json\/wp\/v2\/product_brand?post=2744"},{"taxonomy":"product_cat","embeddable":true,"href":"https:\/\/nfc-readers.com\/eo\/wp-json\/wp\/v2\/product_cat?post=2744"},{"taxonomy":"product_tag","embeddable":true,"href":"https:\/\/nfc-readers.com\/eo\/wp-json\/wp\/v2\/product_tag?post=2744"}],"curies":[{"name":"wp","href":"https:\/\/api.w.org\/{rel}","templated":true}]}}