{"id":2758,"date":"2024-06-11T12:39:26","date_gmt":"2024-06-11T12:39:26","guid":{"rendered":"https:\/\/nfc-readers.com\/?post_type=product&#038;p=2758"},"modified":"2024-09-23T06:23:59","modified_gmt":"2024-09-23T06:23:59","slug":"acm1323s-rs232-contactless-reader-writer","status":"publish","type":"product","link":"https:\/\/nfc-readers.com\/eo\/ic-reader\/acm1323s-rs232-contactless-reader-writer\/","title":{"rendered":"ACM1323S RS232 Senkontakta Leganto Verkisto"},"content":{"rendered":"<h1>ACM1323S RS232 Senkontakta Leganto Verkisto<\/h1>\n<p>ACM1323 estas sa\u011dkartleganto-modulo bazita sur 13.56MHz-senkontakta teknologio. \u011ci adoptas serian komunikadprotokolon kaj la\u016dvole subtenas RS232-interfacon a\u016d UARTTTL-signalan interfacon. \u011ci subtenas legadon kaj skribadon de Klaso A sa\u011dkartoj kiuj konformas kun ISO144431 al Parto 4, inkluzive de CPU-kartoj, MIFARE Classic, Mifare 1K\/4K, Mifare Plus kaj DESFire. La ACM1323S estas vera plug and play aparato, kiu povas esti uzata sen iaj \u015doforoj kaj estas desegnita por rapida integri\u011do en enkonstruitaj sistemoj, ta\u016dga por diversaj aplika\u0135scenaroj kiel \u015dargpunktoj, tablojdoj, vendiloj, publika transporto, retaj kontroloj, \u0109eesto kaj aliaj integraj sistemoj. \u011ci anka\u016d subtenas firmvarajn \u011disdatigojn sen la bezono de kromaj aparataj modifoj.<\/p>\n<table width=\"628\">\n<tbody>\n<tr>\n<td colspan=\"2\" width=\"628\">Fizikaj Karakteriza\u0135oj<\/td>\n<\/tr>\n<tr>\n<td width=\"335\">Dimensioj (mm)<\/td>\n<td width=\"293\">73,5 x40,0 x 4,5<\/td>\n<\/tr>\n<tr>\n<td width=\"335\">Pezo (g)<\/td>\n<td width=\"293\">7.2<\/td>\n<\/tr>\n<tr>\n<td colspan=\"2\" width=\"628\">Interfaco RS232<\/td>\n<\/tr>\n<tr>\n<td width=\"335\">Konektilo Tipo<\/td>\n<td width=\"293\">RS232 TTL<\/td>\n<\/tr>\n<tr>\n<td width=\"335\">Elektrofonto<\/td>\n<td width=\"293\">De USB-haveno<\/td>\n<\/tr>\n<tr>\n<td width=\"335\">Longo de kablo<\/td>\n<td width=\"293\">1m, Forprenebla (La\u016d Peto)<\/td>\n<\/tr>\n<tr>\n<td colspan=\"2\" width=\"628\">Senkontakta Smart Card-Interfaco<\/td>\n<\/tr>\n<tr>\n<td width=\"335\">Normo<\/td>\n<td width=\"293\">ISO 14443 Tipo A CPU-karto MIFARE Classic, Mifare 1K\/4K, Mifare Plus kaj DESFire<\/td>\n<\/tr>\n<tr>\n<td rowspan=\"2\" width=\"335\">Protokolo<\/td>\n<td width=\"293\">ISO 14443-4 Konforma Karto, T=CL<\/td>\n<\/tr>\n<tr>\n<td width=\"293\">MIFARE\u00ae Klasika Karto, T=CL<\/td>\n<\/tr>\n<tr>\n<td colspan=\"2\" width=\"628\">Enkonstruitaj Ekstercentraloj<\/td>\n<\/tr>\n<tr>\n<td width=\"335\">LED<\/td>\n<td width=\"293\">1 dukolora: Blua kaj Verda<\/td>\n<\/tr>\n<tr>\n<td colspan=\"2\" width=\"628\">Aliaj Trajtoj<\/td>\n<\/tr>\n<tr>\n<td rowspan=\"3\" width=\"335\">Aliaj Trajtoj<\/td>\n<td width=\"293\">Subtenataj Kartaj Tipoj:<\/td>\n<\/tr>\n<tr>\n<td width=\"293\">ISO 14443 Tipo A &amp; B Partoj 1-4,<\/td>\n<\/tr>\n<tr>\n<td width=\"293\">MIFARE Classic\u00ae, MIFARE DESFire\u00ae, MIFARE Ultralight\u00ae, MIFARE Plus\u00ae<\/td>\n<\/tr>\n<tr>\n<td width=\"335\">Firmware \u011cisdatigo<\/td>\n<td width=\"293\">Subtenita<\/td>\n<\/tr>\n<tr>\n<td colspan=\"2\" width=\"628\">Atestoj\/Konformo<\/td>\n<\/tr>\n<tr>\n<td rowspan=\"3\" width=\"335\">Atestoj\/Konformo<\/td>\n<td width=\"293\">Atestiloj:<\/td>\n<\/tr>\n<tr>\n<td width=\"293\">IEC\/EN 62368, CE, UKCA, FCC, VCCI, RoHS, REACH, WEEE, Microsoft\u00ae WHQL<\/td>\n<\/tr>\n<tr>\n<td width=\"293\">\u00a0 Konformeco:<\/td>\n<\/tr>\n<tr>\n<td colspan=\"2\" width=\"628\">Subteno de Operaciumo-\u015coforo de Aparato<\/td>\n<\/tr>\n<tr>\n<td width=\"335\">Subteno de Operaciumo-\u015coforo de Aparato<\/td>\n<td width=\"293\">Vindozo\u00ae, Linukso\u00ae, macOS, Android\u2122<\/td>\n<\/tr>\n<\/tbody>\n<\/table>","protected":false},"excerpt":{"rendered":"<p>La ACM1323 estas multflanka RFID-kartlegilo, kiu funkcias kun diversaj inteligentaj kartoj kaj facile integri\u011das en enkonstruitajn sistemojn.<\/p>","protected":false},"featured_media":2759,"template":"","meta":[],"product_brand":[],"product_cat":[41],"product_tag":[],"class_list":{"0":"post-2758","1":"product","2":"type-product","3":"status-publish","4":"has-post-thumbnail","6":"product_cat-module-ic-reader","8":"first","9":"instock","10":"shipping-taxable","11":"product-type-simple"},"_links":{"self":[{"href":"https:\/\/nfc-readers.com\/eo\/wp-json\/wp\/v2\/product\/2758","targetHints":{"allow":["GET"]}}],"collection":[{"href":"https:\/\/nfc-readers.com\/eo\/wp-json\/wp\/v2\/product"}],"about":[{"href":"https:\/\/nfc-readers.com\/eo\/wp-json\/wp\/v2\/types\/product"}],"wp:featuredmedia":[{"embeddable":true,"href":"https:\/\/nfc-readers.com\/eo\/wp-json\/wp\/v2\/media\/2759"}],"wp:attachment":[{"href":"https:\/\/nfc-readers.com\/eo\/wp-json\/wp\/v2\/media?parent=2758"}],"wp:term":[{"taxonomy":"product_brand","embeddable":true,"href":"https:\/\/nfc-readers.com\/eo\/wp-json\/wp\/v2\/product_brand?post=2758"},{"taxonomy":"product_cat","embeddable":true,"href":"https:\/\/nfc-readers.com\/eo\/wp-json\/wp\/v2\/product_cat?post=2758"},{"taxonomy":"product_tag","embeddable":true,"href":"https:\/\/nfc-readers.com\/eo\/wp-json\/wp\/v2\/product_tag?post=2758"}],"curies":[{"name":"wp","href":"https:\/\/api.w.org\/{rel}","templated":true}]}}