{"id":2765,"date":"2024-06-11T13:24:05","date_gmt":"2024-06-11T13:24:05","guid":{"rendered":"https:\/\/nfc-readers.com\/?post_type=product&#038;p=2765"},"modified":"2024-09-23T06:21:32","modified_gmt":"2024-09-23T06:21:32","slug":"acr1552u-a2-aquaguard-nfc-usb-contactless-reader-writer","status":"publish","type":"product","link":"https:\/\/nfc-readers.com\/eo\/ic-reader\/acr1552u-a2-aquaguard-nfc-usb-contactless-reader-writer\/","title":{"rendered":"ACR1552U-A2 AquaGuard NFC USB Senkontakta Leganto Verkilo"},"content":{"rendered":"<h1>ACR1552U-A2 AquaGuard NFC USB Senkontakta Leganto Verkilo<\/h1>\n<p>La ACR1552U-A2 AquaGuard NFC USB-Leganto estas fortika kvarageneracia aparato konstruita sur 13.56 MHz-senkontakta teknologio. \u011ci funkcias per senkontaktaj kartoj kaj aparatoj ali\u011dantaj al normoj IS0 14443Type A kaj B, ISO 15693 kaj ISO 18092. La IP67-taksado signifas \u011dian esceptan reziston al polvo kaj akvo, certigante seninterrompan funkciadon e\u0109 sub malfacilaj kondi\u0109oj. Konforme al kaj CCID kaj PC\/SC-normoj, la ACR1552U-A2 AquaGuard NFC USB-Leganto ofertas altrapidan komunikadon de \u011dis 848 kbps. La IP67-atestita \u015delo de la leganto enhavas \u011disdatigeblajn funkciojn de USBfirmao, etendante \u011dian \u0109iuflankecon kaj kostefikecon tra multaj sektoroj, inkluzive de financo, sanservo kaj registaro. \u0108i tiu IP67-taksa NFC-leganto inteligente subtenas tri re\u011dimojn de NFC: leganto\/verkisto, kart-emulado kaj klavar-imulado. \u011cia fortikeco kaj \u0109iuflankeco malfermas lar\u011dan aron de eblaj aplikoj kiel ekzemple e-pago, alirkontrolaj sistemoj kaj transportaj biletoj. La ACR1552U-A2AquaGuard NFC USBReader, kun sia IP67-subteno, staras kiel rezistema kaj fidinda elekto en NFC-teknologio.<\/p>\n<ul>\n<li>\n<h2>USB 2.0 Plenrapida Interfaco<\/h2>\n<\/li>\n<li>\n<h2>CCID Konformeco<\/h2>\n<\/li>\n<li>\n<h2>Senkontakta Smart Card Legilo:<\/h2>\n<ul>\n<li>\n<h3>Legado\/Skriba rapideco \u011dis 848 kbps<\/h3>\n<\/li>\n<li>\n<h3>Enkonstruita anteno por senkontakta aliro de etikedoj, kun kartlega distanco de \u011dis 70 mm (depende de etikedo-tipo)<\/h3>\n<\/li>\n<li>\n<h3>Elportas ISO 14443 Tipo A kaj B-kartojn, ISO 15693 Kartojn kaj ISO18092 NFC<\/h3>\n<\/li>\n<li>\n<h3>Subtenas MIFARE\u00ae (T=CL), FeliCa, NFC-etikedojn, SRI\/SRIX, CTS, Innovatron, Picopass, Topaz Card<\/h3>\n<\/li>\n<li>\n<h3>Enkonstruita kontra\u016d-kolizio trajto<\/h3>\n<\/li>\n<li>\n<h3>Elportas plilongigitan APDU (maks. 64 kbajtoj)<\/h3>\n<\/li>\n<li>\n<h3>Unu SAM-fendeto konforma al ISO7816 (Klaso A)<\/h3>\n<\/li>\n<li>\n<h3>NFC Subteno<\/h3>\n<ul>\n<li>\u00a0 \u00a0Smart Card Reader\/Writer Mode<\/li>\n<li>\u00a0 \u00a0Karta Emulada Re\u011dimo<\/li>\n<li>\u00a0 \u00a0Klavara Emulada Re\u011dimo<\/li>\n<\/ul>\n<\/li>\n<\/ul>\n<\/li>\n<li>\n<h2>Interfaco de Programado de Apliko:<\/h2>\n<ul>\n<li>\n<h3>Subtenas PC\/SC<\/h3>\n<\/li>\n<li>\n<h3>Subtenas CT-API (tra envolva\u0135o supre de komputilo\/SC)<\/h3>\n<\/li>\n<\/ul>\n<\/li>\n<li>\n<h2>Ekstercentraloj:<\/h2>\n<ul>\n<li>\n<h3>Uzant-regebla dukolora LED (Blua &amp; Verda)<\/h3>\n<\/li>\n<li>\n<h3>Uzant-regebla zumilo (Monotono)<\/h3>\n<\/li>\n<li>\n<h3>Unu SAM-fendo<\/h3>\n<\/li>\n<\/ul>\n<\/li>\n<li>\n<h2>USB Firmware \u011cisdatigebleco<\/h2>\n<\/li>\n<\/ul>\n<table width=\"598\">\n<tbody>\n<tr>\n<td colspan=\"2\" width=\"598\">Fizikaj Karakteriza\u0135oj<\/td>\n<\/tr>\n<tr>\n<td width=\"225\">Dimensioj (mm)<\/td>\n<td width=\"373\">\u0108efa Korpo: 98 x 65 x 12,8 mm<\/td>\n<\/tr>\n<tr>\n<td width=\"225\">Pezo (g)<\/td>\n<td width=\"373\">89 g<\/td>\n<\/tr>\n<tr>\n<td colspan=\"2\" width=\"598\">USB-Interfaco<\/td>\n<\/tr>\n<tr>\n<td width=\"225\">Protokolo<\/td>\n<td width=\"373\">USB CCID<\/td>\n<\/tr>\n<tr>\n<td width=\"225\">Konektilo Tipo<\/td>\n<td width=\"373\">USB-Tipo-A (ACR1552U-A2), USB-Tipo-C (ACR1552U-MF)<\/td>\n<\/tr>\n<tr>\n<td width=\"225\">Elektrofonto<\/td>\n<td width=\"373\">De USB-haveno<\/td>\n<\/tr>\n<tr>\n<td width=\"225\">Rapido<\/td>\n<td width=\"373\">USB Plena Rapido (12 Mbps)<\/td>\n<\/tr>\n<tr>\n<td width=\"225\">Longo de kablo<\/td>\n<td width=\"373\">1m, Neforigebla<\/td>\n<\/tr>\n<tr>\n<td colspan=\"2\" width=\"598\">Senkontakta Smart Card-Interfaco<\/td>\n<\/tr>\n<tr>\n<td width=\"225\">Normo<\/td>\n<td width=\"373\">ISO\/IEC 18092 NFC, ISO 14443 Tipo A &amp; B, ISO 15693, MIFARE\u00ae, FeliCa<\/td>\n<\/tr>\n<tr>\n<td rowspan=\"5\" width=\"225\">Protokolo<\/td>\n<td width=\"373\">ISO 14443-4 Konforma Karto, T=CL<\/td>\n<\/tr>\n<tr>\n<td width=\"373\">MIFARE\u00ae Klasika Karto, T=CL<\/td>\n<\/tr>\n<tr>\n<td width=\"373\">ISO 15693<\/td>\n<\/tr>\n<tr>\n<td width=\"373\">ISO 18092 NFC-Etikedoj<\/td>\n<\/tr>\n<tr>\n<td width=\"373\">FeliCa<\/td>\n<\/tr>\n<tr>\n<td colspan=\"2\" width=\"598\">Enkonstruitaj Ekstercentraloj<\/td>\n<\/tr>\n<tr>\n<td width=\"225\">LED<\/td>\n<td width=\"373\">1 dukolora: Blua kaj Verda<\/td>\n<\/tr>\n<tr>\n<td width=\"225\">Zumilo<\/td>\n<td width=\"373\">Jes<\/td>\n<\/tr>\n<tr>\n<td colspan=\"2\" width=\"598\">Aliaj Trajtoj<\/td>\n<\/tr>\n<tr>\n<td rowspan=\"4\" width=\"225\">Aliaj Trajtoj<\/td>\n<td width=\"373\">Subtenataj Kartaj Tipoj:<\/td>\n<\/tr>\n<tr>\n<td width=\"373\">ISO 14443 Tipo A &amp; B Partoj 1-4, ISO 15693, ISO 18092 NFC, MIFARE\u00ae, FeliCa, SRI\/SRIX, CTS, Innovatron, Picopass, Topaz Card<\/td>\n<\/tr>\n<tr>\n<td width=\"373\">\u00a0 Trajtoj de NFC:<\/td>\n<\/tr>\n<tr>\n<td width=\"373\">Smart Card Legilo\/Verkisto, Klavaro-Emulado, Karto-Emulado<\/td>\n<\/tr>\n<tr>\n<td width=\"225\">Firmware \u011cisdatigo<\/td>\n<td width=\"373\">Subtenita<\/td>\n<\/tr>\n<tr>\n<td colspan=\"2\" width=\"598\">Atestoj\/Konformo<\/td>\n<\/tr>\n<tr>\n<td rowspan=\"4\" width=\"225\">Atestoj\/Konformo<\/td>\n<td width=\"373\">Atestiloj:<\/td>\n<\/tr>\n<tr>\n<td width=\"373\">IEC\/EN 62368, CE, UKCA, FCC, VCCI, KC, J-LIS, RoHS, REACH, WEEE, Microsoft\u00ae WHQL, IP67<\/td>\n<\/tr>\n<tr>\n<td width=\"373\">Konformeco:<\/td>\n<\/tr>\n<tr>\n<td width=\"373\">USB CCID, PC\/SC<\/td>\n<\/tr>\n<tr>\n<td colspan=\"2\" width=\"598\">Subteno de Operaciumo-\u015coforo de Aparato<\/td>\n<\/tr>\n<tr>\n<td width=\"225\">Subteno de Operaciumo-\u015coforo de Aparato<\/td>\n<td width=\"373\">Vindozo\u00ae, Linukso\u00ae, macOS, Android\u2122, iOS\/iPadOS (16 a\u016d pli)<\/td>\n<\/tr>\n<tr>\n<td><\/td>\n<td><\/td>\n<\/tr>\n<\/tbody>\n<\/table>","protected":false},"excerpt":{"rendered":"<p>La ACR1552U-A2 AquaGuard NFC USB UID-Karto-Leganto estas fortika aparato dizajnita por fidinda agado en malfacilaj medioj.<\/p>","protected":false},"featured_media":2770,"template":"","meta":[],"product_brand":[],"product_cat":[45,40],"product_tag":[],"class_list":{"0":"post-2765","1":"product","2":"type-product","3":"status-publish","4":"has-post-thumbnail","6":"product_cat-contactless-nfc-reader","7":"product_cat-rfid-nfc-reader","9":"first","10":"instock","11":"shipping-taxable","12":"product-type-simple"},"_links":{"self":[{"href":"https:\/\/nfc-readers.com\/eo\/wp-json\/wp\/v2\/product\/2765","targetHints":{"allow":["GET"]}}],"collection":[{"href":"https:\/\/nfc-readers.com\/eo\/wp-json\/wp\/v2\/product"}],"about":[{"href":"https:\/\/nfc-readers.com\/eo\/wp-json\/wp\/v2\/types\/product"}],"wp:featuredmedia":[{"embeddable":true,"href":"https:\/\/nfc-readers.com\/eo\/wp-json\/wp\/v2\/media\/2770"}],"wp:attachment":[{"href":"https:\/\/nfc-readers.com\/eo\/wp-json\/wp\/v2\/media?parent=2765"}],"wp:term":[{"taxonomy":"product_brand","embeddable":true,"href":"https:\/\/nfc-readers.com\/eo\/wp-json\/wp\/v2\/product_brand?post=2765"},{"taxonomy":"product_cat","embeddable":true,"href":"https:\/\/nfc-readers.com\/eo\/wp-json\/wp\/v2\/product_cat?post=2765"},{"taxonomy":"product_tag","embeddable":true,"href":"https:\/\/nfc-readers.com\/eo\/wp-json\/wp\/v2\/product_tag?post=2765"}],"curies":[{"name":"wp","href":"https:\/\/api.w.org\/{rel}","templated":true}]}}