{"id":2780,"date":"2024-06-12T02:05:36","date_gmt":"2024-06-12T02:05:36","guid":{"rendered":"https:\/\/nfc-readers.com\/?post_type=product&#038;p=2780"},"modified":"2024-09-23T06:11:23","modified_gmt":"2024-09-23T06:11:23","slug":"acr40u-premium-high-speed-usb-contact-smartcard-reader-writer","status":"publish","type":"product","link":"https:\/\/nfc-readers.com\/eo\/ic-reader\/acr40u-premium-high-speed-usb-contact-smartcard-reader-writer\/","title":{"rendered":"ACR40U Premium High Speed USB Kontakto Smartcard Reader Verkisto"},"content":{"rendered":"<h1>ACR40U Premium High Speed USB Kontakto Smartcard Reader Verkisto<\/h1>\n<div class=\"auto-hide-last-sibling-br paragraph_1252f paragraph-element\">Prezentante la ACR40U, altrapidan USB-kontaktan sa\u011dkartan leganton. \u011ci provizas kontinuan subtenon por ISO 7816 Klaso A, B, kaj C inteligentaj kartoj, mikroprocesoraj kartoj uzantaj T=0 kaj T=1 protokoloj, kaj ampleksa gamo de memorkartoj disponeblaj en la merkato. La ACR40U havas duoblajn LED-lumojn kiuj indikas la stato de la karto kaj leganto. \u015closilaj plibonigoj inkluzivas la eblon \u011disdatigi firmvaron kaj konservi uzantajn datumojn sur la aparato, servante al lar\u011da gamo de aplika\u0135scenaroj. \u011ci anka\u016d inkluzivas standan akcesora\u0135on, kiu ebligas diversajn agordojn, inkluzive de vertikalaj kaj horizontalaj orienti\u011doj. Ali\u011dante al normoj CCID, PC\/SC kaj Microsoft\u00ae WHQL, la ACR40U garantias senpene integri\u011don kun multaj operaciumoj kiel Vindozo\u00ae, Linukso\u00ae, macOS. , iOS, iPadOS, kaj Android\u2122. \u011ci subtenas amba\u016d USB-Tipo-A kaj Tipo-C interfacojn, ofertante flekseblajn konekteblecojn.<\/div>\n<div>\n<ul>\n<li>\n<h2>USB 2.0 Plenrapida Interfaco<\/h2>\n<\/li>\n<li>\n<h2>USB Tipo A<\/h2>\n<\/li>\n<li>\n<h2>Plug and Play - CCID-subteno alportas plej grandan movi\u011deblon<\/h2>\n<\/li>\n<li>\n<h2>Leganto de inteligentaj kartoj:<\/h2>\n<ul>\n<li>\n<h3>Elportas ISO 7816 Klaso A, B, kaj C (5 V, 3 V, 1.8 V) kartoj<\/h3>\n<\/li>\n<li>\n<h3>Subtenas CAC<\/h3>\n<\/li>\n<li>\n<h3>Elportas SIPRNET-Karton<\/h3>\n<\/li>\n<li>\n<h3>Elportas MyKad<\/h3>\n<\/li>\n<li>\n<h3>Elportas J-LIS-Karton<\/h3>\n<\/li>\n<li>\n<h3>Subtenas mikroprocesorajn kartojn kun T=0 a\u016d T=1 protokolo<\/h3>\n<\/li>\n<li>\n<h3>Elportas memorkartojn<\/h3>\n<\/li>\n<li>\n<h3>Subtenas PPS (Protokolo kaj Parametro-Selektado)<\/h3>\n<\/li>\n<li>\n<h3>Karakteriza\u0135oj Kurtcirkvita Protekto<\/h3>\n<\/li>\n<\/ul>\n<\/li>\n<li>\n<h2>Interfaco de Programado de Apliko:<\/h2>\n<ul>\n<li>\n<h3>Subtenas PC\/SC<\/h3>\n<\/li>\n<li>\n<h3>Subtenu CT-API<\/h3>\n<\/li>\n<\/ul>\n<\/li>\n<li>\n<h2>Subtenas \u0109iujn \u0109efajn operaciumojn<\/h2>\n<ul>\n<li>\n<h3>Vindozo\u00ae, Linukso\u00ae, macOS, iOS, iPadOS, Android\u2122, Solaris\u2122<\/h3>\n<\/li>\n<\/ul>\n<\/li>\n<\/ul>\n<table width=\"606\">\n<tbody>\n<tr>\n<td colspan=\"2\" width=\"606\">Fizikaj Karakteriza\u0135oj<\/td>\n<\/tr>\n<tr>\n<td width=\"211\">Dimensioj (mm)<\/td>\n<td width=\"395\">62.5 mm (L) \u00d7 67.6 mm (W) \u00d7 58.5 mm (H)<\/td>\n<\/tr>\n<tr>\n<td width=\"211\">Pezo (g)<\/td>\n<td width=\"395\">40,0 g \u00b1 5,0 g<\/td>\n<\/tr>\n<tr>\n<td colspan=\"2\" width=\"606\">USB-Interfaco<\/td>\n<\/tr>\n<tr>\n<td width=\"211\">Protokolo<\/td>\n<td width=\"395\">USB CCID<\/td>\n<\/tr>\n<tr>\n<td width=\"211\">Konektilo Tipo<\/td>\n<td width=\"395\">Norma Tipo A, Tipo C<\/td>\n<\/tr>\n<tr>\n<td width=\"211\">Elektrofonto<\/td>\n<td width=\"395\">De USBa Haveno<\/td>\n<\/tr>\n<tr>\n<td width=\"211\">Rapido<\/td>\n<td width=\"395\">USB 2.0 Plena Rapido (12 Mbps)<\/td>\n<\/tr>\n<tr>\n<td width=\"211\">Longo de kablo<\/td>\n<td width=\"395\">1 m, Fiksa<\/td>\n<\/tr>\n<tr>\n<td colspan=\"2\" width=\"606\">Kontaktu Smart Card Interface<\/td>\n<\/tr>\n<tr>\n<td width=\"211\">Nombro de Slots<\/td>\n<td width=\"395\">1 Plengranda Kartfendo<\/td>\n<\/tr>\n<tr>\n<td width=\"211\">Normo<\/td>\n<td width=\"395\">ISO 7816 Partoj 1-4, Klaso A, B, C (5 V, 3 V, 1.8 V)<\/td>\n<\/tr>\n<tr>\n<td width=\"211\">Protokolo<\/td>\n<td width=\"395\">T=0; T=1; Subteno de Memorkarto<\/td>\n<\/tr>\n<tr>\n<td width=\"211\">Aliaj<\/td>\n<td width=\"395\">Mykad, CAC, J-LIS, SIPRNET Karto<\/td>\n<\/tr>\n<tr>\n<td colspan=\"2\" width=\"606\">Atestoj\/Konformo<\/td>\n<\/tr>\n<tr>\n<td width=\"211\">Atestoj\/Konformo<\/td>\n<td width=\"395\">EN62368\/IEC 62368 CE FCC RoHS REACH EMV\u2122 Nivelo 1 (Kontakto) UL 62368 J-LIS KC PBOC Nivelo 1 (Kontakto) TAA UKCA UL VCCI WEEE USB 2.0 Plena Rapido Microsoft\u00ae WHQL<\/td>\n<\/tr>\n<tr>\n<td colspan=\"2\" width=\"606\">Subteno de Operaciumo-\u015coforo de Aparato<\/td>\n<\/tr>\n<tr>\n<td width=\"211\">Subteno de Operaciumo-\u015coforo de Aparato<\/td>\n<td width=\"395\">Windows\u00ae Linukso\u00ae macOS IOS iPadOS Android\u2122 Solaris\u2122<\/td>\n<\/tr>\n<tr>\n<td><\/td>\n<td><\/td>\n<\/tr>\n<\/tbody>\n<\/table>\n<\/div>","protected":false},"excerpt":{"rendered":"<div class=\"auto-hide-last-sibling-br paragraph_1252f paragraph-element\">La ACR40U estas kompakta EMV PBOC-kartlegilo, kiu subtenas diversajn inteligentajn kartojn kaj ofertas flekseblajn konekteblecojn.<\/div>","protected":false},"featured_media":2783,"template":"","meta":[],"product_brand":[],"product_cat":[39],"product_tag":[],"class_list":{"0":"post-2780","1":"product","2":"type-product","3":"status-publish","4":"has-post-thumbnail","6":"product_cat-usb-ic-smartcard-reader","8":"first","9":"instock","10":"shipping-taxable","11":"product-type-simple"},"_links":{"self":[{"href":"https:\/\/nfc-readers.com\/eo\/wp-json\/wp\/v2\/product\/2780","targetHints":{"allow":["GET"]}}],"collection":[{"href":"https:\/\/nfc-readers.com\/eo\/wp-json\/wp\/v2\/product"}],"about":[{"href":"https:\/\/nfc-readers.com\/eo\/wp-json\/wp\/v2\/types\/product"}],"wp:featuredmedia":[{"embeddable":true,"href":"https:\/\/nfc-readers.com\/eo\/wp-json\/wp\/v2\/media\/2783"}],"wp:attachment":[{"href":"https:\/\/nfc-readers.com\/eo\/wp-json\/wp\/v2\/media?parent=2780"}],"wp:term":[{"taxonomy":"product_brand","embeddable":true,"href":"https:\/\/nfc-readers.com\/eo\/wp-json\/wp\/v2\/product_brand?post=2780"},{"taxonomy":"product_cat","embeddable":true,"href":"https:\/\/nfc-readers.com\/eo\/wp-json\/wp\/v2\/product_cat?post=2780"},{"taxonomy":"product_tag","embeddable":true,"href":"https:\/\/nfc-readers.com\/eo\/wp-json\/wp\/v2\/product_tag?post=2780"}],"curies":[{"name":"wp","href":"https:\/\/api.w.org\/{rel}","templated":true}]}}