{"id":2784,"date":"2024-06-12T02:17:57","date_gmt":"2024-06-12T02:17:57","guid":{"rendered":"https:\/\/nfc-readers.com\/?post_type=product&#038;p=2784"},"modified":"2024-09-23T06:09:10","modified_gmt":"2024-09-23T06:09:10","slug":"acr40t-premium-high-speed-usb-contact-sim-sized-smartcard-reader-writer","status":"publish","type":"product","link":"https:\/\/nfc-readers.com\/eo\/ic-reader\/acr40t-premium-high-speed-usb-contact-sim-sized-smartcard-reader-writer\/","title":{"rendered":"ACR40T Premium High Speed USB Kontakto SIM-granda Smartcard Reader Verkisto"},"content":{"rendered":"<h1>ACR40T Premium High Speed USB Kontakto SIM-granda Smartcard Reader Verkisto<\/h1>\n<div class=\"auto-hide-last-sibling-br paragraph_1252f paragraph-element\">Malka\u015dante la ACR40T, plej novan kompaktan altrapidan USB-kontaktan SIM-grandan leganton de sa\u011dkartoj. \u011ci subtenas firmvarajn \u011disdatigojn kaj estas kongrua kun ISO 7816 Klaso A, B, kaj C inteligentaj kartoj (5 V, 3 V, 1.8 V), mikroprocesoraj kartoj kun T=0 kaj T=1 protokoloj, kaj ampleksa aro de disponeblaj memorkartoj. en la merkato.<\/div>\n<div class=\"auto-hide-last-sibling-br paragraph_1252f paragraph-element\">Miksante altnivelan, novigan teknologion, la karakteriza rando de ACR40T estas sia kompakta dezajno kaj glita fendo de inteligenta karto por glata, sen\u011dena sperto. La altkvalita dezajno de ACR40T-A6\/A7 inkluzivas enkonstruitan butonon por specifaj aplikoj, trajto decida por validigi uzantan \u0109eeston, certigante ke la uzanto estas fizike tie por interagi kun la aplika\u0135o. Ali\u011dante al CCID kaj PC\/SC same kiel al Microsoft\u00ae WHQL-normoj, ACR40T estas kongrua kun multoblaj operaciumoj kiel Vindozo\u00ae, Linukso\u00ae, macOS, Android\u2122. \u011ci akomodas amba\u016d USB-Tipo-A kaj USB-Tipo-C konektoj.<\/div>\n<div>\n<ul>\n<li>\n<h2><strong>Subtenas Diversajn Tipojn de Kontaktaj Kartoj<\/strong><\/h2>\n<ul>\n<li>\n<h3>ISO 7816 Klaso A, B kaj C (5 V, 3 V kaj 1.8 V)<\/h3>\n<\/li>\n<li>\n<h3>Mikroprocesora Karto (T=0, T=1)<\/h3>\n<\/li>\n<li>\n<h3>Memorkarto<\/h3>\n<\/li>\n<li>\n<h3>Trajtoj Mallonga Cirkvito Protekto<\/h3>\n<\/li>\n<\/ul>\n<\/li>\n<li>\n<h2><strong>Interfaco de Programado de Apliko:<\/strong><\/h2>\n<ul>\n<li>\n<h3>Subtenas PC\/SC<\/h3>\n<\/li>\n<\/ul>\n<\/li>\n<li>\n<h2><strong>Enkonstruitaj Ekstercentraloj<\/strong><\/h2>\n<ul>\n<li>\n<h3>1 x Programebla LED (Verda)<\/h3>\n<\/li>\n<li>\n<h3>1 x Enkonstruita Butono<\/h3>\n<\/li>\n<\/ul>\n<\/li>\n<\/ul>\n<table width=\"560\">\n<tbody>\n<tr>\n<td colspan=\"2\" width=\"560\">Fizikaj Karakteriza\u0135oj<\/td>\n<\/tr>\n<tr>\n<td rowspan=\"2\" width=\"197\">Dimensioj (mm)<\/td>\n<td width=\"363\">ACR40T-A6: 49.5mm (L) \u00d7 17.7mm (W) \u00d7 8.0mm (H)<\/td>\n<\/tr>\n<tr>\n<td width=\"363\">ACR40T-A7: 45.9mm (L) \u00d7 17.7mm (W) \u00d7 8.0mm (H)<\/td>\n<\/tr>\n<tr>\n<td rowspan=\"2\" width=\"197\">Pezo (g)<\/td>\n<td width=\"363\">ACR40T-A6: 8,1 g \u00b1 1,0 g<\/td>\n<\/tr>\n<tr>\n<td width=\"363\">ACR40T-A7: 6,2 g \u00b1 1,0 g<\/td>\n<\/tr>\n<tr>\n<td colspan=\"2\" width=\"560\">USB-Interfaco<\/td>\n<\/tr>\n<tr>\n<td width=\"197\">Protokolo<\/td>\n<td width=\"363\">USB CCID<\/td>\n<\/tr>\n<tr>\n<td rowspan=\"2\" width=\"197\">Konektilo Tipo<\/td>\n<td width=\"363\">USB-Tipo-A<\/td>\n<\/tr>\n<tr>\n<td width=\"363\">USB Tipo-C<\/td>\n<\/tr>\n<tr>\n<td width=\"197\">Elektrofonto<\/td>\n<td width=\"363\">De USBa Haveno<\/td>\n<\/tr>\n<tr>\n<td width=\"197\">Rapido<\/td>\n<td width=\"363\">USB Plena Rapido (12 Mbps)<\/td>\n<\/tr>\n<tr>\n<td colspan=\"2\" width=\"560\">Kontaktu Smart Card Interface<\/td>\n<\/tr>\n<tr>\n<td width=\"197\">Nombro de Slots<\/td>\n<td width=\"363\">1 SIM-granda Kartfendo (2FF)<\/td>\n<\/tr>\n<tr>\n<td width=\"197\">Protokolo<\/td>\n<td width=\"363\">T=0; T=1<\/td>\n<\/tr>\n<tr>\n<td colspan=\"2\" width=\"560\">Enkonstruitaj Ekstercentraloj<\/td>\n<\/tr>\n<tr>\n<td width=\"197\">Butonoj<\/td>\n<td width=\"363\">1<\/td>\n<\/tr>\n<tr>\n<td width=\"197\">LED<\/td>\n<td width=\"363\">Verda<\/td>\n<\/tr>\n<tr>\n<td colspan=\"2\" width=\"560\">Aliaj Trajtoj<\/td>\n<\/tr>\n<tr>\n<td width=\"197\">Aliaj Trajtoj<\/td>\n<td width=\"363\">Elportas Firmware-\u011disdatigon<\/td>\n<\/tr>\n<tr>\n<td colspan=\"2\" width=\"560\">Atestoj\/Konformo<\/td>\n<\/tr>\n<tr>\n<td rowspan=\"12\" width=\"197\">Atestoj\/Konformo<\/td>\n<td width=\"363\">Atestiloj:<\/td>\n<\/tr>\n<tr>\n<td width=\"363\">UL 62368<\/td>\n<\/tr>\n<tr>\n<td width=\"363\">CE<\/td>\n<\/tr>\n<tr>\n<td width=\"363\">UKCA<\/td>\n<\/tr>\n<tr>\n<td width=\"363\">FCC<\/td>\n<\/tr>\n<tr>\n<td width=\"363\">RoHS<\/td>\n<\/tr>\n<tr>\n<td width=\"363\">atingu<\/td>\n<\/tr>\n<tr>\n<td width=\"363\">VCCI<\/td>\n<\/tr>\n<tr>\n<td width=\"363\">Microsoft\u00ae WHQL<\/td>\n<\/tr>\n<tr>\n<td width=\"363\">Konformecoj:<\/td>\n<\/tr>\n<tr>\n<td width=\"363\">USB CCID<\/td>\n<\/tr>\n<tr>\n<td width=\"363\">PC\/SC<\/td>\n<\/tr>\n<tr>\n<td colspan=\"2\" width=\"560\">Subteno de Operaciumo-\u015coforo de Aparato<\/td>\n<\/tr>\n<tr>\n<td rowspan=\"4\" width=\"197\">Subteno de Operaciumo-\u015coforo de Aparato<\/td>\n<td width=\"363\">Vindozo\u00ae<\/td>\n<\/tr>\n<tr>\n<td width=\"363\">Linukso\u00ae<\/td>\n<\/tr>\n<tr>\n<td width=\"363\">macOS<\/td>\n<\/tr>\n<tr>\n<td width=\"363\">Android\u2122<\/td>\n<\/tr>\n<\/tbody>\n<\/table>\n<\/div>","protected":false},"excerpt":{"rendered":"<div class=\"auto-hide-last-sibling-br paragraph_1252f paragraph-element\">La ACR40T estas kompakta CCID-kartoleganto, kiu subtenas diversajn sa\u011dkartojn kaj kongruas kun multoblaj operaciumoj.<\/div>","protected":false},"featured_media":2785,"template":"","meta":[],"product_brand":[],"product_cat":[39],"product_tag":[],"class_list":{"0":"post-2784","1":"product","2":"type-product","3":"status-publish","4":"has-post-thumbnail","6":"product_cat-usb-ic-smartcard-reader","8":"first","9":"instock","10":"shipping-taxable","11":"product-type-simple"},"_links":{"self":[{"href":"https:\/\/nfc-readers.com\/eo\/wp-json\/wp\/v2\/product\/2784","targetHints":{"allow":["GET"]}}],"collection":[{"href":"https:\/\/nfc-readers.com\/eo\/wp-json\/wp\/v2\/product"}],"about":[{"href":"https:\/\/nfc-readers.com\/eo\/wp-json\/wp\/v2\/types\/product"}],"wp:featuredmedia":[{"embeddable":true,"href":"https:\/\/nfc-readers.com\/eo\/wp-json\/wp\/v2\/media\/2785"}],"wp:attachment":[{"href":"https:\/\/nfc-readers.com\/eo\/wp-json\/wp\/v2\/media?parent=2784"}],"wp:term":[{"taxonomy":"product_brand","embeddable":true,"href":"https:\/\/nfc-readers.com\/eo\/wp-json\/wp\/v2\/product_brand?post=2784"},{"taxonomy":"product_cat","embeddable":true,"href":"https:\/\/nfc-readers.com\/eo\/wp-json\/wp\/v2\/product_cat?post=2784"},{"taxonomy":"product_tag","embeddable":true,"href":"https:\/\/nfc-readers.com\/eo\/wp-json\/wp\/v2\/product_tag?post=2784"}],"curies":[{"name":"wp","href":"https:\/\/api.w.org\/{rel}","templated":true}]}}