{"id":2815,"date":"2024-06-19T06:35:44","date_gmt":"2024-06-19T06:35:44","guid":{"rendered":"https:\/\/nfc-readers.com\/?post_type=product&#038;p=2815"},"modified":"2024-09-23T05:48:48","modified_gmt":"2024-09-23T05:48:48","slug":"acr39u-h1-high-speed-usb-contact-smartcard-reader-writer","status":"publish","type":"product","link":"https:\/\/nfc-readers.com\/eo\/ic-reader\/acr39u-h1-high-speed-usb-contact-smartcard-reader-writer\/","title":{"rendered":"ACR39U-H1 Alta Rapida USB Kontakto Smartcard Reader Verkisto"},"content":{"rendered":"<h1>ACR39U-H1 Alta Rapida USB Kontakto Smartcard Reader Verkisto<\/h1>\n<p>La ACR39U-H1 estas diverstalenta sa\u011dkarto leganto kiu subtenas ISO 7816 Klaso A, B, kaj C inteligentaj kartoj (5 V, 3 V, kaj 1.8 V), mikroprocesoraj kartoj kun la T=0 a\u016d T=1 protokolo, kaj memoro. kartoj. Precipe, \u011di anka\u016d estas kongrua kun la Malajzia Identkarto (Mykad). \u011ci havas USB-plenrapidan interfacon kaj fanfaronas pri legado\/skriba rapideco de \u011dis 600 Kbps. ACR39U-H1 estas nekredeble da\u016drema, kun vivda\u016dro de 200,000 kartoj enmeta cikloj. \u011ci tenas diversajn atestojn, inkluzive de EMV\u2122 Nivelo 1 (Kontakto) kaj PBOC (Popola Banko de \u0108inio), igante \u011din la perfekta leganto de inteligentaj kartoj por viaj aplika\u0135oj de e-Bankado kaj e-Pago.<\/p>\n<ul>\n<li>\n<h2>USB Plenrapida Interfaco<\/h2>\n<\/li>\n<li>\n<h2>Kongrua kun USB 3.0<\/h2>\n<\/li>\n<li>\n<h2>USB-A-Konektilo<\/h2>\n<\/li>\n<li>\n<h2>Plug and Play - CCID-subteno alportas plej grandan movi\u011deblon<\/h2>\n<\/li>\n<li>\n<h2>Leganto de inteligentaj kartoj:<\/h2>\n<ul>\n<li>\n<h3>Kontakta Interfaco:<\/h3>\n<ul>\n<li>Elportas kartojn ISO 7816 Klaso A, B kaj C (5 V, 3 V, 1.8 V).<\/li>\n<li>Subtenas CAC (Komuna Alirkarto)<\/li>\n<li>Elportas SIPRNET-Karton<\/li>\n<li>Subtenas mikroprocesorajn kartojn kun T=0 a\u016d T=1 protokolo<\/li>\n<li>Elportas memorkartojn<\/li>\n<li>Subtenas Mykad Card<\/li>\n<li>Subtenas PPS (Protokolo kaj Parametro-Selektado)<\/li>\n<li>Trajtoj Mallonga Cirkvito Protekto<\/li>\n<\/ul>\n<\/li>\n<\/ul>\n<\/li>\n<li>\n<h2>Interfaco de Programado de Apliko:<\/h2>\n<ul>\n<li>\n<h3>Subtenas PC\/SC<\/h3>\n<\/li>\n<li>\n<h3>Subtenas CT-API (tra envolva\u0135o supre de komputilo\/SC)<\/h3>\n<\/li>\n<\/ul>\n<\/li>\n<li>\n<h2>Elportas Android\u2122 3.1 kaj postajn<\/h2>\n<\/li>\n<\/ul>\n<table width=\"478\">\n<tbody>\n<tr>\n<td colspan=\"2\" width=\"478\">Fizikaj Karakteriza\u0135oj<\/td>\n<\/tr>\n<tr>\n<td width=\"237\">Dimensioj (mm)<\/td>\n<td width=\"241\">71.5 mm (L) x 80.0 mm (L) x 80.0 mm (H)<\/td>\n<\/tr>\n<tr>\n<td width=\"237\">Pezo (g)<\/td>\n<td width=\"241\">174 g<\/td>\n<\/tr>\n<tr>\n<td colspan=\"2\" width=\"478\">Memstara Re\u011dimo<\/td>\n<\/tr>\n<tr>\n<td width=\"237\">Operaciumo<\/td>\n<td width=\"241\">1 Plengranda Kartfendo<\/td>\n<\/tr>\n<tr>\n<td colspan=\"2\" width=\"478\">USB-Interfaco<\/td>\n<\/tr>\n<tr>\n<td width=\"237\">Protokolo<\/td>\n<td width=\"241\">USB CCID<\/td>\n<\/tr>\n<tr>\n<td width=\"237\">Konektilo Tipo<\/td>\n<td width=\"241\">Norma Tipo-A<\/td>\n<\/tr>\n<tr>\n<td width=\"237\">Elektrofonto<\/td>\n<td width=\"241\">De USB-haveno<\/td>\n<\/tr>\n<tr>\n<td width=\"237\">Rapido<\/td>\n<td width=\"241\">USB 2.0 Plena Rapido (12 Mbps)<\/td>\n<\/tr>\n<tr>\n<td width=\"237\">Longo de kablo<\/td>\n<td width=\"241\">1,5 m, Fiksa<\/td>\n<\/tr>\n<tr>\n<td colspan=\"2\" width=\"478\">Kontaktu Smart Card Interface<\/td>\n<\/tr>\n<tr>\n<td width=\"237\">Nombro de Slots<\/td>\n<td width=\"241\">1 Plengranda Kartfendo<\/td>\n<\/tr>\n<tr>\n<td width=\"237\">Normo<\/td>\n<td width=\"241\">ISO 7816 Partoj 1-4, Klaso A, B, C (5 V, 3 V, 1.8 V)<\/td>\n<\/tr>\n<tr>\n<td width=\"237\">Protokolo<\/td>\n<td width=\"241\">T=0; T=1; Subteno de Memorkarto<\/td>\n<\/tr>\n<tr>\n<td width=\"237\">Aliaj<\/td>\n<td width=\"241\">Mykad Card, CAC, PIV, SIPRNET Smart Cards<\/td>\n<\/tr>\n<tr>\n<td colspan=\"2\" width=\"478\">Atestoj\/Konformo<\/td>\n<\/tr>\n<tr>\n<td rowspan=\"17\" width=\"237\">Atestoj\/Konformo<\/td>\n<td width=\"241\">EN62368\/IEC 62368<\/td>\n<\/tr>\n<tr>\n<td width=\"241\">CE<\/td>\n<\/tr>\n<tr>\n<td width=\"241\">FCC<\/td>\n<\/tr>\n<tr>\n<td width=\"241\">RoHS<\/td>\n<\/tr>\n<tr>\n<td width=\"241\">atingu<\/td>\n<\/tr>\n<tr>\n<td width=\"241\">EMV\u2122 Nivelo 1 (Kontakto)<\/td>\n<\/tr>\n<tr>\n<td width=\"241\">KCC<\/td>\n<\/tr>\n<tr>\n<td width=\"241\">PBOC<\/td>\n<\/tr>\n<tr>\n<td width=\"241\">TAA (Usono)<\/td>\n<\/tr>\n<tr>\n<td width=\"241\">UKCA<\/td>\n<\/tr>\n<tr>\n<td width=\"241\">VCCI<\/td>\n<\/tr>\n<tr>\n<td width=\"241\">WEEE<\/td>\n<\/tr>\n<tr>\n<td width=\"241\">ISO 7816<\/td>\n<\/tr>\n<tr>\n<td width=\"241\">USB 2.0 Plena Rapido<\/td>\n<\/tr>\n<tr>\n<td width=\"241\">PC\/SC<\/td>\n<\/tr>\n<tr>\n<td width=\"241\">CCID<\/td>\n<\/tr>\n<tr>\n<td width=\"241\">Microsoft\u00ae WHQL<\/td>\n<\/tr>\n<tr>\n<td colspan=\"2\" width=\"478\">Subteno de Operaciumo-\u015coforo de Aparato<\/td>\n<\/tr>\n<tr>\n<td rowspan=\"5\" width=\"237\">Subteno de Operaciumo-\u015coforo de Aparato<\/td>\n<td width=\"241\">Vindozo\u00ae<\/td>\n<\/tr>\n<tr>\n<td width=\"241\">Linukso\u00ae<\/td>\n<\/tr>\n<tr>\n<td width=\"241\">macOS\u00ae<\/td>\n<\/tr>\n<tr>\n<td width=\"241\">Solaris\u2122<\/td>\n<\/tr>\n<tr>\n<td width=\"241\">Android\u2122<\/td>\n<\/tr>\n<tr>\n<td><\/td>\n<td><\/td>\n<\/tr>\n<\/tbody>\n<\/table>","protected":false},"excerpt":{"rendered":"<p>La ACR39U-H1 estas uzebla EMV PBOC-kartlegilo dizajnita por diversaj aplikoj, inkluzive de e-registaro kaj alirkontrolo.<\/p>","protected":false},"featured_media":2816,"template":"","meta":[],"product_brand":[],"product_cat":[39],"product_tag":[],"class_list":{"0":"post-2815","1":"product","2":"type-product","3":"status-publish","4":"has-post-thumbnail","6":"product_cat-usb-ic-smartcard-reader","8":"first","9":"instock","10":"shipping-taxable","11":"product-type-simple"},"_links":{"self":[{"href":"https:\/\/nfc-readers.com\/eo\/wp-json\/wp\/v2\/product\/2815","targetHints":{"allow":["GET"]}}],"collection":[{"href":"https:\/\/nfc-readers.com\/eo\/wp-json\/wp\/v2\/product"}],"about":[{"href":"https:\/\/nfc-readers.com\/eo\/wp-json\/wp\/v2\/types\/product"}],"wp:featuredmedia":[{"embeddable":true,"href":"https:\/\/nfc-readers.com\/eo\/wp-json\/wp\/v2\/media\/2816"}],"wp:attachment":[{"href":"https:\/\/nfc-readers.com\/eo\/wp-json\/wp\/v2\/media?parent=2815"}],"wp:term":[{"taxonomy":"product_brand","embeddable":true,"href":"https:\/\/nfc-readers.com\/eo\/wp-json\/wp\/v2\/product_brand?post=2815"},{"taxonomy":"product_cat","embeddable":true,"href":"https:\/\/nfc-readers.com\/eo\/wp-json\/wp\/v2\/product_cat?post=2815"},{"taxonomy":"product_tag","embeddable":true,"href":"https:\/\/nfc-readers.com\/eo\/wp-json\/wp\/v2\/product_tag?post=2815"}],"curies":[{"name":"wp","href":"https:\/\/api.w.org\/{rel}","templated":true}]}}