{"id":2875,"date":"2024-07-02T01:48:57","date_gmt":"2024-07-02T01:48:57","guid":{"rendered":"https:\/\/nfc-readers.com\/?post_type=product&#038;p=2875"},"modified":"2024-09-23T05:44:47","modified_gmt":"2024-09-23T05:44:47","slug":"acr39t-a5-usb-type-c-contact-sim-sized-smartcard-reader-writer","status":"publish","type":"product","link":"https:\/\/nfc-readers.com\/eo\/ic-reader\/acr39t-a5-usb-type-c-contact-sim-sized-smartcard-reader-writer\/","title":{"rendered":"ACR39T-A5 USB Tipo C Kontakto SIM-granda Smartcard Reader Verkisto"},"content":{"rendered":"<h1>ACR39T-A5 USB Tipo C Kontakto SIM-granda Smartcard Reader Verkisto<\/h1>\n<div class=\"auto-hide-last-sibling-br paragraph_9dc5f paragraph-element\">La ACR39T-A5 reprezentas sukceson en la sfero de legantoj de inteligentaj kartoj, montrante kaj altnivelan teknologion kaj nuntempan dezajnon. \u0108i tiu SIM-granda sa\u011dkartleganto eble estas kompakta, sed \u011di estas plenplena de multaj funkcioj. Kombinante avangardan teknologion kun eleganta dezajno, la ACR39T-A5 estas desegnita por plenumi severajn postulojn tra diversaj inteligentaj kartoj. La ACR39T-A5 estas kongrua kun ISO 7816 Klaso A, B, kaj C inteligentaj kartoj (funkciantaj je 5 V, 3 V, kaj 1.8 V), kaj \u011di efike pritraktas lar\u011dan gamon de memorkartoj kaj mikroprocesoraj kartoj kiuj uzas la protokolon T=0 kaj T=1. Havante USB-Plena Rapidan interfacon kun USB-Tipo C-konektilo, la aparato subtenas legajn\/skribajn rapidojn de inteligenta karto \u011dis 600 Kbps. \u0108i tio faras \u011din bonega elekto por diversaj solvoj, inkluzive de Fizika kaj Logika Alirkontrolo, Ciferecaj Subskriboj kaj Reta Bankado.<\/div>\n<div>\n<ul>\n<li>\n<h2>USB 2.0 Plenrapida Interfaco<\/h2>\n<\/li>\n<li>\n<h2>Konektilo USB Tipo C<\/h2>\n<\/li>\n<li>\n<h2>Plug and Play - CCID-subteno alportas plej grandan movi\u011deblon<\/h2>\n<\/li>\n<li>\n<h2>Leganto de inteligentaj kartoj:<\/h2>\n<ul>\n<li>\n<h3>Elportas ISO 7816 Klaso A, B, kaj C (5 V, 3 V, 1.8 V) kartoj<\/h3>\n<\/li>\n<li>\n<h3>Subtenas mikroprocesorajn kartojn kun T=0 a\u016d T=1 protokolo<\/h3>\n<\/li>\n<li>\n<h3>Elportas memorkartojn<\/h3>\n<\/li>\n<li>\n<h3>Subtenas PPS (Protokolo kaj Parametro-Selektado)<\/h3>\n<\/li>\n<li>\n<h3>Karakteriza\u0135oj Kurtcirkvita Protekto<\/h3>\n<\/li>\n<\/ul>\n<\/li>\n<li>\n<h2>Interfaco de Programado de Apliko:<\/h2>\n<ul>\n<li>\n<h3>Subtenas PC\/SC<\/h3>\n<\/li>\n<li>\n<h3>Subtenas CT-API (tra envolva\u0135o supre de komputilo\/SC)<\/h3>\n<\/li>\n<\/ul>\n<\/li>\n<li>\n<h2>Elportas Android\u2122 3.1 kaj postajn<\/h2>\n<\/li>\n<\/ul>\n<table width=\"636\">\n<tbody>\n<tr>\n<td colspan=\"2\" width=\"636\">\n<h2>Fizikaj Karakteriza\u0135oj<\/h2>\n<\/td>\n<\/tr>\n<tr>\n<td width=\"223\">Dimensioj (mm)<\/td>\n<td width=\"413\">49.5 mm (L) \u00d7 21.5 mm (W) \u00d7 9.0 mm (H)<\/td>\n<\/tr>\n<tr>\n<td width=\"223\">Pezo (g)<\/td>\n<td width=\"413\">7 g<\/td>\n<\/tr>\n<tr>\n<td colspan=\"2\" width=\"636\">USB-Interfaco<\/td>\n<\/tr>\n<tr>\n<td width=\"223\">Protokolo<\/td>\n<td width=\"413\">USB CCID<\/td>\n<\/tr>\n<tr>\n<td width=\"223\">Konektilo Tipo<\/td>\n<td width=\"413\">Norma Tipo C<\/td>\n<\/tr>\n<tr>\n<td width=\"223\">Elektrofonto<\/td>\n<td width=\"413\">De USBa Haveno<\/td>\n<\/tr>\n<tr>\n<td width=\"223\">Rapido<\/td>\n<td width=\"413\">USB Plena Rapido (12 Mbps)<\/td>\n<\/tr>\n<tr>\n<td colspan=\"2\" width=\"636\">Kontaktu Smart Card Interface<\/td>\n<\/tr>\n<tr>\n<td width=\"223\">Nombro de Slots<\/td>\n<td width=\"413\">1 SIM-granda Kartfendo<\/td>\n<\/tr>\n<tr>\n<td width=\"223\">Normo<\/td>\n<td width=\"413\">ISO 7816 Partoj 1-4, Klaso A, B, C (5 V, 3 V, 1.8 V)<\/td>\n<\/tr>\n<tr>\n<td width=\"223\">Protokolo<\/td>\n<td width=\"413\">T=0; T=1; Subteno de Memorkarto<\/td>\n<\/tr>\n<tr>\n<td colspan=\"2\" width=\"636\">Enkonstruitaj Ekstercentraloj<\/td>\n<\/tr>\n<tr>\n<td width=\"223\">LED<\/td>\n<td width=\"413\">1 unukolora: Verda<\/td>\n<\/tr>\n<tr>\n<td colspan=\"2\" width=\"636\">Atestoj\/Konformo<\/td>\n<\/tr>\n<tr>\n<td rowspan=\"13\" width=\"223\">Atestoj\/Konformo<\/td>\n<td width=\"413\">EN62368\/IEC 62368<\/td>\n<\/tr>\n<tr>\n<td width=\"413\">CE<\/td>\n<\/tr>\n<tr>\n<td width=\"413\">FCC<\/td>\n<\/tr>\n<tr>\n<td width=\"413\">RoHS<\/td>\n<\/tr>\n<tr>\n<td width=\"413\">atingu<\/td>\n<\/tr>\n<tr>\n<td width=\"413\">UKCA<\/td>\n<\/tr>\n<tr>\n<td width=\"413\">VCCI<\/td>\n<\/tr>\n<tr>\n<td width=\"413\">WEEE<\/td>\n<\/tr>\n<tr>\n<td width=\"413\">ISO 7816<\/td>\n<\/tr>\n<tr>\n<td width=\"413\">USB 2.0 Plena Rapido<\/td>\n<\/tr>\n<tr>\n<td width=\"413\">PC\/SC<\/td>\n<\/tr>\n<tr>\n<td width=\"413\">CCID<\/td>\n<\/tr>\n<tr>\n<td width=\"413\">Microsoft\u00ae WHQL<\/td>\n<\/tr>\n<tr>\n<td colspan=\"2\" width=\"636\">Subteno de Operaciumo-\u015coforo de Aparato<\/td>\n<\/tr>\n<tr>\n<td rowspan=\"4\" width=\"223\">Subteno de Operaciumo-\u015coforo de Aparato<\/td>\n<td width=\"413\">Vindozo\u00ae<\/td>\n<\/tr>\n<tr>\n<td width=\"413\">Linukso\u00ae<\/td>\n<\/tr>\n<tr>\n<td width=\"413\">macOS\u00ae 10.7 kaj poste<\/td>\n<\/tr>\n<tr>\n<td width=\"413\">Android\u2122 3.1 kaj pli posta Solaris\u2122<\/td>\n<\/tr>\n<\/tbody>\n<\/table>\n<\/div>\n<div><\/div>","protected":false},"excerpt":{"rendered":"<div class=\"auto-hide-last-sibling-br paragraph_9dc5f paragraph-element\">La ACR39T-A5 estas kompakta SIM-kartleganto kiu utiligas altnivelan teknologion por efikaj sa\u011dkartaj operacioj.<\/div>","protected":false},"featured_media":2876,"template":"","meta":[],"product_brand":[],"product_cat":[39],"product_tag":[],"class_list":{"0":"post-2875","1":"product","2":"type-product","3":"status-publish","4":"has-post-thumbnail","6":"product_cat-usb-ic-smartcard-reader","8":"first","9":"instock","10":"shipping-taxable","11":"product-type-simple"},"_links":{"self":[{"href":"https:\/\/nfc-readers.com\/eo\/wp-json\/wp\/v2\/product\/2875","targetHints":{"allow":["GET"]}}],"collection":[{"href":"https:\/\/nfc-readers.com\/eo\/wp-json\/wp\/v2\/product"}],"about":[{"href":"https:\/\/nfc-readers.com\/eo\/wp-json\/wp\/v2\/types\/product"}],"wp:featuredmedia":[{"embeddable":true,"href":"https:\/\/nfc-readers.com\/eo\/wp-json\/wp\/v2\/media\/2876"}],"wp:attachment":[{"href":"https:\/\/nfc-readers.com\/eo\/wp-json\/wp\/v2\/media?parent=2875"}],"wp:term":[{"taxonomy":"product_brand","embeddable":true,"href":"https:\/\/nfc-readers.com\/eo\/wp-json\/wp\/v2\/product_brand?post=2875"},{"taxonomy":"product_cat","embeddable":true,"href":"https:\/\/nfc-readers.com\/eo\/wp-json\/wp\/v2\/product_cat?post=2875"},{"taxonomy":"product_tag","embeddable":true,"href":"https:\/\/nfc-readers.com\/eo\/wp-json\/wp\/v2\/product_tag?post=2875"}],"curies":[{"name":"wp","href":"https:\/\/api.w.org\/{rel}","templated":true}]}}