{"id":2877,"date":"2024-07-02T01:58:12","date_gmt":"2024-07-02T01:58:12","guid":{"rendered":"https:\/\/nfc-readers.com\/?post_type=product&#038;p=2877"},"modified":"2024-09-23T05:42:11","modified_gmt":"2024-09-23T05:42:11","slug":"acr39f-a2-usb-contact-smartcard-reader-writer","status":"publish","type":"product","link":"https:\/\/nfc-readers.com\/eo\/ic-reader\/acr39f-a2-usb-contact-smartcard-reader-writer\/","title":{"rendered":"ACR39F A2 USB Kontakto Smartcard Reader Verkisto"},"content":{"rendered":"<h1>ACR39F A2 USB Kontakto Smartcard Reader Verkisto<\/h1>\n<div class=\"auto-hide-last-sibling-br paragraph_9dc5f paragraph-element\">La ACR39F Smart Floppy ofertas optimuman solvon por senpene integri sa\u011dkartlegilojn en labortablaj aran\u011doj. \u011ci konektas per USB-interfaco kaj estas funkciigita per la interna nutrado de la komputilo, permesante personigon la\u016d la preferoj de la uzanto. Subtenante ISO 7816 Klaso A, B, kaj C inteligentaj kartoj, la ACR39F Smart Floppy anka\u016d estas kongrua kun diversaj memorkartoj kaj mikroprocesoraj kartoj. kiuj uzas la protokolojn T=0 kaj T=1. \u011ci havas USB Plenrapidan interfacon kaj disponigas legadon\/skriban rapidon de 600 Kbps por inteligentaj kartoj. \u0108i tiu fortika aparato estas desegnita por elteni almena\u016d 100,000 kartojn enmetatajn ciklojn, certigante longda\u016dran agadon.<\/div>\n<div>\n<ul>\n<li>\n<h2>USB 2.0 Plenrapida Interfaco (per forprenebla kablo)<\/h2>\n<\/li>\n<li>\n<h2>Kongrua kun USB 3.0<\/h2>\n<\/li>\n<li>\n<h2>Plug and Play - CCID-subteno alportas plej grandan movi\u011deblon<\/h2>\n<\/li>\n<li>\n<h2>Leganto de inteligentaj kartoj:<\/h2>\n<ul>\n<li>\n<h3>Elportas kartojn ISO 7816 Klaso A, B kaj C (5 V, 3 V, 1.8 V).<\/h3>\n<\/li>\n<li>\n<h3>Subtenas CAC<\/h3>\n<\/li>\n<li>\n<h3>Elportas SIPRNET-Karton<\/h3>\n<\/li>\n<li>\n<h3>Elportas J-LIS-karton<\/h3>\n<\/li>\n<li>\n<h3>Subtenas mikroprocesorajn kartojn kun T=0 a\u016d T=1 protokolo<\/h3>\n<\/li>\n<li>\n<h3>Elportas memorkartojn<\/h3>\n<\/li>\n<li>\n<h3>Subtenas PPS (Protokolo kaj Parametro-Selektado)<\/h3>\n<\/li>\n<li>\n<h3>Trajtoj Mallonga Cirkvito Protekto<\/h3>\n<\/li>\n<\/ul>\n<\/li>\n<li>\n<h2>Interfaco de Programado de Apliko:<\/h2>\n<ul>\n<li>\n<h3>Subtenas PC\/SC<\/h3>\n<\/li>\n<li>\n<h3>Subtenas CT-API (tra envolva\u0135o supre de komputilo\/SC)<\/h3>\n<\/li>\n<\/ul>\n<\/li>\n<li>\n<h2>Subtenas Android\u2122 Versiojn 3.1 kaj postajn<\/h2>\n<\/li>\n<\/ul>\n<table style=\"height: 695px;\" width=\"639\">\n<tbody>\n<tr>\n<td colspan=\"2\" width=\"473\">\n<h2>Fizikaj Karakteriza\u0135oj<\/h2>\n<\/td>\n<\/tr>\n<tr>\n<td width=\"179\">Dimensioj (mm)<\/td>\n<td width=\"294\">125.0 mm (L) \u00d7 101.0 mm (W) \u00d7 25.5 mm (H)<\/td>\n<\/tr>\n<tr>\n<td width=\"179\">Pezo (g)<\/td>\n<td width=\"294\">82,5 g<\/td>\n<\/tr>\n<tr>\n<td colspan=\"2\" width=\"473\">USB-Interfaco<\/td>\n<\/tr>\n<tr>\n<td width=\"179\">Protokolo<\/td>\n<td width=\"294\">USB CCID<\/td>\n<\/tr>\n<tr>\n<td width=\"179\">Konektilo Tipo<\/td>\n<td width=\"294\">1 x 5 Pins Header Konektilo<\/td>\n<\/tr>\n<tr>\n<td width=\"179\">Elektrofonto<\/td>\n<td width=\"294\">De USBa Haveno<\/td>\n<\/tr>\n<tr>\n<td width=\"179\">Rapido<\/td>\n<td width=\"294\">USB Plena Rapido (12 Mbps)<\/td>\n<\/tr>\n<tr>\n<td width=\"179\">Longo de kablo<\/td>\n<td width=\"294\">1.0 m, Forprenebla<\/td>\n<\/tr>\n<tr>\n<td colspan=\"2\" width=\"473\">Kontaktu Smart Card Interface<\/td>\n<\/tr>\n<tr>\n<td width=\"179\">Nombro de Slots<\/td>\n<td width=\"294\">1 Plengranda Kartfendo<\/td>\n<\/tr>\n<tr>\n<td width=\"179\">Normo<\/td>\n<td width=\"294\">ISO 7816 Partoj 1-4, Klaso A, B, C (5 V, 3 V, 1.8 V)<\/td>\n<\/tr>\n<tr>\n<td width=\"179\">Protokolo<\/td>\n<td width=\"294\">T=0; T=1; Subteno de Memorkarto<\/td>\n<\/tr>\n<tr>\n<td width=\"179\">Aliaj<\/td>\n<td width=\"294\">CAC, PIV, SIPRNET, J-LIS Smart Cards<\/td>\n<\/tr>\n<tr>\n<td colspan=\"2\" width=\"473\">Atestoj\/Konformo<\/td>\n<\/tr>\n<tr>\n<td rowspan=\"9\" width=\"179\">Atestoj\/Konformo<\/td>\n<td width=\"294\">EN60950\/IEC 60950<\/td>\n<\/tr>\n<tr>\n<td width=\"294\">ISO 7816<\/td>\n<\/tr>\n<tr>\n<td width=\"294\">USB Plena Rapido<\/td>\n<\/tr>\n<tr>\n<td width=\"294\">EMV\u2122 Nivelo 1 (Kontakto)<\/td>\n<\/tr>\n<tr>\n<td width=\"294\">PC\/SC<\/td>\n<\/tr>\n<tr>\n<td width=\"294\">CCID<\/td>\n<\/tr>\n<tr>\n<td width=\"294\">CE<\/td>\n<\/tr>\n<tr>\n<td width=\"294\">FCC<\/td>\n<\/tr>\n<tr>\n<td width=\"294\">WEEE<\/td>\n<\/tr>\n<\/tbody>\n<\/table>\n<\/div>","protected":false},"excerpt":{"rendered":"<div class=\"auto-hide-last-sibling-br paragraph_9dc5f paragraph-element\">La ACR39F Smart Floppy estas diverstalenta EMV-USB-kartlegilo, kiu facile integras sa\u011dkartlegilojn en labortablaj aran\u011doj.<\/div>","protected":false},"featured_media":2881,"template":"","meta":[],"product_brand":[],"product_cat":[39],"product_tag":[],"class_list":{"0":"post-2877","1":"product","2":"type-product","3":"status-publish","4":"has-post-thumbnail","6":"product_cat-usb-ic-smartcard-reader","8":"first","9":"instock","10":"shipping-taxable","11":"product-type-simple"},"_links":{"self":[{"href":"https:\/\/nfc-readers.com\/eo\/wp-json\/wp\/v2\/product\/2877","targetHints":{"allow":["GET"]}}],"collection":[{"href":"https:\/\/nfc-readers.com\/eo\/wp-json\/wp\/v2\/product"}],"about":[{"href":"https:\/\/nfc-readers.com\/eo\/wp-json\/wp\/v2\/types\/product"}],"wp:featuredmedia":[{"embeddable":true,"href":"https:\/\/nfc-readers.com\/eo\/wp-json\/wp\/v2\/media\/2881"}],"wp:attachment":[{"href":"https:\/\/nfc-readers.com\/eo\/wp-json\/wp\/v2\/media?parent=2877"}],"wp:term":[{"taxonomy":"product_brand","embeddable":true,"href":"https:\/\/nfc-readers.com\/eo\/wp-json\/wp\/v2\/product_brand?post=2877"},{"taxonomy":"product_cat","embeddable":true,"href":"https:\/\/nfc-readers.com\/eo\/wp-json\/wp\/v2\/product_cat?post=2877"},{"taxonomy":"product_tag","embeddable":true,"href":"https:\/\/nfc-readers.com\/eo\/wp-json\/wp\/v2\/product_tag?post=2877"}],"curies":[{"name":"wp","href":"https:\/\/api.w.org\/{rel}","templated":true}]}}