{"id":3178,"date":"2024-10-29T13:08:37","date_gmt":"2024-10-29T13:08:37","guid":{"rendered":"https:\/\/nfc-readers.com\/?post_type=product&#038;p=3178"},"modified":"2024-10-29T14:04:44","modified_gmt":"2024-10-29T14:04:44","slug":"optional-random-id-mifare-ultralight-aes-sticker-iso1443a","status":"publish","type":"product","link":"https:\/\/nfc-readers.com\/eo\/ic-reader\/optional-random-id-mifare-ultralight-aes-sticker-iso1443a\/","title":{"rendered":"la\u016dvola Random ID Mifare Ultralight AES-glumarko ISO1443A"},"content":{"rendered":"<h1><strong>la\u016dvola Random ID Mifare Ultralight AES-glumarko ISO1443A<\/strong><\/h1>\n<p>La\u00a0<strong>La\u016dvola Random ID Mifare Ultralight AES-Glumarko ISO14443A<\/strong>\u00a0reprezentas la avangardon de moderna biletado kaj alirkontrolteknologio. Kombinante la avanta\u011dojn de RFID kaj NFC-komunikado, \u0109i tiu diverstalenta sa\u011dkarto certigas altan sekurecon kaj komforton, igante \u011din ideala por diversaj aplikoj kiel eventaj biletoj kaj lojaleckartoj. Se vi ser\u0109as fidindan solvon, kiu elstaras je rendimento dum vi liveras senjuntajn uzantspertojn, ne rigardu pli ol \u0109i tiun novigan produkton.<\/p>\n<h2>Kial Elekti la Mifare Ultralight AES Glumarkon?<\/h2>\n<p>La Mifare Ultralight AES-Glumarko estas desegnita por plibonigi sekurecon kaj uzeblecon en multaj uzkazoj. Kun \u011dia AES-\u0109ifrado, viaj datumoj estas protektitaj kontra\u016d nea\u016dtorizita aliro, certigante trankvilon. La kompakta dezajno permesas facilan integri\u011don en ekzistantajn sistemojn, dum la ampleksa legado (\u011dis 100 cm) ofertas senekzemplan oportunecon. Investi en \u0109i tiu produkto signifas investi en avangarda teknologio, kiu respondas al diversaj bezonoj.<\/p>\n<h3><strong>Alta Sekureco kun AES \u0108ifrado<\/strong><\/h3>\n<p>\u0108e la kerno de la Mifare Ultralight AES Sticker estas la altnivela sekureco, kiun \u011di provizas\u00a0<strong>AES (Altnivela \u0108ifrada Normo)<\/strong>. \u0108i tiu plej altnivela \u0109ifrada teknologio protektas datumojn de uzantoj kaj certigas sekuran komunikadon inter la glumarko kaj kartlegiloj. \u0108ar sekureczorgoj da\u016dre plii\u011das en la hodia\u016da cifereca pejza\u011do, havi fidindan sa\u011dkartan solvon estas esenca por entreprenoj celantaj protekti sentemajn informojn.<\/p>\n<h3><strong>Versatilaj Aplikaj Areoj<\/strong><\/h3>\n<p>La Mifare Ultralight AES Sticker ne estas nur inteligenta karto; \u011di estas multflanka solvo, kiu povas esti uzata en diversaj aplikoj. \u0108i tiuj inkluzivas eventajn biletojn, lojalecprogramojn, transportkartojn kaj alirkontrolajn sistemojn. La\u00a0<strong>ISO 14443A<\/strong>\u00a0observo certigas tutmondan kongruecon, igante \u011din tre adaptebla por entreprenoj ser\u0109antaj fluliniigi operaciojn kaj plibonigi uzantspertojn.<\/p>\n<h3><strong>Kompakta kaj agordebla Dezajno<\/strong><\/h3>\n<p>La\u00a0<strong>30mm grandeco<\/strong>\u00a0de la Mifare Ultralight AES Sticker pruntedonas sin al facila alfiksi\u011do al diversaj a\u0135oj, de insignoj \u011dis \u015dlosil\u0109enoj. \u011ciaj agordeblaj opcioj donas al entreprenoj la \u015dancon korpigi markon perfekte, certigante ke \u0109iu glumarko ne nur funkcias efike sed anka\u016d reprezentas vian markon efike.<\/p>\n<table class=\"preview\" style=\"height: 270px;\" width=\"553\">\n<thead>\n<tr>\n<th>Karakteriza\u0135o<\/th>\n<th>Specifo<\/th>\n<\/tr>\n<\/thead>\n<tbody>\n<tr>\n<td>Materialo<\/td>\n<td>PET\/Telita Papero<\/td>\n<\/tr>\n<tr>\n<td>Blato<\/td>\n<td>Ultraluma AES<\/td>\n<\/tr>\n<tr>\n<td>Ofteco<\/td>\n<td>13,56 MHz<\/td>\n<\/tr>\n<tr>\n<td>Leganta Gamo<\/td>\n<td>0-100 cm<\/td>\n<\/tr>\n<tr>\n<td>Memoro<\/td>\n<td>144 bajtoj<\/td>\n<\/tr>\n<tr>\n<td>Protokolo<\/td>\n<td>ISO 14443A<\/td>\n<\/tr>\n<tr>\n<td>Vendado de Unuoj<\/td>\n<td>Ununura ero<\/td>\n<\/tr>\n<tr>\n<td>Pakita Grandeco<\/td>\n<td>0,1 x 0,1 x 0,02 cm<\/td>\n<\/tr>\n<tr>\n<td>Malneta Pezo<\/td>\n<td>0,010 kg<\/td>\n<\/tr>\n<\/tbody>\n<\/table>\n<p>&nbsp;<\/p>","protected":false},"excerpt":{"rendered":"<p>La La\u016dvola Random ID MIFARE Ultralight AES-glumarko, konforma al ISO 14443A, ofertas plibonigitajn sekurecajn funkciojn kaj flekseblan administradon de datumoj por efika alirkontrolo kaj identigaj solvoj. \u011cia kompakta dezajno permesas facilan integri\u011don en diversajn aplikojn certigante fidindan agadon.<\/p>","protected":false},"featured_media":3179,"template":"","meta":[],"product_brand":[],"product_cat":[48],"product_tag":[],"class_list":{"0":"post-3178","1":"product","2":"type-product","3":"status-publish","4":"has-post-thumbnail","6":"product_cat-nfc-stickers","8":"first","9":"instock","10":"shipping-taxable","11":"product-type-simple"},"_links":{"self":[{"href":"https:\/\/nfc-readers.com\/eo\/wp-json\/wp\/v2\/product\/3178","targetHints":{"allow":["GET"]}}],"collection":[{"href":"https:\/\/nfc-readers.com\/eo\/wp-json\/wp\/v2\/product"}],"about":[{"href":"https:\/\/nfc-readers.com\/eo\/wp-json\/wp\/v2\/types\/product"}],"wp:featuredmedia":[{"embeddable":true,"href":"https:\/\/nfc-readers.com\/eo\/wp-json\/wp\/v2\/media\/3179"}],"wp:attachment":[{"href":"https:\/\/nfc-readers.com\/eo\/wp-json\/wp\/v2\/media?parent=3178"}],"wp:term":[{"taxonomy":"product_brand","embeddable":true,"href":"https:\/\/nfc-readers.com\/eo\/wp-json\/wp\/v2\/product_brand?post=3178"},{"taxonomy":"product_cat","embeddable":true,"href":"https:\/\/nfc-readers.com\/eo\/wp-json\/wp\/v2\/product_cat?post=3178"},{"taxonomy":"product_tag","embeddable":true,"href":"https:\/\/nfc-readers.com\/eo\/wp-json\/wp\/v2\/product_tag?post=3178"}],"curies":[{"name":"wp","href":"https:\/\/api.w.org\/{rel}","templated":true}]}}