{"id":3186,"date":"2024-10-29T13:27:39","date_gmt":"2024-10-29T13:27:39","guid":{"rendered":"https:\/\/nfc-readers.com\/?post_type=product&#038;p=3186"},"modified":"2024-10-29T13:59:52","modified_gmt":"2024-10-29T13:59:52","slug":"dia-30mm-ntag-424-dna-nfc-sticker-tamper-proof-high-security","status":"publish","type":"product","link":"https:\/\/nfc-readers.com\/eo\/ic-reader\/dia-30mm-ntag-424-dna-nfc-sticker-tamper-proof-high-security\/","title":{"rendered":"Dia 30mm NTAG 424 DNA NFC-Glumarko Malprudenta Alta Sekureco"},"content":{"rendered":"<h2><strong>Dia 30mm NTAG 424 DNA NFC-Glumarko Malprudenta Alta Sekureco<\/strong><\/h2>\n<p>Malkovru la sekvan nivelon de sekura komunikado kun la <strong>Dia 30mm NTAG 424 DNA NFC Glumarko<\/strong>. Desegnita por entreprenoj ser\u0109antaj plibonigi siajn sekurecajn mezurojn, \u0109i tio\u00a0<strong>NFC-karto<\/strong>\u00a0uzas avangardan teknologion, kiu ne nur malhelpas mistraktadon, sed anka\u016d certigas senjuntan spureblecon. \u0108u vi estas en la vinindustrio, kiu emfazas kontra\u016d-falsajn mezurojn a\u016d iu ajn alia sektoro, kiu bezonas altnivelan protekton, \u0109i tiu diverstalenta NFC-glumarko estas valorega valoro.<\/p>\n<p>&nbsp;<\/p>\n<h2><strong>\u015closilaj Avanta\u011doj de la Dia 30mm NTAG 424 DNA NFC-Glumarko<\/strong><\/h2>\n<p>La\u00a0<strong>Glumarko NTAG 424 DNA NFC<\/strong>\u00a0integras stelajn funkciojn por provizi altnivelan sekurecon kaj oportunon. \u011cia fleksebleco kaj facileco igas \u011din elstara solvo por entreprenoj strebantaj al plibonigita komunikado kaj spurebleco. Kun la kapablo porti esencajn informojn sekure, \u0109i tiuj\u00a0<strong>NFC-produktoj<\/strong>\u00a0venas ekipitaj per 128-bita AES-sekureco, igante ilin imunaj kontra\u016d falsado. Investante en \u0109i tiu noviga produkto, vi ne nur protektas la integrecon de via marko sed anka\u016d plibonigas la fidon de la kliento.<\/p>\n<p>&nbsp;<\/p>\n<h3><strong>Noviga NFC-Komerckarta Solvo<\/strong><\/h3>\n<p>La\u00a0<strong>Dia 30mm NTAG 424 DNA NFC Glumarko<\/strong>\u00a0redifinas kiel ni perceptas tradiciajn vizitkartojn. Kiel a\u00a0<strong>cifereca vizitkarto<\/strong>, \u011di permesas al uzantoj &quot;frapi&quot; siajn sa\u011dtelefonojn por kolekti kontaktinformojn senpene. Forgesu la \u011denon porti plurajn paperajn kartojn; per simpla tu\u015do, klientoj povas aliri viajn sociajn amaskomunikilajn profilojn kaj kontaktajn detalojn tuj. \u0108i tio\u00a0<strong>vizitkarto NFC<\/strong>\u00a0ne nur plibonigas la profesian bildon de via marko sed anka\u016d montras vian devontigon adopti modernan teknologion.<\/p>\n<p>Plie, \u0109i tiuj\u00a0<strong>NFC-kartoj<\/strong>\u00a0estas perfektaj por interkonektaj eventoj, kie la unuaj impresoj gravas. Ili permesas vin elstari en konkurenciva medio farante informojn interaga kaj memorinda.<\/p>\n<p>&nbsp;<\/p>\n<h3><strong>Oftaj Demandoj (FAQs)<\/strong><\/h3>\n<p><strong>Q: Kiel mi uzas la NFC-Glubildon?<\/strong><br \/>\nR: Simple frapu vian inteligentan telefonon kontra\u016d la glumarko, kaj la enigita informo aperos sur la ekrano.<\/p>\n<p><strong>Q: \u0108u la NFC-glumarkoj estas agordeblaj?<\/strong><br \/>\nR: Jes, ni ofertas agordeblajn dezajnojn, inkluzive de emblemoj kaj tekstaj opcioj, ebligante al vi krei unikan NFC-sperton.<\/p>\n<p><strong>Q: Kio estas la vivda\u016dro de la Dia 30mm NTAG 424 DNA NFC-Glumarko?<\/strong><br \/>\nR: Kun skriba eltenivo de 200,000 cikloj, \u0109i tiuj glumarkoj estas konstruitaj por longtempa uzo kaj fidindeco.<\/p>\n<p><strong>Q: \u0108u mi povas uzi \u0109i tiujn glumarkojn por promocioj?<\/strong><br \/>\nA: Sendube! Ili estas perfektaj por interagaj reklamaj kampanjoj kaj povas esti uzataj por dividi ofertojn, rabatojn a\u016d produktajn informojn.<\/p>\n<p>&nbsp;<\/p>\n<p>&nbsp;<\/p>\n<h3><strong>Teknikaj Specifoj de la NFC-Karto<\/strong><\/h3>\n<table class=\"preview\" style=\"height: 299px;\" width=\"532\">\n<thead>\n<tr>\n<th><strong>Karakteriza\u0135o<\/strong><\/th>\n<th><strong>Detaloj<\/strong><\/th>\n<\/tr>\n<\/thead>\n<tbody>\n<tr>\n<td><strong>Tipo de blato<\/strong><\/td>\n<td>NTAG 424 DNA<\/td>\n<\/tr>\n<tr>\n<td><strong>Memoro<\/strong><\/td>\n<td>416 bajtoj<\/td>\n<\/tr>\n<tr>\n<td><strong>Sekureco<\/strong><\/td>\n<td>128-bita AES, LRP<\/td>\n<\/tr>\n<tr>\n<td><strong>Alir\u015dlosiloj<\/strong><\/td>\n<td>5 x 128 bitoj<\/td>\n<\/tr>\n<tr>\n<td><strong>Skribu Endurance<\/strong><\/td>\n<td>200.000 cikloj<\/td>\n<\/tr>\n<tr>\n<td><strong>Komunika Interfaco<\/strong><\/td>\n<td>NFC Foruma Tipo 4<\/td>\n<\/tr>\n<tr>\n<td><strong>Materialo<\/strong><\/td>\n<td>PET<\/td>\n<\/tr>\n<tr>\n<td><strong>Grandeco de Anteno<\/strong><\/td>\n<td>Dia 30mm<\/td>\n<\/tr>\n<tr>\n<td><strong>Pakado<\/strong><\/td>\n<td>1000-5000 PCS\/Rulo<\/td>\n<\/tr>\n<tr>\n<td><strong>Atestado<\/strong><\/td>\n<td>ISO14443A, ISO15693<\/td>\n<\/tr>\n<\/tbody>\n<\/table>\n<p>&nbsp;<\/p>","protected":false},"excerpt":{"rendered":"<p>La Dia 30mm NTAG 424 DNA NFC-Glumarko ofertas altan sekurecon kun kontra\u016dfrapa teknologio, certigante fidindan datuman protekton kaj senjuntan sperton de uzanto. Perfekta por entreprenoj, kiuj bezonas sekurajn solvojn!<\/p>","protected":false},"featured_media":3188,"template":"","meta":[],"product_brand":[],"product_cat":[48],"product_tag":[],"class_list":{"0":"post-3186","1":"product","2":"type-product","3":"status-publish","4":"has-post-thumbnail","6":"product_cat-nfc-stickers","8":"first","9":"instock","10":"shipping-taxable","11":"product-type-simple"},"_links":{"self":[{"href":"https:\/\/nfc-readers.com\/eo\/wp-json\/wp\/v2\/product\/3186","targetHints":{"allow":["GET"]}}],"collection":[{"href":"https:\/\/nfc-readers.com\/eo\/wp-json\/wp\/v2\/product"}],"about":[{"href":"https:\/\/nfc-readers.com\/eo\/wp-json\/wp\/v2\/types\/product"}],"wp:featuredmedia":[{"embeddable":true,"href":"https:\/\/nfc-readers.com\/eo\/wp-json\/wp\/v2\/media\/3188"}],"wp:attachment":[{"href":"https:\/\/nfc-readers.com\/eo\/wp-json\/wp\/v2\/media?parent=3186"}],"wp:term":[{"taxonomy":"product_brand","embeddable":true,"href":"https:\/\/nfc-readers.com\/eo\/wp-json\/wp\/v2\/product_brand?post=3186"},{"taxonomy":"product_cat","embeddable":true,"href":"https:\/\/nfc-readers.com\/eo\/wp-json\/wp\/v2\/product_cat?post=3186"},{"taxonomy":"product_tag","embeddable":true,"href":"https:\/\/nfc-readers.com\/eo\/wp-json\/wp\/v2\/product_tag?post=3186"}],"curies":[{"name":"wp","href":"https:\/\/api.w.org\/{rel}","templated":true}]}}