{"id":3195,"date":"2024-10-29T13:40:47","date_gmt":"2024-10-29T13:40:47","guid":{"rendered":"https:\/\/nfc-readers.com\/?post_type=product&#038;p=3195"},"modified":"2024-10-29T14:03:42","modified_gmt":"2024-10-29T14:03:42","slug":"iso14443a-pet-wet-inlay-nfc-sticker-dia30mm-for-smart-phone","status":"publish","type":"product","link":"https:\/\/nfc-readers.com\/eo\/ic-reader\/iso14443a-pet-wet-inlay-nfc-sticker-dia30mm-for-smart-phone\/","title":{"rendered":"ISO14443A PET Wet Inlay NFC-Glumarko Dia30mm por Smart Phone"},"content":{"rendered":"<h2 style=\"text-align: center;\"><strong>ISO14443A PET Wet Inlay NFC-Glumarko Dia30mm por Smart Phone<\/strong><\/h2>\n<p>&nbsp;<\/p>\n<p>En la nuntempa rapida cifereca mondo, komunikado devas esti senjunta kaj efika. La\u00a0<strong>ISO14443A PET Wet Inlay NFC Glumarko Dia30mm por Smartphone<\/strong>\u00a0estas desegnita por revolucii kiel vi dividas viajn informojn. \u0108u vi estas entreprenisto, kreiva profesiulo a\u016d iu ser\u0109anta simpligi kontakton, \u0109i tiu NFC-karto ofertas multajn avanta\u011dojn, kiuj faras \u011din nemalhavebla ilo. Kun \u011dia akvorezista konstruo, agordeblaj funkcioj kaj kongruo kun \u0109iuj sa\u011dtelefonoj, \u011di estas ne nur praktika solvo sed anka\u016d eleganta aldono al via interreta ilaro.<\/p>\n<p>Imagu dividi viajn kontaktajn detalojn, profilojn de sociaj amaskomunikiloj a\u016d kutimajn ligilojn simple frapante vian sa\u011dtelefonon kontra\u016d \u0109i tiu NFC-glumarko! Ni profundi\u011du pri kio elstaras \u0109i tiun NFC-produkton kaj kial vi devus konsideri fari \u011din parto de via cifereca arsenalo.<\/p>\n<p>&nbsp;<\/p>\n<h3><strong>\u0108efaj Trajtoj de la Komerca Karto NFC<\/strong><\/h3>\n<p>La\u00a0<strong>vizitkarto NFC<\/strong>\u00a0transpasas tradiciajn kartojn per siaj imponaj trajtoj, kiuj aldonas valoron al viaj profesiaj interagoj. Ekipita per\u00a0<strong>NTAG-blatoj<\/strong>\u00a0(213, 215, 216), \u0109i tiu NFC-produkto permesas senpagan transdonon de datumoj, ebligante vin dividi esencajn informojn sen la \u011deno de paperaj kartoj. \u011cia fortikeco anka\u016d certigas, ke \u011di eltenas diversajn mediajn kondi\u0109ojn, igante \u011din fidinda por sub\u0109iela uzo.<\/p>\n<p>&nbsp;<\/p>\n<h3><strong>Teknikaj Specifoj de NFC-Glumarkoj<\/strong><\/h3>\n<table class=\"preview\" style=\"height: 234px;\" width=\"525\">\n<thead>\n<tr>\n<th>Specifo<\/th>\n<th>Detalo<\/th>\n<\/tr>\n<\/thead>\n<tbody>\n<tr>\n<td><strong>Protokolo<\/strong><\/td>\n<td>ISO14443A<\/td>\n<\/tr>\n<tr>\n<td><strong>Materialo<\/strong><\/td>\n<td>PET eltenas humidon<\/td>\n<\/tr>\n<tr>\n<td><strong>Chip Opcioj<\/strong><\/td>\n<td>NTAG 213, NTAG 215, NTAG 216<\/td>\n<\/tr>\n<tr>\n<td><strong>Grandeco<\/strong><\/td>\n<td>Dia30mm \/ Propra<\/td>\n<\/tr>\n<tr>\n<td><strong>Kapacito de memoro<\/strong><\/td>\n<td>144 \/ 504 \/ 888 bajto<\/td>\n<\/tr>\n<tr>\n<td><strong>Kongruaj Aparatoj<\/strong><\/td>\n<td>Telefonoj kun NFC-teknologio<\/td>\n<\/tr>\n<tr>\n<td><strong>Pakaj Detaloj<\/strong><\/td>\n<td>100pcs\/sako, 5000pcs\/skatolo<\/td>\n<\/tr>\n<tr>\n<td><strong>Haveno<\/strong><\/td>\n<td>\u015cen\u0135eno<\/td>\n<\/tr>\n<\/tbody>\n<\/table>\n<p>&nbsp;<\/p>\n<h3><strong>Oftaj Demandoj Pri NFC-Kartoj<\/strong><\/h3>\n<p>&nbsp;<\/p>\n<h3>Kio estas an\u00a0<strong>NFC-karto<\/strong>?<\/h3>\n<p>NFC-karto estas senkontakta sa\u011dkarto, kiu uzas Near Field Communication-teknologion por faciligi datumtransdonon simple frapante \u011din kontra\u016d NFC-ebligita aparato.<\/p>\n<h3>Kiel mi programas mian\u00a0<strong>NFC blato<\/strong>?<\/h3>\n<p>Vi povas uzi diversajn NFC-aplika\u0135ojn disponeblajn \u0109e sa\u011dtelefonoj por programi viajn NFC-glumarkojn. \u0108i tiuj programoj permesas vin enigi la datumojn, kiujn vi \u015datus dividi, kiel kontaktajn detalojn a\u016d specifajn ligilojn.<\/p>\n<h3>Estas\u00a0<strong>NFC-ciferecaj vizitkartoj<\/strong>\u00a0kongrua kun \u0109iuj aparatoj?<\/h3>\n<p>Jes, niaj NFC-glumarkoj estas kongruaj kun \u0109iuj inteligentaj telefonoj ekipitaj per NFC-kapabloj. \u0108i tio certigas lar\u011dan atingon kaj alireblecon, permesante vin konekti kun pli da individuoj.<\/p>\n<h3>\u0108u ekzistas maniero spuri interagojn kun miaj NFC-produktoj?<\/h3>\n<p>Kvankam memstaraj NFC-glumarkoj ne havas spurajn funkciojn, kiam ligite al specifaj URL-oj, vi povas uzi analizajn ilojn por kontroli klakojn kaj interagojn.<\/p>\n<h3>\u0108u mi povas havi senpagan sendadon en mia mendo?<\/h3>\n<p>Jes! Ni ofte provizas senpagan sendadon, precipe por pograndaj mendoj. Kontrolu niajn lastajn promociojn por pliaj detaloj.<\/p>\n<p>&nbsp;<\/p>\n<p>&nbsp;<\/p>","protected":false},"excerpt":{"rendered":"<p>La\u00a0<strong>ISO14443A PET Malseka Inkrusta\u0135o NFC Glumarko Dia30mm<\/strong>\u00a0estas diverstalenta, akvorezista NFC-solvo dizajnita por senjunta kundivido de datumoj kun sa\u011dtelefonoj. \u0108i tiu kompakta glumarko ebligas rapidan aliron al viaj kontaktinformoj kaj ciferecaj profiloj per nura frapeto, revoluciante reton kaj komunikadon.<\/p>","protected":false},"featured_media":3196,"template":"","meta":[],"product_brand":[],"product_cat":[48],"product_tag":[],"class_list":{"0":"post-3195","1":"product","2":"type-product","3":"status-publish","4":"has-post-thumbnail","6":"product_cat-nfc-stickers","8":"first","9":"instock","10":"shipping-taxable","11":"product-type-simple"},"_links":{"self":[{"href":"https:\/\/nfc-readers.com\/eo\/wp-json\/wp\/v2\/product\/3195","targetHints":{"allow":["GET"]}}],"collection":[{"href":"https:\/\/nfc-readers.com\/eo\/wp-json\/wp\/v2\/product"}],"about":[{"href":"https:\/\/nfc-readers.com\/eo\/wp-json\/wp\/v2\/types\/product"}],"wp:featuredmedia":[{"embeddable":true,"href":"https:\/\/nfc-readers.com\/eo\/wp-json\/wp\/v2\/media\/3196"}],"wp:attachment":[{"href":"https:\/\/nfc-readers.com\/eo\/wp-json\/wp\/v2\/media?parent=3195"}],"wp:term":[{"taxonomy":"product_brand","embeddable":true,"href":"https:\/\/nfc-readers.com\/eo\/wp-json\/wp\/v2\/product_brand?post=3195"},{"taxonomy":"product_cat","embeddable":true,"href":"https:\/\/nfc-readers.com\/eo\/wp-json\/wp\/v2\/product_cat?post=3195"},{"taxonomy":"product_tag","embeddable":true,"href":"https:\/\/nfc-readers.com\/eo\/wp-json\/wp\/v2\/product_tag?post=3195"}],"curies":[{"name":"wp","href":"https:\/\/api.w.org\/{rel}","templated":true}]}}