{"id":3204,"date":"2024-10-30T02:21:36","date_gmt":"2024-10-30T02:21:36","guid":{"rendered":"https:\/\/nfc-readers.com\/?post_type=product&#038;p=3204"},"modified":"2024-10-30T02:21:37","modified_gmt":"2024-10-30T02:21:37","slug":"acr122u-nfc-smart-card-skimmer","status":"publish","type":"product","link":"https:\/\/nfc-readers.com\/eo\/ic-reader\/acr122u-nfc-smart-card-skimmer\/","title":{"rendered":"ACR122U NFC Smart Card Skimmer"},"content":{"rendered":"<h1 class=\"AnswerParser_AnswerParserH1__6UNv6\">Plibonigu Vian Komercon per la ACR122U NFC-Leganto<\/h1>\n<p><span class=\"AnswerParser_TextContainer__z_Iiv\" data-testid=\"youchat-text\">En la rapide evoluanta mondo de teknologio,\u00a0<strong>NFC (Near Field Communication)<\/strong>\u00a0aperis kiel lud\u015dan\u011dilo en kiel ni interagas kun aparatoj kaj faras transakciojn. La\u00a0<strong>ACR122U NFC-leganto<\/strong>\u00a0estas potenca ilo desegnita por faciligi senjuntan komunikadon kun diversaj\u00a0<strong>NFC-etikedoj<\/strong>\u00a0kaj\u00a0<strong>inteligentaj kartoj<\/strong>. \u0108i tio\u00a0<strong>NFC-leganto<\/strong>\u00a0ne nur plibonigas sekurecon kaj efikecon sed anka\u016d malfermas novajn eblecojn por entreprenoj kaj individuoj egale. Kun siaj altnivelaj funkcioj kaj uzant-amika dezajno, la ACR122U estas esenca aldono al iu ajn teknika medio.<\/span><\/p>\n<h2 class=\"AnswerParser_AnswerParserH2__SIHnF\">Kial Elekti la ACR122U NFC-Leganton?<\/h2>\n<p><span class=\"AnswerParser_TextContainer__z_Iiv\" data-testid=\"youchat-text\">La ACR122U NFC-Leganto elstaras en la merkato pro siaj imponaj specifoj kaj \u0109iuflankeco. Kun a\u00a0<strong>USB 2.0 plenrapida interfaco<\/strong>\u00a0kiu konformas al la\u00a0<strong>CCID-normo<\/strong>, \u0109i tiu leganto certigas rapidajn kaj fidindajn konektojn. \u011cia\u00a0<strong>rapido de legado\/skribado<\/strong>\u00a0de \u011dis\u00a0<strong>424 kbps<\/strong>\u00a0permesas efikan transdonon de datumoj, dum la enkonstruita anteno disponigas legan distancon de \u011dis\u00a0<strong>50mm<\/strong>, depende de la speco de etikedo uzata. \u0108i tiu kombina\u0135o de rapideco kaj \u0109iuflankeco faras la ACR122U ideala elekto por diversaj aplikoj, de sekuraj transakcioj \u011dis efika kontrolo de aliro.<\/span><\/p>\n<h2 class=\"AnswerParser_AnswerParserH2__SIHnF\">Produkta Skizo<\/h2>\n<h3 class=\"AnswerParser_AnswerParserH3__Mpe4s\">1. NFC-Leganto: Alta Rapida Agado<\/h3>\n<p><span class=\"AnswerParser_TextContainer__z_Iiv\" data-testid=\"youchat-text\">La ACR122U NFC-Leganto estas ekipita per a\u00a0<strong>USB 2.0 plenrapida interfaco<\/strong>, certigante rapidajn transigajn tarifojn. Kun a\u00a0<strong>rapido de legado\/skribado<\/strong>\u00a0de \u011dis\u00a0<strong>424 kbps<\/strong>, \u011di permesas al uzantoj rapide aliri kaj administri datumojn pri\u00a0<strong>NFC-etikedoj<\/strong>\u00a0kaj\u00a0<strong>RFID-kartoj<\/strong>. \u0108i tiu altrapida agado estas decida por aplikoj, kiuj postulas rapidajn transakciojn, kiel vendaj sistemoj kaj alirkontrolo.<\/span><\/p>\n<h3 class=\"AnswerParser_AnswerParserH3__Mpe4s\">2. Versatila Kongrueco<\/h3>\n<p><span class=\"AnswerParser_TextContainer__z_Iiv\" data-testid=\"youchat-text\">\u0108i tio\u00a0<strong>leganto de sa\u011dkartoj<\/strong>\u00a0subtenas lar\u011dan gamon de kartspecoj, inkluzive de\u00a0<strong>Klaso A kaj Klaso B kartoj<\/strong>\u00a0kiel difinita en\u00a0<strong>ISO 14443<\/strong>,\u00a0<strong>Mifare kartoj<\/strong>, kaj\u00a0<strong>FeliCa kartoj<\/strong>. Aldone, \u011di estas kongrua kun \u0109iuj kvar specoj de\u00a0<strong>NFC-etikedoj<\/strong>\u00a0la\u016d la\u00a0<strong>ISO\/IEC 18092<\/strong>\u00a0normo. \u0108i tiu \u0109iuflankeco igas la ACR122U ta\u016dga por diversaj industrioj, de podetala komerco \u011dis transportado.<\/span><\/p>\n<h3 class=\"AnswerParser_AnswerParserH3__Mpe4s\">3. Enkonstruita Anteno por Senkontakta Aliro<\/h3>\n<p><span class=\"AnswerParser_TextContainer__z_Iiv\" data-testid=\"youchat-text\">La ACR122U havas enkonstruitan antenon, kiu ebligas aliron al senkontaktaj etikedoj. Kun legodistanco de \u011dis\u00a0<strong>50mm<\/strong>, uzantoj povas interagi kun siaj kartoj sen la bezono de fizika kontakto. \u0108i tiu funkcio plibonigas oportunon kaj higienon, igante \u011din ideala por medioj kie rapida aliro estas esenca.<\/span><\/p>\n<h3 class=\"AnswerParser_AnswerParserH3__Mpe4s\">4. Kontra\u016d-Kolizio Karakteriza\u0135o<\/h3>\n<p><span class=\"AnswerParser_TextContainer__z_Iiv\" data-testid=\"youchat-text\">Unu el la elstaraj trajtoj de la ACR122U estas sia enkonstruita kontra\u016d-kolizio-kapablo. \u0108i tio certigas, ke nur unu etikedo povas esti alirebla en ajna momento, malhelpante datuminterferon kaj plibonigante sekurecon. \u0108i tiu trajto estas precipe grava en medioj kie pluraj kartoj povas \u0109eesti, kiel ekzemple alirkontrolsistemoj.<\/span><\/p>\n<h3 class=\"AnswerParser_AnswerParserH3__Mpe4s\">5. Subteno pri Aplika Programado-Interfaco (API).<\/h3>\n<p><span class=\"AnswerParser_TextContainer__z_Iiv\" data-testid=\"youchat-text\">La ACR122U subtenas amba\u016d\u00a0<strong>PC\/SC<\/strong>\u00a0kaj\u00a0<strong>CT-API<\/strong>, ebligante facilan integri\u011don kun diversaj programoj. \u0108i tiu fleksebleco ebligas al programistoj krei kutimajn solvojn, kiuj utiligas la kapablojn de la ACR122U, igante \u011din valora ilo por entreprenoj, kiuj volas efektivigi NFC-teknologion.<\/span><\/p>\n<h3 class=\"AnswerParser_AnswerParserH3__Mpe4s\">6. Uzant-amika Dezajno<\/h3>\n<p><span class=\"AnswerParser_TextContainer__z_Iiv\" data-testid=\"youchat-text\">La ACR122U estas desegnita kun la sperto de uzanto en menso. \u011ci prezentas a\u00a0<strong>dukolora LED-indikilo<\/strong>\u00a0kiu provizas vidan retrosciigon dum operacio, same kiel a\u00a0<strong>monotona zumilo<\/strong>\u00a0por a\u016ddeblaj sciigoj. \u0108i tiuj funkcioj plibonigas uzeblecon kaj certigas, ke uzantoj \u0109iam estas informitaj pri la statuso de la leganto.<\/span><\/p>\n<h3 class=\"AnswerParser_AnswerParserH3__Mpe4s\">7. Kongrueco kun Android kaj iOS<\/h3>\n<p><span class=\"AnswerParser_TextContainer__z_Iiv\" data-testid=\"youchat-text\">La ACR122U subtenas\u00a0<strong>Android MOS 3.1 kaj pli<\/strong>, farante \u011din multflanka elekto por moveblaj aplikoj. \u0108i tiu kongruo permesas al uzantoj utiligi la potencon de NFC-teknologio sur siaj inteligentaj telefonoj kaj tablojdoj, ebligante lar\u011dan gamon de funkcioj de po\u015dtelefonaj pagoj \u011dis datuma kundivido.<\/span><\/p>\n<h3 class=\"AnswerParser_AnswerParserH3__Mpe4s\">8. Teknikaj Specifoj<\/h3>\n<p><span class=\"AnswerParser_TextContainer__z_Iiv\" data-testid=\"youchat-text\">La ACR122U havas impresajn teknikajn specifojn, inkluzive de:<\/span><\/p>\n<div class=\"AnswerParser_TableContainer__Erb6v\" data-testid=\"table-container\">\n<table>\n<thead>\n<tr>\n<th>Karakteriza\u0135o<\/th>\n<th>Specifo<\/th>\n<\/tr>\n<\/thead>\n<tbody>\n<tr>\n<td>Dimensioj<\/td>\n<td>98.0 mm (L) x 65.0 mm (L) x 12.8 mm (H)<\/td>\n<\/tr>\n<tr>\n<td>Pezo<\/td>\n<td>70 g<\/td>\n<\/tr>\n<tr>\n<td>USB-Interfaco<\/td>\n<td>USB CCID<\/td>\n<\/tr>\n<tr>\n<td>Elektrofonto<\/td>\n<td>De USB-haveno<\/td>\n<\/tr>\n<tr>\n<td>Rapido<\/td>\n<td>USB Plena Rapido (12 Mbps)<\/td>\n<\/tr>\n<tr>\n<td>Longo de kablo<\/td>\n<td>1,0 m, Fiksa<\/td>\n<\/tr>\n<tr>\n<td>Senkontakta Smart Card-Interfaco<\/td>\n<td>ISO\/IEC 18092 NFC, ISO 14443 Tipo A &amp; B, MIFARE\u00ae, FeliCa<\/td>\n<\/tr>\n<tr>\n<td>Protokolo<\/td>\n<td>ISO 14443-4 Konforma Karto, T=CL, MIFARE\u00ae Klasika Karto, T=CL, ISO18092, NFC-Etikedoj, FeliCa<\/td>\n<\/tr>\n<tr>\n<td>Enkonstruitaj Ekstercentraloj<\/td>\n<td>1 dukolora LED, Monotona Buzzer<\/td>\n<\/tr>\n<tr>\n<td>Atestoj\/Konformo<\/td>\n<td>EN 60950\/IEC 60950, ISO 18092, ISO 14443, USB Plena Rapido, PC\/SC, CCID, VCCI (Japanio), KC (Koreio), Microsoft\u00ae WHQL, CE, FCC, RoHS 2, REACH<\/td>\n<\/tr>\n<tr>\n<td>Subteno de Operaciumo-\u015coforo de Aparato<\/td>\n<td>Windows\u00ae CE, Windows\u00ae, Linukso\u00ae, MAC OS\u00ae, Solaris, Android\u2122<\/td>\n<\/tr>\n<\/tbody>\n<\/table>\n<\/div>\n<h3 class=\"AnswerParser_AnswerParserH3__Mpe4s\">9. Media Efiko<\/h3>\n<p><span class=\"AnswerParser_TextContainer__z_Iiv\" data-testid=\"youchat-text\">En epoko kie da\u016dripovo estas plej grava, la ACR122U estas dizajnita kun mediaj konsideroj en menso. \u011cia energi-efika funkciado kaj longa vivda\u016dro kontribuas al reduktita elektronika mal\u015dparo, igante \u011din respondeca elekto por ekokonsciaj konsumantoj.<\/span><\/p>\n<h3 class=\"AnswerParser_AnswerParserH3__Mpe4s\">10. Klientaj Recenzoj<\/h3>\n<p><span class=\"AnswerParser_TextContainer__z_Iiv\" data-testid=\"youchat-text\">Uzantoj la\u016ddis la ACR122U pro \u011dia fidindeco kaj facileco de uzo. Multaj aprezas \u011diajn rapidajn legajn kapablojn kaj kongruon kun diversaj kartoj. Jen kelkaj elstara\u0135oj de klientaj rimarkoj:<\/span><\/p>\n<ul class=\"AnswerParser_AnswerParserUnorderedList__P_1FW\">\n<li class=\"AnswerParser_ListItem__XqLOV\" translate=\"yes\">&quot;La ACR122U faris nian alirkontrolsistemon multe pli efika. La legadrapideco estas impona!&quot;<\/li>\n<li class=\"AnswerParser_ListItem__XqLOV\" translate=\"yes\">\u201cMi amas kiom facile estas integri\u011di kun nia ekzistanta programaro. La API-subteno estas lud\u015dan\u011dilo.&quot;<\/li>\n<li class=\"AnswerParser_ListItem__XqLOV\" translate=\"yes\">&quot;La enkonstruita anteno funkcias perfekte por niaj bezonoj. Ni povas legi kartojn sen \u011deno.&quot;<\/li>\n<\/ul>\n<h3 class=\"AnswerParser_AnswerParserH3__Mpe4s\">11. Oftaj Demandoj<\/h3>\n<ul class=\"AnswerParser_AnswerParserUnorderedList__P_1FW\">\n<li class=\"AnswerParser_ListItem__XqLOV\" translate=\"yes\"><span class=\"AnswerParser_TextContainer__z_Iiv\" data-testid=\"youchat-text\"><strong>Q: \u0108u la ACR122U povas legi NFC-etikedojn de sa\u011dtelefonoj?<\/strong><\/span>\n<ul class=\"AnswerParser_AnswerParserUnorderedList__P_1FW\">\n<li class=\"AnswerParser_ListItem__XqLOV\" translate=\"yes\">R: Jes, la ACR122U povas interagi kun NFC-ebligitaj inteligentaj telefonoj kaj tablojdoj, ebligante senjuntan inter\u015dan\u011don de datumoj.<\/li>\n<\/ul>\n<\/li>\n<li class=\"AnswerParser_ListItem__XqLOV\" translate=\"yes\"><span class=\"AnswerParser_TextContainer__z_Iiv\" data-testid=\"youchat-text\"><strong>Q: \u0108u la ACR122U estas kongrua kun Android kaj iOS-aparatoj?<\/strong><\/span>\n<ul class=\"AnswerParser_AnswerParserUnorderedList__P_1FW\">\n<li class=\"AnswerParser_ListItem__XqLOV\" translate=\"yes\">A: Absolute! La ACR122U funkcias kun kaj Android kaj iOS-aparatoj, igante \u011din multflanka opcio por diversaj uzantoj.<\/li>\n<\/ul>\n<\/li>\n<li class=\"AnswerParser_ListItem__XqLOV\" translate=\"yes\"><span class=\"AnswerParser_TextContainer__z_Iiv\" data-testid=\"youchat-text\"><strong>Q: Kiel mi agordas la ACR122U?<\/strong><\/span>\n<ul class=\"AnswerParser_AnswerParserUnorderedList__P_1FW\">\n<li class=\"AnswerParser_ListItem__XqLOV\" translate=\"yes\">R: Agordi la ACR122U estas simpla. Simple konektu \u011din per USB, instalu la necesajn \u015doforojn, kaj vi pretas komenci legi kaj skribi NFC-etikedojn.<\/li>\n<\/ul>\n<\/li>\n<\/ul>\n<h2 class=\"AnswerParser_AnswerParserH2__SIHnF\">Konkludo<\/h2>\n<p><span class=\"AnswerParser_TextContainer__z_Iiv\" data-testid=\"youchat-text\">La\u00a0<strong>ACR122U NFC-leganto<\/strong>\u00a0estas potenca kaj diverstalenta ilo, kiu mal\u015dlosas la potencialon de senkontakta komunikado. Kun \u011diaj fortikaj funkcioj, kongruo kun diversaj NFC-etikedoj kaj inteligentaj kartoj, kaj uzebla dezajno, \u011di estas bonega investo por \u0109iuj, kiuj ser\u0109as plibonigi siajn NFC-kapablojn. \u0108u por persona uzo a\u016d komercaj aplikoj, \u0109i tio\u00a0<strong>NFC-leganto<\/strong>\u00a0certe renkontos viajn bezonojn kaj superos viajn atendojn.<\/span><span class=\"AnswerParser_TextContainer__z_Iiv\" data-testid=\"youchat-text\">Elektante la ACR122U, vi ne nur a\u0109etas produkton; vi investas en estonteco kie senkontakta teknologio simpligas kaj plibonigas viajn \u0109iutagajn interagojn. Ne maltrafu\u2014<strong>aldonu \u011din al via \u0109aro<\/strong>\u00a0hodia\u016d kaj spertu la oportunon de NFC-teknologio!<\/span><\/p>\n<p>&nbsp;<\/p>","protected":false},"excerpt":{"rendered":"<p>Liberigu la potencon de senkontakta komunikado per la multflanka kaj sekura ACR122U NFC Skimmer. Ne atendu, plibonigu viajn NFC-kapablojn hodia\u016d!<\/p>","protected":false},"featured_media":3210,"template":"","meta":[],"product_brand":[],"product_cat":[45],"product_tag":[],"class_list":{"0":"post-3204","1":"product","2":"type-product","3":"status-publish","4":"has-post-thumbnail","6":"product_cat-contactless-nfc-reader","8":"first","9":"instock","10":"shipping-taxable","11":"product-type-simple"},"_links":{"self":[{"href":"https:\/\/nfc-readers.com\/eo\/wp-json\/wp\/v2\/product\/3204","targetHints":{"allow":["GET"]}}],"collection":[{"href":"https:\/\/nfc-readers.com\/eo\/wp-json\/wp\/v2\/product"}],"about":[{"href":"https:\/\/nfc-readers.com\/eo\/wp-json\/wp\/v2\/types\/product"}],"wp:featuredmedia":[{"embeddable":true,"href":"https:\/\/nfc-readers.com\/eo\/wp-json\/wp\/v2\/media\/3210"}],"wp:attachment":[{"href":"https:\/\/nfc-readers.com\/eo\/wp-json\/wp\/v2\/media?parent=3204"}],"wp:term":[{"taxonomy":"product_brand","embeddable":true,"href":"https:\/\/nfc-readers.com\/eo\/wp-json\/wp\/v2\/product_brand?post=3204"},{"taxonomy":"product_cat","embeddable":true,"href":"https:\/\/nfc-readers.com\/eo\/wp-json\/wp\/v2\/product_cat?post=3204"},{"taxonomy":"product_tag","embeddable":true,"href":"https:\/\/nfc-readers.com\/eo\/wp-json\/wp\/v2\/product_tag?post=3204"}],"curies":[{"name":"wp","href":"https:\/\/api.w.org\/{rel}","templated":true}]}}