{"id":3219,"date":"2024-10-30T06:13:51","date_gmt":"2024-10-30T06:13:51","guid":{"rendered":"https:\/\/nfc-readers.com\/?post_type=product&#038;p=3219"},"modified":"2024-10-30T06:13:52","modified_gmt":"2024-10-30T06:13:52","slug":"apple-pay-google-vas-nfc-reader","status":"publish","type":"product","link":"https:\/\/nfc-readers.com\/eo\/ic-reader\/apple-pay-google-vas-nfc-reader\/","title":{"rendered":"Apple Pay Google VAS NFC Leganto"},"content":{"rendered":"<h1>Pliigu Vian Sperton kun la NFC-Leganto: La Finfina Senkontakta Solvo<\/h1>\n<div><\/div>\n<div>En la nuntempa rapida cifereca mondo, la NFC-Leganto elstaras kiel lud\u015dan\u011da aparato dizajnita por senjuntaj interagoj. \u0108u vi celas simpligi pagojn, plibonigi lojalecprogramojn a\u016d plibonigi alirkontrolon, \u0109i tiu NFC-aparato ofertas multfacetan solvon kongruan kun Android kaj iOS.<\/div>\n<div><\/div>\n<h2>\u00a0Kial Investi en NFC-Leganto?<\/h2>\n<div><\/div>\n<div>La NFC-Leganto ne estas nur aparato; \u011di estas investo en oportuno kaj efikeco. Imagu la facilecon frapi vian inteligentan telefonon a\u016d sa\u011dkarton kontra\u016d leganto por tuj aliri informojn a\u016d plenumi transakciojn. Kun atestilo de Apple VAS kaj Google Smart Tap, \u0109i tiu aparato subtenas diversajn NFC-etikedojn kaj kartojn, certigante uzantan sperton. Integrante \u0109i tiun teknologion en vian komercon, vi povas plifaciligi operaciojn, plibonigi klientan kontenton kaj resti anta\u016d la konkurado.<\/div>\n<div><\/div>\n<h2>Produkta Skizo<\/h2>\n<div><\/div>\n<h3>1. NFC-Leganto: Superrigardo<\/h3>\n<div>La NFC-Leganto estas dizajnita por legi kaj skribi NFC-etikedojn kaj kartojn kun rapideco kaj precizeco. Kun subteno por ISO 14443 Tipo A &amp; B, MIFARE kaj FeliCa, \u0109i tiu aparato estas sufi\u0109e vers\u00e1til por diversaj aplikoj, de lojalecaj programoj \u011dis alirkontrolo. \u011cia 13,56 MHz-teknologio certigas rapidan transdonon de datumoj, igante \u011din ideala por alttrafikaj medioj.<\/div>\n<div><\/div>\n<h3>2. \u015closilaj Trajtoj de la NFC-Leganto<\/h3>\n<div>La NFC-Leganto havas plurajn elstarajn funkciojn:<\/div>\n<div><\/div>\n<div>- Plurplatforma Kongruo: Funkcias perfekte kun inteligentaj telefonoj kaj tabulkomputiloj, \u0109u funkciante Android a\u016d iOS.<\/div>\n<div>- Facila Integri\u011do: La USB-konekto permesas rapidan agordon kaj kongruon kun ekzistantaj sistemoj.<\/div>\n<div>- Enkonstruita Sekureco: Subtenas \u0109ifritan komunikadon por protekti sentemajn datumojn.<\/div>\n<div><\/div>\n<h3>3. Taksoj kaj Recenzoj: Kion Uzantoj Diras<\/h3>\n<div>Klienta retrosciigo ludas decidan rolon en komprenado de produkto efikeco. Multaj uzantoj la\u016ddas la NFC-Leganton pro \u011dia fidindeco kaj facileco de uzo. Unu kliento menciis, &quot;\u0108i tiu NFC-kartlegilo transformis nian kasprocezon - rapida kaj efika!&quot;<\/div>\n<div><\/div>\n<h3>\u00a04. Eble Anka\u016d \u015catis: Komplementaj Produktoj<\/h3>\n<div>Se vi konsideras la NFC-Leganton, vi eble anka\u016d interesi\u011dos pri aliaj NFC-iloj, kiuj plibonigas viajn senkontaktajn kapablojn. Produktoj kiel NFC-etikedoj, sa\u011dkartlegiloj kaj rilata programaro povas altigi viajn komercajn solvojn.<\/div>\n<div><\/div>\n<h3>5. Kompreni NFC-Etikedojn kaj Iliajn Tipojn<\/h3>\n<div>NFC-etikedoj venas en diversaj specoj, \u0109iu servanta unikajn celojn. De MIFARE-etikedoj por publika transporto \u011dis FeliCa por sekura aliro, koni la diferencojn povas helpi vin elekti la \u011dustan etikedon por viaj bezonoj.<\/div>\n<div><\/div>\n<h3>6. Senkontakta Komforto: La Estonteco de Transakcioj<\/h3>\n<div>Kun la plii\u011do de senkontakta teknologio, la NFC-Leganto poziciigas vian komercon \u0109e la avangardo de novigado. Klientoj preferas la rapidecon kaj sekurecon de senkontaktaj pagoj, kaj integri \u0109i tiun teknologion povas signife pliigi la kontenton de la kliento.<\/div>\n<div><\/div>\n<h3>7. RFID kaj NFC: Kompreni la Diferencon<\/h3>\n<div>Dum kaj RFID kaj NFC estas valoraj teknologioj, ili servas malsamajn celojn. RFID estas kutime uzata por spurado kaj stokregistrado, dum NFC estas dizajnita por proksima komunikado, igante \u011din perfekta por pagoj kaj klientinteragoj.<\/div>\n<div><\/div>\n<h3>8. Teknikaj Specifoj: Kion Vi Devas Scii<\/h3>\n<div>Jen kelkaj esencaj specifoj de la NFC-Leganto:<\/div>\n<div><\/div>\n<div>\n<table width=\"559\">\n<tbody>\n<tr>\n<td colspan=\"2\" width=\"559\">Fizikaj Karakteriza\u0135oj<\/td>\n<\/tr>\n<tr>\n<td width=\"214\">Dimensioj (mm)<\/td>\n<td width=\"345\">98.0 mm (L) x 65.0 mm (L) x 12.8 mm (H)<\/td>\n<\/tr>\n<tr>\n<td width=\"214\">Pezo (g)<\/td>\n<td width=\"345\">81 g<\/td>\n<\/tr>\n<tr>\n<td colspan=\"2\" width=\"559\">USB-Interfaco<\/td>\n<\/tr>\n<tr>\n<td width=\"214\">Protokolo<\/td>\n<td width=\"345\">USB CCID<\/td>\n<\/tr>\n<tr>\n<td width=\"214\">Konektilo Tipo<\/td>\n<td width=\"345\">USB-Tipo-A (ACR1252U-MW)<\/td>\n<\/tr>\n<tr>\n<td width=\"214\">Elektrofonto<\/td>\n<td width=\"345\">De USB-haveno<\/td>\n<\/tr>\n<tr>\n<td width=\"214\">Rapido<\/td>\n<td width=\"345\">USB Plena Rapido (12 Mbps)<\/td>\n<\/tr>\n<tr>\n<td width=\"214\">Longo de kablo<\/td>\n<td width=\"345\">1,0 m, Neforigebla<\/td>\n<\/tr>\n<\/tbody>\n<\/table>\n<\/div>\n<div><\/div>\n<h3>\u00a09. Media Efiko kaj Da\u016dripovo<\/h3>\n<div>Dum entreprenoj movi\u011das al ekologiaj praktikoj, la NFC-Leganto kongruas kun da\u016dripovaj celoj. Reduktante paperan uzadon per ciferecaj enirpermesiloj kaj lojaleckartoj, entreprenoj povas kontribui al pli verda planedo.<\/div>\n<div><\/div>\n<h3>\u00a010. Oftaj Demandoj: Oftaj Demandoj Responditaj<\/h3>\n<div>Q: \u0108u mi povas uzi la NFC-Leganton kun mia inteligenta telefono?<\/div>\n<div>A: Jes! La NFC-Leganto estas kongrua kun kaj Android kaj iOS-aparatoj, ebligante senjuntajn interagojn.<\/div>\n<div><\/div>\n<div>Q: Kiom sekuraj estas la datumoj transdonitaj?<\/div>\n<div>R: La NFC-Leganto subtenas \u0109ifritan komunikadon, certigante, ke viaj datumoj restas sekuraj dum transakcioj.<\/div>\n<div><\/div>\n<div>Q: Kio estas la gamo de la NFC-Leganto?<\/div>\n<div>R: La NFC-teknologio funkcias ene de \u0109irka\u016d 4 cm, certigante sekurajn kaj intencajn interagojn.<\/div>\n<div><\/div>\n<div><\/div>\n<h3>\u00a0Konkludo: \u011cisdatigu Vian Teknologion Hodia\u016d!<\/h3>\n<div><\/div>\n<div>Investi en la NFC-Leganto ne nur plibonigas klientan sperton sed anka\u016d plifortigas viajn komercajn operaciojn. Adoptante \u0109i tiun avangardan teknologion, vi povas plibonigi transakcian efikecon, plibonigi lojalecprogramojn kaj resti anta\u016d industriaj tendencoj.<\/div>\n<div><\/div>\n<div>Ne maltrafu\u2014La WalletMate Po\u015dtelefona Monujo NFC-Leganto kaj transformu la manieron kiel vi interagas kun klientoj hodia\u016d!<\/div>\n<div><\/div>\n<div>Por pliaj komprenoj kaj detaloj pri niaj NFC-produktoj, kontrolu nian kompletan NFC-katalogon a\u016d kontaktu nin nfcreadersupplier@gmail.com por personigita konsulto.<\/div>","protected":false},"excerpt":{"rendered":"<p>La WalletMate Mobile Wallet NFC Reader estas dizajnita por faciligi moveblajn NFC-aplika\u0135ojn. Atestita de<strong> Apple kaj Google VAS.<\/strong><\/p>","protected":false},"featured_media":3220,"template":"","meta":[],"product_brand":[],"product_cat":[45],"product_tag":[],"class_list":{"0":"post-3219","1":"product","2":"type-product","3":"status-publish","4":"has-post-thumbnail","6":"product_cat-contactless-nfc-reader","8":"first","9":"instock","10":"shipping-taxable","11":"product-type-simple"},"_links":{"self":[{"href":"https:\/\/nfc-readers.com\/eo\/wp-json\/wp\/v2\/product\/3219","targetHints":{"allow":["GET"]}}],"collection":[{"href":"https:\/\/nfc-readers.com\/eo\/wp-json\/wp\/v2\/product"}],"about":[{"href":"https:\/\/nfc-readers.com\/eo\/wp-json\/wp\/v2\/types\/product"}],"wp:featuredmedia":[{"embeddable":true,"href":"https:\/\/nfc-readers.com\/eo\/wp-json\/wp\/v2\/media\/3220"}],"wp:attachment":[{"href":"https:\/\/nfc-readers.com\/eo\/wp-json\/wp\/v2\/media?parent=3219"}],"wp:term":[{"taxonomy":"product_brand","embeddable":true,"href":"https:\/\/nfc-readers.com\/eo\/wp-json\/wp\/v2\/product_brand?post=3219"},{"taxonomy":"product_cat","embeddable":true,"href":"https:\/\/nfc-readers.com\/eo\/wp-json\/wp\/v2\/product_cat?post=3219"},{"taxonomy":"product_tag","embeddable":true,"href":"https:\/\/nfc-readers.com\/eo\/wp-json\/wp\/v2\/product_tag?post=3219"}],"curies":[{"name":"wp","href":"https:\/\/api.w.org\/{rel}","templated":true}]}}