{"id":3225,"date":"2024-11-01T09:59:32","date_gmt":"2024-11-01T09:59:32","guid":{"rendered":"https:\/\/nfc-readers.com\/?post_type=product&#038;p=3225"},"modified":"2024-11-04T09:03:20","modified_gmt":"2024-11-04T09:03:20","slug":"mifare-rfid-pvc-card-full-color-printed-for-cashless-payment","status":"publish","type":"product","link":"https:\/\/nfc-readers.com\/eo\/ic-reader\/mifare-rfid-pvc-card-full-color-printed-for-cashless-payment\/","title":{"rendered":"MIFARE RFID PVC-Karto Plenkolore presita por Senkontanta Pago"},"content":{"rendered":"<h1><span style=\"color: #000080;\"><strong>MIFARE RFID PVC-Karto Plena Koloro Presita por Senkontanta Pago<\/strong><\/span><\/h1>\n<h4 class=\"w-8 h-8 flex-center rounded-lg cursor-pointer hover:bg-grey-fill1-hover\"><span style=\"color: #666699;\">EnkondukoEn epoko kie ciferecaj transakcioj fari\u011das la normo, la <strong>MIFARE RFID PVC-Karto<\/strong>, specife desegnita por\u00a0<strong>senpagaj pagoj<\/strong>, elstaras kiel revolucia ilo por entreprenoj kaj konsumantoj egale. \u0108i tiuj plenkoloraj presitaj kartoj ne nur provizas allogan surfacon por markado, sed anka\u016d fanfaronas pri altnivela teknologio por sekuraj, senjuntaj transakcioj. \u0108u vi estas en podetala komerco, administrado de eventoj a\u016d retoj, \u0109i tiuj kartoj prezentas multflankan solvon, kiu renkontas diversajn bezonojn en nia cifereca mondo.<\/span><\/h4>\n<hr \/>\n<h2 class=\"w-8 h-8 flex-center rounded-lg cursor-pointer hover:bg-grey-fill1-hover\" style=\"text-align: center;\"><span style=\"color: #000080;\"><em><strong>Produktaj Avanta\u011doj<\/strong><\/em><\/span><\/h2>\n<h3 class=\"w-8 h-8 flex-center rounded-lg cursor-pointer hover:bg-grey-fill1-hover\"><span style=\"color: #333399;\"><strong>1. Alta Sekureco<\/strong><\/span><\/h3>\n<p class=\"w-8 h-8 flex-center rounded-lg cursor-pointer hover:bg-grey-fill1-hover\">Niaj MIFARE RFID PVC-kartoj uzas <strong>MIFARE Desfire EV3-teknologio<\/strong>, konata pro \u011dia alta sekureco kaj fidindeco.<\/p>\n<p class=\"w-8 h-8 flex-center rounded-lg cursor-pointer hover:bg-grey-fill1-hover\">\u0108i tiu altnivela blato certigas, ke sentemaj informoj estas protektitaj kontra\u016d nea\u016dtorizita aliro. Kun multoblaj tavoloj de \u0109ifrado, \u0109i tiuj kartoj estas idealaj por aplikoj postulantaj striktajn sekurecajn mezurojn.<\/p>\n<div class=\"answer-markdown-box h-[calc(100%-57px)] bg-grey-layer2-normal\">\n<div class=\"markdown-body h-full\">\n<div class=\"custom-scrollbar overflow-auto custom-scrollbar-wide h-full\">\n<table class=\"preview\">\n<thead>\n<tr>\n<th><strong>Karakteriza\u0135o<\/strong><\/th>\n<th><strong>Specifo<\/strong><\/th>\n<\/tr>\n<\/thead>\n<tbody>\n<tr>\n<td><strong>Blato<\/strong><\/td>\n<td>MIFARE Desfire EV3<\/td>\n<\/tr>\n<tr>\n<td><strong>Memoraj Opcioj<\/strong><\/td>\n<td>2K\/4K\/8K<\/td>\n<\/tr>\n<tr>\n<td><strong>Protokolo<\/strong><\/td>\n<td>ISO14443A<\/td>\n<\/tr>\n<tr>\n<td><strong>Ofteco<\/strong><\/td>\n<td>13,56 MHz<\/td>\n<\/tr>\n<tr>\n<td><strong>Materialo<\/strong><\/td>\n<td>PVC<\/td>\n<\/tr>\n<tr>\n<td><strong>Grandeco<\/strong><\/td>\n<td>CR80 (85,5 x 54 mm)<\/td>\n<\/tr>\n<tr>\n<td><strong>Presaj Opcioj<\/strong><\/td>\n<td>CMYK \/ Pantone<\/td>\n<\/tr>\n<tr>\n<td><strong>Surfacaj Finiroj<\/strong><\/td>\n<td>Brila\/Mate<\/td>\n<\/tr>\n<tr>\n<td><strong>Origino<\/strong><\/td>\n<td>Guangdong, \u0108inio<\/td>\n<\/tr>\n<tr>\n<td><strong>Karto-Tipo<\/strong><\/td>\n<td>Senkontakta Karto (RFID)<\/td>\n<\/tr>\n<tr>\n<td><strong>Funkcia Temperaturo<\/strong><\/td>\n<td>-20 \u00b0C \u011dis 60 \u00b0C<\/td>\n<\/tr>\n<tr>\n<td><strong>Tenada Temperaturo<\/strong><\/td>\n<td>-40 \u00b0C \u011dis 80 \u00b0C<\/td>\n<\/tr>\n<tr>\n<td><strong>Humideco<\/strong><\/td>\n<td>0-100%RH<\/td>\n<\/tr>\n<tr>\n<td><strong>Retenado de datumoj<\/strong><\/td>\n<td>10 jaroj a\u016d pli<\/td>\n<\/tr>\n<tr>\n<td><strong>Elektroprovizo<\/strong><\/td>\n<td>Ne necesas ekstera potenco<\/td>\n<\/tr>\n<tr>\n<td><strong>Sensila Tipo<\/strong><\/td>\n<td>13.56 MHz RFID<\/td>\n<\/tr>\n<tr>\n<td><strong>Gamo<\/strong><\/td>\n<td>\u011cis 10 cm<\/td>\n<\/tr>\n<tr>\n<td><strong>Kongrueco<\/strong><\/td>\n<td>NFC-ebligitaj aparatoj (smartphones, tablojdoj, ktp.)<\/td>\n<\/tr>\n<tr>\n<td><strong>Sekureco<\/strong><\/td>\n<td>DES,3DES, AES-\u0109ifrado<\/td>\n<\/tr>\n<tr>\n<td><strong>Atestiloj<\/strong><\/td>\n<td>ISO\/IEC14443, NFC Forumo<\/td>\n<\/tr>\n<\/tbody>\n<\/table>\n<h2><\/h2>\n<h3><span style=\"color: #333399;\"><strong>2. Verstileco en Aplikoj<\/strong><\/span><\/h3>\n<p>\u0108i tiuj multflankaj kartoj ne estas nur por senpagaj pagoj. Ili povas esti uzataj en diversaj aplikoj inkluzive de:<\/p>\n<ul>\n<li><strong>Kontrolo de Aliro<\/strong><\/li>\n<li><strong>Bileto de Eventoj<\/strong><\/li>\n<li><strong>Membraj Kartoj<\/strong><\/li>\n<li><strong>Lojalaj Programoj<\/strong><\/li>\n<li><strong>Komerckartoj de NFC<\/strong><\/li>\n<\/ul>\n<p>\u0108i tiu adaptebleco faras ilin inteligenta investo por iu ajn komerco, kiu volas plibonigi siajn servajn proponojn.<\/p>\n<p>&nbsp;<\/p>\n<h3><span style=\"color: #333399;\"><strong>3. Fortikeco kaj Dezajno<\/strong><\/span><\/h3>\n<p>Konstruita el <strong>altkvalita PVC<\/strong>, \u0109i tiuj kartoj estas akvorezistaj kaj imuna al eluzi\u011do. Ili estas dizajnitaj por da\u016dri, reduktante la bezonon de oftaj anstata\u016da\u0135oj.\u00a0<strong>Plenkolora presado<\/strong>\u00a0opcioj permesas al entreprenoj krei okulfrapajn dezajnojn, kiuj kongruas kun sia markado, certigante, ke \u0109iu karto servas kiel merkatika ilo.<\/p>\n<p>&nbsp;<\/p>\n<h3><span style=\"color: #333399;\"><strong>4. Facila uzi<\/strong><\/span><\/h3>\n<p>Niaj MIFARE RFID PVC-kartoj estas dizajnitaj por facileco de uzo. Simple frapu la karton kontra\u016d iu ajn NFC-ebligita aparato por rapidaj transakcioj. \u0108i tiu uzant-amika sperto povas pliigi klientan kontenton kaj simpligi pagprocezojn.<\/p>\n<p><img loading=\"lazy\" decoding=\"async\" class=\"alignnone wp-image-3344\" src=\"https:\/\/nfc-readers.com\/wp-content\/uploads\/2024\/11\/main-image-4-6-300x300.jpeg\" alt=\"\" width=\"336\" height=\"336\" srcset=\"https:\/\/nfc-readers.com\/wp-content\/uploads\/2024\/11\/main-image-4-6-300x300.jpeg 300w, https:\/\/nfc-readers.com\/wp-content\/uploads\/2024\/11\/main-image-4-6-150x150.jpeg 150w, https:\/\/nfc-readers.com\/wp-content\/uploads\/2024\/11\/main-image-4-6-768x768.jpeg 768w, https:\/\/nfc-readers.com\/wp-content\/uploads\/2024\/11\/main-image-4-6-12x12.jpeg 12w, https:\/\/nfc-readers.com\/wp-content\/uploads\/2024\/11\/main-image-4-6-600x600.jpeg 600w, https:\/\/nfc-readers.com\/wp-content\/uploads\/2024\/11\/main-image-4-6-100x100.jpeg 100w, https:\/\/nfc-readers.com\/wp-content\/uploads\/2024\/11\/main-image-4-6.jpeg 800w\" sizes=\"auto, (max-width: 336px) 100vw, 336px\" \/><img loading=\"lazy\" decoding=\"async\" class=\"alignnone wp-image-3346\" src=\"https:\/\/nfc-readers.com\/wp-content\/uploads\/2024\/11\/main-image-6-5-300x300.jpeg\" alt=\"\" width=\"347\" height=\"347\" srcset=\"https:\/\/nfc-readers.com\/wp-content\/uploads\/2024\/11\/main-image-6-5-300x300.jpeg 300w, https:\/\/nfc-readers.com\/wp-content\/uploads\/2024\/11\/main-image-6-5-150x150.jpeg 150w, https:\/\/nfc-readers.com\/wp-content\/uploads\/2024\/11\/main-image-6-5-768x768.jpeg 768w, https:\/\/nfc-readers.com\/wp-content\/uploads\/2024\/11\/main-image-6-5-12x12.jpeg 12w, https:\/\/nfc-readers.com\/wp-content\/uploads\/2024\/11\/main-image-6-5-600x600.jpeg 600w, https:\/\/nfc-readers.com\/wp-content\/uploads\/2024\/11\/main-image-6-5-100x100.jpeg 100w, https:\/\/nfc-readers.com\/wp-content\/uploads\/2024\/11\/main-image-6-5.jpeg 800w\" sizes=\"auto, (max-width: 347px) 100vw, 347px\" \/><\/p>\n<hr \/>\n<h2 style=\"text-align: center;\"><em><span style=\"color: #000080;\"><strong>Novigaj Trajtoj<\/strong><\/span><\/em><\/h2>\n<h3><span style=\"color: #333399;\"><strong>1. Personigo Opcioj<\/strong><\/span><\/h3>\n<p>Personigo estas \u015dlosilo por iu ajn komerco, kiu volas lasi da\u016dran impreson. Niaj kartoj ofertas gamon da presaj opcioj, inkluzive de:<\/p>\n<ul>\n<li><strong>Plena Kolora Preso<\/strong>: Viglaj dezajnoj, kiuj elstaras vian markon.<\/li>\n<li><strong>Personigitaj Formoj kaj Grandecoj<\/strong>: Adaptu la kartajn dimensiojn la\u016d viaj bezonoj.<\/li>\n<\/ul>\n<p>&nbsp;<\/p>\n<h3><span style=\"color: #333399;\"><strong>2. Kongrueco kun NFC-Teknologio<\/strong><\/span><\/h3>\n<p>MIFARE RFID PVC-kartoj estas kongruaj kun \u0109iuj NFC-ebligitaj aparatoj, certigante senjuntan komunikadon. \u0108i tiu ampleksa kongruo signifas, ke uzantoj povas facile interagi kun siaj inteligentaj telefonoj a\u016d pagterminaloj.<\/p>\n<p>&nbsp;<\/p>\n<h3><span style=\"color: #333399;\"><strong>3. Eco-Amika Produktado<\/strong><\/span><\/h3>\n<p>Niaj kartoj estas faritaj el da\u016dra PVC, reduktante mal\u015dparon kompare kun unu-uzaj paperkartoj. Investi en altkvalitaj RFID-kartoj estas pa\u015do al da\u016dripovo, allogante ekokonsciajn konsumantojn ser\u0109antajn pli verdajn alternativojn.<\/p>\n<p>&nbsp;<\/p>\n<h3><span style=\"color: #333399;\"><strong>4. Rapida Re\u015dargo kaj Represo Opcioj<\/strong><\/span><\/h3>\n<p>Se vi iam bezonos represi karton, nia simpligita procezo permesas rapidan reordigon. Plie, la personigaj opcioj signifas, ke represa\u0135oj povas montri \u011disdatigitajn informojn a\u016d markigon perfekte.<\/p>\n<hr \/>\n<p>&nbsp;<\/p>\n<h3><em><span style=\"color: #666699;\">\u0108iutaga Uzo -\u00a0<strong>Frapu kaj Pagu<\/strong>: <\/span><\/em><\/h3>\n<p><strong>Klientoj simple frapetas sian karton kontra\u016d kongrua aparato por plenumi sian transakcion.<\/strong><\/p>\n<ul>\n<li><strong>Kunhavigo de Informoj<\/strong>: Por vizitkartoj NFC, uzantoj povas kunhavigi kontaktinformojn per rapida frapeto, forigante la bezonon de tradiciaj vizitkartoj.<\/li>\n<\/ul>\n<hr \/>\n<h2><\/h2>\n<h2 style=\"text-align: center;\"><em><span style=\"color: #000080;\"><strong>Klientaj Recenzoj<\/strong><\/span><\/em><\/h2>\n<p><strong>Multaj entreprenoj trovis, ke la \u015dan\u011do al MIFARE RFID PVC-kartoj estas utila trans diversaj aspektoj. Jen kelkaj atestoj de niaj klientoj:<\/strong><\/p>\n<p><span style=\"color: #008080;\"><strong>&quot;Ekde la integri\u011do de MIFARE-kartoj por nia senkontanta pagsistemo, nia transakcia indico plii\u011dis draste. La kartoj estas facile uzeblaj kaj havas elegantan dezajnon, kiu impresas niajn klientojn.&quot; \u2013 John M., Retail Manager<\/strong><\/span><\/p>\n<blockquote><p><strong>&quot;La kutimaj NFC-komerckartoj, kiujn ni mendis, transformis niajn interkonektajn eventojn. Kunhavigi kontaktajn detalojn nun estas facila, kaj la kvalito estas bonega.&quot; \u2013 Sarah L., Kunordiganto de Eventoj<\/strong><\/p><\/blockquote>\n<hr \/>\n<h2><\/h2>\n<h2 style=\"text-align: center;\"><span style=\"color: #000080;\"><em><strong>Oftaj Demandoj<\/strong><\/em><\/span><\/h2>\n<p><strong>1. \u0108u MIFARE-kartoj estas kongruaj kun \u0109iuj sa\u011dtelefonoj?<\/strong><\/p>\n<p>Jes, MIFARE RFID PVC-kartoj estas kongruaj kun \u0109iuj NFC-ebligitaj inteligentaj telefonoj, ebligante uzantojn fari transakciojn senpene.<\/p>\n<p><strong>2. \u0108u mi povas personecigi la dezajnon de miaj MIFARE-kartoj?<\/strong><\/p>\n<p>Absolute! Niaj kartoj venas kun diversaj personigaj opcioj adaptitaj por plenumi viajn markajn bezonojn.<\/p>\n<p><strong>3. Kiom sekuraj estas la MIFARE RFID PVC-kartoj?<\/strong><\/p>\n<p>Kun MIFARE Desfire EV3-teknologio, \u0109i tiuj kartoj ofertas altan nivelon de sekureco por stoki sentemajn informojn.<\/p>\n<p><strong>4. \u0108u vi ofertas senpagan sendadon?<\/strong><\/p>\n<p>Jes, ni provizas\u00a0<strong>senpaga sendado<\/strong>\u00a0sur \u0109iuj mendoj, certigante, ke vi ricevas aldonvaloron kun via a\u0109eto.<\/p>\n<p>&nbsp;<\/p>\n<p><strong>5. Kion mi faru se mi bezonas represi karton?<\/strong><\/p>\n<p>Nia sen\u011dena reordiga procezo faciligas peti represon. Nur mendu, kaj ni prizorgos la reston.<\/p>\n<p>&nbsp;<\/p>\n<hr \/>\n<h4><span style=\"color: #666699;\">Plibonigu Viajn Pagajn Solvojn Hodia\u016d Investante en\u00a0<strong>MIFARE RFID PVC-Kartoj<\/strong>\u00a0reprezentas strategian movon al modernigo de viaj transakciaj procezoj. Kun siaj altkvalitaj materialoj, altnivela teknologio kaj ampleksaj agordaj elektoj, \u0109i tiuj kartoj estas perfektaj por entreprenoj celantaj altigi sian klientan sperton. Komencu vian transiron al\u00a0<strong>senpagaj solvoj<\/strong>\u00a0hodia\u016d! \u0108u vi ser\u0109as integri inteligentajn pagsistemojn a\u016d krei mirindajn NFC-komerckartojn, MIFARE RFID PVC-kartoj kovras vin.<\/span><\/h4>\n<h3><a href=\"\/\/dhoenijjpgpeimemopealfcbiecgceod\/sidepanel.html#\" target=\"_blank\" rel=\"noopener\">Kontaktu por Senpaga Specimeno<\/a><\/h3>\n<h3><span style=\"color: #008080;\"><strong>Ne maltrafu \u0109i tiun \u015dancon plibonigi la pagajn kapablojn kaj markadon de via komerco. Alklaku la supran ligilon por demandi pri niaj kartaj elektoj a\u016d peti senpagan specimenon!<\/strong><\/span><\/h3>\n<\/div>\n<\/div>\n<\/div>","protected":false},"excerpt":{"rendered":"<div class=\"chat-list relative custom-scrollbar-reset-margin custom-scrollbar custom-scrollbar-hidden custom-scrollbar-float pb-9 flex-1 overflow-y-auto\">\n<div class=\"mx-auto max-w-[790px]\">\n<div class=\"message-item-outer relative px-4 mb-2\" data-id=\"0a4f4511-bd05-49a5-8695-d7a6fad22471\">\n<div class=\"content-area pl-[0px]\">\n<div class=\"message-item select-text relative\">\n<div class=\"message-inner relative\">\n<div class=\"py-[2px]\">\n<div class=\"flex flex-col gap-2\">\n<div class=\"answer-markdown-box overflow-x-auto select-text custom-scrollbar\">\n<div class=\"markdown-body\">\n<p>Prezentante la MIFARE RFID PVC-Karton, desegnitan por modernaj senpagaj pagsolvoj. Utiligante MIFARE Desfire EV3-teknologion, \u0109i tiuj plenkoloraj presitaj kartoj certigas altan sekurecon kaj fidindecon, igante ilin idealaj por entreprenoj, kiuj postulas senteman datuman protekton. Multflankaj en aplika\u0135o, ili povas esti uzataj por alirkontrolo, eventaj biletoj, membrokartoj, lojalecprogramoj kaj NFC-komerckartoj. Kreitaj el da\u016dra, akvorezista PVC, \u0109i tiuj kartoj estas rezistemaj al eluzi\u011do, certigante longvivecon kaj reduktante anstata\u016dajn kostojn. Klientoj povas facile plenumi transakciojn simple frapante sian karton kontra\u016d iu ajn NFC-ebligita aparato, provizante uzant-amika sperto kiu plibonigas klientan kontenton. Aldone, la kartoj ofertas ampleksajn personigajn elektojn, inkluzive de vigla plenkolora presado kaj tajloritaj formoj. Kun ekologiaj produktadmetodoj, la MIFARE RFID PVC-Kartoj prezentas da\u016drigeblan alternativon al tradiciaj paperaj kartoj. Investu en modernigo de viaj transakciaj procezoj hodia\u016d kaj altigu vian marka \u0109eeston per \u0109i tiuj novigaj, altkvalitaj kartoj. Petu senpagan specimenon por esplori iliajn avanta\u011dojn propraokule!<\/p>\n<\/div>\n<\/div>\n<\/div>\n<\/div>\n<\/div>\n<\/div>\n<\/div>\n<\/div>\n<\/div>\n<\/div>","protected":false},"featured_media":3341,"template":"","meta":[],"product_brand":[],"product_cat":[46],"product_tag":[],"class_list":{"0":"post-3225","1":"product","2":"type-product","3":"status-publish","4":"has-post-thumbnail","6":"product_cat-nfc-cards","8":"first","9":"instock","10":"shipping-taxable","11":"product-type-simple"},"_links":{"self":[{"href":"https:\/\/nfc-readers.com\/eo\/wp-json\/wp\/v2\/product\/3225","targetHints":{"allow":["GET"]}}],"collection":[{"href":"https:\/\/nfc-readers.com\/eo\/wp-json\/wp\/v2\/product"}],"about":[{"href":"https:\/\/nfc-readers.com\/eo\/wp-json\/wp\/v2\/types\/product"}],"wp:featuredmedia":[{"embeddable":true,"href":"https:\/\/nfc-readers.com\/eo\/wp-json\/wp\/v2\/media\/3341"}],"wp:attachment":[{"href":"https:\/\/nfc-readers.com\/eo\/wp-json\/wp\/v2\/media?parent=3225"}],"wp:term":[{"taxonomy":"product_brand","embeddable":true,"href":"https:\/\/nfc-readers.com\/eo\/wp-json\/wp\/v2\/product_brand?post=3225"},{"taxonomy":"product_cat","embeddable":true,"href":"https:\/\/nfc-readers.com\/eo\/wp-json\/wp\/v2\/product_cat?post=3225"},{"taxonomy":"product_tag","embeddable":true,"href":"https:\/\/nfc-readers.com\/eo\/wp-json\/wp\/v2\/product_tag?post=3225"}],"curies":[{"name":"wp","href":"https:\/\/api.w.org\/{rel}","templated":true}]}}