{"id":3226,"date":"2024-10-30T09:53:08","date_gmt":"2024-10-30T09:53:08","guid":{"rendered":"https:\/\/nfc-readers.com\/?post_type=product&#038;p=3226"},"modified":"2024-10-30T10:11:20","modified_gmt":"2024-10-30T10:11:20","slug":"waterproof-rfid-nfc-keychain-13-56mhz","status":"publish","type":"product","link":"https:\/\/nfc-readers.com\/eo\/ic-reader\/waterproof-rfid-nfc-keychain-13-56mhz\/","title":{"rendered":"Akvorezista RFID NFC \u015closil\u0109eno 13.56Mhz"},"content":{"rendered":"<h1 style=\"text-align: center;\"><strong>Akvorezista RFID NFC \u015closil\u0109eno 13.56Mhz<\/strong><\/h1>\n<p>En la rapide evoluanta mondo de elektraj veturiloj (EVs), komforto, sekureco kaj facileco estas esencaj. Renkontu la <strong>Akvorezista RFID NFC \u015closil\u0109eno<\/strong>\u00a0\u2014 revolucia produkto, kiu integras avangardan teknologion kun escepta fortikeco, specife desegnita por\u00a0<strong>Elektraj Veturiloj EV \u015cargaj Stacioj<\/strong>. Funkcianta sur\u00a0<strong>13.56MHz<\/strong>, \u0109i tiu kompakta sed potenca \u015dlosilo estas via finfina ilo por senjunta aliro kaj plifortigita sekureco.<\/p>\n<p>\u0108i tiu \u015dlosilo estas lud\u015dan\u011dilo por posedantoj de EV, provizante ne nur oportunon sed anka\u016d trankvilon. Imagu senpene aliri \u015dargajn staciojn sen ser\u0109i \u015dlosilojn a\u016d memori kompleksajn pasvortojn. La <strong>Akvorezista RFID NFC \u015closil\u0109eno<\/strong>\u00a0ofertas idealan solvon kun sia senkontakta kapablo kaj veterrezista dezajno, igante \u011din valora aldono al viaj EV-akcesora\u0135oj. Malkovru kial \u0109i tiu pionira \u015dlosilo indas aldoni al via ilaro.<\/p>\n<p>&nbsp;<\/p>\n<h3><strong>Avanta\u011doj de la Akvorezista RFID NFC \u015closil\u0109eno<\/strong><\/h3>\n<ol>\n<li><strong>Fortikeco kaj Veterrezisto<\/strong>: Konstruita per altkvalitaj materialoj, \u0109i tiu \u015dlosilo estas desegnita por rezisti eksterajn elementojn, certigante, ke \u011di restas funkcia dum tempo, sendepende de veterkondi\u0109oj.<\/li>\n<li><strong>Senkontakta Komunikado<\/strong>: Uzante kaj RFID kaj NFC teknologiojn, la \u015dlosilo fob permesas rapidan kaj sekuran aliron al \u015dargstacioj kaj aliaj sen\u015dlosilenirsistemoj sen fizika kontakto.<\/li>\n<li><strong>Alta Kongrueco<\/strong>: Desegnita la\u016d protokoloj\u00a0<strong>ISO14443A kaj ISO15693<\/strong>, \u0109i tiu RFID-\u015dlosilo perfekte interfacas kun lar\u011da aro de aparatoj, farante \u011din diverstalenta por malsamaj uzkazoj preter EV-\u015dargado.<\/li>\n<li><strong>Longa Legdistanco<\/strong>: Kun legodistanco de\u00a0<strong>2-10 cm<\/strong>, vi povas facile kaj rapide akiri aliron al via EV-\u015darga stacidomo kun minimuma peno.<\/li>\n<li><strong>Reskribebla Kapablo<\/strong>: La blato NTAG216 ene permesas skribciklon de \u011dis\u00a0<strong>100.000 fojojn<\/strong>, farante \u0109i tiun \u015dlosil\u0109enon ne nur afabla sed anka\u016d adaptebla al \u015dan\u011di\u011dantaj postuloj.<\/li>\n<\/ol>\n<p>&nbsp;<\/p>\n<h3><strong>La Graveco de RFID en la Hodia\u016da Mondo<\/strong><\/h3>\n<p>RFID uzas elektromagnetajn kampojn por a\u016dtomate identigi kaj spuri etikedojn fiksitajn al objektoj. En la kunteksto de viaj EV-\u015dargaj bezonoj, \u0109i tiu teknologio permesas vin mal\u015dlosi kaj rajtigi aliron al \u015dargaj stacioj simple tenante vian \u015dlosilon proksime al RFID-leganto. La komforto, kiun \u011di proponas, signife plibonigas la uzantan sperton, ebligante rapidan\u00a0<strong>sen\u015dlosila eniro<\/strong>\u00a0al \u015dargstacioj sen la bezono de fizika kontakto.<\/p>\n<p>&nbsp;<\/p>\n<h3><strong>Teknikaj Specifoj kaj Agado<\/strong><\/h3>\n<div>Kompreni la teknikajn kapablojn de la Akvorezista RFID NFC \u015closil\u0109eno estas kerna por eblaj a\u0109etantoj. Jen la specifoj, kiujn vi devus scii:<\/div>\n<div><\/div>\n<div><strong>Blato<\/strong>: NTAG216<\/div>\n<div><strong>Skriba Ciklo:<\/strong> 100,000 Tempoj<\/div>\n<div><strong>Lega Distanco<\/strong>: 2-10 cm<\/div>\n<div><strong>Operacia Temperaturo<\/strong>: 20\u2103 \u011dis +65\u2103<\/div>\n<div><strong>Loko de Origino<\/strong>: Guangdong, \u0108inio<\/div>\n<div><strong>MOQ (Minimuma Ordo Kvanto)<\/strong>: 500 pecoj<\/div>\n<div><strong>Pakado<\/strong>: Agordigebla lavota pako<\/div>\n<div><strong>Proviza Kapablo<\/strong>: 20,000,000 Pecoj por Monato<\/div>\n<div><\/div>\n<div>La altnivelaj agado-metrikoj certigas, ke \u0109i tiu \u015dlosilo plenumas la rigorajn postulojn de \u0109iutaga uzo. La alta skribciklo kaj temperaturtoleremo plue plibonigas \u011dian utilecon en diversaj medioj.<\/div>\n<h3><strong>Aplikoj por EV-\u015cargaj Stacioj<\/strong><\/h3>\n<p>La primara apliko de la\u00a0<strong>Akvorezista RFID NFC \u015closil\u0109eno<\/strong>\u00a0estas en elektraj veturiloj \u015dargaj stacioj. \u011cia dezajno kaj teknologio faras \u011din la perfekta solvo<\/p>\n<p>&nbsp;<\/p>\n<h3><strong>Oftaj Demandoj pri la Akvorezista RFID NFC-\u015closil\u0109eno<\/strong><\/h3>\n<h3>1.\u00a0<strong>Kio estas la celo de la Akvorezista RFID NFC-\u015closil\u0109eno?<\/strong><\/h3>\n<p>La Akvorezista RFID NFC-\u015closil\u0109eno estas dizajnita por disponigi sekuran, senkontaktan aliron al EV-\u015dargaj stacioj kaj aliaj RFID-ebligitaj sistemoj. \u011ci permesas al uzantoj mal\u015dlosi staciojn simple alirante la leganton, plibonigante oportunon kaj efikecon.<\/p>\n<h3>2.\u00a0<strong>\u0108u la \u015dlosil\u0109eno vere estas akvorezista?<\/strong><\/h3>\n<p>Jes, la \u015dlosil\u0109eno estas farita el da\u016draj epoksiaj kaj PVC-materialoj, farante \u011din kaj akvorezista kaj veterrezista. \u0108i tio certigas funkciadon en diversaj vetercirkonstancoj, de pluvo \u011dis ekstrema varmo.<\/p>\n<h3>3.\u00a0<strong>Kiom malproksime povas funkcii la \u015dlosil\u0109eno de la RFID-leganto?<\/strong><\/h3>\n<p>La \u015dlosil\u0109eno havas legan distancon de 2-10 cm, kio signifas, ke \u011di aktivigas tuj kiam \u011di estas proksime al RFID-leganto a\u016d NFC-ebligita aparato.<\/p>\n<h3>4.\u00a0<strong>\u0108u la \u015dlosil\u0109eno povas esti personecigita?<\/strong><\/h3>\n<p>Jes, la paka\u0135o de la \u015dlosil\u0109eno povas esti personecigita la\u016d via marko a\u016d specifaj postuloj. \u0108i tio faras \u011din bonega eblo por entreprenoj ser\u0109antaj personecigi siajn alirsolvojn.<\/p>\n<h3>5.\u00a0<strong>Kiom da fojoj oni povas skribi la \u015dlosil\u0109enon?<\/strong><\/h3>\n<p>La \u015dlosil\u0109eno havas skribciklon de \u011dis 100,000 fojojn, provizante ampleksan uzeblecon por diversaj aplikoj sen zorgi pri degenero de rendimento.<\/p>","protected":false},"excerpt":{"rendered":"<p>La Akvorezista RFID NFC \u015closil\u0109eno (13.56MHz) ofertas sekuran, senkontaktan aliron por EV-\u015dargaj stacioj. \u011cia da\u016dra dezajno certigas fidindan agadon en ajna vetero.<\/p>","protected":false},"featured_media":3234,"template":"","meta":[],"product_brand":[],"product_cat":[49],"product_tag":[],"class_list":{"0":"post-3226","1":"product","2":"type-product","3":"status-publish","4":"has-post-thumbnail","6":"product_cat-nfc-key-fobs","8":"first","9":"instock","10":"shipping-taxable","11":"product-type-simple"},"_links":{"self":[{"href":"https:\/\/nfc-readers.com\/eo\/wp-json\/wp\/v2\/product\/3226","targetHints":{"allow":["GET"]}}],"collection":[{"href":"https:\/\/nfc-readers.com\/eo\/wp-json\/wp\/v2\/product"}],"about":[{"href":"https:\/\/nfc-readers.com\/eo\/wp-json\/wp\/v2\/types\/product"}],"wp:featuredmedia":[{"embeddable":true,"href":"https:\/\/nfc-readers.com\/eo\/wp-json\/wp\/v2\/media\/3234"}],"wp:attachment":[{"href":"https:\/\/nfc-readers.com\/eo\/wp-json\/wp\/v2\/media?parent=3226"}],"wp:term":[{"taxonomy":"product_brand","embeddable":true,"href":"https:\/\/nfc-readers.com\/eo\/wp-json\/wp\/v2\/product_brand?post=3226"},{"taxonomy":"product_cat","embeddable":true,"href":"https:\/\/nfc-readers.com\/eo\/wp-json\/wp\/v2\/product_cat?post=3226"},{"taxonomy":"product_tag","embeddable":true,"href":"https:\/\/nfc-readers.com\/eo\/wp-json\/wp\/v2\/product_tag?post=3226"}],"curies":[{"name":"wp","href":"https:\/\/api.w.org\/{rel}","templated":true}]}}