{"id":3248,"date":"2024-10-30T12:48:01","date_gmt":"2024-10-30T12:48:01","guid":{"rendered":"https:\/\/nfc-readers.com\/?post_type=product&#038;p=3248"},"modified":"2024-10-30T12:48:01","modified_gmt":"2024-10-30T12:48:01","slug":"waterproof-mifare-classic-1k-programmable-rfid-nfc-key-fob","status":"publish","type":"product","link":"https:\/\/nfc-readers.com\/eo\/ic-reader\/waterproof-mifare-classic-1k-programmable-rfid-nfc-key-fob\/","title":{"rendered":"Akvorezista MIFARE Klasika 1K Programebla RFID NFC \u015closilo"},"content":{"rendered":"<h1 style=\"text-align: center;\"><strong>Akvorezista MIFARE Klasika 1K Programebla RFID NFC \u015closilo<\/strong><\/h1>\n<p>&nbsp;<\/p>\n<p>La mondo de sekureco kaj alirkontrolo ege evoluis, kun teknologio pavimante la vojon al pli inteligentaj solvoj. Inter ili, la <strong>Akvorezista MIFARE Klasika 1K Programebla RFID NFC \u015closilo<\/strong>\u00a0elstaras kiel multflanka kaj fidinda elekto por kaj persona kaj profesia uzo. Kreita por supera funkcieco kaj uzanta oportuno, \u0109i tiu RFID-\u015dlosilo estas pli ol nur maniero mal\u015dlosi pordojn\u2014\u011di estas multcela solvo adaptita por renkonti diversajn bezonojn. Kun \u011dia akvorezista dezajno, programeblaj funkcioj kaj kongruo kun NFC-teknologio, \u0109i tiu \u015dlosilo ne nur estas pionira sed anka\u016d inda investo por iu ajn ser\u0109anta fidindecon kaj sekurecon.<\/p>\n<p>&nbsp;<\/p>\n<p>&nbsp;<\/p>\n<h3><strong>Produktaj Avanta\u011doj: Kial la Akvorezista MIFARE Klasika 1K RFID NFC \u015closilo Fob Indas A\u0109eti<\/strong><\/h3>\n<p>Plibonigi alirkontrolon neniam estis pli facila, kaj \u0109i tiu NFC-\u015dlosilo estas escepte facile integrebla kun ekzistantaj sistemoj. La avanta\u011doj etendi\u011das multe preter oportuno; \u011diaj akvorezistaj kaj veterrezistaj atributoj igas \u011din ideala por sub\u0109ielaj aplikoj. Kun agordebla dezajno disponebla en malsamaj koloroj kaj la kapablo presi unikajn identigilojn, \u0109i tiu RFID-\u015dlosila etikedo povas perfekte miksi kun persona a\u016d kompania marko. Por uzantoj ser\u0109antaj senfrikcian manieron a\u016dtomatigi aliron al siaj propra\u0135oj, veturiloj a\u016d aparatoj, la akvorezista MIFARE Classic 1K estas escepta elekto.<\/p>\n<p>&nbsp;<\/p>\n<h3><strong>Skizo de Trajtoj kaj Specifoj<\/strong><\/h3>\n<h3><strong>1.RFID kaj NFC Komunikaj Teknologioj<\/strong><\/h3>\n<p>RFID (Radiofrekvenca Identigo) kaj NFC (Near Field Communication) estas la kerno de \u0109i tiu altnivela \u015dlosila teknologio. Funkcianta kun ofteco de\u00a0<strong>13,56 MHz<\/strong>, la aparato certigas rapidan kaj fidindan komunikadon inter la fob kaj legantoj. La NFC-kapablo permesas intuiciajn interagojn, igante \u011din ideala por diversaj aplikoj kiel moveblaj pagoj kaj alirkontrolo.<\/p>\n<h3>2.\u00a0<strong>Akvorezista kaj Veterrezista Dezajno<\/strong><\/h3>\n<p>Specife realigita por fortikeco, \u0109i tio\u00a0<strong>RFID \u015dlosilo fob<\/strong>\u00a0estas kaj akvorezista kaj veterrezista. Ne\u015dancelebla anta\u016d malfavoraj mediaj kondi\u0109oj, \u011di estas perfekta por uzo en sub\u0109ielaj agordoj, certigante maksimuman protekton por internaj cirkvitoj. \u0108i tiu funkcio estas decida por entreprenoj kaj individuoj, kiuj postulas fidindecon, negrave la vetero.<\/p>\n<h3>3.\u00a0<strong>Programeblaj Trajtoj por Personigo<\/strong><\/h3>\n<p>Unu el la elstaraj trajtoj de la Akvorezista MIFARE Classic 1K estas \u011dia programebleco. Uzantoj povas personecigi la funkciojn de la \u015dlosilo por konveni siajn apartajn alirkontrolajn bezonojn. \u0108u vi bezonas\u00a0<strong>sen\u015dlosila eniro<\/strong>, a\u016d bezonas stoki specifajn alirpermesojn, la programebla aspekto de \u0109i tio\u00a0<strong>\u015dlosil\u015dlosilo<\/strong>\u00a0ofertas flekseblecon ne viditan en normaj modeloj.<\/p>\n<h3>4.\u00a0<strong>Multoblaj Grandecaj Opcioj kaj Personigo<\/strong><\/h3>\n<p>Kun diversaj grandecoj inkluzive\u00a0<strong>41<em>32 mm, 25<\/em>34.5mm, kaj aliaj<\/strong>, la \u015dlosilo servas al diversaj uzantpreferoj. Ne nur tio, vi povas plue personecigi la produkton per personigitaj emblemoj kaj koloroj, igante \u011din unika aldono al via RFID-produkta vico.<\/p>\n<h3>5.\u00a0<strong>Da\u016drebla Materialo kaj Estetika Alogo<\/strong><\/h3>\n<p>Konstruita el altkvalita ABS-materialo, \u0109i tiu \u015dlosilo estas kreita por rezisti eluzi\u011don, rezultigante longan vivon. Krome, la kapablo elekti\u00a0<strong>\u0109iuj koloroj<\/strong>\u00a0certigas, ke \u011di povas perfekte persvadi en ajnan personan a\u016d profesian estetikon.<\/p>\n<h3>6.\u00a0<strong>Ampleksaj Atestiloj<\/strong><\/h3>\n<p>Por trankvilo, la Akvorezista MIFARE Klasika 1K RFID-\u015dlosilo estas atestita de ISO 9001:2008, SGS kaj ROHS. \u0108i tio garantias, ke la produkto plenumas striktajn kvalitajn kaj sekurecajn normojn, certigante klientojn pri \u011dia fidindeco.<\/p>\n<h3>7.\u00a0<strong>Efika Pakado kaj Livero<\/strong><\/h3>\n<p>\u0108i tiu RFID \u015dlosilo fob estas pakita efike, kun\u00a0<strong>2000 pecoj\/karto<\/strong>\u00a0kaj\u00a0<strong>100 pcs\/opp-sako<\/strong>, desegnita por optimuma uzado kaj transporto. \u0108i tiu sistemo ne nur helpas konservi produktan integrecon sed anka\u016d plibonigas lo\u011distikajn operaciojn de uzantoj.<\/p>\n<h3>8.\u00a0<strong>Klientaj Recenzoj kaj Spertoj<\/strong><\/h3>\n<p>Reago de kontentaj klientoj elstarigas la esceptajn fidindecon kaj efikecon de la \u015dlosilo. Uzantoj ofte mencias \u011dian facilecon de programado kaj la fortikecon de la akvorezista trajto, igante \u011din preferata elekto por tiuj, kiuj postulas sekurajn alirsolvojn.<\/p>\n<p>&nbsp;<\/p>\n<h3><strong>Oftaj Demandoj: Pritraktado de Oftaj Zorgoj<\/strong><\/h3>\n<p>Eblaj klientoj povas havi diversajn zorgojn kaj demandojn pri la RFID-\u015dlosilo. Jen kelkaj oftaj demandoj:<\/p>\n<ul>\n<li><strong>Q: \u0108u \u0109i tiu \u015dlosilo fob povas esti uzata en alirkontrolaj sistemoj?<\/strong>\n<ul>\n<li><strong>A:<\/strong>\u00a0Jes, \u011di estas specife desegnita por alirkontrolaj sistemoj kaj povas faciligi sen\u015dlosilan eniron.<\/li>\n<\/ul>\n<\/li>\n<li><strong>Q: \u0108u \u011di estas agordebla?<\/strong>\n<ul>\n<li><strong>A:<\/strong>\u00a0Absolute! Vi povas personecigi koloron, emblemon kaj e\u0109 seriajn numerojn por viaj specifaj bezonoj.<\/li>\n<\/ul>\n<\/li>\n<li><strong>Q: Kio estas la garantio pri la produkto?<\/strong>\n<ul>\n<li><strong>A:<\/strong> Ni provizas garantion pri fabrikaj difektoj. Bonvolu konsulti la produktan dokumentadon por detalaj informoj.<\/li>\n<\/ul>\n<\/li>\n<\/ul>\n<table class=\"all magic-13\" style=\"height: 269px;\" width=\"563\">\n<tbody>\n<tr>\n<td colspan=\"1\" rowspan=\"1\">\n<div class=\"magic-17\"><span class=\"magic-9\" data-spm-anchor-id=\"a2700.details.0.i42.61ee6b21Q8d0lU\">Ero<\/span><\/div>\n<\/td>\n<td colspan=\"1\" rowspan=\"1\">\n<div class=\"magic-18\">RFID Keyfob<\/div>\n<\/td>\n<\/tr>\n<tr>\n<td colspan=\"1\" rowspan=\"1\">\n<div class=\"magic-17\">Materialo<\/div>\n<\/td>\n<td colspan=\"1\" rowspan=\"1\">\n<div class=\"magic-18\">ABS, Kupra Anteno kun IC<\/div>\n<\/td>\n<\/tr>\n<tr>\n<td colspan=\"1\" rowspan=\"1\">\n<div class=\"magic-17\">Koloro<\/div>\n<\/td>\n<td colspan=\"1\" rowspan=\"1\">\n<div class=\"magic-18\">blua, nigra, flava, verda, ru\u011da ktp<\/div>\n<\/td>\n<\/tr>\n<tr>\n<td colspan=\"1\" rowspan=\"1\">\n<div class=\"magic-17\">Blato<\/div>\n<\/td>\n<td colspan=\"1\" rowspan=\"1\">\n<div class=\"magic-18\">MIFARE Classic\u00ae 1K a\u016d Aliaj<\/div>\n<\/td>\n<\/tr>\n<tr>\n<td colspan=\"1\" rowspan=\"1\">\n<div class=\"magic-17\">Ofteco<\/div>\n<\/td>\n<td colspan=\"1\" rowspan=\"1\">\n<div class=\"magic-18\">13.56 MHz<\/div>\n<\/td>\n<\/tr>\n<tr>\n<td colspan=\"1\" rowspan=\"1\">\n<div class=\"magic-17\">Aera Interfaco-Protokolo<\/div>\n<\/td>\n<td colspan=\"1\" rowspan=\"1\">\n<div class=\"magic-18\">ISO14443A<\/div>\n<\/td>\n<\/tr>\n<tr>\n<td colspan=\"1\" rowspan=\"1\">\n<div class=\"magic-17\">Presado<\/div>\n<\/td>\n<td colspan=\"1\" rowspan=\"1\">\n<div class=\"magic-18\">Propra Logo, Seria numero, QR-kodo, UID-numero<\/div>\n<\/td>\n<\/tr>\n<tr>\n<td colspan=\"1\" rowspan=\"1\">\n<div class=\"magic-17\">Karakteriza\u0135o<\/div>\n<\/td>\n<td colspan=\"1\" rowspan=\"1\">\n<div class=\"magic-18\">Akvorezista, \u015dokorezista<\/div>\n<\/td>\n<\/tr>\n<tr>\n<td colspan=\"1\" rowspan=\"1\">\n<div class=\"magic-17\">Aldono<\/div>\n<\/td>\n<td colspan=\"1\" rowspan=\"1\">\n<div class=\"magic-18\">Duobla ar\u011denta metala ringo<\/div>\n<\/td>\n<\/tr>\n<tr>\n<td colspan=\"1\" rowspan=\"1\">\n<div class=\"magic-17\">Apliko<\/div>\n<\/td>\n<td colspan=\"1\" rowspan=\"1\">\n<div class=\"magic-18\">Kontrolo de aliro, administrado de \u0109eesto, a\u016dtentikigo de identeco<\/div>\n<\/td>\n<\/tr>\n<\/tbody>\n<\/table>","protected":false},"excerpt":{"rendered":"<p>La\u00a0<strong>Akvorezista MIFARE Klasika 1K Programebla RFID NFC \u015closilo<\/strong>\u00a0ofertas da\u016dran kaj multflankan solvon por sekura alirkontrolo, kombinante altnivelan NFC-teknologion kun veterrezista dezajno. Ideala por diversaj aplikoj, \u0109i tiu \u015dlosilo permesas facilan personigon kaj programadon, plibonigante kaj funkciecon kaj oportunon.<\/p>","protected":false},"featured_media":3249,"template":"","meta":[],"product_brand":[],"product_cat":[49],"product_tag":[],"class_list":{"0":"post-3248","1":"product","2":"type-product","3":"status-publish","4":"has-post-thumbnail","6":"product_cat-nfc-key-fobs","8":"first","9":"instock","10":"shipping-taxable","11":"product-type-simple"},"_links":{"self":[{"href":"https:\/\/nfc-readers.com\/eo\/wp-json\/wp\/v2\/product\/3248","targetHints":{"allow":["GET"]}}],"collection":[{"href":"https:\/\/nfc-readers.com\/eo\/wp-json\/wp\/v2\/product"}],"about":[{"href":"https:\/\/nfc-readers.com\/eo\/wp-json\/wp\/v2\/types\/product"}],"wp:featuredmedia":[{"embeddable":true,"href":"https:\/\/nfc-readers.com\/eo\/wp-json\/wp\/v2\/media\/3249"}],"wp:attachment":[{"href":"https:\/\/nfc-readers.com\/eo\/wp-json\/wp\/v2\/media?parent=3248"}],"wp:term":[{"taxonomy":"product_brand","embeddable":true,"href":"https:\/\/nfc-readers.com\/eo\/wp-json\/wp\/v2\/product_brand?post=3248"},{"taxonomy":"product_cat","embeddable":true,"href":"https:\/\/nfc-readers.com\/eo\/wp-json\/wp\/v2\/product_cat?post=3248"},{"taxonomy":"product_tag","embeddable":true,"href":"https:\/\/nfc-readers.com\/eo\/wp-json\/wp\/v2\/product_tag?post=3248"}],"curies":[{"name":"wp","href":"https:\/\/api.w.org\/{rel}","templated":true}]}}