{"id":3255,"date":"2024-10-30T13:04:41","date_gmt":"2024-10-30T13:04:41","guid":{"rendered":"https:\/\/nfc-readers.com\/?post_type=product&#038;p=3255"},"modified":"2024-11-14T14:40:45","modified_gmt":"2024-11-14T14:40:45","slug":"125khz-proximity-rewritable-tk4100-t5577-rfid-keyfob","status":"publish","type":"product","link":"https:\/\/nfc-readers.com\/eo\/ic-reader\/125khz-proximity-rewritable-tk4100-t5577-rfid-keyfob\/","title":{"rendered":"125KHz Proksimeca Reskribibla TK4100 T5577 RFID \u015closil\u015dlosilo"},"content":{"rendered":"<h1 style=\"text-align: center;\"><strong>125KHz Proksimeca Reskribibla TK4100 T5577 RFID \u015closil\u015dlosilo<\/strong><\/h1>\n<p>La\u00a0<strong>125KHz Proksimeca Reskribibla TK4100 T5577 RFID \u015closil\u015dlosilo<\/strong>\u00a0estas pionira solvo por alirkontrolaj sistemoj, provizante fortikan kaj multflankan manieron administri sekurajn enirojn. \u0108i tiu altkvalita \u015dlosilo estas reverkebla, permesante al uzantoj modifi la informojn la\u016d siaj postuloj. \u0108u uzata por kontroli aliron al konstrua\u0135oj, hoteloj a\u016d a\u016dto\u015dlosiloj, \u0109i tiu \u015dlosil\u015dlosilo integri\u011das perfekte en viajn sekurecajn protokolojn.<\/p>\n<h2>Avanta\u011doj de la TK4100 T5577 RFID Keyfob<\/h2>\n<p>La avanta\u011doj de investado en \u0109i tiu RFID-\u015dlosilo etendi\u011das preter simpla alirkontrolo. \u011ci estas akvorezista kaj kontra\u016d\u015doka, certigante fortikecon e\u0109 en severaj mediaj kondi\u0109oj. Kun agordeblaj opcioj, inkluzive de logo-presado, \u0109i tiu \u015dlosilo prezentas \u015dancon por marki dum konservado de funkcieco. La reverkebla trajto plibonigas sian adapteblecon por diversaj aplikoj, igante \u011din ideala elekto por entreprenoj kaj persona uzo egale.<\/p>\n<h2>\u015closilaj Trajtoj de la TK4100 T5577 RFID Keyfob<\/h2>\n<p>La\u00a0<strong>125KHz Proksimeca Reskribibla TK4100 T5577 RFID \u015closil\u015dlosilo<\/strong>\u00a0elstaras en sia klaso pro pluraj senekzemplaj trajtoj. \u0108i tiu \u015dlosilo integras amba\u016d la blatojn TK4100 kaj T5577, ebligante diversajn kongruojn kun ekzistantaj RFID-teknologioj.<\/p>\n<ul>\n<li><strong>Multfrekvenca Kapablo<\/strong>: \u0108i tiu \u015dlosilo funkcias \u0109e amba\u016d frekvencoj de 125KHz kaj 13.56MHz, certigante lar\u011dan kongruon tra malsamaj sistemoj de alirkontrolo.<\/li>\n<li><strong>Kompakta kaj Malpeza Dezajno<\/strong>: Kun \u011dia mini-etikedo formfaktoro, la \u015dlosil\u015dlosilo povas facile esti alfiksita al \u015dlosil\u0109enoj a\u016d sakoj, faciligante \u011din porti kaj uzi.<\/li>\n<\/ul>\n<p>La \u015dlosilo agas \u0109efe kiel a\u00a0<strong>Senkontakta RFID-\u015dlosiletikedo<\/strong>, draste simpligante la enirpretigon por uzantoj. \u0108i tiu praktikeco estas precipe utila en okupataj medioj kiel hoteloj kaj oficejoj.<\/p>\n<h2>Fortikeco: Akvorezista kaj \u015cokrezista<\/h2>\n<p>Unu el la markostampoj de la\u00a0<strong>TK4100 T5577 RFID \u015closilo<\/strong>\u00a0estas \u011dia rimarkinda fortikeco.<\/p>\n<ul>\n<li><strong>Akvorezista \/ Veterrezista<\/strong>: Konstruita el altkvalita ABS-materialo, \u011di povas elteni ekspozicion al akvo kaj la elementoj, certigante fidindan funkciadon en \u0109iuj kondi\u0109oj. \u0108i tiu funkcio forigas zorgojn dum pluva vetero a\u016d en sub\u0109ielaj medioj, ebligante konsekvencan agadon.<\/li>\n<li><strong>\u015cokrezista Dezajno<\/strong>: La fortika konstruo anka\u016d garantias, ke la \u015dlosilo povas trakti gutojn kaj efikojn sen difekto, igante \u011din ideala por individuoj, kiuj kondukas aktivan vivstilon a\u016d laboras en postulemaj medioj.<\/li>\n<\/ul>\n<p>\u0108i tiu fortikeco profitigas ne nur la longvivecon de la produkto sed anka\u016d kontribuas al \u011dia fidindeco kiel sekura enira aparato.<\/p>\n<h2>Reskribebla Kapableco: Personigo kaj Adaptebleco<\/h2>\n<p>Alia elstara trajto de la\u00a0<strong>TK4100 T5577 RFID \u015closilo<\/strong>\u00a0estas \u011dia reverkebla kapablo.<\/p>\n<ul>\n<li><strong>Agordigeblaj Informoj<\/strong>: Uzantoj povas modifi a\u016d \u011disdatigi la RFID-datumojn konservitajn ene de la fob. \u0108i tiu funkcio estas precipe valora por organizoj kiuj postulas oftajn \u011disdatigojn por aliri permesojn a\u016d por entreprenoj ser\u0109antaj personecigi markigon sur la \u015dlosilo.<\/li>\n<li><strong>Facila Duobligo<\/strong>: La reverkebla naturo permesas facilan duobligon, ebligante al kompanioj produkti rezervajn \u015dlosilojn senpene sen neceso anstata\u016digi tutajn unuojn.<\/li>\n<\/ul>\n<p>\u0108i tiu nivelo de personigo kreas tre adapteblan ilon por alirkontrolo proponante signifajn \u015dparajn \u015dancojn.<\/p>\n<h2>Specifoj: Detala Teknika Superrigardo<\/h2>\n<p>La\u00a0<strong>TK4100 T5577 RFID \u015closilo<\/strong>\u00a0estas dizajnita kun specifaj trajtoj por faciligi efikan alirkontrolon:<\/p>\n<table class=\"w-fit !mb-0 !max-w-none\" style=\"height: 187px;\" width=\"477\">\n<thead>\n<tr>\n<th><strong>Specifo<\/strong><\/th>\n<th><strong>Detaloj<\/strong><\/th>\n<\/tr>\n<\/thead>\n<tbody>\n<tr>\n<td><strong>Frekvenca Gamo<\/strong><\/td>\n<td>125KHz kaj 13.56MHz<\/td>\n<\/tr>\n<tr>\n<td><strong>Komunika Interfaco<\/strong><\/td>\n<td>RFID<\/td>\n<\/tr>\n<tr>\n<td><strong>Materialo<\/strong><\/td>\n<td>ABS<\/td>\n<\/tr>\n<tr>\n<td><strong>Koloraj Opcioj<\/strong><\/td>\n<td>Nigra, Bruna, Blua, Ru\u011da, Roza<\/td>\n<\/tr>\n<tr>\n<td><strong>Specimena Havebleco<\/strong><\/td>\n<td>Specimenoj Disponeblaj<\/td>\n<\/tr>\n<tr>\n<td><strong>Minimuma Ordo Kvanto (MOQ)<\/strong><\/td>\n<td>200 pecoj<\/td>\n<\/tr>\n<\/tbody>\n<\/table>\n<p>&nbsp;<\/p>\n<p>&nbsp;<\/p>","protected":false},"excerpt":{"rendered":"<p>La 125KHz Proksimeca Reskribibla TK4100 T5577 RFID Keyfob provizas sekuran, senkontaktan alirkontrolon kun fortika kaj agordebla dezajno. Ideala por diversaj aplikoj, \u011di certigas flekseblecon kaj fidindecon en administrado de enskriboj.<\/p>","protected":false},"featured_media":3262,"template":"","meta":[],"product_brand":[],"product_cat":[49],"product_tag":[],"class_list":{"0":"post-3255","1":"product","2":"type-product","3":"status-publish","4":"has-post-thumbnail","6":"product_cat-nfc-key-fobs","8":"first","9":"instock","10":"shipping-taxable","11":"product-type-simple"},"_links":{"self":[{"href":"https:\/\/nfc-readers.com\/eo\/wp-json\/wp\/v2\/product\/3255","targetHints":{"allow":["GET"]}}],"collection":[{"href":"https:\/\/nfc-readers.com\/eo\/wp-json\/wp\/v2\/product"}],"about":[{"href":"https:\/\/nfc-readers.com\/eo\/wp-json\/wp\/v2\/types\/product"}],"wp:featuredmedia":[{"embeddable":true,"href":"https:\/\/nfc-readers.com\/eo\/wp-json\/wp\/v2\/media\/3262"}],"wp:attachment":[{"href":"https:\/\/nfc-readers.com\/eo\/wp-json\/wp\/v2\/media?parent=3255"}],"wp:term":[{"taxonomy":"product_brand","embeddable":true,"href":"https:\/\/nfc-readers.com\/eo\/wp-json\/wp\/v2\/product_brand?post=3255"},{"taxonomy":"product_cat","embeddable":true,"href":"https:\/\/nfc-readers.com\/eo\/wp-json\/wp\/v2\/product_cat?post=3255"},{"taxonomy":"product_tag","embeddable":true,"href":"https:\/\/nfc-readers.com\/eo\/wp-json\/wp\/v2\/product_tag?post=3255"}],"curies":[{"name":"wp","href":"https:\/\/api.w.org\/{rel}","templated":true}]}}