{"id":3286,"date":"2024-10-31T02:35:44","date_gmt":"2024-10-31T02:35:44","guid":{"rendered":"https:\/\/nfc-readers.com\/?post_type=product&#038;p=3286"},"modified":"2024-10-31T02:40:35","modified_gmt":"2024-10-31T02:40:35","slug":"acr1555u-bluetooth-usb-nfc-contactless-reader-writer","status":"publish","type":"product","link":"https:\/\/nfc-readers.com\/eo\/ic-reader\/acr1555u-bluetooth-usb-nfc-contactless-reader-writer\/","title":{"rendered":"ACR1555U Bluetooth USB NFC Senkontakta Leganto Verkisto"},"content":{"rendered":"<h1 class=\"AnswerParser_AnswerParserH1__6UNv6\">Malkovru la ACR1555U NFC-Leganton: Via Finfina Senkontakta Solvo<\/h1>\n<p><span class=\"AnswerParser_TextContainer__z_Iiv\" data-testid=\"youchat-text\">La\u00a0<strong>ACR1555U NFC-leganto<\/strong>\u00a0estas pintnivela aparato dizajnita por faciligi senjuntajn interagojn inter NFC-ebligitaj aparatoj kaj inteligentaj kartoj. \u0108i tio\u00a0<strong>NFC-leganto<\/strong>\u00a0subtenas diversajn senkontaktajn teknologiojn, permesante al uzantoj legi kaj skribi datumojn efike. La \u0109iuflankeco kaj alt-efikecaj kapabloj de la ACR1555U igas \u011din esenca ilo por entreprenoj, programistoj kaj teknikaj entuziasmuloj. Kun \u0109i tiu leganto, vi povas mal\u015dlosi mondon da eblecoj en pagpretigo, alirkontrolo kaj inter\u015dan\u011do de datumoj, igante \u011din inda investo por iu ajn, kiu volas plibonigi sian ilaron de NFC-teknologio.<\/span><\/p>\n<h2 class=\"AnswerParser_AnswerParserH2__SIHnF\">Produkta Skizo<\/h2>\n<ol class=\"AnswerParser_AnswerParserOrderedList__kl_2Y\">\n<li class=\"AnswerParser_ListItem__XqLOV\" translate=\"yes\"><strong>Kio estas la ACR1555U NFC-Leganto?<\/strong><\/li>\n<li class=\"AnswerParser_ListItem__XqLOV\" translate=\"yes\"><strong>\u0108efaj Trajtoj de la ACR1555U<\/strong><\/li>\n<li class=\"AnswerParser_ListItem__XqLOV\" translate=\"yes\"><strong>Subtenataj NFC-Etikedoj kaj Kartoj<\/strong><\/li>\n<li class=\"AnswerParser_ListItem__XqLOV\" translate=\"yes\"><strong>Teknikaj Specifoj<\/strong><\/li>\n<li class=\"AnswerParser_ListItem__XqLOV\" translate=\"yes\"><strong>Instrukcioj pri Uzado<\/strong><\/li>\n<li class=\"AnswerParser_ListItem__XqLOV\" translate=\"yes\"><strong>Media Efiko kaj Da\u016dripovo<\/strong><\/li>\n<li class=\"AnswerParser_ListItem__XqLOV\" translate=\"yes\"><strong>Klientaj Taksoj kaj Recenzoj<\/strong><\/li>\n<li class=\"AnswerParser_ListItem__XqLOV\" translate=\"yes\"><strong>Oftaj Demandoj (FAQs)<\/strong><\/li>\n<li class=\"AnswerParser_ListItem__XqLOV\" translate=\"yes\"><strong>Rilataj Produktoj Vi Eble Anka\u016d \u015cati<\/strong><\/li>\n<li class=\"AnswerParser_ListItem__XqLOV\" translate=\"yes\"><strong>Kial Elekti la ACR1555U NFC-Legilon?<\/strong><\/li>\n<\/ol>\n<hr \/>\n<h2 class=\"AnswerParser_AnswerParserH2__SIHnF\">Kio estas la ACR1555U NFC-Leganto?<\/h2>\n<p><span class=\"AnswerParser_TextContainer__z_Iiv\" data-testid=\"youchat-text\">La\u00a0<strong>ACR1555U NFC-leganto<\/strong>\u00a0estas avangarda aparato dizajnita por alt-efikeca senkontakta komunikado. \u011ci subtenas diversajn NFC-normojn, inkluzive\u00a0<strong>ISO 14443<\/strong>\u00a0kaj\u00a0<strong>ISO 18092<\/strong>, farante \u011din kongrua kun lar\u011da gamo de NFC-etikedoj kaj inteligentaj kartoj. \u0108u vi celas prilabori pagojn, administri alirkontrolon a\u016d interagi kun NFC-ebligitaj aparatoj, la ACR1555U provizas rapidan kaj fidindan solvon.<\/span><span class=\"AnswerParser_TextContainer__z_Iiv\" data-testid=\"youchat-text\">\u0108i tio\u00a0<strong>NFC-leganto<\/strong>\u00a0estas precipe utila por entreprenoj en podetala komerco, kuracado kaj lo\u011distiko, kie rapidaj kaj sekuraj transakcioj estas esencaj. \u011ciaj Bluetooth-kapabloj plue plibonigas \u011dian uzeblecon ebligante sendratajn konektojn al inteligentaj telefonoj kaj tablojdoj, igante \u011din multflanka elekto por diversaj aplikoj.<\/span><\/p>\n<h2 class=\"AnswerParser_AnswerParserH2__SIHnF\">\u0108efaj Trajtoj de la ACR1555U<\/h2>\n<p><span class=\"AnswerParser_TextContainer__z_Iiv\" data-testid=\"youchat-text\">La ACR1555U havas plurajn \u0109efajn funkciojn, kiuj distingas \u011din de aliaj NFC-legantoj sur la merkato:<\/span><\/p>\n<ul class=\"AnswerParser_AnswerParserUnorderedList__P_1FW\">\n<li class=\"AnswerParser_ListItem__XqLOV\" translate=\"yes\"><strong>Bluetooth Konektebleco<\/strong>: Uzante Bluetooth-teknologion, la ACR1555U ebligas facilan parigon kun inteligentaj telefonoj kaj tabulkomputiloj, ebligante sen\u015dnurecan sperton.<\/li>\n<li class=\"AnswerParser_ListItem__XqLOV\" translate=\"yes\"><strong>Lar\u011da Kongrueco<\/strong>: \u0108i tio\u00a0<strong>NFC-aparato<\/strong>\u00a0subtenas plurajn normojn, inkluzive\u00a0<strong>MIFARE<\/strong>,\u00a0<strong>FeliCa<\/strong>, kaj diversaj specoj de RFID-kartoj, certigante ke vi povas labori kun lar\u011da gamo de teknologioj.<\/li>\n<li class=\"AnswerParser_ListItem__XqLOV\" translate=\"yes\"><strong>Uzant-amika Interfaco<\/strong>: La aparato estas ekipita per intuiciaj kontroloj kaj indikiloj, faciligante kontroli \u011dian staton kaj funkcii efike.<\/li>\n<\/ul>\n<p><span class=\"AnswerParser_TextContainer__z_Iiv\" data-testid=\"youchat-text\">\u0108i tiuj funkcioj faras la ACR1555U ne nur potenca sed anka\u016d nekredeble uzebla, certigante ke vi povas maksimumigi \u011diajn kapablojn sen kruta lernadkurbo.<\/span><\/p>\n<h2 class=\"AnswerParser_AnswerParserH2__SIHnF\">Subtenataj NFC-Etikedoj kaj Kartoj<\/h2>\n<p><span class=\"AnswerParser_TextContainer__z_Iiv\" data-testid=\"youchat-text\">La ACR1555U estas diverstalenta kaj subtenas ampleksan aron de NFC-etikedoj kaj kartoj:<\/span><\/p>\n<ul class=\"AnswerParser_AnswerParserUnorderedList__P_1FW\">\n<li class=\"AnswerParser_ListItem__XqLOV\" translate=\"yes\"><strong>MIFARE\u00ae Kartoj<\/strong>: Ofte uzataj en alirkontrolo kaj publika transporto, \u0109i tiuj kartoj estas bone subtenataj de la ACR1555U.<\/li>\n<li class=\"AnswerParser_ListItem__XqLOV\" translate=\"yes\"><strong>ISO 14443 Tipo A kaj B<\/strong>: \u0108i tiu kongruo certigas, ke vi povas interagi kun la plej multaj senkontaktaj sa\u011dkartoj sur la merkato.<\/li>\n<li class=\"AnswerParser_ListItem__XqLOV\" translate=\"yes\"><strong>NFC-etikedoj<\/strong>: \u0108u vi uzas NFC-glumarkojn por merkatado a\u016d NFC-ebligitaj vizitkartoj, la ACR1555U povas legi kaj skribi datumojn perfekte.<\/li>\n<\/ul>\n<p><span class=\"AnswerParser_TextContainer__z_Iiv\" data-testid=\"youchat-text\">\u0108i tiu lar\u011da kongruo permesas uzantojn okupi\u011di kun diversaj\u00a0<strong>NFC-etikedtipoj<\/strong>, farante la ACR1555U fleksebla elekto por ajna projekto.<\/span><\/p>\n<h2 class=\"AnswerParser_AnswerParserH2__SIHnF\">Teknikaj Specifoj<\/h2>\n<div class=\"AnswerParser_TableContainer__Erb6v\" data-testid=\"table-container\">\n<table>\n<thead>\n<tr>\n<th>Specifo<\/th>\n<th>Detaloj<\/th>\n<\/tr>\n<\/thead>\n<tbody>\n<tr>\n<td><strong>Komunika Interfaco<\/strong><\/td>\n<td>USB kaj Bluetooth<\/td>\n<\/tr>\n<tr>\n<td><strong>Subtenataj Normoj<\/strong><\/td>\n<td>ISO 14443, ISO 18092<\/td>\n<\/tr>\n<tr>\n<td><strong>Operacia Ofteco<\/strong><\/td>\n<td>13,56 MHz<\/td>\n<\/tr>\n<tr>\n<td><strong>Elektroprovizo<\/strong><\/td>\n<td>450mAh re\u015dargebla kuirilaro<\/td>\n<\/tr>\n<tr>\n<td><strong>Kongrueco<\/strong><\/td>\n<td>Android kaj iOS-aparatoj<\/td>\n<\/tr>\n<\/tbody>\n<\/table>\n<\/div>\n<p><span class=\"AnswerParser_TextContainer__z_Iiv\" data-testid=\"youchat-text\">\u0108i tiuj teknikaj specifoj reliefigas la fortikan dezajnon de la ACR1555U kaj \u011dian kapablon funkcii efike en diversaj medioj.<\/span><\/p>\n<h2 class=\"AnswerParser_AnswerParserH2__SIHnF\">Instrukcioj pri Uzado<\/h2>\n<p><span class=\"AnswerParser_TextContainer__z_Iiv\" data-testid=\"youchat-text\">Uzi la ACR1555U NFC-Legilon estas simpla:<\/span><\/p>\n<ol class=\"AnswerParser_AnswerParserOrderedList__kl_2Y\">\n<li class=\"AnswerParser_ListItem__XqLOV\" translate=\"yes\"><strong>Konekti la Aparato<\/strong>: Uzu la USB-konekton por rekta uzo a\u016d ebligu Bluetooth por sendrata komunikado kun via inteligenta telefono a\u016d tablojdo.<\/li>\n<li class=\"AnswerParser_ListItem__XqLOV\" translate=\"yes\"><strong>Instalu NFC-Ilojn<\/strong>: El\u015dutu kongruajn NFC-ilojn de la\u00a0<strong>App Store<\/strong>\u00a0a\u016d rilataj aplikaj merkatoj por plibonigi funkciecon.<\/li>\n<li class=\"AnswerParser_ListItem__XqLOV\" translate=\"yes\"><strong>Komencu Legi kaj Skribi<\/strong>: Kun la NFC-iloj instalitaj, vi povas facile legi kaj skribi datumojn al NFC-etikedoj kaj kartoj, igante la procezon rapida kaj facila.<\/li>\n<\/ol>\n<p><span class=\"AnswerParser_TextContainer__z_Iiv\" data-testid=\"youchat-text\">\u0108i tiu facileco de uzo estas grava avanta\u011do por kaj teknikaj kaj ne-teknikaj uzantoj.<\/span><\/p>\n<h2 class=\"AnswerParser_AnswerParserH2__SIHnF\">Media Efiko kaj Da\u016dripovo<\/h2>\n<p><span class=\"AnswerParser_TextContainer__z_Iiv\" data-testid=\"youchat-text\">Dum teknologio progresas, anka\u016d la emfazo de media da\u016dripovo. La ACR1555U estas dizajnita kun ekologiaj praktikoj en menso. \u011cia malalta energikonsumo kaj re\u015dargebla kuirilaro reduktas mal\u015dparon kaj minimumigas la karbonsignon de la aparato. Per uzado\u00a0<strong>13.56 MHz-senkontakta teknologio<\/strong>, la ACR1555U anta\u016denigas efikan energiuzon, akordigante kun tutmondaj da\u016dripovaj celoj.<\/span><\/p>\n<h2 class=\"AnswerParser_AnswerParserH2__SIHnF\">Klientaj Taksoj kaj Recenzoj<\/h2>\n<p><span class=\"AnswerParser_TextContainer__z_Iiv\" data-testid=\"youchat-text\">La ACR1555U ricevis pozitivajn reagojn de uzantoj tra diversaj sektoroj. Multaj klientoj aprezas \u011dian fidindecon, facilecon de uzo kaj \u0109iuflankecon. Jen kelkaj elstara\u0135oj de taksoj kaj recenzoj:<\/span><\/p>\n<ul class=\"AnswerParser_AnswerParserUnorderedList__P_1FW\">\n<li class=\"AnswerParser_ListItem__XqLOV\" translate=\"yes\"><strong>Uzant-amika<\/strong>: Klientoj ofte mencias kiom facile estas agordi kaj komenci uzi la aparaton.<\/li>\n<li class=\"AnswerParser_ListItem__XqLOV\" translate=\"yes\"><strong>Versatila<\/strong>: Uzantoj amas la kapablon labori kun malsamaj NFC-etikedoj kaj kartoj, igante \u011din ta\u016dga por diversaj aplikoj.<\/li>\n<li class=\"AnswerParser_ListItem__XqLOV\" translate=\"yes\"><strong>Fidinda Agado<\/strong>: Multaj rimarkis, ke la ACR1555U konstante liveras rapidan kaj efikan agadon.<\/li>\n<\/ul>\n<p><span class=\"AnswerParser_TextContainer__z_Iiv\" data-testid=\"youchat-text\">\u0108i tiuj recenzoj reflektas la altkvalitan sperton, kiu venas kun uzado de la ACR1555U NFC-Leganto.<\/span><\/p>\n<h2 class=\"AnswerParser_AnswerParserH2__SIHnF\">Oftaj Demandoj (FAQs)<\/h2>\n<p><span class=\"AnswerParser_TextContainer__z_Iiv\" data-testid=\"youchat-text\"><strong>Q1: Kio estas la intervalo de la Bluetooth-konekto?<\/strong><br \/>\nA1: La Bluetooth-konekto kutime havas gamon de \u0109irka\u016d 10 metroj, ebligante flekseblan uzadon en diversaj medioj.<\/span><\/p>\n<p><span class=\"AnswerParser_TextContainer__z_Iiv\" data-testid=\"youchat-text\"><strong>Q2: \u0108u mi povas uzi la ACR1555U kun mia inteligenta telefono?<\/strong><br \/>\nA2: Jes! La ACR1555U estas kongrua kun kaj Android kaj iOS-aparatoj, igante \u011din perfekta elekto por moveblaj aplikoj.<\/span><\/p>\n<p><span class=\"AnswerParser_TextContainer__z_Iiv\" data-testid=\"youchat-text\"><strong>Q3: \u0108u la ACR1555U ta\u016dgas por alirkontrolaj aplikoj?<\/strong><br \/>\nA3: Absolute! Kun \u011dia subteno por diversaj inteligentaj kartoj kaj NFC-teknologioj, la ACR1555U estas ideala por alirkontrolaj sistemoj.<\/span><\/p>\n<h2 class=\"AnswerParser_AnswerParserH2__SIHnF\">Rilataj Produktoj Vi Eble Anka\u016d \u015cati<\/h2>\n<ul class=\"AnswerParser_AnswerParserUnorderedList__P_1FW\">\n<li class=\"AnswerParser_ListItem__XqLOV\" translate=\"yes\"><strong>ACR122U NFC-leganto<\/strong>: multflanka USB-NFC-legilo kiu subtenas diversajn NFC-etikedojn kaj kartojn.<\/li>\n<li class=\"AnswerParser_ListItem__XqLOV\" translate=\"yes\"><strong>NFC Iloj Apo<\/strong>: Potenca aplika\u0135o havebla sur la\u00a0<strong>App Store<\/strong>\u00a0por administri kaj utiligi NFC-kapablojn.<\/li>\n<li class=\"AnswerParser_ListItem__XqLOV\" translate=\"yes\"><strong>Arduino NFC \u015cildo<\/strong>: Plibonigu viajn Arduino-projektojn per NFC-kapabloj uzante \u0109i tiun kongruan \u015dildon.<\/li>\n<\/ul>\n<h2 class=\"AnswerParser_AnswerParserH2__SIHnF\">Kial Elekti la ACR1555U NFC-Legilon?<\/h2>\n<p><span class=\"AnswerParser_TextContainer__z_Iiv\" data-testid=\"youchat-text\">La ACR1555U NFC-Leganto elstaras kiel escepta produkto en la sfero de senkontakta teknologio. \u011cia kombina\u0135o de\u00a0<strong>Bluetooth<\/strong>\u00a0konektebleco, ampleksa kongruo kun diversaj NFC kaj RFID-kartoj, kaj facileco de uzo igas \u011din valorega valora\u0135o por entreprenoj kaj programistoj ser\u0109antaj utiligi NFC-teknologion. \u0108u vi ser\u0109as plibonigi pagpretigon, simpligi alirkontrolon a\u016d novigi per NFC-aplikoj, la ACR1555U estas la perfekta elekto.<\/span><span class=\"AnswerParser_TextContainer__z_Iiv\" data-testid=\"youchat-text\">Aldonante la ACR1555U al via \u0109aro, vi ne nur investas en altkvalita produkto sed anka\u016d poziciigas vin \u0109e la avangardo de senkontakta teknologio. Spertu la eblecojn, kiujn \u0109i tio progresis\u00a0<strong>NFC-leganto<\/strong>\u00a0proponas kaj transformu viajn NFC-interagojn hodia\u016d!<\/span><\/p>\n<hr \/>\n<p><span class=\"AnswerParser_TextContainer__z_Iiv\" data-testid=\"youchat-text\">Konklude, la ACR1555U NFC-Leganto estas potenca, diverstalenta ilo por \u0109iuj, kiuj volas plibonigi siajn NFC-kapablojn. \u011cia lar\u011da kongruo kaj uzant-amika trajtoj igas \u011din plej alta elekto en la merkato. Ne maltrafu la \u015dancon altigi vian NFC-sperton\u2014konsideru la ACR1555U por via venonta projekto!<\/span><\/p>","protected":false},"excerpt":{"rendered":"<p>ACR1555u estas Bluetooth NFC-legilo\/verkisto, kiu povas rapide kaj facile efektivigi diversajn aplikojn.<\/p>","protected":false},"featured_media":2775,"template":"","meta":[],"product_brand":[],"product_cat":[45,38],"product_tag":[],"class_list":{"0":"post-3286","1":"product","2":"type-product","3":"status-publish","4":"has-post-thumbnail","6":"product_cat-contactless-nfc-reader","7":"product_cat-mobile-ble-nfc-reader","9":"first","10":"instock","11":"shipping-taxable","12":"product-type-simple"},"_links":{"self":[{"href":"https:\/\/nfc-readers.com\/eo\/wp-json\/wp\/v2\/product\/3286","targetHints":{"allow":["GET"]}}],"collection":[{"href":"https:\/\/nfc-readers.com\/eo\/wp-json\/wp\/v2\/product"}],"about":[{"href":"https:\/\/nfc-readers.com\/eo\/wp-json\/wp\/v2\/types\/product"}],"wp:featuredmedia":[{"embeddable":true,"href":"https:\/\/nfc-readers.com\/eo\/wp-json\/wp\/v2\/media\/2775"}],"wp:attachment":[{"href":"https:\/\/nfc-readers.com\/eo\/wp-json\/wp\/v2\/media?parent=3286"}],"wp:term":[{"taxonomy":"product_brand","embeddable":true,"href":"https:\/\/nfc-readers.com\/eo\/wp-json\/wp\/v2\/product_brand?post=3286"},{"taxonomy":"product_cat","embeddable":true,"href":"https:\/\/nfc-readers.com\/eo\/wp-json\/wp\/v2\/product_cat?post=3286"},{"taxonomy":"product_tag","embeddable":true,"href":"https:\/\/nfc-readers.com\/eo\/wp-json\/wp\/v2\/product_tag?post=3286"}],"curies":[{"name":"wp","href":"https:\/\/api.w.org\/{rel}","templated":true}]}}