{"id":3288,"date":"2024-10-31T08:03:14","date_gmt":"2024-10-31T08:03:14","guid":{"rendered":"https:\/\/nfc-readers.com\/?post_type=product&#038;p=3288"},"modified":"2024-10-31T08:03:15","modified_gmt":"2024-10-31T08:03:15","slug":"acr1581u-15693-dualboost-iii-dual-interface-nfc-reader-writer","status":"publish","type":"product","link":"https:\/\/nfc-readers.com\/eo\/ic-reader\/acr1581u-15693-dualboost-iii-dual-interface-nfc-reader-writer\/","title":{"rendered":"ACR1581U 15693 DualBoost III Duobla Interfaco NFC Leganto Verkisto"},"content":{"rendered":"<h1 class=\"AnswerParser_AnswerParserH1__6UNv6\">ACR1581U NFC-Leganto: La Finfina Senkontakta Solvo por Via Komerco<\/h1>\n<p><span class=\"AnswerParser_TextContainer__z_Iiv\" data-testid=\"youchat-text\">La\u00a0<strong>ACR1581U NFC-leganto<\/strong>\u00a0estas pintnivela aparato desegnita por faciligi senjuntajn interagojn kun amba\u016d kontaktoj kaj senkontaktaj inteligentaj kartoj. \u0108i tiu diverstalenta\u00a0<strong>NFC-leganto<\/strong>\u00a0subtenas lar\u011dan gamon de aplikoj, igante \u011din esenca ilo por entreprenoj kaj programistoj egale. \u0108u vi bezonas prilabori pagojn, administri alirkontrolon a\u016d legi datumojn de NFC-etikedoj, la ACR1581U ofertas fidindan kaj efikan solvon. Kun siaj fortikaj funkcioj kaj uzant-amika dezajno, \u0109i tiu leganto valoras \u0109iun denaron por \u0109iuj, kiuj volas plibonigi sian NFC-teknologian ilaron.<\/span><\/p>\n<hr \/>\n<h2 class=\"AnswerParser_AnswerParserH2__SIHnF\">Produkta Skizo<\/h2>\n<ol class=\"AnswerParser_AnswerParserOrderedList__kl_2Y\">\n<li class=\"AnswerParser_ListItem__XqLOV\" translate=\"yes\"><strong>Superrigardo de la ACR1581U NFC-Leganto<\/strong><\/li>\n<li class=\"AnswerParser_ListItem__XqLOV\" translate=\"yes\"><strong>\u0108efaj Trajtoj de la ACR1581U<\/strong><\/li>\n<li class=\"AnswerParser_ListItem__XqLOV\" translate=\"yes\"><strong>Fizikaj Karakteriza\u0135oj<\/strong><\/li>\n<li class=\"AnswerParser_ListItem__XqLOV\" translate=\"yes\"><strong>Subtenataj Kartaj Tipoj<\/strong><\/li>\n<li class=\"AnswerParser_ListItem__XqLOV\" translate=\"yes\"><strong>Teknikaj Specifoj<\/strong><\/li>\n<li class=\"AnswerParser_ListItem__XqLOV\" translate=\"yes\"><strong>Instrukcioj pri Uzado<\/strong><\/li>\n<li class=\"AnswerParser_ListItem__XqLOV\" translate=\"yes\"><strong>Media Efiko kaj Konformeco<\/strong><\/li>\n<li class=\"AnswerParser_ListItem__XqLOV\" translate=\"yes\"><strong>Klientaj Taksoj kaj Recenzoj<\/strong><\/li>\n<li class=\"AnswerParser_ListItem__XqLOV\" translate=\"yes\"><strong>Oftaj Demandoj (FAQs)<\/strong><\/li>\n<li class=\"AnswerParser_ListItem__XqLOV\" translate=\"yes\"><strong>Kial Elekti la ACR1581U NFC-Legilon?<\/strong><\/li>\n<\/ol>\n<hr \/>\n<h2 class=\"AnswerParser_AnswerParserH2__SIHnF\">Superrigardo de la ACR1581U NFC-Leganto<\/h2>\n<p><span class=\"AnswerParser_TextContainer__z_Iiv\" data-testid=\"youchat-text\">La\u00a0<strong>ACR1581U NFC-leganto<\/strong>\u00a0estas realigita por renkonti la postulojn de modernaj aplikoj postulantaj sekuran kaj efikan datum\u015dan\u011don. Kun subteno por amba\u016d kontaktoj kaj senkontaktaj sa\u011dkartoj, \u0109i tiu leganto estas ideala por diversaj industrioj, inkluzive de financo, sanservo kaj sekureco. \u011cia kapablo legi kaj skribi datumojn de multoblaj karttipoj certigas, ke \u011di povas adapti\u011di al la evoluantaj bezonoj de uzantoj.<\/span><span class=\"AnswerParser_TextContainer__z_Iiv\" data-testid=\"youchat-text\">Ekipita per altnivelaj funkcioj kaj uzant-amika interfaco, la ACR1581U estas perfekta por entreprenoj, kiuj volas plifaciligi siajn operaciojn kaj plibonigi klientajn spertojn. \u011cia duobla interfaca kapablo permesas flekseblecon en uzado, igante \u011din multflanka elekto por iu ajn aplika\u0135o.<\/span><\/p>\n<h2 class=\"AnswerParser_AnswerParserH2__SIHnF\">\u0108efaj Trajtoj de la ACR1581U<\/h2>\n<h3 class=\"AnswerParser_AnswerParserH3__Mpe4s\">Duobla Interfaco Kapableco<\/h3>\n<p><span class=\"AnswerParser_TextContainer__z_Iiv\" data-testid=\"youchat-text\">La ACR1581U subtenas amba\u016d\u00a0<strong>kontakto<\/strong>\u00a0kaj\u00a0<strong>senkontakte<\/strong>\u00a0sa\u011dkartaj interfacoj, permesante al uzantoj interagi kun lar\u011da gamo de kartoj. \u0108i tiu duobla funkcieco igas \u011din ta\u016dga por diversaj aplikoj, de pagpretigo \u011dis alirkontrolo. La kapablo legi kaj skribi NFC-etikedojn kaj kartojn plibonigas \u011dian uzeblecon en diversaj scenaroj.<\/span><\/p>\n<h3 class=\"AnswerParser_AnswerParserH3__Mpe4s\">Altrapida Transdono de Datumoj<\/h3>\n<p><span class=\"AnswerParser_TextContainer__z_Iiv\" data-testid=\"youchat-text\">Kun a\u00a0<strong>USB Plena Rapido<\/strong>\u00a0interfaco, la ACR1581U certigas rapidajn transigajn tarifojn de \u011dis\u00a0<strong>12 Mbps<\/strong>. \u0108i tiu rapideco estas decida por aplikoj, kiuj postulas rapidajn kaj efikajn transakciojn, plibonigante la \u011deneralan uzantan sperton. \u0108u vi prilaboras pagojn a\u016d aliras sekurajn informojn, la ACR1581U liveras fidindan rendimenton.<\/span><\/p>\n<h3 class=\"AnswerParser_AnswerParserH3__Mpe4s\">Uzant-amika Dezajno<\/h3>\n<p><span class=\"AnswerParser_TextContainer__z_Iiv\" data-testid=\"youchat-text\">La ACR1581U havas uzant-regeblajn du-kolorajn LED-ojn (bluajn kaj verdan) kaj monotonan zumilon, provizante vidajn kaj a\u016ddajn rimarkojn dum operacio. \u0108i tiu dezajno plibonigas uzeblecon permesante al uzantoj facile kontroli la staton de la aparato. La intuicia interfaco certigas, ke e\u0109 tiuj novaj al NFC-teknologio povas funkcii la leganton facile.<\/span><\/p>\n<h2 class=\"AnswerParser_AnswerParserH2__SIHnF\">Fizikaj Karakteriza\u0135oj<\/h2>\n<ul class=\"AnswerParser_AnswerParserUnorderedList__P_1FW\">\n<li class=\"AnswerParser_ListItem__XqLOV\" translate=\"yes\"><strong>Dimensioj<\/strong>: 120.5 mm (L) x 72.0 mm (L) x 20.4 mm (H)<\/li>\n<li class=\"AnswerParser_ListItem__XqLOV\" translate=\"yes\"><strong>Pezo<\/strong>: 143 g<\/li>\n<li class=\"AnswerParser_ListItem__XqLOV\" translate=\"yes\"><strong>USB-Interfaco<\/strong>:\n<ul class=\"AnswerParser_AnswerParserUnorderedList__P_1FW\">\n<li class=\"AnswerParser_ListItem__XqLOV\" translate=\"yes\">Protokolo: USB CCID<\/li>\n<li class=\"AnswerParser_ListItem__XqLOV\" translate=\"yes\">Konektilo Tipo: USB Tipo-A (ACR1581U-C1), USB Tipo-C (ACR1581U-CF)<\/li>\n<li class=\"AnswerParser_ListItem__XqLOV\" translate=\"yes\">Longo de la kablo: 2 m, Neforigebla<\/li>\n<\/ul>\n<\/li>\n<\/ul>\n<p><span class=\"AnswerParser_TextContainer__z_Iiv\" data-testid=\"youchat-text\">La kompakta dezajno de la ACR1581U faciligas integri\u011don en diversajn mediojn, \u0109u \u0109e vendejo a\u016d en sekura alirkontrolsistemo.<\/span><\/p>\n<h2 class=\"AnswerParser_AnswerParserH2__SIHnF\">Subtenataj Kartaj Tipoj<\/h2>\n<p><span class=\"AnswerParser_TextContainer__z_Iiv\" data-testid=\"youchat-text\">La ACR1581U estas kongrua kun lar\u011da gamo de inteligentaj kartoj, inkluzive de:<\/span><\/p>\n<ul class=\"AnswerParser_AnswerParserUnorderedList__P_1FW\">\n<li class=\"AnswerParser_ListItem__XqLOV\" translate=\"yes\"><strong>Kontaktu Smart Cards<\/strong>: Subtenas ISO 7816 Klaso A, B, kaj C (5V, 3V, 1.8V) kun protokoloj T=0 kaj T=1.<\/li>\n<li class=\"AnswerParser_ListItem__XqLOV\" translate=\"yes\"><strong>Senkontaktaj Smart Kartoj<\/strong>: Subtenas ISO 14443 Tipo A &amp; B, ISO 15693, MIFARE\u00ae, kaj FeliCa.<\/li>\n<li class=\"AnswerParser_ListItem__XqLOV\" translate=\"yes\"><strong>SAM-Karta Interfaco<\/strong>: Inkluzivas unu norman SIM-grandan kartfendon por sekura aliradministrado.<\/li>\n<\/ul>\n<p><span class=\"AnswerParser_TextContainer__z_Iiv\" data-testid=\"youchat-text\">\u0108i tiu ampleksa kongruo certigas, ke la ACR1581U povas renkonti la bezonojn de diversaj industrioj kaj aplikoj.<\/span><\/p>\n<h2 class=\"AnswerParser_AnswerParserH2__SIHnF\">Teknikaj Specifoj<\/h2>\n<div class=\"AnswerParser_TableContainer__Erb6v\" data-testid=\"table-container\">\n<table>\n<thead>\n<tr>\n<th>Specifo<\/th>\n<th>Detaloj<\/th>\n<\/tr>\n<\/thead>\n<tbody>\n<tr>\n<td><strong>Interfaco<\/strong><\/td>\n<td>USB CCID<\/td>\n<\/tr>\n<tr>\n<td><strong>Konektilo Tipo<\/strong><\/td>\n<td>USB-Tipo-A (ACR1581U-C1), USB-Tipo-C (ACR1581U-CF)<\/td>\n<\/tr>\n<tr>\n<td><strong>Elektrofonto<\/strong><\/td>\n<td>De USB-haveno<\/td>\n<\/tr>\n<tr>\n<td><strong>Rapido<\/strong><\/td>\n<td>USB Plena Rapido (12 Mbps)<\/td>\n<\/tr>\n<tr>\n<td><strong>Dimensioj<\/strong><\/td>\n<td>120.5 mm (L) x 72.0 mm (L) x 20.4 mm (H)<\/td>\n<\/tr>\n<tr>\n<td><strong>Pezo<\/strong><\/td>\n<td>143 g<\/td>\n<\/tr>\n<tr>\n<td><strong>Kontaktu Smart Card Interface<\/strong><\/td>\n<td>ISO 7816 Klaso A, B, C<\/td>\n<\/tr>\n<tr>\n<td><strong>Senkontakta Smart Card-Interfaco<\/strong><\/td>\n<td>ISO 14443 Tipo A &amp; B, ISO 15693, MIFARE\u00ae, FeliCa<\/td>\n<\/tr>\n<tr>\n<td><strong>Firmware \u011cisdatigo<\/strong><\/td>\n<td>Subtenita<\/td>\n<\/tr>\n<tr>\n<td><strong>Atestiloj<\/strong><\/td>\n<td>IEC\/EN 62368, CE, FCC, UKCA, VCCI, RoHS, REACH, WEEE<\/td>\n<\/tr>\n<\/tbody>\n<\/table>\n<\/div>\n<h2 class=\"AnswerParser_AnswerParserH2__SIHnF\">Instrukcioj pri Uzado<\/h2>\n<p><span class=\"AnswerParser_TextContainer__z_Iiv\" data-testid=\"youchat-text\">Uzi la ACR1581U NFC-Legilon estas simpla:<\/span><\/p>\n<ol class=\"AnswerParser_AnswerParserOrderedList__kl_2Y\">\n<li class=\"AnswerParser_ListItem__XqLOV\" translate=\"yes\"><strong>Konekti la Aparato<\/strong>: Konektu la legilon al via komputilo a\u016d kongrua aparato uzante la USB-konekton.<\/li>\n<li class=\"AnswerParser_ListItem__XqLOV\" translate=\"yes\"><strong>Instalu Necesan Programaron<\/strong>: Depende de via aplika\u0135o, vi eble bezonos instali specifajn programojn a\u016d \u015doforojn. La ACR1581U estas kongrua kun diversaj operaciumoj, inkluzive de Vindozo, Linukso, macOS, Android\u2122 kaj iOS\/iPadOS (16 a\u016d pli).<\/li>\n<li class=\"AnswerParser_ListItem__XqLOV\" translate=\"yes\"><strong>Komencu Legi kaj Skribi<\/strong>: Kun la aparato konektita kaj instalita programaro, vi povas komenci legi kaj skribi datumojn al inteligentaj kartoj kaj NFC-etikedoj. La uzant-amika interfaco kaj retromekanismoj faras \u0109i tiun procezon rapida kaj efika.<\/li>\n<\/ol>\n<h2 class=\"AnswerParser_AnswerParserH2__SIHnF\">Media Efiko kaj Konformeco<\/h2>\n<p><span class=\"AnswerParser_TextContainer__z_Iiv\" data-testid=\"youchat-text\">La ACR1581U Smart Card Reader estas dizajnita kun da\u016dripovo en menso. \u011ci konformas al diversaj mediaj normoj, inkluzive de RoHS kaj WEEE, certigante ke \u011di plenumas tutmondajn da\u016dripovcelojn. Uzante efikan administradon de potenco kaj recikleblajn materialojn, la ACR1581U minimumigas sian median spuron.<\/span><\/p>\n<h2 class=\"AnswerParser_AnswerParserH2__SIHnF\">Klientaj Taksoj kaj Recenzoj<\/h2>\n<p><span class=\"AnswerParser_TextContainer__z_Iiv\" data-testid=\"youchat-text\">La ACR1581U ricevis pozitivajn reagojn de uzantoj tra diversaj sektoroj. Klientoj aprezas \u011dian fidindecon, facilecon de uzo kaj \u0109iuflankecon. Jen kelkaj elstara\u0135oj de taksoj kaj recenzoj:<\/span><\/p>\n<ul class=\"AnswerParser_AnswerParserUnorderedList__P_1FW\">\n<li class=\"AnswerParser_ListItem__XqLOV\" translate=\"yes\"><strong>Uzant-amika<\/strong>: Multaj uzantoj rimarkis kiom facile estas agordi kaj komenci uzi la aparaton.<\/li>\n<li class=\"AnswerParser_ListItem__XqLOV\" translate=\"yes\"><strong>Versatila<\/strong>: Klientoj amas la kapablon labori kun malsamaj inteligentaj kartoj kaj NFC-etikedoj, igante \u011din ta\u016dga por diversaj aplikoj.<\/li>\n<li class=\"AnswerParser_ListItem__XqLOV\" translate=\"yes\"><strong>Fidinda Agado<\/strong>: Uzantoj ofte mencias, ke la ACR1581U konstante liveras rapidan kaj efikan rendimenton.<\/li>\n<\/ul>\n<h2 class=\"AnswerParser_AnswerParserH2__SIHnF\">Oftaj Demandoj (FAQs)<\/h2>\n<p><span class=\"AnswerParser_TextContainer__z_Iiv\" data-testid=\"youchat-text\"><strong>Q1: Kiajn kartojn povas legi la ACR1581U?<\/strong><br \/>\nA1: La ACR1581U povas legi diversajn inteligentajn kartojn, inkluzive de ISO 7816, ISO 14443 Tipo A &amp; B, MIFARE\u00ae kaj FeliCa.<\/span><\/p>\n<p><span class=\"AnswerParser_TextContainer__z_Iiv\" data-testid=\"youchat-text\"><strong>Q2: \u0108u la ACR1581U estas kongrua kun porteblaj aparatoj?<\/strong><br \/>\nA2: Jes, la ACR1581U estas kongrua kun Android\u2122 kaj iOS\/iPadOS-aparatoj, igante \u011din diverstalenta por moveblaj aplikoj.<\/span><\/p>\n<p><span class=\"AnswerParser_TextContainer__z_Iiv\" data-testid=\"youchat-text\"><strong>Q3: \u0108u mi povas \u011disdatigi la firmvaro de la ACR1581U?<\/strong><br \/>\nA3: Jes, la ACR1581U subtenas firmware-\u011disdatigojn por certigi optimuman agadon kaj kongruon kun novaj normoj.<\/span><\/p>\n<h2 class=\"AnswerParser_AnswerParserH2__SIHnF\">Kial Elekti la ACR1581U NFC-Legilon?<\/h2>\n<p><span class=\"AnswerParser_TextContainer__z_Iiv\" data-testid=\"youchat-text\">La ACR1581U Smart Card Reader elstaras kiel escepta produkto en la sfero de senkontakta teknologio. \u011cia kombina\u0135o de duoblaj interfacaj kapabloj, ampleksa kongruo kun diversaj inteligentaj kartoj kaj facileco de uzo igas \u011din valorega valora\u0135o por entreprenoj kaj programistoj ser\u0109antaj utiligi NFC-teknologion. \u0108u vi ser\u0109as plibonigi pagtraktadon, simpligi alirkontrolon a\u016d novigi per NFC-aplikoj, la ACR1581U estas la perfekta elekto.<\/span><span class=\"AnswerParser_TextContainer__z_Iiv\" data-testid=\"youchat-text\">Investi en la ACR1581U signifas ekipi vin per altkvalita, fidinda sa\u011dkarta leganto, kiu povas adapti\u011di al viaj bezonoj. Spertu la eblecojn, kiujn \u0109i tio progresis\u00a0<strong>leganto de sa\u011dkartoj<\/strong>\u00a0proponas kaj transformu viajn NFC-interagojn hodia\u016d!<\/span><\/p>\n<hr \/>\n<p><span class=\"AnswerParser_TextContainer__z_Iiv\" data-testid=\"youchat-text\">Elektante la ACR1581U, vi ne nur plibonigas vian funkcian efikecon sed anka\u016d certigas, ke vi estas ekipita per aparato konforma al la plej novaj normoj kaj teknologioj. Ne maltrafu la \u015dancon altigi vian NFC-sperton\u2014konsideru la ACR1581U por via venonta projekto!<\/span><\/p>","protected":false},"excerpt":{"rendered":"<p>ACR1581U estas leganto de inteligentaj kartoj, kiu subtenas NFC kaj ISO\/IEC 15693, 14443.<\/p>","protected":false},"featured_media":3289,"template":"","meta":[],"product_brand":[],"product_cat":[45,39,40],"product_tag":[],"class_list":{"0":"post-3288","1":"product","2":"type-product","3":"status-publish","4":"has-post-thumbnail","6":"product_cat-contactless-nfc-reader","7":"product_cat-usb-ic-smartcard-reader","8":"product_cat-rfid-nfc-reader","10":"first","11":"instock","12":"shipping-taxable","13":"product-type-simple"},"_links":{"self":[{"href":"https:\/\/nfc-readers.com\/eo\/wp-json\/wp\/v2\/product\/3288","targetHints":{"allow":["GET"]}}],"collection":[{"href":"https:\/\/nfc-readers.com\/eo\/wp-json\/wp\/v2\/product"}],"about":[{"href":"https:\/\/nfc-readers.com\/eo\/wp-json\/wp\/v2\/types\/product"}],"wp:featuredmedia":[{"embeddable":true,"href":"https:\/\/nfc-readers.com\/eo\/wp-json\/wp\/v2\/media\/3289"}],"wp:attachment":[{"href":"https:\/\/nfc-readers.com\/eo\/wp-json\/wp\/v2\/media?parent=3288"}],"wp:term":[{"taxonomy":"product_brand","embeddable":true,"href":"https:\/\/nfc-readers.com\/eo\/wp-json\/wp\/v2\/product_brand?post=3288"},{"taxonomy":"product_cat","embeddable":true,"href":"https:\/\/nfc-readers.com\/eo\/wp-json\/wp\/v2\/product_cat?post=3288"},{"taxonomy":"product_tag","embeddable":true,"href":"https:\/\/nfc-readers.com\/eo\/wp-json\/wp\/v2\/product_tag?post=3288"}],"curies":[{"name":"wp","href":"https:\/\/api.w.org\/{rel}","templated":true}]}}