{"id":3296,"date":"2024-11-01T05:02:29","date_gmt":"2024-11-01T05:02:29","guid":{"rendered":"https:\/\/nfc-readers.com\/?post_type=product&#038;p=3296"},"modified":"2024-11-01T05:02:30","modified_gmt":"2024-11-01T05:02:30","slug":"aes-128-encryption-algorithm-nfc-forum-4-dia-30mm-nfc-tag","status":"publish","type":"product","link":"https:\/\/nfc-readers.com\/eo\/ic-reader\/aes-128-encryption-algorithm-nfc-forum-4-dia-30mm-nfc-tag\/","title":{"rendered":"AES 128 \u0108ifrada algoritmo NFC Forumo 4 Dia 30mm NFC-Etikedo"},"content":{"rendered":"<h1 style=\"text-align: center;\"><strong>AES 128 \u0108ifrada algoritmo NFC Forumo 4 Dia 30mm NFC-Etikedo<\/strong><\/h1>\n<p>&nbsp;<\/p>\n<p>La <strong>AES 128 \u0108ifrada Algoritmo NFC-Forumo 4 Dia 30mm NFC-Etikedo<\/strong>\u00a0estas diverstalenta kaj sekura solvo por diversaj aplikoj, kiuj postulas fidindan datumkomunikadon kaj sekurecon. Fabrikita per avangarda teknologio, \u0109i tiu NFC-etikedo integras la progresintan NTAG 424 DNA-peceton, certigante la plej altan nivelon de datuma protekto per AES 128 \u0109ifrita UID, igante \u011din ideala elekto por entreprenoj kaj persona uzo. En \u0109i tiu ampleksa produkta priskribo, ni enprofundi\u011dos en \u011diajn funkciojn, avanta\u011dojn kaj praktikajn aplikojn, elstarigante kial \u011di estas inda investo por viaj NFC-bezonoj.<\/p>\n<p>&nbsp;<\/p>\n<h3><strong>Kial A\u0109eti la AES 128 \u0108ifrada NFC-Etikedo?<\/strong><\/h3>\n<p>La NFC Forumo 4-Etikedo ekipita per \u0109ifrado AES 128 ofertas nekompareblan sekurecon kaj funkciecon en kompakta formo. \u011ciaj akvorezistaj kaj veterrezistaj trajtoj faras \u011din rezistema por sub\u0109iela uzo, certigante ke vi povas apliki \u011din al diversaj surfacoj, inkluzive de metalo. Desegnita por novigaj uzadoj, de <strong>wifi-pari\u011do<\/strong>\u00a0al\u00a0<strong>afi\u015dkartaj integri\u011doj<\/strong>, \u0109i tiu NFC-etikedo provizas sekuran metodon por sendi datumojn senpene. Aldone, \u011dia kongruo kun\u00a0<strong>NFC-ebligitaj moveblaj aparatoj<\/strong>\u00a0simpligas la uzantan sperton, permesante facilan aliron al informoj per nur frapeto.<\/p>\n<p>&nbsp;<\/p>\n<h3><strong>Specialaj Trajtoj de la AES 128 \u0108ifrada NFC-Etikedo<\/strong><\/h3>\n<p>&nbsp;<\/p>\n<p>La\u00a0<strong>AES 128 \u0108ifrada NFC-Etikedo<\/strong>\u00a0estas \u015dar\u011dita kun funkcioj kiuj plibonigas \u011dian funkciecon kaj fidindecon en diversaj medioj:<\/p>\n<ul>\n<li><strong>Akvorezista \/ Veterrezista:<\/strong>\u00a0\u0108i tio certigas fortikecon kaj rendimenton en kaj endomaj kaj sub\u0109ielaj agordoj, protektante \u011din kontra\u016d malsekeco kaj polvo.<\/li>\n<li><strong>Evidenta falsigo:<\/strong>\u00a0La etikedo inkluzivas funkciojn kiuj indikas \u0109u \u011di estis mistraktita, provizante plian tavolon de sekureco kontra\u016d nea\u016dtorizita aliro.<\/li>\n<\/ul>\n<p>\u011cia unika kombina\u0135o de funkcioj faras \u011din preferata elekto por entreprenoj, kiuj volas plibonigi siajn sekurecan mezurojn a\u016d plifaciligi siajn operaciojn.<\/p>\n<p>&nbsp;<\/p>\n<table class=\"preview\" style=\"height: 271px;\" width=\"529\">\n<thead>\n<tr>\n<th>Specifo<\/th>\n<th>Detaloj<\/th>\n<\/tr>\n<\/thead>\n<tbody>\n<tr>\n<td>Modela Nombro<\/td>\n<td>SX-T424DNA<\/td>\n<\/tr>\n<tr>\n<td>Blato<\/td>\n<td>NTAG 424 DNA<\/td>\n<\/tr>\n<tr>\n<td>Grandeco<\/td>\n<td>Dia 30mm<\/td>\n<\/tr>\n<tr>\n<td>Kapacitanco<\/td>\n<td>50 PF<\/td>\n<\/tr>\n<tr>\n<td>Transdono-Indico<\/td>\n<td>848 Kbits\/s<\/td>\n<\/tr>\n<tr>\n<td>Protokolo<\/td>\n<td>ISO\/IEC 14443-A<\/td>\n<\/tr>\n<tr>\n<td>Etikedo Tipo<\/td>\n<td>NFC Forumo 4<\/td>\n<\/tr>\n<tr>\n<td>Surfaca Fino<\/td>\n<td>Brila\/matigita<\/td>\n<\/tr>\n<tr>\n<td>Pakado<\/td>\n<td>1000-5000 pecoj\/<\/td>\n<\/tr>\n<\/tbody>\n<\/table>\n<h3><\/h3>\n<h3><strong>Oftaj Demandoj Pri la NFC-Etikedo<\/strong><\/h3>\n<h3>1.\u00a0<strong>Kio estas NFC-etikedo?<\/strong><\/h3>\n<p>Etikedo NFC (Near Field Communication) estas malgranda blato kiu ebligas sendratan komunikadon inter aparatoj kiam ili estas en proksima proksimeco. \u011ci estas ofte uzata por inter\u015dan\u011do de datumoj, senkontaktaj pagoj kaj diversaj aplikoj en merkatado kaj inter\u015dan\u011do de informoj.<\/p>\n<h3>2.\u00a0<strong>Kiel la \u0109ifrado AES 128 plibonigas sekurecon?<\/strong><\/h3>\n<p>\u0108ifrado AES 128 aldonas tavolon de sekureco kodante la datumojn konservitajn sur la NFC-etikedo. \u0108i tio signifas, ke e\u0109 se iu sukcesos legi la datumojn, li ne povos kompreni \u011din sen la ta\u016dga mal\u0109ifra \u015dlosilo, tiel protektante sentemajn informojn kontra\u016d nea\u016dtorizita aliro.<\/p>\n<h3>3.\u00a0<strong>\u0108u \u0109i tiu NFC-etikedo povas esti uzata sur metalaj surfacoj?<\/strong><\/h3>\n<p>Jes, la AES 128 \u0108ifrada NFC-Etikedo estas specife desegnita por \u0109iuflankeco kaj povas esti aplikata al metalaj surfacoj same kiel aliaj materialoj. \u0108i tio igas \u011din ideala por diversaj aplikoj, inkluzive de etikedado de produktoj kaj industriaj uzoj.<\/p>\n<h3>4.\u00a0<strong>Kiuj aparatoj estas kongruaj kun NFC-etikedoj?<\/strong><\/h3>\n<p>La plej multaj modernaj sa\u011dtelefonoj kaj tablojdoj, kiuj subtenas NFC-teknologion, estas kongruaj kun \u0109i tiu etikedo. Uzantoj povas facile legi la konservitajn datumojn simple frapante sian aparaton kontra\u016d la NFC-etikedo.<\/p>\n<h3>5.\u00a0<strong>\u0108u \u0109i tiu etikedo povas esti reverkita?<\/strong><\/h3>\n<p>Jes, la etikedo AES 128 Encryption NFC estas reverkebla, kio ebligas al vi \u015dan\u011di la konservitajn datumojn la\u016dbezone. \u0108i tiu funkcio estas precipe utila por entreprenoj, kiuj postulas flekseblecon por \u011disdatigi informojn.<\/p>","protected":false},"excerpt":{"rendered":"<p>La Etikedo AES 128 Encryption NFC Forum 4, je 30mm en diametro, ofertas fortikan sekurecon por transdono de datumoj. Ideala por diversaj aplikoj, \u011di certigas senjuntajn kaj fidindajn NFC-interagojn.<\/p>","protected":false},"featured_media":3297,"template":"","meta":[],"product_brand":[],"product_cat":[47],"product_tag":[],"class_list":{"0":"post-3296","1":"product","2":"type-product","3":"status-publish","4":"has-post-thumbnail","6":"product_cat-nfc-tags","8":"first","9":"instock","10":"shipping-taxable","11":"product-type-simple"},"_links":{"self":[{"href":"https:\/\/nfc-readers.com\/eo\/wp-json\/wp\/v2\/product\/3296","targetHints":{"allow":["GET"]}}],"collection":[{"href":"https:\/\/nfc-readers.com\/eo\/wp-json\/wp\/v2\/product"}],"about":[{"href":"https:\/\/nfc-readers.com\/eo\/wp-json\/wp\/v2\/types\/product"}],"wp:featuredmedia":[{"embeddable":true,"href":"https:\/\/nfc-readers.com\/eo\/wp-json\/wp\/v2\/media\/3297"}],"wp:attachment":[{"href":"https:\/\/nfc-readers.com\/eo\/wp-json\/wp\/v2\/media?parent=3296"}],"wp:term":[{"taxonomy":"product_brand","embeddable":true,"href":"https:\/\/nfc-readers.com\/eo\/wp-json\/wp\/v2\/product_brand?post=3296"},{"taxonomy":"product_cat","embeddable":true,"href":"https:\/\/nfc-readers.com\/eo\/wp-json\/wp\/v2\/product_cat?post=3296"},{"taxonomy":"product_tag","embeddable":true,"href":"https:\/\/nfc-readers.com\/eo\/wp-json\/wp\/v2\/product_tag?post=3296"}],"curies":[{"name":"wp","href":"https:\/\/api.w.org\/{rel}","templated":true}]}}