{"id":3303,"date":"2024-11-01T05:12:29","date_gmt":"2024-11-01T05:12:29","guid":{"rendered":"https:\/\/nfc-readers.com\/?post_type=product&#038;p=3303"},"modified":"2024-11-01T05:12:29","modified_gmt":"2024-11-01T05:12:29","slug":"dia-30mm-ntag-424-dna-nfc-sticker-tamper-proof-high-security-2","status":"publish","type":"product","link":"https:\/\/nfc-readers.com\/eo\/ic-reader\/dia-30mm-ntag-424-dna-nfc-sticker-tamper-proof-high-security-2\/","title":{"rendered":"Dia 30mm NTAG 424 DNA NFC-Glumarko Malprudenta Alta Sekureco"},"content":{"rendered":"<h1 style=\"text-align: center;\"><strong>Dia 30mm NTAG 424 DNA NFC-Glumarko Malprudenta Alta Sekureco<\/strong><\/h1>\n<p>&nbsp;<\/p>\n<p>Plibonigu vian produkton a\u016dtentikecon per la noviga\u00a0<strong>Dia 30mm NTAG 424 DNA NFC Glumarko<\/strong>. \u0108i tiu avangarda produkto kombinas altan sekurecon kaj uzant-amikajn funkciojn, farante \u011din nemalhavebla ilo por la spurebleco de kontra\u016dfalsado de ru\u011da vino kaj plie. Kun \u011diaj rezisteblaj kapabloj, akvorezista dezajno kaj sekura komunika interfaco, \u0109i tiu NFC-glumarko estas esenca por markoj, kiuj volas protekti siajn produktojn kaj certigi klientan fidon.<\/p>\n<h3><\/h3>\n<p>&nbsp;<\/p>\n<p>La kreskanta bezono de produkta konfirmo en la hodia\u016da merkato ne povas esti troigita. Kun kreskantaj okaza\u0135oj de falsado, precipe en valoraj produktoj kiel ru\u011da vino, certigi la integrecon de via marko estas plej grava. La NTAG 424 DNA NFC-Glumarko ofertas nekredeblajn sekurigilojn kontra\u016d mistraktado kaj nea\u016dtorizita aliro, fanfaronante kun funkcioj subtenitaj de pintnivelaj sekurecaj protokoloj. Investante en \u0109i tiuj NFC-glumarkoj, vi protektas vian produkton, plibonigas klientan sperton kaj plifortigas marklojalecon.<\/p>\n<p>&nbsp;<\/p>\n<h3><strong>Produkta Superrigardo kaj Specifoj<\/strong><\/h3>\n<p>La\u00a0<strong>Dia 30mm NTAG 424 DNA NFC-glumarko<\/strong>\u00a0estas kreita por altkvalita rendimento, kombinante alt-sekurecan blaton kun multfunkciaj kapabloj. Kreita el da\u016dra\u00a0<strong>PET-materialo<\/strong>, \u0109i tiu glumarko estas ne nur desegnita por da\u016dri sed anka\u016d por elteni diversajn mediajn kondi\u0109ojn. Malsupre estas la kritikaj specifoj por noti:<\/p>\n<ul>\n<li><strong>Peceto-Modelo<\/strong>: NTAG 424 DNA<\/li>\n<li><strong>Grandeco<\/strong>: Diametro 30mm<\/li>\n<li><strong>Memoro<\/strong>: 416 bajtoj<\/li>\n<li><strong>Ofteco<\/strong>: 13,56 MHz<\/li>\n<li><strong>NFC Foruma Tipo<\/strong>: Tipo 4<\/li>\n<li><strong>Sekureca Protokolo<\/strong>: 128-bita AES, LRP<\/li>\n<li><strong>Alir\u015dlosiloj<\/strong>: 5 x 128-bit<\/li>\n<li><strong>Skribu Endurance<\/strong>: 200.000 cikloj<\/li>\n<li><strong>Materialo<\/strong>: PET (Akvorezista\/Veterrezista)<\/li>\n<li><strong>Loko de Origino<\/strong>: Guangdong, \u0108inio<\/li>\n<\/ul>\n<p>\u0108i tiuj specifoj indikas, ke \u0109i tiu NFC-glumarko estas konstruita por alta rendimento kaj fidindeco, ideala por aplikoj bezonantaj konstantan interagadon kaj datumsekurecon.<\/p>\n<p>&nbsp;<\/p>\n<p>&nbsp;<\/p>\n<h3><strong>\u0108efaj Trajtoj de NTAG 424 DNA NFC-Glumarko<\/strong><\/h3>\n<p>&nbsp;<\/p>\n<p>La\u00a0<strong>NFC-glumarko<\/strong>\u00a0integras iujn\u00a0<strong>specialaj trajtoj<\/strong>\u00a0kiuj plibonigas \u011dian \u011deneralan rendimenton. Jen kelkaj elstaraj trajtoj:<\/p>\n<ul>\n<li><strong>Akvorezista kaj Veterrezista<\/strong>: \u0108i tiu NFC-glumarko estas kreita por elteni diversajn mediajn kondi\u0109ojn, igante \u011din ta\u016dga por amba\u016d endomaj kaj eksterlandaj aplikoj. \u0108u \u011di estas \u015dpruceto de akvo a\u016d eksponi\u011do al sunlumo, la\u00a0<strong>Glumarko NTAG 424 DNA NFC<\/strong>\u00a0restas funkcia kaj sendifekta.<\/li>\n<li><strong>Alt-Efikeca Komunikado<\/strong>: Funkcianta kun ofteco de\u00a0<strong>13,56 MHz<\/strong>, \u0109i tiu NFC-glumarko permesas rapidan komunikadon kun\u00a0<strong>NFC-ebligitaj sa\u011dtelefonoj<\/strong>\u00a0kaj aparatoj. Tia senjunta interago certigas efikan kaj rapidan aliron al informoj kiam la glumarko estas skanita.<\/li>\n<li><strong>Man\u011drezista Teknologio<\/strong>: La kapablo de la glumarko funkcii kiel evidenta sigelo provizas trankvilon. Se iu provas aliri la informojn sen ta\u016dga rajtigo, la glumarko signalas mistraktadon, tiel protektante la integrecon de via produkto.<\/li>\n<\/ul>\n<p>\u0108i tiu kombina\u0135o de funkcioj igas la glumarkon NTAG 424 DNA NFC valora valora\u0135o por entreprenoj investitaj por protekti kaj kontroli siajn produktojn.<\/p>\n<p>&nbsp;<\/p>\n<h3><strong>Oftaj Demandoj: Oftaj Demandoj pri la Dia 30mm NTAG 424 DNA NFC-Glumarko<\/strong><\/h3>\n<h3>1.\u00a0<strong>Por kio estas la glumarko Dia 30mm NTAG 424 DNA NFC?<\/strong><\/h3>\n<p>La glumarko NTAG 424 DNA NFC estas \u0109efe uzata por produkta a\u016dtentigo kaj kontra\u016dfalsado, precipe en valoraj a\u0135oj kiel ru\u011da vino. \u011ci anka\u016d povas servi diversajn aplikojn en sektoroj kiel podetala komerco, lo\u011distiko, kaj stokregistrado disponigante facilan aliron al cifereca enhavo kiam skanita per NFC-ebligita inteligenta telefono.<\/p>\n<h3>2.\u00a0<strong>Kiel mi uzas la NFC-glumarkon?<\/strong><\/h3>\n<p>Por uzi la NFC-glumarkon, simple sen\u015deligu la gluan apogilon kaj aligu \u011din al via dezirata surfaco. Por skani, uzantoj bezonas NFC-ebligitan inteligentan telefonon a\u016d aparaton. Tenante la aparaton proksime de la glumarko, la informoj konservitaj en \u011di povas esti aliritaj a\u016dtomate.<\/p>\n<h3>3.\u00a0<strong>\u0108u la glumarko NTAG 424 DNA NFC estas akvorezista?<\/strong><\/h3>\n<p>Jes, la glumarko NTAG 424 DNA NFC estas desegnita por esti akvorezista kaj veterrezista. \u011ci povas elteni diversajn mediajn kondi\u0109ojn, igante \u011din ta\u016dga por amba\u016d endomaj kaj sub\u0109ielaj aplikoj.<\/p>\n<h3>4.\u00a0<strong>Kiom sekuraj estas la datumoj stokitaj sur la NFC-glumarko?<\/strong><\/h3>\n<p>La glumarko havas fortikajn sekurecprotokolojn, inkluzive de 128-bita AES-\u0109ifrado kaj multoblaj alir\u015dlosiloj (5 x 128-bita). \u0108i tiu nivelo de sekureco helpas protekti la datumojn kontra\u016d nea\u016dtorizita aliro kaj certigas, ke nur permesitaj uzantoj povas preni a\u016d modifi la informojn konservitajn sur \u011di.<\/p>\n<h3>5.\u00a0<strong>\u0108u la datumoj sur la NFC-glumarko povas esti \u011disdatigitaj?<\/strong><\/h3>\n<p>Jes, la datumoj konservitaj sur la glumarko NTAG 424 DNA povas esti \u011disdatigitaj per NFC-ebligita aparato. \u0108i tiu funkcio estas precipe utila por entreprenoj, kiuj bezonas teni produktajn informojn aktualajn kaj gravajn la\u016dlonge de la tempo.<\/p>","protected":false},"excerpt":{"rendered":"<p>La\u00a0<strong>Dia 30mm NTAG 424 DNA NFC Glumarko<\/strong>\u00a0ofertas altan sekurecon kaj kontra\u016dfrapeblajn funkciojn, igante \u011din esenca solvo por produkta a\u016dtentigo kaj kontra\u016dfalsado. Desegnita por fortikeco kaj akvorezisto, \u0109i tiu NFC-glumarko certigas fidindan protekton kaj spureblecon por lar\u011da gamo de aplikoj.<\/p>","protected":false},"featured_media":3304,"template":"","meta":[],"product_brand":[],"product_cat":[48],"product_tag":[],"class_list":{"0":"post-3303","1":"product","2":"type-product","3":"status-publish","4":"has-post-thumbnail","6":"product_cat-nfc-stickers","8":"first","9":"instock","10":"shipping-taxable","11":"product-type-simple"},"_links":{"self":[{"href":"https:\/\/nfc-readers.com\/eo\/wp-json\/wp\/v2\/product\/3303","targetHints":{"allow":["GET"]}}],"collection":[{"href":"https:\/\/nfc-readers.com\/eo\/wp-json\/wp\/v2\/product"}],"about":[{"href":"https:\/\/nfc-readers.com\/eo\/wp-json\/wp\/v2\/types\/product"}],"wp:featuredmedia":[{"embeddable":true,"href":"https:\/\/nfc-readers.com\/eo\/wp-json\/wp\/v2\/media\/3304"}],"wp:attachment":[{"href":"https:\/\/nfc-readers.com\/eo\/wp-json\/wp\/v2\/media?parent=3303"}],"wp:term":[{"taxonomy":"product_brand","embeddable":true,"href":"https:\/\/nfc-readers.com\/eo\/wp-json\/wp\/v2\/product_brand?post=3303"},{"taxonomy":"product_cat","embeddable":true,"href":"https:\/\/nfc-readers.com\/eo\/wp-json\/wp\/v2\/product_cat?post=3303"},{"taxonomy":"product_tag","embeddable":true,"href":"https:\/\/nfc-readers.com\/eo\/wp-json\/wp\/v2\/product_tag?post=3303"}],"curies":[{"name":"wp","href":"https:\/\/api.w.org\/{rel}","templated":true}]}}