{"id":3311,"date":"2024-11-01T05:20:56","date_gmt":"2024-11-01T05:20:56","guid":{"rendered":"https:\/\/nfc-readers.com\/?post_type=product&#038;p=3311"},"modified":"2024-11-01T05:20:57","modified_gmt":"2024-11-01T05:20:57","slug":"iso14443a-ntag-213-215-216-pet-wet-inlay-nfc-tag-dia30mm","status":"publish","type":"product","link":"https:\/\/nfc-readers.com\/eo\/ic-reader\/iso14443a-ntag-213-215-216-pet-wet-inlay-nfc-tag-dia30mm\/","title":{"rendered":"ISO14443A NTAG 213 215 216 PET Malseka Inkrusta\u0135o NFC Tag Dia30mm"},"content":{"rendered":"<h1 style=\"text-align: center;\"><strong>ISO14443A NTAG 213 215 216 PET Malseka Inkrusta\u0135o NFC Tag Dia30mm<\/strong><\/h1>\n<p>Malkovru la potencon de konektebleco kun nia\u00a0<strong>ISO14443A NTAG 213 215 216 PET Malseka Inkrusta\u0135o NFC-Etikedo<\/strong>. \u0108i tiu 30mm-diametra NFC-etikedo estas dizajnita por simpligi komunikadon inter aparatoj kun ofteco de 13.56Mhz, ebligante vin inter\u015dan\u011di datumojn facile kaj rapide. Idealaj por diversaj aplikoj, \u0109i tiuj etikedoj estas plenplenaj de avanta\u011doj, kiuj plibonigas uzeblecon, fortikecon kaj \u0109iuflankecon. \u0108u vi ser\u0109as integri NFC-teknologion en vian komercon, krei interagajn spertojn a\u016d simple bezonas fidindan NFC-solvon, niaj etikedoj estas konsiderindaj.<\/p>\n<p><strong>Kial Vi A\u0109etu \u0108i tiun NFC-etikedon:<\/strong><\/p>\n<ul>\n<li><strong>Fortikeco:<\/strong>\u00a0\u0108iu NFC-etikedo estas farita el altkvalita PET-materialo, certigante ke \u011di eltenas mediajn defiojn kiel humidecon kaj temperaturfluktuojn.<\/li>\n<li><strong>Reskribi Kapablo:<\/strong>\u00a0Kun blatoj haveblaj en NTAG 213, 215, kaj 216 variantoj, \u0109i tiuj etikedoj ofertas malsamajn memorkapablojn (144\/504\/888 bajtoj), permesante vin stoki diversajn datumtipojn a\u016d \u015dan\u011di informojn la\u016dbezone.<\/li>\n<li><strong>Facila Integri\u011do:<\/strong>\u00a0NFC-etikedoj funkcias perfekte kun \u0109iuj NFC-ebligitaj aparatoj, inkluzive de sa\u011dtelefonoj kaj NFC-legiloj, igante ilin idealaj por merkatado, inteligentaj vizitkartoj kaj interagaj produktaj informoj.<\/li>\n<\/ul>\n<h2>Produkta Skizo<\/h2>\n<h3>1. Karakteriza\u0135oj de ISO14443A NTAG 213 215 216 PET NFC-Etikedoj<\/h3>\n<p>La\u00a0<strong>ISO14443A NTAG NFC-Etikedoj<\/strong>\u00a0estas plenplenaj de funkcioj dizajnitaj por efikeco en diversaj aplikoj. Tiuj \u0109i\u00a0<strong>NFC-glumarkoj<\/strong>\u00a0uzu komunikadan interfacon, kiu certigas rapidan kaj efikan datum\u015dan\u011don. Plibonigitaj kun akvorezistaj kaj veterrezistaj kapabloj, \u0109i tiuj etikedoj povas esti deplojitaj en kaj endomaj kaj sub\u0109ielaj agordoj sen zorgo pri dama\u011do. Ilia kompakta grandeco (Dia30mm) faciligas ilin meti sur ampleksa vario de surfacoj.<\/p>\n<h3>2. La Teknologio Malanta\u016d NFC Komunikado<\/h3>\n<p>Kompreni la teknologion malanta\u016d NFC estas esenca por aprezi la avanta\u011dojn de \u0109i tiuj etikedoj. Funkcianta kun ofteco de\u00a0<strong>13.56MHz<\/strong>, NFC-teknologio permesas datum\u015dan\u011don inter aparatoj ene de mallonga gamo, kutime 4 cm a\u016d malpli. \u0108i tiu mallongdistanca igas NFC-etikedojn idealaj por sekuraj transakcioj, elektronikaj vizitkartoj kaj ciferecaj merkataj kampanjoj.<\/p>\n<h3>3. Klarigitaj Memorvaria\u0135oj: NTAG 213, 215 kaj 216<\/h3>\n<p>\u0108iu peceta varianto venas kun apartaj memorkapabloj kaj funkcioj. La\u00a0<strong>NTAG 213<\/strong>\u00a0provizas 144 bajtojn, igante \u011din perfekta por malgrandaj URL-oj a\u016d simplaj identigiloj. La\u00a0<strong>NTAG 215<\/strong>\u00a0ofertas 504 bajtojn, ta\u016dgajn por pli kompleksaj datumoj kiel vizitkartoj a\u016d produktaj detaloj. Laste, la\u00a0<strong>NTAG 216<\/strong>\u00a0havas 888 bajtojn, kiuj povas stoki e\u0109 pli grandajn datumarojn por altnivelaj aplikoj. Elekti la \u011dustan etikedon dependas de viaj specifaj bezonoj kaj dezirata datumstokado.<\/p>\n<h3>4. Aplikoj de NFC-Etikedoj en \u0108iutaga Vivo<\/h3>\n<p>NFC-etikedoj havas multajn aplikojn en la moderna mondo. De senkontaktaj pagoj kaj po\u015dtelefonaj biletoj \u011dis interaga reklamado kaj administrado de eventoj, \u0109i tiuj etikedoj transformas kiel ni interagas kun teknologio. Por entreprenoj, uzi NFC-etikedojn por dividi produktajn informojn a\u016d reklamojn povas plibonigi klientan enga\u011di\u011don kaj pliigi vendojn.<\/p>\n<h3>5. Media Efiko kaj Da\u016dripovo<\/h3>\n<p>Dum ni movi\u011das al pli ciferece ligita mondo, kompreni la median efikon de niaj elektoj estas decida. Niaj NFC-etikedoj estas faritaj el da\u016drigeblaj materialoj kaj estas dizajnitaj por longda\u016dra uzo, kontribuante al reduktita elektronika mal\u015dparo. Uzante NFC-teknologion, entreprenoj anka\u016d povas minimumigi paperan uzadon, anta\u016denigante ekologiajn praktikojn en merkatado kaj informdividado.<\/p>\n<h3>Teknikaj Specifoj<\/h3>\n<table class=\"w-fit !mb-0 !max-w-none\" style=\"height: 297px;\" width=\"424\">\n<thead>\n<tr>\n<th><strong>Specifo<\/strong><\/th>\n<th><strong>Detaloj<\/strong><\/th>\n<\/tr>\n<\/thead>\n<tbody>\n<tr>\n<td><strong>Materialo<\/strong><\/td>\n<td>PET<\/td>\n<\/tr>\n<tr>\n<td><strong>Grandeco<\/strong><\/td>\n<td>Dia30mm \/ Propra<\/td>\n<\/tr>\n<tr>\n<td><strong>Ofteco<\/strong><\/td>\n<td>13.56MHz<\/td>\n<\/tr>\n<tr>\n<td><strong>Komunika Interfaco<\/strong><\/td>\n<td>NFC<\/td>\n<\/tr>\n<tr>\n<td><strong>Tipoj de blatoj<\/strong><\/td>\n<td>NTAG 213, NTAG 215, NTAG 216<\/td>\n<\/tr>\n<tr>\n<td><strong>Memoraj Opcioj<\/strong><\/td>\n<td>144 \/ 504 \/ 888 bajtoj<\/td>\n<\/tr>\n<tr>\n<td><strong>Protokolo<\/strong><\/td>\n<td>ISO14443A<\/td>\n<\/tr>\n<tr>\n<td><strong>Pakaj Detaloj<\/strong><\/td>\n<td>100 pcs\/sako; 5000 pcs\/skatolo<\/td>\n<\/tr>\n<tr>\n<td><strong>Haveno de Origino<\/strong><\/td>\n<td>\u015cen\u0135eno, \u0108inio<\/td>\n<\/tr>\n<tr>\n<td><strong>Proviza Kapablo<\/strong><\/td>\n<td>5,000,000 pecoj\/monato<\/td>\n<\/tr>\n<\/tbody>\n<\/table>\n<h1>Oftaj Demandoj (FAQs) pri ISO14443A NTAG NFC-Etikedoj<\/h1>\n<h3>1.\u00a0<strong>Kio estas NFC-etikedoj, kaj kiel ili funkcias?<\/strong><\/h3>\n<p>NFC (Near Field Communication) etikedoj estas malgrandaj aparatoj, kiuj konservas datumojn, kiujn oni povas aliri per NFC-ebligitaj aparatoj (kiel sa\u011dtelefonoj) simple kunfrapante ilin. Ili uzas elektromagnetajn ondojn por transdoni datumojn sur mallongaj distancoj, tipe 4 cm a\u016d malpli.<\/p>\n<h3>2.\u00a0<strong>Kiuj specoj de NFC-etikedoj haveblas?<\/strong><\/h3>\n<p>Niaj NFC-etikedoj venas en diversaj tipoj, inkluzive de:<\/p>\n<ul>\n<li><strong>NTAG 213:<\/strong>\u00a0144 bajtoj da memoro, ideala por simplaj datumoj kiel URL-oj.<\/li>\n<li><strong>NTAG 215:<\/strong>\u00a0504 bajtoj da memoro, ta\u016dga por pli kompleksaj datumoj, kiel vizitkartoj.<\/li>\n<li><strong>NTAG 216:<\/strong>\u00a0888 bajtoj da memoro, perfekta por altnivelaj aplikoj postulantaj pli grandajn datumajn arojn.<\/li>\n<\/ul>\n<h3>3.\u00a0<strong>\u0108u la NFC-etikedoj estas akvorezistaj?<\/strong><\/h3>\n<p>Jes, niaj NFC-etikedoj estas dizajnitaj por esti akvorezistaj kaj veterrezistaj, igante ilin ta\u016dgaj por endoma kaj sub\u0109iela uzo, e\u0109 en malfacilaj vetercirkonstancoj.<\/p>\n<h3>4.\u00a0<strong>\u0108u la NFC-etikedoj povas esti reverkitaj?<\/strong><\/h3>\n<p>Absolute! \u0108i tiuj NFC-etikedoj estas reverkeblaj, permesante al vi \u015dan\u011di la konservitajn informojn la\u016dbezone. \u0108i tiu funkcio estas precipe utila por provizoraj kampanjoj a\u016d projektoj postulantaj oftajn \u011disdatigojn.<\/p>\n<h3>5.\u00a0<strong>Kiel mi programas NFC-etikedon?<\/strong><\/h3>\n<p>Programi vian NFC-etikedon estas simpla. Uzu NFC-ebligitan inteligentan telefonon kaj NFC-skriban apon. Simple malfermu la apon, elektu la datumojn, kiujn vi volas konservi (kiel URL, teksto a\u016d kontaktinformoj), kaj frapu vian telefonon al la etikedo por skribi la datumojn.<\/p>\n<p>&nbsp;<\/p>","protected":false},"excerpt":{"rendered":"<p>La ISO14443A NTAG 213\/215\/216 PET Wet Inlay NFC-Etikedo (Dia 30mm) estas da\u016drema, akvorezista solvo por senjunta inter\u015dan\u011do de datumoj. Ideala por diversaj aplikoj, de merkatado \u011dis inteligentaj vizitkartoj.<\/p>","protected":false},"featured_media":3312,"template":"","meta":[],"product_brand":[],"product_cat":[47],"product_tag":[],"class_list":{"0":"post-3311","1":"product","2":"type-product","3":"status-publish","4":"has-post-thumbnail","6":"product_cat-nfc-tags","8":"first","9":"instock","10":"shipping-taxable","11":"product-type-simple"},"_links":{"self":[{"href":"https:\/\/nfc-readers.com\/eo\/wp-json\/wp\/v2\/product\/3311","targetHints":{"allow":["GET"]}}],"collection":[{"href":"https:\/\/nfc-readers.com\/eo\/wp-json\/wp\/v2\/product"}],"about":[{"href":"https:\/\/nfc-readers.com\/eo\/wp-json\/wp\/v2\/types\/product"}],"wp:featuredmedia":[{"embeddable":true,"href":"https:\/\/nfc-readers.com\/eo\/wp-json\/wp\/v2\/media\/3312"}],"wp:attachment":[{"href":"https:\/\/nfc-readers.com\/eo\/wp-json\/wp\/v2\/media?parent=3311"}],"wp:term":[{"taxonomy":"product_brand","embeddable":true,"href":"https:\/\/nfc-readers.com\/eo\/wp-json\/wp\/v2\/product_brand?post=3311"},{"taxonomy":"product_cat","embeddable":true,"href":"https:\/\/nfc-readers.com\/eo\/wp-json\/wp\/v2\/product_cat?post=3311"},{"taxonomy":"product_tag","embeddable":true,"href":"https:\/\/nfc-readers.com\/eo\/wp-json\/wp\/v2\/product_tag?post=3311"}],"curies":[{"name":"wp","href":"https:\/\/api.w.org\/{rel}","templated":true}]}}