{"id":3318,"date":"2024-11-01T05:29:10","date_gmt":"2024-11-01T05:29:10","guid":{"rendered":"https:\/\/nfc-readers.com\/?post_type=product&#038;p=3318"},"modified":"2024-11-01T05:29:20","modified_gmt":"2024-11-01T05:29:20","slug":"iso15693-icode-custom-size-pet-wet-dry-inlay-nfc-sticker","status":"publish","type":"product","link":"https:\/\/nfc-readers.com\/eo\/ic-reader\/iso15693-icode-custom-size-pet-wet-dry-inlay-nfc-sticker\/","title":{"rendered":"ISO15693 ICODE Propra Grandeco PET WET Dry Inlay NFC Glumarko"},"content":{"rendered":"<h1 style=\"text-align: center;\"><strong>ISO15693 ICODE Propra Grandeco PET WET Dry Inlay NFC Glumarko<\/strong><\/h1>\n<p>&nbsp;<\/p>\n<p>En la hodia\u016da cifereca epoko, la integri\u011do de Near Field Communication (NFC) teknologio transformis kiel entreprenoj komunikas kaj interagas kun siaj klientoj. La\u00a0<strong>ISO15693 ICODE Propra Grandeco PET WET Dry Inlay NFC Glumarko<\/strong>\u00a0reprezentas signifan progreson en NFC-produktoj, ofertante fidindan komunikadon, multfacetajn aplikojn kaj esceptan fortikecon. \u0108i tiu diverstalenta NFC-glumarko, dizajnita por diversaj uzkazoj, certigas senjuntajn interagojn inter aparatoj, igante \u011din esenca ilo por modernaj entreprenoj kaj individuoj.<\/p>\n<p>Kun NFC-glumarko, vi povas plifaciligi procezojn, plibonigi la enga\u011di\u011don de uzantoj kaj fari \u0109iutagajn taskojn pli efikaj. \u0108u vi celas \u011disdatigi viajn merkatajn strategiojn, plibonigi klientan sperton a\u016d simpligi transakciojn, \u0109i tiu NFC-glumarko provizas la funkciojn kaj fidindecon, kiujn vi bezonas.<\/p>\n<p>&nbsp;<\/p>\n<h2><strong>Unika Trajtoj<\/strong><\/h2>\n<p>La elstaraj trajtoj de la glumarko ISO15693 ICODE NFC faras \u011din nepra por entreprenoj kaj individuoj, kiuj volas plifaciligi siajn operaciojn.<\/p>\n<ul>\n<li><strong>Akvorezista \/ Veterrezista<\/strong>: La kapablo rezisti diversajn mediajn kondi\u0109ojn signifas, ke la NFC-glumarkoj povas esti uzataj en sub\u0109ielaj agordoj a\u016d lokoj kie povus \u0109eesti humideco. \u0108i tiu funkcio certigas, ke la glumarko konservas sian funkcion sen degradado la\u016dlonge de la tempo.<\/li>\n<li><strong>Propraj Grandecoj<\/strong>: \u0108i tiu NFC-glumarko povas esti fabrikita en malsamaj grandecoj kaj formoj, depende de viaj postuloj, igante \u011din ta\u016dga por diversaj aplikoj\u2014\u0109u produkta etikedado, alirkontrolinsignoj a\u016d reklamaj materialoj.<\/li>\n<\/ul>\n<p>\u0108i tiuj unikaj funkcioj ne nur plibonigas uzeblecon, sed anka\u016d vastigas la eblecojn por apliki\u011do tra pluraj industrioj.<\/p>\n<p>&nbsp;<\/p>\n<h2><strong>Teknikaj Specifoj<\/strong><\/h2>\n<table class=\"w-fit !mb-0 !max-w-none\" style=\"height: 300px;\" width=\"443\">\n<thead>\n<tr>\n<th>Specifo<\/th>\n<th>Detaloj<\/th>\n<\/tr>\n<\/thead>\n<tbody>\n<tr>\n<td><strong>Ofteco<\/strong><\/td>\n<td>13,56 MHz<\/td>\n<\/tr>\n<tr>\n<td><strong>Tipoj de blatoj<\/strong><\/td>\n<td>ICODE SLIX \/ SLIX2 \/ SLIXS<\/td>\n<\/tr>\n<tr>\n<td><strong>Memoro<\/strong><\/td>\n<td>Bazita sur blato<\/td>\n<\/tr>\n<tr>\n<td><strong>Protokolo<\/strong><\/td>\n<td>ISO15693<\/td>\n<\/tr>\n<tr>\n<td><strong>Materialo<\/strong><\/td>\n<td>PET<\/td>\n<\/tr>\n<tr>\n<td><strong>Propra Grandeco<\/strong><\/td>\n<td>50*50MM a\u016d Propra<\/td>\n<\/tr>\n<tr>\n<td><strong>Loko de Origino<\/strong><\/td>\n<td>Guangdong, \u0108inio<\/td>\n<\/tr>\n<tr>\n<td><strong>Pakaj Detaloj<\/strong><\/td>\n<td>100pcs\/sako, 5000pcs\/skatolo<\/td>\n<\/tr>\n<tr>\n<td><strong>Haveno<\/strong><\/td>\n<td>\u015cen\u0135eno<\/td>\n<\/tr>\n<tr>\n<td><strong>Pezo<\/strong><\/td>\n<td>0,010 kg<\/td>\n<\/tr>\n<\/tbody>\n<\/table>\n<p>La detalaj teknikaj specifoj certigas, ke la produkto plenumas industriajn normojn dum ili provizas flekseblecon por diversaj aplikoj.<\/p>\n<p>&nbsp;<\/p>\n<h2><strong>Oftaj Demandoj<\/strong><\/h2>\n<p>Jen kelkaj oftaj demandoj pri la\u00a0<strong>ISO15693 ICODE Propra Grandeco PET WET Dry Inlay NFC Glumarko<\/strong>\u00a0por helpi vin akiri pli bonan komprenon de \u011diaj kapabloj kaj aplikoj:<\/p>\n<h3><strong>1. Kiuj aparatoj povas interagi kun la NFC-glumarko?<\/strong><\/h3>\n<p>NFC-glumarkoj estas kongruaj kun la plej multaj\u00a0<strong>NFC-ebligitaj sa\u011dtelefonoj<\/strong>, tablojdoj kaj senkontaktaj legantoj. Aparatoj kiuj subtenas NFC-teknologion povos legi la informojn enigitan en la glumarkon.<\/p>\n<h3><strong>2. Kiom da\u016dre estas la NFC-glumarko?<\/strong><\/h3>\n<p>La glumarko ISO15693 ICODE NFC estas farita el\u00a0<strong>PET-materialo<\/strong>, farante \u011din amba\u016d\u00a0<strong>akvorezista kaj veterrezista<\/strong>. \u011ci estas desegnita por elteni diversajn mediajn kondi\u0109ojn, certigante fidindecon kaj longvivecon en malsamaj agordoj.<\/p>\n<h3><strong>3. \u0108u mi povas personecigi la grandecon kaj formon de la NFC-glumarko?<\/strong><\/h3>\n<p>Jes! La NFC-glumarko povas esti produktita en\u00a0<strong>malsamaj grandecoj kaj formoj<\/strong>, permesante personigon por plenumi viajn specifajn aplikajn bezonojn. Bonvolu demandi pri disponeblaj opcioj.<\/p>\n<h3><strong>4. Kio estas la legata gamo de la NFC-glumarko?<\/strong><\/h3>\n<p>La lega intervalo por NFC-teknologio estas tipe\u00a0<strong>kelkajn centimetrojn<\/strong>\u00a0(\u011dis 10 cm). La agado de la glumarko povas varii depende de la aparato uzata por skanado kaj mediaj faktoroj.<\/p>\n<h3><strong>5. Kiajn informojn mi povas konservi sur la NFC-glumarko?<\/strong><\/h3>\n<p>Vi povas konservi diversajn specojn de informoj sur NFC-glumarko, inkluzive\u00a0<strong>URLoj, kontaktinformoj, tekstoj kaj malgrandaj binaraj datumoj<\/strong>\u00a0(tipe ene de la limoj de la memoro de la peceto). Uzante malsamajn \u0109ipetajn opciojn (kiel ekzemple ICODE SLIX), la memoro povas varii.<\/p>","protected":false},"excerpt":{"rendered":"<p>La ISO15693 ICODE Propra Grandeco PET WET Dry Inlay NFC Glumarko estas diverstalenta kaj da\u016dra NFC-solvo desegnita por senjunta komunikado en amba\u016d malsekaj kaj sekaj medioj. Kun agordeblaj grandecoj kaj fortikaj akvorezistaj funkcioj, \u011di estas ideala por diversaj aplikoj, de merkataj promocioj \u011dis sekura alirkontrolo.<\/p>","protected":false},"featured_media":3319,"template":"","meta":[],"product_brand":[],"product_cat":[48],"product_tag":[],"class_list":{"0":"post-3318","1":"product","2":"type-product","3":"status-publish","4":"has-post-thumbnail","6":"product_cat-nfc-stickers","8":"first","9":"instock","10":"shipping-taxable","11":"product-type-simple"},"_links":{"self":[{"href":"https:\/\/nfc-readers.com\/eo\/wp-json\/wp\/v2\/product\/3318","targetHints":{"allow":["GET"]}}],"collection":[{"href":"https:\/\/nfc-readers.com\/eo\/wp-json\/wp\/v2\/product"}],"about":[{"href":"https:\/\/nfc-readers.com\/eo\/wp-json\/wp\/v2\/types\/product"}],"wp:featuredmedia":[{"embeddable":true,"href":"https:\/\/nfc-readers.com\/eo\/wp-json\/wp\/v2\/media\/3319"}],"wp:attachment":[{"href":"https:\/\/nfc-readers.com\/eo\/wp-json\/wp\/v2\/media?parent=3318"}],"wp:term":[{"taxonomy":"product_brand","embeddable":true,"href":"https:\/\/nfc-readers.com\/eo\/wp-json\/wp\/v2\/product_brand?post=3318"},{"taxonomy":"product_cat","embeddable":true,"href":"https:\/\/nfc-readers.com\/eo\/wp-json\/wp\/v2\/product_cat?post=3318"},{"taxonomy":"product_tag","embeddable":true,"href":"https:\/\/nfc-readers.com\/eo\/wp-json\/wp\/v2\/product_tag?post=3318"}],"curies":[{"name":"wp","href":"https:\/\/api.w.org\/{rel}","templated":true}]}}