{"id":3325,"date":"2024-11-01T05:35:51","date_gmt":"2024-11-01T05:35:51","guid":{"rendered":"https:\/\/nfc-readers.com\/?post_type=product&#038;p=3325"},"modified":"2024-11-01T05:35:51","modified_gmt":"2024-11-01T05:35:51","slug":"ntag-215-75mm-nfc-epoxy-custom-table-menu-sticker","status":"publish","type":"product","link":"https:\/\/nfc-readers.com\/eo\/ic-reader\/ntag-215-75mm-nfc-epoxy-custom-table-menu-sticker\/","title":{"rendered":"Ntag 215 75MM NFC Epoksia Propra Tabla Menua Glumarko"},"content":{"rendered":"<h1 style=\"text-align: center;\"><strong>Ntag 215 75MM NFC Epoksia Propra Tabla Menua Glumarko<\/strong><\/h1>\n<p>&nbsp;<\/p>\n<p>En la \u0109iam evoluanta pejza\u011do de restoracioteknologio, la\u00a0<strong>Ntag 215 75MM NFC Epoksia Propra Tabla Menua Glumarko<\/strong>\u00a0aperas kiel pionira solvo por modernaj man\u011daj spertoj. \u0108i tiu diverstalenta NFC-glumarko permesas al restoracioj prezenti siajn menuojn en fre\u015da, alloga maniero dum plibonigas klientan sperton per la potenco de senkontakta teknologio. Diru adia\u016d al tradiciaj paperaj menuoj kaj saluton al senjunta, cifereca interago.<\/p>\n<p>&nbsp;<\/p>\n<h3><strong>Avanta\u011doj de la Ntag 215 NFC Epoksia Glumarko<\/strong><\/h3>\n<p>La glumarko Ntag 215 NFC ne estas nur produkto; \u011di estas transforma ilo por plibonigi gastamajn servojn. Kun \u011dia akvorezista funkcio kaj personigo, \u0109i tiu NFC-etikedo renkontas la unikajn bezonojn de diversaj man\u011dejoj. Jen konvinkaj kialoj por investi en \u0109i tiu produkto:<\/p>\n<ul>\n<li><strong>Senkontakta Kundivido<\/strong>: Klientoj povas senpene aliri ciferecajn menuojn per siaj NFC-ebligitaj inteligentaj telefonoj, kreante higienan kaj interagan man\u011dan sperton.<\/li>\n<li><strong>Personigo<\/strong>: Tajlu la glumarkon per diversaj grandecoj, presa\u0135oj kaj dezajnoj por plej bone konveni la markon de via restoracio dum vi montras vian menuon kaj reklamojn.<\/li>\n<li><strong>Fortika kaj Fidinda<\/strong>: Kun akvorezista kaj veterrezista dezajno kaj farita el altkvalitaj materialoj kiel epoksio kaj papero\/PVC, la glumarko Ntag 215 estas konstruita por da\u016dri, certigante longtempan uzon en okupataj restoracioj.<\/li>\n<li><\/li>\n<\/ul>\n<h3><strong>Trajtoj de la Ntag 215 NFC-Glumarko<\/strong><\/h3>\n<p>La\u00a0<strong>Ntag 215 75MM NFC Epoksia Propra Tabla Menua Glumarko<\/strong>\u00a0havas multajn specifojn kiuj distingas \u011din:<\/p>\n<ul>\n<li><strong>Materialoj<\/strong>: Kreita el\u00a0<strong>epoksio kaj papero\/PVC<\/strong>, \u0109i tiu glumarko estas konstruita por fortikeco kaj fortikeco kontra\u016d tipaj restoracioj.<\/li>\n<li><strong>Grandeco kaj personigo<\/strong>: Dum la norma grandeco estas\u00a0<strong>75MM<\/strong>, kutimaj dimensioj disponeblas, permesante plenan tajloradon al iu ajn butiko-temo a\u016d menua bezono.<\/li>\n<li><strong>Komunika Interfaco<\/strong>: Utiligante la NFC-komunikan interfacon, \u011di funkcias sur a\u00a0<strong>ofteco de 13,56 MHz<\/strong>, certigante fidindecon kaj rapidecon en transdono de datumoj.<\/li>\n<\/ul>\n<p>Proponante eblojn por\u00a0<strong>ofseto kaj silkekrana presado<\/strong>, la glumarko Ntag 215 povas veni kun via emblemo, QR-kodoj a\u016d detalaj menueroj, plibonigante markrekonon kaj klientan enga\u011di\u011don.<\/p>\n<p>&nbsp;<\/p>\n<h3><strong>Personigo Opcioj<\/strong><\/h3>\n<p>Kun personigo estas signifa aspekto de la\u00a0<strong>Ntag 215 NFC-glumarko<\/strong>, restoracioj povas elekti el multaj elektoj:<\/p>\n<ul>\n<li><strong>Presi Opcioj<\/strong>: Elektu el\u00a0<strong>ofseta presado, silkekrana presado a\u016d QR-kodoj<\/strong>\u00a0- \u0109iuj la\u016dmendaj por kongrui kun la temo de la restoracio.<\/li>\n<li><strong>Grandecoj kaj Formoj<\/strong>: Dum la norma diametro estas\u00a0<strong>75MM<\/strong>, entreprenoj povas peti kutimajn grandecojn por konveni specifajn tablojn a\u016d ornamajn bezonojn. Flekseblaj opcioj permesas adapti\u011don al malsamaj medioj, \u0109u plataj a\u016d surmetalaj muntadoj.<\/li>\n<\/ul>\n<p>Povi personecigi vian NFC-glumarkon signifas, ke via restoracio povas konservi markon konsistencon dum plibonigas klientan interagadon.<\/p>\n<p>&nbsp;<\/p>\n<h3><strong>Oftaj Demandoj por Ntag 215 NFC Epoxy Propra Tabla Menua Glumarko<\/strong><\/h3>\n<h3>1.\u00a0<strong>Kio estas la Ntag 215 NFC Epoxy Propra Tabla Menua Glumarko?<\/strong><\/h3>\n<p>La Ntag 215 NFC Epoxy Propra Tabla Menua Glumarko estas da\u016drema, senkontakta NFC-glumarko dizajnita por restoracioj kaj aliaj man\u011dejoj. \u011ci permesas al klientoj facile aliri ciferecajn menuojn kaj promociojn frapante siajn NFC-ebligitajn sa\u011dtelefonojn kontra\u016d la glumarko.<\/p>\n<h3>2.\u00a0<strong>Kiel funkcias la teknologio NFC?<\/strong><\/h3>\n<p>NFC (Near Field Communication) permesas sendratan komunikadon inter aparatoj sur mallongaj distancoj (kutime malpli ol 4 cm). Kiam kliento frapetas sian NFC-ebligitan inteligentan telefonon kontra\u016d la glumarko Ntag 215, \u011di legas la datumojn konservitajn en la glumarko kaj montras la ciferecan menuon sur sia aparato.<\/p>\n<h3>3.\u00a0<strong>\u0108u la glumarkoj estas akvorezistaj?<\/strong><\/h3>\n<p>Jes, la glumarkoj Ntag 215 estas dezajnitaj por esti akvorezistaj kaj veterrezistaj. \u0108i tio certigas fortikecon kaj longvivecon e\u0109 en okupataj restoraciaj medioj, kie disver\u015dado kaj \u015dprucigado estas oftaj.<\/p>\n<h3>4.\u00a0<strong>\u0108u mi povas personecigi la dezajnon de la glumarko?<\/strong><\/h3>\n<p>Absolute! Vi povas personecigi la glumarkon Ntag 215 NFC kun diversaj dezajnaj opcioj, inkluzive de ofseta presado, silkekrana presado, emblemoj, QR-kodoj kaj personecigitaj dimensioj. \u0108i tio ebligas al vi vicigi la glumarkon kun la marko de via restoracio efike.<\/p>\n<h3>5.\u00a0<strong>Kiuj \u0109ipetoj disponeblas?<\/strong><\/h3>\n<p>La glumarko Ntag 215 venas anta\u016d\u015dar\u011dita kun la blato Ntag 215, sed vi anka\u016d povas elekti aliajn NFC-pecetojn kiel ekzemple Ntag 213, Ntag 216 a\u016d kutimajn agordojn la\u016d viaj specifaj bezonoj.<\/p>","protected":false},"excerpt":{"rendered":"<p>La Ntag 215 75MM NFC Epoxy Propra Tabla Menua Glumarko disponigas senjuntan, senkontaktan manieron por klientoj aliri ciferecajn menuojn. Da\u016drebla kaj agordebla, \u011di plibonigas la man\u011dan sperton por modernaj restoracioj.<\/p>","protected":false},"featured_media":3326,"template":"","meta":[],"product_brand":[],"product_cat":[48],"product_tag":[],"class_list":{"0":"post-3325","1":"product","2":"type-product","3":"status-publish","4":"has-post-thumbnail","6":"product_cat-nfc-stickers","8":"first","9":"instock","10":"shipping-taxable","11":"product-type-simple"},"_links":{"self":[{"href":"https:\/\/nfc-readers.com\/eo\/wp-json\/wp\/v2\/product\/3325","targetHints":{"allow":["GET"]}}],"collection":[{"href":"https:\/\/nfc-readers.com\/eo\/wp-json\/wp\/v2\/product"}],"about":[{"href":"https:\/\/nfc-readers.com\/eo\/wp-json\/wp\/v2\/types\/product"}],"wp:featuredmedia":[{"embeddable":true,"href":"https:\/\/nfc-readers.com\/eo\/wp-json\/wp\/v2\/media\/3326"}],"wp:attachment":[{"href":"https:\/\/nfc-readers.com\/eo\/wp-json\/wp\/v2\/media?parent=3325"}],"wp:term":[{"taxonomy":"product_brand","embeddable":true,"href":"https:\/\/nfc-readers.com\/eo\/wp-json\/wp\/v2\/product_brand?post=3325"},{"taxonomy":"product_cat","embeddable":true,"href":"https:\/\/nfc-readers.com\/eo\/wp-json\/wp\/v2\/product_cat?post=3325"},{"taxonomy":"product_tag","embeddable":true,"href":"https:\/\/nfc-readers.com\/eo\/wp-json\/wp\/v2\/product_tag?post=3325"}],"curies":[{"name":"wp","href":"https:\/\/api.w.org\/{rel}","templated":true}]}}