{"id":3332,"date":"2024-11-01T05:43:23","date_gmt":"2024-11-01T05:43:23","guid":{"rendered":"https:\/\/nfc-readers.com\/?post_type=product&#038;p=3332"},"modified":"2024-11-01T05:43:24","modified_gmt":"2024-11-01T05:43:24","slug":"ntag-213-custom-nfc-epoxy-sticker-for-nfc-smart-phone","status":"publish","type":"product","link":"https:\/\/nfc-readers.com\/eo\/ic-reader\/ntag-213-custom-nfc-epoxy-sticker-for-nfc-smart-phone\/","title":{"rendered":"Ntag 213 Propra NFC Epoksia Glumarko por NFC Smart Phone"},"content":{"rendered":"<h1 style=\"text-align: center;\"><strong>Ntag 213 Propra NFC Epoksia Glumarko por NFC Smart Phone<\/strong><\/h1>\n<p>&nbsp;<\/p>\n<p>Esploru la estontecon de konektebleco kun la\u00a0<strong>Ntag 213 Propra NFC Epoksia Glumarko<\/strong>, multflanka kaj noviga produkto dizajnita por senjuntaj interagoj kun\u00a0<strong>NFC-ebligitaj sa\u011dtelefonoj<\/strong>. Kun \u011diaj bonegaj trajtoj, inkluzive\u00a0<em>akvorezisto<\/em>, da\u016dra epoksia materialo, kaj agordeblaj opcioj, \u0109i tiu NFC-etikedo ne estas nur alia aparato sed revolucia ilo, kiu plibonigas vian ciferecan sperton. De pagprogramoj \u011dis facila kundivido de ciferecaj informoj, la glumarko Ntag 213 estas nepra por \u0109iu, kiu ser\u0109as oportunon kaj efikecon.<\/p>\n<p>&nbsp;<\/p>\n<h3><strong>Kial Vi Devus A\u0109eti Ntag 213 NFC-Glumarkojn<\/strong><\/h3>\n<p>Elekti la \u011dustan NFC-etikedon povas altigi vian komercan a\u016d personan markon dum certigas glatan uzantan sperton. La Ntag 213 Propra NFC Epoksia Glumarko elstaras pro sia unika miksa\u0135o de fidindeco, alta rendimento kaj adaptebleco. Kun la kapablo stoki 144 bajtojn da datumoj, \u0109i tiu NFC-glumarko estas ideala por amaso da aplikoj, igante \u011din esenca ilo en la hodia\u016da te\u0125nika mondo. Sed kial \u0109i tiu glumarko valoras la a\u0109eton? Jen kelkaj konvinkaj kialoj:<\/p>\n<ul>\n<li><strong>Fortikeco<\/strong>: Danke al \u011dia epoksia tega\u0135o, \u0109i tiu NFC-glumarko estas\u00a0<strong>akvorezista kaj veterrezista<\/strong>, permesante al \u011di reteni funkciecon en diversaj medioj.<\/li>\n<li><strong>Verstileco<\/strong>: Kun ebloj por personigo en grandeco, koloro kaj presa\u0135dezajno, vi povas adapti \u0109i tiun produkton por plenumi viajn specifajn markajn bezonojn.<\/li>\n<li><strong>Facila Integri\u011do<\/strong>: Kongrua kun lar\u011da gamo de\u00a0<strong>NFC-aparatoj<\/strong>, inkluzive de Android kaj iPhone, \u011di permesas al uzantoj senpene kunhavi informojn kaj okupi\u011di pri cifereca enhavo.<\/li>\n<\/ul>\n<p>&nbsp;<\/p>\n<h3><strong>Produktaj Trajtoj kaj Profitoj<\/strong><\/h3>\n<h3>Propraj Grandecoj kaj Koloroj<\/h3>\n<p>\u0108iu projekto estas unika, kaj nia\u00a0<strong>Ntag 213 NFC-glumarkoj<\/strong>\u00a0povas esti adaptita por konveni specifajn postulojn. \u0108u vi bezonas a\u00a0<strong>rektangulo<\/strong>, ovala a\u016d ronda dezajno, ni ofertas flekseblecon en formo kaj grandeco. Vi anka\u016d povas elekti el diversaj koloroj por kompletigi vian markon. \u0108i tiu nivelo de\u00a0<strong>personigo<\/strong>\u00a0certigas perfektan ta\u016dgan por viaj merkataj strategioj a\u016d personaj projektoj.<\/p>\n<h3>Akvorezista kaj Veterrezista Dezajno<\/h3>\n<p>La\u00a0<strong>epoksia materialo<\/strong>\u00a0uzata en la glumarko Ntag 213 donas al \u011di rimarkindan protekton kontra\u016d humideco kaj severaj vetercirkonstancoj. \u0108i tio\u00a0<strong>akvorezista<\/strong>\u00a0kapablo signifas, ke vi ne devas zorgi pri eksponi\u011do al la elementoj. \u0108u uzataj endome a\u016d ekstere, \u0109i tiuj NFC-etikedoj konservos sian funkciecon kaj efikecon, igante ilin ta\u016dgaj por aplikoj kiel sub\u0109iela reklamado a\u016d inteligentaj aparatoj kiuj postulas fortikecon.<\/p>\n<h3>13.56 MHz Komunikado Ofteco<\/h3>\n<p>Uzante la normon\u00a0<strong>13.56 MHz komunika frekvenco<\/strong>, \u0109i tiuj NFC-glumarkoj utiligas la potencon de\u00a0<strong>RFID<\/strong>\u00a0teknologio. \u0108i tiu ofteco provizas fidindan komunikan interfacon, certigante rapidan kaj sekuran transdonon de datumoj kiam skanita per NFC-ebligita aparato. \u0108i tiu kongruo plue plibonigas uzeblecon, ebligante senjuntan sperton tra diversaj platformoj kaj aparatoj.<\/p>\n<h3>NTAG213 Peceto por Alta Efikeco<\/h3>\n<p>\u0108e la koro de \u0109iu kutima glumarko Ntag 213 estas la\u00a0<strong>NTAG213 blato<\/strong>, fama pro sia alta rendimento kaj \u0109iuflankeco. Kun memoro pri\u00a0<strong>144 bajtoj<\/strong>, \u011di sukcese stokas URL-ojn, tekstojn a\u016d malgrandajn datumarojn. La arkitekturo de la blato permesas ampleksajn aplikojn de vizitkartoj \u011dis interagaj merkatigkampanjoj. \u011cia fidindeco certigas, ke viaj etikedoj povas esti skanitaj kaj alireblaj plurfoje sen fiasko.<\/p>\n<p>&nbsp;<\/p>\n<h3><strong>Teknikaj Specifoj<\/strong><\/h3>\n<table class=\"w-fit !mb-0 !max-w-none\" style=\"height: 297px;\" width=\"431\">\n<thead>\n<tr>\n<th>Karakteriza\u0135o<\/th>\n<th>Specifo<\/th>\n<\/tr>\n<\/thead>\n<tbody>\n<tr>\n<td>Blato<\/td>\n<td>NTAG213<\/td>\n<\/tr>\n<tr>\n<td>Ofteco<\/td>\n<td>13,56 MHz<\/td>\n<\/tr>\n<tr>\n<td>Memoro<\/td>\n<td>144 bajto<\/td>\n<\/tr>\n<tr>\n<td>Protokolo<\/td>\n<td>ISO14443<\/td>\n<\/tr>\n<tr>\n<td>Materialo<\/td>\n<td>Epoksio<\/td>\n<\/tr>\n<tr>\n<td>Grandeco<\/td>\n<td>Kutimo<\/td>\n<\/tr>\n<tr>\n<td>Koloro<\/td>\n<td>Kutimo<\/td>\n<\/tr>\n<tr>\n<td>Presaj Opcioj<\/td>\n<td>Ofseta Preso\/Pantone\/QR<\/td>\n<\/tr>\n<tr>\n<td>Loko de Origino<\/td>\n<td>Guangdong, \u0108inio<\/td>\n<\/tr>\n<tr>\n<td>Specialaj Trajtoj<\/td>\n<td>Akvorezista \/ Veterrezista<\/td>\n<\/tr>\n<\/tbody>\n<\/table>\n<h3><\/h3>\n<h3><strong>Oftaj Demandoj<\/strong><\/h3>\n<h3>Kiuj aparatoj estas kongruaj kun la glumarko Ntag 213 NFC?<\/h3>\n<p>La glumarkoj Ntag 213 estas kongruaj kun \u0109iuj NFC-ebligitaj sa\u011dtelefonoj, inkluzive de popularaj markoj kiel\u00a0<strong>iPhone<\/strong>\u00a0kaj\u00a0<strong>Samsung<\/strong>.<\/p>\n<h3>Kiom longe da\u016dras la kuirilaro?<\/h3>\n<p>Ntag 213 NFC-glumarkoj ne postulas kuirilaron; ili estas pasivaj aparatoj, kiuj \u0109erpas potencon de la NFC-ebligita leganto. Tiel longe kiel la etikedo estas sendifekta kaj ene de intervalo, \u011di funkcios.<\/p>\n<h3>\u0108u \u0109i tiuj glumarkoj povas esti uzataj ekstere?<\/h3>\n<p>Jes! Niaj NFC-glumarkoj estas dizajnitaj por esti\u00a0<strong>akvorezista kaj veterrezista<\/strong>, igante ilin ta\u016dgaj por amba\u016d endomaj kaj sub\u0109ielaj aplikoj.<\/p>\n<h3>\u0108u estas maksimuma skandistanco?<\/h3>\n<p>La efika skana distanco estas kutime \u011dis 10 cm (4 coloj), depende de la NFC-antenforto kaj mediaj faktoroj de la aparato.<\/p>","protected":false},"excerpt":{"rendered":"<p>La\u00a0<strong>NTAG-213 Propra NFC Epoksia Glumarko<\/strong>\u00a0estas diverstalenta, akvorezista NFC-etikedo dizajnita por senjunta interagado kun NFC-ebligitaj sa\u011dtelefonoj. Agordigebla la\u016d grandeco, koloro kaj presaj opcioj, \u0109i tiu da\u016dra glumarko permesas al entreprenoj kaj individuoj kunhavigi ciferecan enhavon senpene, plibonigante la enga\u011di\u011don de la uzantoj kaj la \u015dancojn de markigo.<\/p>","protected":false},"featured_media":3333,"template":"","meta":[],"product_brand":[],"product_cat":[48],"product_tag":[],"class_list":{"0":"post-3332","1":"product","2":"type-product","3":"status-publish","4":"has-post-thumbnail","6":"product_cat-nfc-stickers","8":"first","9":"instock","10":"shipping-taxable","11":"product-type-simple"},"_links":{"self":[{"href":"https:\/\/nfc-readers.com\/eo\/wp-json\/wp\/v2\/product\/3332","targetHints":{"allow":["GET"]}}],"collection":[{"href":"https:\/\/nfc-readers.com\/eo\/wp-json\/wp\/v2\/product"}],"about":[{"href":"https:\/\/nfc-readers.com\/eo\/wp-json\/wp\/v2\/types\/product"}],"wp:featuredmedia":[{"embeddable":true,"href":"https:\/\/nfc-readers.com\/eo\/wp-json\/wp\/v2\/media\/3333"}],"wp:attachment":[{"href":"https:\/\/nfc-readers.com\/eo\/wp-json\/wp\/v2\/media?parent=3332"}],"wp:term":[{"taxonomy":"product_brand","embeddable":true,"href":"https:\/\/nfc-readers.com\/eo\/wp-json\/wp\/v2\/product_brand?post=3332"},{"taxonomy":"product_cat","embeddable":true,"href":"https:\/\/nfc-readers.com\/eo\/wp-json\/wp\/v2\/product_cat?post=3332"},{"taxonomy":"product_tag","embeddable":true,"href":"https:\/\/nfc-readers.com\/eo\/wp-json\/wp\/v2\/product_tag?post=3332"}],"curies":[{"name":"wp","href":"https:\/\/api.w.org\/{rel}","templated":true}]}}