{"id":3348,"date":"2024-11-01T10:53:48","date_gmt":"2024-11-01T10:53:48","guid":{"rendered":"https:\/\/nfc-readers.com\/?post_type=product&#038;p=3348"},"modified":"2024-11-04T09:04:23","modified_gmt":"2024-11-04T09:04:23","slug":"rfid-ultralight-playground-ticket-proximity-pvc-vip-card","status":"publish","type":"product","link":"https:\/\/nfc-readers.com\/eo\/ic-reader\/rfid-ultralight-playground-ticket-proximity-pvc-vip-card\/","title":{"rendered":"Mifare Ultralight ev1 PVC RFID Card por Ludejo bileto"},"content":{"rendered":"<h1><strong><span style=\"color: #000080;\">Mifare Ultralight ev1 PVC RFID Card por Ludejo bileto<\/span><\/strong><\/h1>\n<p>&nbsp;<\/p>\n<h4><strong><span style=\"color: #008080;\">Revoluciante Alirkontrolon kaj Biletajn Solvojn<\/span><\/strong><\/h4>\n<p><span style=\"color: #666699;\">En la hodia\u016da senkonta mondo, la bileto Mifare Ultralight ev1 PVC RFID Card for Playground staras \u0109e la avangardo de modernaj biletaj kaj alirkontrolaj solvoj. \u0108i tiu altteknologia karto ne nur simpligas eniron al amuzparkoj kaj eventoj, sed anka\u016d plibonigas la sperton de uzanto per sia fortika dezajno kaj inteligenta karto teknologio. Proponante nekompareblajn sekurecon, komforton kaj \u0109iuflankecon, \u011di estas la ideala elekto por entreprenoj celantaj altigi sian klientan enga\u011di\u011don kaj funkcian efikecon.<\/span><\/p>\n<hr \/>\n<h2><\/h2>\n<h2 style=\"text-align: center;\"><span style=\"color: #000080;\"><em><strong>Produktaj Trajtoj kaj Profitoj<\/strong><\/em><\/span><\/h2>\n<h3><span style=\"color: #333399;\">1. <strong>Da\u016dra kaj Fidinda Materialo<\/strong><\/span><\/h3>\n<p>Kreita el altkvalita PVC, \u0109i tiu RFID-karto estas dizajnita por elteni severajn mediajn kondi\u0109ojn. \u011cia\u00a0<strong>akvorezista<\/strong>\u00a0kaj\u00a0<strong>veterrezista<\/strong>\u00a0trajtoj malhelpas eluzi\u011don, certigante longda\u016dran fortikecon. \u0108u uzata en sub\u0109ielaj amuzparkoj a\u016d endomaj eventoj, la\u00a0<strong>RFID Ultralight Playground-karto<\/strong>\u00a0restas funkcia kaj vide alloga, kio povas redukti anstata\u016dajn kostojn la\u016dlonge de la tempo.<\/p>\n<p>&nbsp;<\/p>\n<h3><span style=\"color: #333399;\"><strong>2. Versatilaj Aplikoj<\/strong><\/span><\/h3>\n<p>Desegnita por diversaj uzoj, la bileto Mifare Ultralight ev1 PVC RFID Card por Ludejo estas perfekta por\u00a0<strong>biletado<\/strong>,\u00a0<strong>kontrolo de aliro<\/strong>,\u00a0<strong>lojalecaj programoj<\/strong>, kaj\u00a0<strong>administrado de eventoj<\/strong>. La karto efike simpligas enirprocezojn, igante \u011din bonega elekto por publikaj transportaj sistemoj, amuzparkoj, festivaloj kaj pli. \u011cia \u0109iuflankeco ebligas entreprenojn efektivigi unuigitan solvon por diversaj funkciaj bezonoj.<\/p>\n<p>&nbsp;<\/p>\n<h3><span style=\"color: #333399;\">3. <strong>Konvena Uzanto-Sperto<\/strong><\/span><\/h3>\n<p>Kun a\u00a0<strong>legodistanco<\/strong>\u00a0de1-20 cm kaj dikeco eblo de\u00a0<strong>0.76mm\/0.84mm<\/strong>, la karto certigas facilecon de uzado kaj klientan kontenton. Uzantoj povas simple frapeti la karton kontra\u016d iu ajn NFC-ebligita aparato, rezultigante rapidan transakcion. \u0108i tio\u00a0<strong>senkontakte<\/strong>\u00a0trajto minimumigas fizikan kontakton kaj plibonigas higienon - esenca konsidero en la hodia\u016da medio.<\/p>\n<p>&nbsp;<\/p>\n<h3><span style=\"color: #333399;\"><strong>4. Personigo Opcioj<\/strong><\/span><\/h3>\n<p>La bileto Mifare Ultralight ev1 PVC RFID Card por Ludejo ofertas ampleksan personigon por konveni al markitaj kaj merkataj bezonoj. Klientoj povas elekti el diversaj presaj opcioj, inkluzive\u00a0<strong>CMYK4C Preso<\/strong>,\u00a0<strong>termika presado<\/strong>, kaj\u00a0<strong>serigrafia presado<\/strong>. Aldone, elementoj kiel ekz\u00a0<strong>lasera kodo<\/strong>,\u00a0<strong>seriaj numeroj<\/strong>, kaj\u00a0<strong>reliefado<\/strong>\u00a0povas esti adaptita por krei unikan identecon por \u0109iu karto, plibonigante markvideblecon kaj lojalecon.<\/p>\n<p>&nbsp;<\/p>\n<h3><span style=\"color: #333399;\"><strong>5. Teknikaj Specifoj<\/strong><\/span><\/h3>\n<div class=\"table-with-header rounded-lg border border-solid border-grey-line2-normal w-fit max-w-full mb-2\">\n<div class=\"overflow-x-auto custom-scrollbar custom-scrollbar-float max-w-full\">\n<table class=\"w-fit !mb-0 !max-w-none\" style=\"height: 339px;\" width=\"403\">\n<thead>\n<tr>\n<th>Karakteriza\u0135o<\/th>\n<th>Specifo<\/th>\n<\/tr>\n<\/thead>\n<tbody>\n<tr>\n<td><\/td>\n<td><\/td>\n<\/tr>\n<tr>\n<td>Tipo de blato<\/td>\n<td>MIFARE Ultralight\u00ae C<\/td>\n<\/tr>\n<tr>\n<td>Ofteco<\/td>\n<td>13,56 MHz<\/td>\n<\/tr>\n<tr>\n<td>Materialo<\/td>\n<td>PVC<\/td>\n<\/tr>\n<tr>\n<td>Lega Distanco<\/td>\n<td>2-10 CM<\/td>\n<\/tr>\n<tr>\n<td>Dikeco<\/td>\n<td>0.76mm \/0.84mm \/ Personigita<\/td>\n<\/tr>\n<tr>\n<td>Grandeco<\/td>\n<td>CR80<\/td>\n<\/tr>\n<tr>\n<td>Metio<\/td>\n<td>Laserkodo, UV-inko, seria n-ro.<\/td>\n<\/tr>\n<tr>\n<td>Skriba Ciklo<\/td>\n<td>100.000 fojojn<\/td>\n<\/tr>\n<tr>\n<td>Loko de Origino<\/td>\n<td>Guangdong, \u0108inio<\/td>\n<\/tr>\n<\/tbody>\n<\/table>\n<\/div>\n<\/div>\n<hr \/>\n<h2 style=\"text-align: center;\"><span style=\"color: #000080;\"><strong>Instrukcioj pri Uzado<\/strong><\/span><\/h2>\n<ol>\n<li><strong>Aktivigu la Karton<\/strong>: Certigu, ke la karto estas aktivigita per via RFID-administra programaro.<\/li>\n<li><strong>Frapu sur Leganto<\/strong>: Tenu la karton ene de 1-20 cm de la NFC-leganto.<\/li>\n<li><strong>Konfirmo de Transakcio<\/strong>: La leganto konfirmos la transakcion per bip a\u016d luma indikilo.<\/li>\n<li><strong>Aliro Koncedita<\/strong>: Uzantoj povas da\u016drigi eniri la ejon a\u016d utiligi la servon.<\/li>\n<\/ol>\n<p>&nbsp;<\/p>\n<h2 style=\"text-align: center;\"><em><span style=\"color: #000080;\"><strong>Ekologia Produktado<\/strong><\/span><\/em><\/h2>\n<p><span style=\"color: #666699;\">Da\u016dripovo estas \u015dlosilo por moderna fabrikado, kaj la produktado de la bileto Mifare Ultralight ev1 PVC RFID Card for Playground kongruas kun ekologiaj praktikoj. Investante en da\u016drigeblaj materialoj kaj procezoj, entreprenoj povas kontribui al media konservado dum li provizas altkvalitan produkton. \u0108i tiu enga\u011di\u011do resonas bone \u0109e ekokonsciaj konsumantoj kaj plibonigas kompanian respondecon.<\/span><\/p>","protected":false},"excerpt":{"rendered":"<p>Malkovru la Mifare Ultralight ev1 PVC RFID-Karton por Ludejo-bileto - da\u016dra, diverstalenta kaj ekologia por senjunta alirkontrolo kaj bileto.<\/p>","protected":false},"featured_media":3349,"template":"","meta":[],"product_brand":[],"product_cat":[46],"product_tag":[],"class_list":{"0":"post-3348","1":"product","2":"type-product","3":"status-publish","4":"has-post-thumbnail","6":"product_cat-nfc-cards","8":"first","9":"instock","10":"shipping-taxable","11":"product-type-simple"},"_links":{"self":[{"href":"https:\/\/nfc-readers.com\/eo\/wp-json\/wp\/v2\/product\/3348","targetHints":{"allow":["GET"]}}],"collection":[{"href":"https:\/\/nfc-readers.com\/eo\/wp-json\/wp\/v2\/product"}],"about":[{"href":"https:\/\/nfc-readers.com\/eo\/wp-json\/wp\/v2\/types\/product"}],"wp:featuredmedia":[{"embeddable":true,"href":"https:\/\/nfc-readers.com\/eo\/wp-json\/wp\/v2\/media\/3349"}],"wp:attachment":[{"href":"https:\/\/nfc-readers.com\/eo\/wp-json\/wp\/v2\/media?parent=3348"}],"wp:term":[{"taxonomy":"product_brand","embeddable":true,"href":"https:\/\/nfc-readers.com\/eo\/wp-json\/wp\/v2\/product_brand?post=3348"},{"taxonomy":"product_cat","embeddable":true,"href":"https:\/\/nfc-readers.com\/eo\/wp-json\/wp\/v2\/product_cat?post=3348"},{"taxonomy":"product_tag","embeddable":true,"href":"https:\/\/nfc-readers.com\/eo\/wp-json\/wp\/v2\/product_tag?post=3348"}],"curies":[{"name":"wp","href":"https:\/\/api.w.org\/{rel}","templated":true}]}}